{"id":3099,"date":"2025-04-18T07:05:07","date_gmt":"2025-04-18T07:05:07","guid":{"rendered":"https:\/\/theperfumebottles.com\/?post_type=product&#038;p=3099"},"modified":"2025-05-28T19:24:10","modified_gmt":"2025-05-28T11:24:10","slug":"custom-100ml-cool-perfume-bottles-aftershave-bottles-for-wholesale","status":"publish","type":"product","link":"https:\/\/theperfumebottles.com\/cs\/produkt\/custom-100ml-cool-perfume-bottles-aftershave-bottles-for-wholesale\/","title":{"rendered":"Zak\u00e1zkov\u00e9 100ml Cool parf\u00e9mov\u00e9 lahvi\u010dky a lahvi\u010dky po holen\u00ed pro velkoobchod"},"content":{"rendered":"<p>Na\u0161e \u010dtvercov\u00e9 chladn\u00e9 vonn\u00e9 lahve kombinuj\u00ed ostr\u00e9 hrany s tekut\u00fdmi kovov\u00fdmi akcenty\u2014zlat\u00e9 rozpra\u0161ova\u010de kontrastuj\u00ed se hladk\u00fdmi sklen\u011bn\u00fdmi krky, vytv\u00e1\u0159\u00ed sv\u011bteln\u011b odrazuj\u00edc\u00ed dramat, kter\u00e9 p\u0159edstavuje modern\u00ed estetiku.<\/p>\n<h2><strong>Specifikace<\/strong><\/h2>\n<table>\n<thead>\n<tr>\n<th><strong>Funkce<\/strong><\/th>\n<th><strong>Podrobnosti<\/strong><\/th>\n<\/tr>\n<\/thead>\n<tbody>\n<tr>\n<td><strong>Model<\/strong><\/td>\n<td>PB-YX08<\/td>\n<\/tr>\n<tr>\n<td><strong>Tvar<\/strong><\/td>\n<td>Obd\u00e9ln\u00edkov\u00fd<\/td>\n<\/tr>\n<tr>\n<td><strong>Kapacita<\/strong><\/td>\n<td>100 ml (3,4 oz)<\/td>\n<\/tr>\n<tr>\n<td><strong>Nahoru<\/strong><\/td>\n<td>Kulov\u00fd uz\u00e1v\u011br s rozpra\u0161ovac\u00ed tryskou<\/td>\n<\/tr>\n<tr>\n<td><strong>Rozm\u011bry<\/strong><\/td>\n<td>55 mm (\u0161) \u00d7 30 mm (h) \u00d7 118 mm (v)<\/td>\n<\/tr>\n<tr>\n<td><strong>Mo\u017enosti povrchu<\/strong><\/td>\n<td>P\u00edskov\u00e1n\u00ed, s\u00edtotisk, zlacen\u00ed, st\u0159\u00edk\u00e1n\u00ed, ra\u017eba, le\u0161t\u011bn\u00ed, obtisky<\/td>\n<\/tr>\n<tr>\n<td><strong>Certifikace<\/strong><\/td>\n<td>CE, ISO, BSCI, REACH<\/td>\n<\/tr>\n<tr>\n<td><strong>Mo\u017enosti balen\u00ed<\/strong><\/td>\n<td>D\u0159ev\u011bn\u00e9 palety, kartony nebo vlastn\u00ed obaly<\/td>\n<\/tr>\n<\/tbody>\n<\/table>\n<h2>Tipy pro balen\u00ed:<\/h2>\n<p>Tuto lahvi\u010dku pou\u017eila jedna zna\u010dka jako obal pro svou novou vodu po holen\u00ed. P\u0159id\u00e1n\u00edm matn\u00e9 \u010dern\u00e9 povrchov\u00e9 \u00fapravy a zlat\u00e9ho reli\u00e9fu vytvo\u0159ila stylovou a ostrou estetiku, kter\u00e1 zv\u00fd\u0161ila jej\u00ed viditelnost v online vyhled\u00e1v\u00e1n\u00ed. Trvanlivost t\u011bchto lahv\u00ed a jejich certifikace CE jim umo\u017enily rychle vstoupit na evropsk\u00fd trh.<\/p>","protected":false},"excerpt":{"rendered":"<p>Objevte 100ml chladiv\u00e9 lahvi\u010dky na parf\u00e9my a lahvi\u010dky na vodu po holen\u00ed pro sv\u016fj obchod s v\u016fn\u011bmi. P\u0159izp\u016fsoben\u00ed designu, rychl\u00e9 velkoobchodn\u00ed objedn\u00e1vky a glob\u00e1ln\u00ed certifikace.<\/p>","protected":false},"featured_media":3101,"comment_status":"open","ping_status":"closed","template":"","meta":{"_acf_changed":false,"site-sidebar-layout":"default","site-content-layout":"","ast-site-content-layout":"default","site-content-style":"default","site-sidebar-style":"default","ast-global-header-display":"","ast-banner-title-visibility":"","ast-main-header-display":"","ast-hfb-above-header-display":"","ast-hfb-below-header-display":"","ast-hfb-mobile-header-display":"","site-post-title":"","ast-breadcrumbs-content":"","ast-featured-img":"","footer-sml-layout":"","ast-disable-related-posts":"","theme-transparent-header-meta":"default","adv-header-id-meta":"","stick-header-meta":"","header-above-stick-meta":"","header-main-stick-meta":"","header-below-stick-meta":"","astra-migrate-meta-layouts":"set","ast-page-background-enabled":"default","ast-page-background-meta":{"desktop":{"background-color":"var(--ast-global-color-5)","background-image":"","background-repeat":"repeat","background-position":"center center","background-size":"auto","background-attachment":"scroll","background-type":"","background-media":"","overlay-type":"","overlay-color":"","overlay-opacity":"","overlay-gradient":""},"tablet":{"background-color":"","background-image":"","background-repeat":"repeat","background-position":"center center","background-size":"auto","background-attachment":"scroll","background-type":"","background-media":"","overlay-type":"","overlay-color":"","overlay-opacity":"","overlay-gradient":""},"mobile":{"background-color":"","background-image":"","background-repeat":"repeat","background-position":"center center","background-size":"auto","background-attachment":"scroll","background-type":"","background-media":"","overlay-type":"","overlay-color":"","overlay-opacity":"","overlay-gradient":""}},"ast-content-background-meta":{"desktop":{"background-color":"var(--ast-global-color-4)","background-image":"","background-repeat":"repeat","background-position":"center center","background-size":"auto","background-attachment":"scroll","background-type":"","background-media":"","overlay-type":"","overlay-color":"","overlay-opacity":"","overlay-gradient":""},"tablet":{"background-color":"var(--ast-global-color-4)","background-image":"","background-repeat":"repeat","background-position":"center center","background-size":"auto","background-attachment":"scroll","background-type":"","background-media":"","overlay-type":"","overlay-color":"","overlay-opacity":"","overlay-gradient":""},"mobile":{"background-color":"var(--ast-global-color-4)","background-image":"","background-repeat":"repeat","background-position":"center center","background-size":"auto","background-attachment":"scroll","background-type":"","background-media":"","overlay-type":"","overlay-color":"","overlay-opacity":"","overlay-gradient":""}}},"product_brand":[],"product_cat":[72,91],"product_tag":[],"class_list":{"0":"post-3099","1":"product","2":"type-product","3":"status-publish","4":"has-post-thumbnail","6":"product_cat-cosmetic-packaging","7":"product_cat-custom-perfume-bottles","8":"desktop-align-left","9":"tablet-align-left","10":"mobile-align-left","12":"first","13":"instock","14":"shipping-taxable","15":"product-type-simple"},"acf":[],"jetpack_sharing_enabled":true,"_links":{"self":[{"href":"https:\/\/theperfumebottles.com\/cs\/wp-json\/wp\/v2\/product\/3099","targetHints":{"allow":["GET"]}}],"collection":[{"href":"https:\/\/theperfumebottles.com\/cs\/wp-json\/wp\/v2\/product"}],"about":[{"href":"https:\/\/theperfumebottles.com\/cs\/wp-json\/wp\/v2\/types\/product"}],"replies":[{"embeddable":true,"href":"https:\/\/theperfumebottles.com\/cs\/wp-json\/wp\/v2\/comments?post=3099"}],"wp:featuredmedia":[{"embeddable":true,"href":"https:\/\/theperfumebottles.com\/cs\/wp-json\/wp\/v2\/media\/3101"}],"wp:attachment":[{"href":"https:\/\/theperfumebottles.com\/cs\/wp-json\/wp\/v2\/media?parent=3099"}],"wp:term":[{"taxonomy":"product_brand","embeddable":true,"href":"https:\/\/theperfumebottles.com\/cs\/wp-json\/wp\/v2\/product_brand?post=3099"},{"taxonomy":"product_cat","embeddable":true,"href":"https:\/\/theperfumebottles.com\/cs\/wp-json\/wp\/v2\/product_cat?post=3099"},{"taxonomy":"product_tag","embeddable":true,"href":"https:\/\/theperfumebottles.com\/cs\/wp-json\/wp\/v2\/product_tag?post=3099"}],"curies":[{"name":"wp","href":"https:\/\/api.w.org\/{rel}","templated":true}]}}