{"id":3112,"date":"2025-04-21T07:10:15","date_gmt":"2025-04-21T07:10:15","guid":{"rendered":"https:\/\/theperfumebottles.com\/?post_type=product&#038;p=3112"},"modified":"2025-05-26T15:53:47","modified_gmt":"2025-05-26T07:53:47","slug":"customizable-50ml-100ml-big-flat-perfume-bottles","status":"publish","type":"product","link":"https:\/\/theperfumebottles.com\/cs\/produkt\/customizable-50ml-100ml-big-flat-perfume-bottles\/","title":{"rendered":"P\u0159izp\u016fsobiteln\u00e9 velk\u00e9 a ploch\u00e9 lahvi\u010dky na parf\u00e9my o objemu 50 ml a 100 ml"},"content":{"rendered":"<p>N\u00e1\u0161 flakon na parf\u00e9m PB-YX11 je elegantn\u00ed a jednoduch\u00fd, m\u00e1 pravideln\u00fd obd\u00e9ln\u00edkov\u00fd tvar, zaoblen\u00e9 rohy, jasn\u00e9 obrysy a celkov\u011b hladk\u00e9 linie. Pr\u016fhledn\u00e9 sklo m\u00e1 hladk\u00fd povrch a pr\u016fhlednou strukturu. Uz\u00e1v\u011br je pota\u017een UV z\u00e1\u0159en\u00edm se zlatou a st\u0159\u00edbrnou barvou a vrchn\u00ed \u010d\u00e1st je zdobena kulat\u00fdm dekorem, co\u017e dod\u00e1v\u00e1 celkov\u011b jednoduch\u00fd a vyt\u0159\u00edben\u00fd modern\u00ed styl.<\/p>\n<table style=\"border-collapse: collapse;margin-left: auto;margin-right: auto;width: 108.03pt\" border=\"0\" width=\"144\" cellspacing=\"0\" cellpadding=\"0\">\n<tbody>\n<tr style=\"height: 13.50pt\">\n<td style=\"height: 13.50pt;width: 54.00pt\" width=\"72\" height=\"18\">\n<p><figure id=\"attachment_3117\" aria-describedby=\"caption-attachment-3117\" style=\"width: 300px\" class=\"wp-caption aligncenter\"><img fetchpriority=\"high\" decoding=\"async\" class=\"wp-image-3117 size-medium\" src=\"https:\/\/theperfumebottles.com\/wp-content\/uploads\/2025\/04\/flat-perfume-bottle-YX1101-300x300.webp\" alt=\"ploch\u00e1 lahvi\u010dka na parf\u00e9m\" width=\"300\" height=\"300\" srcset=\"https:\/\/theperfumebottles.com\/wp-content\/uploads\/2025\/04\/flat-perfume-bottle-YX1101-300x300.webp 300w, https:\/\/theperfumebottles.com\/wp-content\/uploads\/2025\/04\/flat-perfume-bottle-YX1101-150x150.webp 150w, https:\/\/theperfumebottles.com\/wp-content\/uploads\/2025\/04\/flat-perfume-bottle-YX1101-768x768.webp 768w, https:\/\/theperfumebottles.com\/wp-content\/uploads\/2025\/04\/flat-perfume-bottle-YX1101-12x12.webp 12w, https:\/\/theperfumebottles.com\/wp-content\/uploads\/2025\/04\/flat-perfume-bottle-YX1101-600x600.webp 600w, https:\/\/theperfumebottles.com\/wp-content\/uploads\/2025\/04\/flat-perfume-bottle-YX1101-100x100.webp 100w, https:\/\/theperfumebottles.com\/wp-content\/uploads\/2025\/04\/flat-perfume-bottle-YX1101.webp 1000w\" sizes=\"(max-width: 300px) 100vw, 300px\" \/><figcaption id=\"caption-attachment-3117\" class=\"wp-caption-text\">50ml ploch\u00fd flakon parf\u00e9mu<\/figcaption><\/figure><\/td>\n<td style=\"width: 54.00pt\" width=\"72\">\n<p><figure id=\"attachment_3113\" aria-describedby=\"caption-attachment-3113\" style=\"width: 300px\" class=\"wp-caption aligncenter\"><img decoding=\"async\" class=\"size-medium wp-image-3113\" src=\"https:\/\/theperfumebottles.com\/wp-content\/uploads\/2025\/04\/flat-perfume-bottle-YX1102-300x300.webp\" alt=\"ploch\u00e1 lahvi\u010dka na parf\u00e9m\" width=\"300\" height=\"300\" srcset=\"https:\/\/theperfumebottles.com\/wp-content\/uploads\/2025\/04\/flat-perfume-bottle-YX1102-300x300.webp 300w, https:\/\/theperfumebottles.com\/wp-content\/uploads\/2025\/04\/flat-perfume-bottle-YX1102-150x150.webp 150w, https:\/\/theperfumebottles.com\/wp-content\/uploads\/2025\/04\/flat-perfume-bottle-YX1102-768x768.webp 768w, https:\/\/theperfumebottles.com\/wp-content\/uploads\/2025\/04\/flat-perfume-bottle-YX1102-12x12.webp 12w, https:\/\/theperfumebottles.com\/wp-content\/uploads\/2025\/04\/flat-perfume-bottle-YX1102-600x600.webp 600w, https:\/\/theperfumebottles.com\/wp-content\/uploads\/2025\/04\/flat-perfume-bottle-YX1102-100x100.webp 100w, https:\/\/theperfumebottles.com\/wp-content\/uploads\/2025\/04\/flat-perfume-bottle-YX1102.webp 1000w\" sizes=\"(max-width: 300px) 100vw, 300px\" \/><figcaption id=\"caption-attachment-3113\" class=\"wp-caption-text\">100ml ploch\u00fd flakon parf\u00e9mu<\/figcaption><\/figure><\/td>\n<\/tr>\n<\/tbody>\n<\/table>\n<h2>Specifikace<\/h2>\n<table width=\"80%\">\n<tbody>\n<tr>\n<td width=\"131\">Specifikace<\/td>\n<td width=\"249\">PB-YX1101<\/td>\n<td width=\"293\">PB-YX1102<\/td>\n<\/tr>\n<tr>\n<td>Kapacita<\/td>\n<td>50ml<\/td>\n<td>100ml<\/td>\n<\/tr>\n<tr>\n<td>Rozm\u011bry<\/td>\n<td>62 mm * 22 mm * 88 mm, 15 mm<\/td>\n<td>74 mm * 26 mm * 110 mm, kalibr 15 mm<\/td>\n<\/tr>\n<tr>\n<td>R\u00e1\u017ee<\/td>\n<td>15 mm<\/td>\n<td>15 mm<\/td>\n<\/tr>\n<tr>\n<td>Barva skla<\/td>\n<td>Transparentn\u00ed, p\u0159izp\u016fsobiteln\u00e9<\/td>\n<td>Transparentn\u00ed, p\u0159izp\u016fsobiteln\u00e9<\/td>\n<\/tr>\n<tr>\n<td>Barvy \u010depic<\/td>\n<td>Zlat\u00e1, st\u0159\u00edbrn\u00e1, p\u0159izp\u016fsobiteln\u00e1<\/td>\n<td>Zlat\u00e1, st\u0159\u00edbrn\u00e1, p\u0159izp\u016fsobiteln\u00e1<\/td>\n<\/tr>\n<\/tbody>\n<\/table>\n<h2>P\u0159\u00edpadov\u00e1 studie<\/h2>\n<p>Zn\u00e1m\u00e1 zna\u010dka kol\u00ednsk\u00e9 vody si vybrala n\u00e1\u0161 model PB-YX1102 jako obal pro sv\u016fj nov\u00fd parf\u00e9m. P\u0159izp\u016fsobila barvu uz\u00e1v\u011bru lahvi\u010dky a skla s elegantn\u00edm matn\u00fdm povrchem, d\u00edky \u010demu\u017e jejich parf\u00e9m vynikne na reg\u00e1le a zv\u00fd\u0161\u00ed se jeho prodej.<\/p>\n<h2>Tipy pro balen\u00ed<\/h2>\n<p>Chcete-li dos\u00e1hnout nejlep\u0161\u00edch v\u00fdsledk\u016f, zva\u017ete pou\u017eit\u00ed na\u0161eho t\u00f3novan\u00e9ho skla a vysoce kvalitn\u00edch pap\u00edrov\u00fdch krabic s potiskem loga va\u0161\u00ed spole\u010dnosti. T\u00edm nejen ochr\u00e1n\u00edte parf\u00e9m, ale tak\u00e9 zlep\u0161\u00edte z\u00e1\u017eitek z\u00e1kazn\u00edka p\u0159i rozbalov\u00e1n\u00ed.<\/p>","protected":false},"excerpt":{"rendered":"<p>Objevte na\u0161e mo\u017enosti ploch\u00fdch lahvi\u010dek na parf\u00e9my a velk\u00fdch lahvi\u010dek na parf\u00e9my. Ide\u00e1ln\u00ed pro jedine\u010dnou v\u016fni va\u0161\u00ed zna\u010dky v elegantn\u00edm skle s r\u016fzn\u00fdmi mo\u017enostmi p\u0159izp\u016fsoben\u00ed.<\/p>","protected":false},"featured_media":3113,"comment_status":"open","ping_status":"closed","template":"","meta":{"_acf_changed":false,"site-sidebar-layout":"default","site-content-layout":"","ast-site-content-layout":"default","site-content-style":"default","site-sidebar-style":"default","ast-global-header-display":"","ast-banner-title-visibility":"","ast-main-header-display":"","ast-hfb-above-header-display":"","ast-hfb-below-header-display":"","ast-hfb-mobile-header-display":"","site-post-title":"","ast-breadcrumbs-content":"","ast-featured-img":"","footer-sml-layout":"","ast-disable-related-posts":"","theme-transparent-header-meta":"default","adv-header-id-meta":"","stick-header-meta":"","header-above-stick-meta":"","header-main-stick-meta":"","header-below-stick-meta":"","astra-migrate-meta-layouts":"set","ast-page-background-enabled":"default","ast-page-background-meta":{"desktop":{"background-color":"var(--ast-global-color-5)","background-image":"","background-repeat":"repeat","background-position":"center center","background-size":"auto","background-attachment":"scroll","background-type":"","background-media":"","overlay-type":"","overlay-color":"","overlay-opacity":"","overlay-gradient":""},"tablet":{"background-color":"","background-image":"","background-repeat":"repeat","background-position":"center center","background-size":"auto","background-attachment":"scroll","background-type":"","background-media":"","overlay-type":"","overlay-color":"","overlay-opacity":"","overlay-gradient":""},"mobile":{"background-color":"","background-image":"","background-repeat":"repeat","background-position":"center center","background-size":"auto","background-attachment":"scroll","background-type":"","background-media":"","overlay-type":"","overlay-color":"","overlay-opacity":"","overlay-gradient":""}},"ast-content-background-meta":{"desktop":{"background-color":"var(--ast-global-color-4)","background-image":"","background-repeat":"repeat","background-position":"center center","background-size":"auto","background-attachment":"scroll","background-type":"","background-media":"","overlay-type":"","overlay-color":"","overlay-opacity":"","overlay-gradient":""},"tablet":{"background-color":"var(--ast-global-color-4)","background-image":"","background-repeat":"repeat","background-position":"center center","background-size":"auto","background-attachment":"scroll","background-type":"","background-media":"","overlay-type":"","overlay-color":"","overlay-opacity":"","overlay-gradient":""},"mobile":{"background-color":"var(--ast-global-color-4)","background-image":"","background-repeat":"repeat","background-position":"center center","background-size":"auto","background-attachment":"scroll","background-type":"","background-media":"","overlay-type":"","overlay-color":"","overlay-opacity":"","overlay-gradient":""}}},"product_brand":[],"product_cat":[91,41],"product_tag":[],"class_list":{"0":"post-3112","1":"product","2":"type-product","3":"status-publish","4":"has-post-thumbnail","6":"product_cat-custom-perfume-bottles","7":"product_cat-perfume-bottles","8":"desktop-align-left","9":"tablet-align-left","10":"mobile-align-left","12":"first","13":"instock","14":"shipping-taxable","15":"product-type-simple"},"acf":[],"jetpack_sharing_enabled":true,"_links":{"self":[{"href":"https:\/\/theperfumebottles.com\/cs\/wp-json\/wp\/v2\/product\/3112","targetHints":{"allow":["GET"]}}],"collection":[{"href":"https:\/\/theperfumebottles.com\/cs\/wp-json\/wp\/v2\/product"}],"about":[{"href":"https:\/\/theperfumebottles.com\/cs\/wp-json\/wp\/v2\/types\/product"}],"replies":[{"embeddable":true,"href":"https:\/\/theperfumebottles.com\/cs\/wp-json\/wp\/v2\/comments?post=3112"}],"wp:featuredmedia":[{"embeddable":true,"href":"https:\/\/theperfumebottles.com\/cs\/wp-json\/wp\/v2\/media\/3113"}],"wp:attachment":[{"href":"https:\/\/theperfumebottles.com\/cs\/wp-json\/wp\/v2\/media?parent=3112"}],"wp:term":[{"taxonomy":"product_brand","embeddable":true,"href":"https:\/\/theperfumebottles.com\/cs\/wp-json\/wp\/v2\/product_brand?post=3112"},{"taxonomy":"product_cat","embeddable":true,"href":"https:\/\/theperfumebottles.com\/cs\/wp-json\/wp\/v2\/product_cat?post=3112"},{"taxonomy":"product_tag","embeddable":true,"href":"https:\/\/theperfumebottles.com\/cs\/wp-json\/wp\/v2\/product_tag?post=3112"}],"curies":[{"name":"wp","href":"https:\/\/api.w.org\/{rel}","templated":true}]}}