{"id":3118,"date":"2025-04-21T08:56:26","date_gmt":"2025-04-21T08:56:26","guid":{"rendered":"https:\/\/theperfumebottles.com\/?post_type=product&#038;p=3118"},"modified":"2025-05-23T18:09:44","modified_gmt":"2025-05-23T10:09:44","slug":"30ml-50ml-small-perfume-spray-bottles-small-cologne-bottles","status":"publish","type":"product","link":"https:\/\/theperfumebottles.com\/cs\/produkt\/30ml-50ml-small-perfume-spray-bottles-small-cologne-bottles\/","title":{"rendered":"Mal\u00e9 lahvi\u010dky s rozpra\u0161ova\u010dem parf\u00e9mu 30ml 50ml a mal\u00e9 lahvi\u010dky s kol\u00ednskou vodou"},"content":{"rendered":"<p>V parf\u00e9mov\u00e9m pr\u016fmyslu m\u016f\u017ee vzhled flakonu parf\u00e9mu p\u0159\u00edmo rozhodovat o tom, zda si jej z\u00e1kazn\u00edci koup\u00ed? Na siln\u011b konkuren\u010dn\u00edm trhu je \u0159ada PB-YX12 mal\u00fdch lahvi\u010dek na parf\u00e9my ve spreji tajnou zbran\u00ed, kter\u00e1 v\u00e1m pom\u016f\u017ee vyniknout. Je k dispozici ve dvou objemech 30 ml a 50 ml - dostate\u010dn\u011b mal\u00fdch, aby se snadno ve\u0161ly do kapsy, ale dostate\u010dn\u011b velk\u00fdch, aby pojaly ritu\u00e1l parf\u00e9mov\u00e9 p\u00e1rty.<\/p>\n<table style=\"border-collapse: collapse;margin-left: auto;margin-right: auto;width: 108.03pt\" border=\"0\" width=\"144\" cellspacing=\"0\" cellpadding=\"0\">\n<tbody>\n<tr style=\"height: 13.50pt\">\n<td style=\"height: 13.50pt;width: 54.00pt\" width=\"72\" height=\"18\">\n<p><figure id=\"attachment_3121\" aria-describedby=\"caption-attachment-3121\" style=\"width: 300px\" class=\"wp-caption aligncenter\"><img fetchpriority=\"high\" decoding=\"async\" class=\"size-medium wp-image-3121\" src=\"https:\/\/theperfumebottles.com\/wp-content\/uploads\/2025\/04\/small-perfume-spray-bottles-yx1201-300x300.webp\" alt=\"mal\u00e9 lahvi\u010dky s parf\u00e9mem ve spreji\" width=\"300\" height=\"300\" srcset=\"https:\/\/theperfumebottles.com\/wp-content\/uploads\/2025\/04\/small-perfume-spray-bottles-yx1201-300x300.webp 300w, https:\/\/theperfumebottles.com\/wp-content\/uploads\/2025\/04\/small-perfume-spray-bottles-yx1201-150x150.webp 150w, https:\/\/theperfumebottles.com\/wp-content\/uploads\/2025\/04\/small-perfume-spray-bottles-yx1201-768x768.webp 768w, https:\/\/theperfumebottles.com\/wp-content\/uploads\/2025\/04\/small-perfume-spray-bottles-yx1201-12x12.webp 12w, https:\/\/theperfumebottles.com\/wp-content\/uploads\/2025\/04\/small-perfume-spray-bottles-yx1201-600x600.webp 600w, https:\/\/theperfumebottles.com\/wp-content\/uploads\/2025\/04\/small-perfume-spray-bottles-yx1201-100x100.webp 100w, https:\/\/theperfumebottles.com\/wp-content\/uploads\/2025\/04\/small-perfume-spray-bottles-yx1201.webp 1000w\" sizes=\"(max-width: 300px) 100vw, 300px\" \/><figcaption id=\"caption-attachment-3121\" class=\"wp-caption-text\">30ml mal\u00e1 lahvi\u010dka kol\u00ednsk\u00e9<\/figcaption><\/figure><\/td>\n<td style=\"width: 54.00pt\" width=\"72\">\n<p><figure id=\"attachment_3123\" aria-describedby=\"caption-attachment-3123\" style=\"width: 300px\" class=\"wp-caption aligncenter\"><img decoding=\"async\" class=\"size-medium wp-image-3123\" src=\"https:\/\/theperfumebottles.com\/wp-content\/uploads\/2025\/04\/small-cologne-bottle-yx1202-300x300.webp\" alt=\"mal\u00e1 lahvi\u010dka kol\u00ednsk\u00e9\" width=\"300\" height=\"300\" srcset=\"https:\/\/theperfumebottles.com\/wp-content\/uploads\/2025\/04\/small-cologne-bottle-yx1202-300x300.webp 300w, https:\/\/theperfumebottles.com\/wp-content\/uploads\/2025\/04\/small-cologne-bottle-yx1202-150x150.webp 150w, https:\/\/theperfumebottles.com\/wp-content\/uploads\/2025\/04\/small-cologne-bottle-yx1202-768x768.webp 768w, https:\/\/theperfumebottles.com\/wp-content\/uploads\/2025\/04\/small-cologne-bottle-yx1202-12x12.webp 12w, https:\/\/theperfumebottles.com\/wp-content\/uploads\/2025\/04\/small-cologne-bottle-yx1202-600x600.webp 600w, https:\/\/theperfumebottles.com\/wp-content\/uploads\/2025\/04\/small-cologne-bottle-yx1202-100x100.webp 100w, https:\/\/theperfumebottles.com\/wp-content\/uploads\/2025\/04\/small-cologne-bottle-yx1202.webp 1000w\" sizes=\"(max-width: 300px) 100vw, 300px\" \/><figcaption id=\"caption-attachment-3123\" class=\"wp-caption-text\">50ml mal\u00e1 lahvi\u010dka kol\u00ednsk\u00e9<\/figcaption><\/figure><\/td>\n<\/tr>\n<\/tbody>\n<\/table>\n<h2>Specifikace<\/h2>\n<table style=\"border-collapse: collapse;margin-left: auto;margin-right: auto;width: 80%\" border=\"0\" width=\"80%\" cellspacing=\"0\" cellpadding=\"0\">\n<tbody>\n<tr style=\"height: 13.50pt\">\n<td class=\"et2\" style=\"height: 13.50pt;width: 142.50pt\" width=\"190\" height=\"18\"><strong>Specifikace<\/strong><\/td>\n<td class=\"et2\" style=\"width: 153.75pt\" width=\"205\"><strong>PB-YX1201<\/strong><\/td>\n<td class=\"et2\" style=\"width: 155.25pt\" width=\"207\"><strong>PB-YX1202<\/strong><\/td>\n<\/tr>\n<tr style=\"height: 13.50pt\">\n<td class=\"et2\" style=\"height: 13.50pt\" height=\"18\"><strong>Kapacita<\/strong><\/td>\n<td>30 ml<\/td>\n<td>50 ml<\/td>\n<\/tr>\n<tr style=\"height: 13.50pt\">\n<td class=\"et2\" style=\"height: 13.50pt\" height=\"18\"><strong>Rozm\u011bry<\/strong><\/td>\n<td>55 mm * 25 mm * 85 mm<\/td>\n<td>66 mm * 30 mm * 100 mm<\/td>\n<\/tr>\n<tr style=\"height: 13.50pt\">\n<td class=\"et2\" style=\"height: 13.50pt\" height=\"18\"><strong>R\u00e1\u017ee<\/strong><\/td>\n<td class=\"et3\" colspan=\"2\">15 mm<\/td>\n<\/tr>\n<tr style=\"height: 13.50pt\">\n<td class=\"et2\" style=\"height: 13.50pt\" height=\"18\"><strong>Barva skla<\/strong><\/td>\n<td class=\"et3\" colspan=\"2\">Transparentn\u00ed, p\u0159izp\u016fsobiteln\u00e9<\/td>\n<\/tr>\n<tr style=\"height: 13.50pt\">\n<td class=\"et2\" style=\"height: 13.50pt\" height=\"18\"><strong>Dostupn\u00e9 barvy \u010depice<\/strong><\/td>\n<td class=\"et3\" colspan=\"2\">Zlat\u00e1, st\u0159\u00edbrn\u00e1, \u010dern\u00e1, b\u00edl\u00e1, d\u0159ev\u011bn\u00e1, p\u0159izp\u016fsobiteln\u00e1<\/td>\n<\/tr>\n<\/tbody>\n<\/table>\n<h2>Skute\u010dn\u00fd p\u0159\u00edpad: Mal\u00e9 lahve vyu\u017e\u00edvaj\u00ed velk\u00fd trh<\/h2>\n<p>Butikov\u00e1 zna\u010dka parf\u00e9m\u016f s minimalistick\u00fdm p\u0159\u00edstupem uvedla na trh cestovn\u00ed \u0159adu s modelem PB-YX1201. Zvolili matn\u00fd \u010dern\u00fd uz\u00e1v\u011br lahvi\u010dky + minimalistick\u00fd s\u00edtotisk a v\u00fdsledek byl - prodej se zdvojn\u00e1sobil a mlad\u00ed z\u00e1kazn\u00edci po n\u011bm \u0161\u00edleli!<br \/>\nSoci\u00e1ln\u00ed s\u00edt\u011b zaplavily zpr\u00e1vy: \"Ta l\u00e1hev m\u00e1 takovou texturu!\" \"Dokonce i pr\u00e1zdn\u00e1 l\u00e1hev chce b\u00fdt v\u00fdstavn\u00ed!\"<\/p>\n<h2>N\u00e1vrhy na balen\u00ed:<\/h2>\n<p><strong>Barvu uz\u00e1v\u011bru l\u00e1hve m\u016f\u017eeme p\u0159izp\u016fsobit:<\/strong>\u00a0zlat\u00e1, st\u0159\u00edbrn\u00e1, \u010dern\u00e1, b\u00edl\u00e1 a dokonce i barva d\u0159eva, m\u016f\u017eete ji sladit podle sv\u00fdch p\u0159edstav. Chcete b\u00fdt nen\u00e1padn\u00ed? Zvolte matnou \u010dernou; chcete upoutat pozornost? Zkuste z\u00e1\u0159iv\u011b zlatou. S\u00edtotiskem vytiskn\u011bte sv\u00e9 logo nebo vzor, aby se v mysli z\u00e1kazn\u00edka stal \"jedin\u00fdm\" zapamatovateln\u00fdm bodem.<br \/>\n<strong>Luxusn\u00ed upgrade: <\/strong>Ka\u017ed\u00e1 lahvi\u010dka parf\u00e9mu je ulo\u017eena v pap\u00edrov\u00e9 krabi\u010dce se sametovou v\u00fdstelkou. P\u0159i lehk\u00e9m doteku se okam\u017eit\u011b napln\u00ed t\u011b\u017ek\u00fd pocit ob\u0159adnosti.<br \/>\n<strong>Podrobnosti plusov\u00e9 body: <\/strong>Sou\u010d\u00e1st\u00ed balen\u00ed je ru\u010dn\u011b psan\u00e1 karta v\u016fn\u011b, kter\u00e1 z\u00e1kazn\u00edk\u016fm \u0159\u00edk\u00e1, \"pro jakou p\u0159\u00edle\u017eitost je tento flakon parf\u00e9mu vhodn\u00fd\", a okam\u017eit\u011b tak zvy\u0161uje teplotu zna\u010dky.<br \/>\nBonusov\u00e9 body za ochranu \u017eivotn\u00edho prost\u0159ed\u00ed: Zvolte obalovou krabici z recyklovateln\u00fdch materi\u00e1l\u016f, kter\u00e1 je \u0161pi\u010dkov\u00e1 a z\u00e1rove\u0148 odpov\u00edd\u00e1 hodnot\u00e1m modern\u00edch spot\u0159ebitel\u016f.<\/p>","protected":false},"excerpt":{"rendered":"<p>Objevte na\u0161e stylov\u00e9 mal\u00e9 lahvi\u010dky na parf\u00e9my ve spreji a mal\u00e9 lahvi\u010dky na kol\u00ednskou. Tyto lahvi\u010dky z k\u0159i\u0161\u0165\u00e1lov\u00e9ho skla se dod\u00e1vaj\u00ed v r\u016fzn\u00fdch \u00faprav\u00e1ch, kter\u00e9 vyhovuj\u00ed va\u0161\u00ed zna\u010dce.<\/p>","protected":false},"featured_media":3123,"comment_status":"open","ping_status":"closed","template":"","meta":{"_acf_changed":false,"site-sidebar-layout":"default","site-content-layout":"","ast-site-content-layout":"default","site-content-style":"default","site-sidebar-style":"default","ast-global-header-display":"","ast-banner-title-visibility":"","ast-main-header-display":"","ast-hfb-above-header-display":"","ast-hfb-below-header-display":"","ast-hfb-mobile-header-display":"","site-post-title":"","ast-breadcrumbs-content":"","ast-featured-img":"","footer-sml-layout":"","ast-disable-related-posts":"","theme-transparent-header-meta":"default","adv-header-id-meta":"","stick-header-meta":"","header-above-stick-meta":"","header-main-stick-meta":"","header-below-stick-meta":"","astra-migrate-meta-layouts":"set","ast-page-background-enabled":"default","ast-page-background-meta":{"desktop":{"background-color":"var(--ast-global-color-5)","background-image":"","background-repeat":"repeat","background-position":"center center","background-size":"auto","background-attachment":"scroll","background-type":"","background-media":"","overlay-type":"","overlay-color":"","overlay-opacity":"","overlay-gradient":""},"tablet":{"background-color":"","background-image":"","background-repeat":"repeat","background-position":"center center","background-size":"auto","background-attachment":"scroll","background-type":"","background-media":"","overlay-type":"","overlay-color":"","overlay-opacity":"","overlay-gradient":""},"mobile":{"background-color":"","background-image":"","background-repeat":"repeat","background-position":"center center","background-size":"auto","background-attachment":"scroll","background-type":"","background-media":"","overlay-type":"","overlay-color":"","overlay-opacity":"","overlay-gradient":""}},"ast-content-background-meta":{"desktop":{"background-color":"var(--ast-global-color-4)","background-image":"","background-repeat":"repeat","background-position":"center center","background-size":"auto","background-attachment":"scroll","background-type":"","background-media":"","overlay-type":"","overlay-color":"","overlay-opacity":"","overlay-gradient":""},"tablet":{"background-color":"var(--ast-global-color-4)","background-image":"","background-repeat":"repeat","background-position":"center center","background-size":"auto","background-attachment":"scroll","background-type":"","background-media":"","overlay-type":"","overlay-color":"","overlay-opacity":"","overlay-gradient":""},"mobile":{"background-color":"var(--ast-global-color-4)","background-image":"","background-repeat":"repeat","background-position":"center center","background-size":"auto","background-attachment":"scroll","background-type":"","background-media":"","overlay-type":"","overlay-color":"","overlay-opacity":"","overlay-gradient":""}}},"product_brand":[],"product_cat":[72,91,41],"product_tag":[],"class_list":{"0":"post-3118","1":"product","2":"type-product","3":"status-publish","4":"has-post-thumbnail","6":"product_cat-cosmetic-packaging","7":"product_cat-custom-perfume-bottles","8":"product_cat-perfume-bottles","9":"desktop-align-left","10":"tablet-align-left","11":"mobile-align-left","13":"first","14":"instock","15":"shipping-taxable","16":"product-type-simple"},"acf":[],"jetpack_sharing_enabled":true,"_links":{"self":[{"href":"https:\/\/theperfumebottles.com\/cs\/wp-json\/wp\/v2\/product\/3118","targetHints":{"allow":["GET"]}}],"collection":[{"href":"https:\/\/theperfumebottles.com\/cs\/wp-json\/wp\/v2\/product"}],"about":[{"href":"https:\/\/theperfumebottles.com\/cs\/wp-json\/wp\/v2\/types\/product"}],"replies":[{"embeddable":true,"href":"https:\/\/theperfumebottles.com\/cs\/wp-json\/wp\/v2\/comments?post=3118"}],"wp:featuredmedia":[{"embeddable":true,"href":"https:\/\/theperfumebottles.com\/cs\/wp-json\/wp\/v2\/media\/3123"}],"wp:attachment":[{"href":"https:\/\/theperfumebottles.com\/cs\/wp-json\/wp\/v2\/media?parent=3118"}],"wp:term":[{"taxonomy":"product_brand","embeddable":true,"href":"https:\/\/theperfumebottles.com\/cs\/wp-json\/wp\/v2\/product_brand?post=3118"},{"taxonomy":"product_cat","embeddable":true,"href":"https:\/\/theperfumebottles.com\/cs\/wp-json\/wp\/v2\/product_cat?post=3118"},{"taxonomy":"product_tag","embeddable":true,"href":"https:\/\/theperfumebottles.com\/cs\/wp-json\/wp\/v2\/product_tag?post=3118"}],"curies":[{"name":"wp","href":"https:\/\/api.w.org\/{rel}","templated":true}]}}