{"id":3139,"date":"2025-04-22T09:35:30","date_gmt":"2025-04-22T09:35:30","guid":{"rendered":"https:\/\/theperfumebottles.com\/?post_type=product&#038;p=3139"},"modified":"2026-01-04T09:16:43","modified_gmt":"2026-01-04T01:16:43","slug":"30ml-45ml-small-glass-perfume-bottles-portable-fragrance-bottle-solutions","status":"publish","type":"product","link":"https:\/\/theperfumebottles.com\/cs\/produkt\/30ml-45ml-small-glass-perfume-bottles-portable-fragrance-bottle-solutions\/","title":{"rendered":"30ml 45ml mal\u00e9 sklen\u011bn\u00e9 lahvi\u010dky na parf\u00e9my \u2013 \u0159e\u0161en\u00ed pro p\u0159enosn\u00e9 lahvi\u010dky na v\u016fn\u011b"},"content":{"rendered":"<p>A\u0165 u\u017e hled\u00e1te p\u0159enosn\u00fd design lahvi\u010dky na parf\u00e9m nebo chcete vytvo\u0159it p\u016fsobiv\u00fd vzhled s kompaktn\u00ed sklen\u011bnou lahvi\u010dkou na parf\u00e9m, na\u0161e \u0159ada PB-YX15 bude va\u0161\u00ed nejlep\u0161\u00ed volbou.<\/p>\n<figure id=\"attachment_3144\" aria-describedby=\"caption-attachment-3144\" style=\"width: 500px\" class=\"wp-caption aligncenter\"><img fetchpriority=\"high\" decoding=\"async\" class=\"wp-image-3144\" src=\"https:\/\/theperfumebottles.com\/wp-content\/uploads\/2025\/04\/small-glass-perfume-bottles-YX15-details.webp\" alt=\"mal\u00e9 sklen\u011bn\u00e9 lahvi\u010dky na parf\u00e9my\" width=\"500\" height=\"500\" srcset=\"https:\/\/theperfumebottles.com\/wp-content\/uploads\/2025\/04\/small-glass-perfume-bottles-YX15-details.webp 800w, https:\/\/theperfumebottles.com\/wp-content\/uploads\/2025\/04\/small-glass-perfume-bottles-YX15-details-300x300.webp 300w, https:\/\/theperfumebottles.com\/wp-content\/uploads\/2025\/04\/small-glass-perfume-bottles-YX15-details-150x150.webp 150w, https:\/\/theperfumebottles.com\/wp-content\/uploads\/2025\/04\/small-glass-perfume-bottles-YX15-details-768x768.webp 768w, https:\/\/theperfumebottles.com\/wp-content\/uploads\/2025\/04\/small-glass-perfume-bottles-YX15-details-12x12.webp 12w, https:\/\/theperfumebottles.com\/wp-content\/uploads\/2025\/04\/small-glass-perfume-bottles-YX15-details-600x600.webp 600w, https:\/\/theperfumebottles.com\/wp-content\/uploads\/2025\/04\/small-glass-perfume-bottles-YX15-details-100x100.webp 100w\" sizes=\"(max-width: 500px) 100vw, 500px\" \/><figcaption id=\"caption-attachment-3144\" class=\"wp-caption-text\">YX15 p\u0159enosn\u00e1 lahvi\u010dka na v\u016fni<\/figcaption><\/figure>\n<h2>Specifikace<\/h2>\n<table style=\"border-collapse: collapse;margin-left: auto;margin-right: auto;width: 80%\" border=\"0\" width=\"80%\" cellspacing=\"0\" cellpadding=\"0\">\n<tbody>\n<tr style=\"height: 13.50pt\">\n<td style=\"height: 13.50pt;width: 72.00pt\" width=\"96\" height=\"18\">Model<\/td>\n<td style=\"width: 65.25pt\" width=\"87\">Kapacita<\/td>\n<td style=\"width: 76.50pt\" width=\"102\">Dimenze<\/td>\n<td style=\"width: 59.25pt\" width=\"79\">R\u00e1\u017ee<\/td>\n<td style=\"width: 79.50pt\" width=\"106\">Barva skla<\/td>\n<td style=\"width: 92.25pt\" width=\"123\">Mo\u017enosti \u010derpadla<\/td>\n<\/tr>\n<tr style=\"height: 13.50pt\">\n<td style=\"height: 13.50pt\" height=\"18\">PB-YX1501<\/td>\n<td>30ml<\/td>\n<td>38 * 38 * 80 mm<\/td>\n<td>15mm<\/td>\n<td>Pr\u016fhledn\u00fd<\/td>\n<td>Zlato, st\u0159\u00edbro<\/td>\n<\/tr>\n<tr style=\"height: 13.50pt\">\n<td style=\"height: 13.50pt\" height=\"18\">PB-YX1502<\/td>\n<td>45 ml<\/td>\n<td>38 * 38 * 116 mm<\/td>\n<td>15mm<\/td>\n<td>Pr\u016fhledn\u00fd<\/td>\n<td>Zlato, st\u0159\u00edbro<\/td>\n<\/tr>\n<\/tbody>\n<\/table>\n<h2>Sd\u00edlen\u00ed skute\u010dn\u00fdch p\u0159\u00edpad\u016f:<\/h2>\n<p>Z\u00e1kazn\u00edk, kter\u00fd provozuje butikovou zna\u010dku parf\u00e9m\u016f, po p\u0159echodu na n\u00e1\u0161 mal\u00fd sklen\u011bn\u00fd flakon upravil celkov\u00fd styl balen\u00ed. H\u00e1dejte, co se stalo? Nejen\u017ee zna\u010dka vypad\u00e1 stylov\u011bji, ale tak\u00e9 se j\u00ed b\u011bhem n\u011bkolika m\u011bs\u00edc\u016f zv\u00fd\u0161il prodej o t\u00e9m\u011b\u0159 30%!<\/p>\n<p>Pokud chcete, aby se v\u00e1\u0161 v\u00fdrobek nejen pou\u017e\u00edval, ale tak\u00e9 \"sb\u00edral\" a \"vystavoval\", vyzkou\u0161ejte \u0159adu PB-YX15. Nen\u00ed to jen flakon na parf\u00e9m, ale tak\u00e9 n\u00e1dhern\u00fd z\u00e1\u017eitek, kter\u00fd si lid\u00e9 r\u00e1di zapamatuj\u00ed.<\/p>","protected":false},"excerpt":{"rendered":"<p>Prozkoumejte na\u0161e stylov\u00e9 mal\u00e9 sklen\u011bn\u00e9 lahvi\u010dky na parf\u00e9my. P\u0159enosn\u00e9 lahvi\u010dky na parf\u00e9my, kter\u00e9 jsou ide\u00e1ln\u00ed pro va\u0161e obchodn\u00ed pot\u0159eby.<\/p>","protected":false},"featured_media":3140,"comment_status":"open","ping_status":"closed","template":"","meta":{"_acf_changed":false,"site-sidebar-layout":"default","site-content-layout":"","ast-site-content-layout":"default","site-content-style":"default","site-sidebar-style":"default","ast-global-header-display":"","ast-banner-title-visibility":"","ast-main-header-display":"","ast-hfb-above-header-display":"","ast-hfb-below-header-display":"","ast-hfb-mobile-header-display":"","site-post-title":"","ast-breadcrumbs-content":"","ast-featured-img":"","footer-sml-layout":"","ast-disable-related-posts":"","theme-transparent-header-meta":"default","adv-header-id-meta":"","stick-header-meta":"","header-above-stick-meta":"","header-main-stick-meta":"","header-below-stick-meta":"","astra-migrate-meta-layouts":"set","ast-page-background-enabled":"default","ast-page-background-meta":{"desktop":{"background-color":"var(--ast-global-color-5)","background-image":"","background-repeat":"repeat","background-position":"center center","background-size":"auto","background-attachment":"scroll","background-type":"","background-media":"","overlay-type":"","overlay-color":"","overlay-opacity":"","overlay-gradient":""},"tablet":{"background-color":"","background-image":"","background-repeat":"repeat","background-position":"center center","background-size":"auto","background-attachment":"scroll","background-type":"","background-media":"","overlay-type":"","overlay-color":"","overlay-opacity":"","overlay-gradient":""},"mobile":{"background-color":"","background-image":"","background-repeat":"repeat","background-position":"center center","background-size":"auto","background-attachment":"scroll","background-type":"","background-media":"","overlay-type":"","overlay-color":"","overlay-opacity":"","overlay-gradient":""}},"ast-content-background-meta":{"desktop":{"background-color":"var(--ast-global-color-4)","background-image":"","background-repeat":"repeat","background-position":"center center","background-size":"auto","background-attachment":"scroll","background-type":"","background-media":"","overlay-type":"","overlay-color":"","overlay-opacity":"","overlay-gradient":""},"tablet":{"background-color":"var(--ast-global-color-4)","background-image":"","background-repeat":"repeat","background-position":"center center","background-size":"auto","background-attachment":"scroll","background-type":"","background-media":"","overlay-type":"","overlay-color":"","overlay-opacity":"","overlay-gradient":""},"mobile":{"background-color":"var(--ast-global-color-4)","background-image":"","background-repeat":"repeat","background-position":"center center","background-size":"auto","background-attachment":"scroll","background-type":"","background-media":"","overlay-type":"","overlay-color":"","overlay-opacity":"","overlay-gradient":""}}},"product_brand":[],"product_cat":[72,91,41],"product_tag":[],"class_list":{"0":"post-3139","1":"product","2":"type-product","3":"status-publish","4":"has-post-thumbnail","6":"product_cat-cosmetic-packaging","7":"product_cat-custom-perfume-bottles","8":"product_cat-perfume-bottles","9":"desktop-align-left","10":"tablet-align-left","11":"mobile-align-left","13":"first","14":"instock","15":"shipping-taxable","16":"product-type-simple"},"acf":[],"jetpack_sharing_enabled":true,"_links":{"self":[{"href":"https:\/\/theperfumebottles.com\/cs\/wp-json\/wp\/v2\/product\/3139","targetHints":{"allow":["GET"]}}],"collection":[{"href":"https:\/\/theperfumebottles.com\/cs\/wp-json\/wp\/v2\/product"}],"about":[{"href":"https:\/\/theperfumebottles.com\/cs\/wp-json\/wp\/v2\/types\/product"}],"replies":[{"embeddable":true,"href":"https:\/\/theperfumebottles.com\/cs\/wp-json\/wp\/v2\/comments?post=3139"}],"wp:featuredmedia":[{"embeddable":true,"href":"https:\/\/theperfumebottles.com\/cs\/wp-json\/wp\/v2\/media\/3140"}],"wp:attachment":[{"href":"https:\/\/theperfumebottles.com\/cs\/wp-json\/wp\/v2\/media?parent=3139"}],"wp:term":[{"taxonomy":"product_brand","embeddable":true,"href":"https:\/\/theperfumebottles.com\/cs\/wp-json\/wp\/v2\/product_brand?post=3139"},{"taxonomy":"product_cat","embeddable":true,"href":"https:\/\/theperfumebottles.com\/cs\/wp-json\/wp\/v2\/product_cat?post=3139"},{"taxonomy":"product_tag","embeddable":true,"href":"https:\/\/theperfumebottles.com\/cs\/wp-json\/wp\/v2\/product_tag?post=3139"}],"curies":[{"name":"wp","href":"https:\/\/api.w.org\/{rel}","templated":true}]}}