{"id":3145,"date":"2025-04-24T05:57:06","date_gmt":"2025-04-24T05:57:06","guid":{"rendered":"https:\/\/theperfumebottles.com\/?post_type=product&#038;p=3145"},"modified":"2026-04-06T15:10:24","modified_gmt":"2026-04-06T07:10:24","slug":"crimped-fancy-perfume-bottles-wholesale","status":"publish","type":"product","link":"https:\/\/theperfumebottles.com\/cs\/produkt\/crimped-fancy-perfume-bottles-wholesale\/","title":{"rendered":"50ml 100ml krimpovan\u00e9 ozdobn\u00e9 parf\u00e9mov\u00e9 lahvi\u010dky pro velkoobchod"},"content":{"rendered":"<p>Tyto luxusn\u00ed parf\u00e9mov\u00e9 lahvi\u010dky pro velkoobchodn\u00ed prodej se vyzna\u010duj\u00ed v\u00fdrazn\u00fdm \u010dtvercov\u00fdm sloupkov\u00fdm designem, kter\u00fd je vyroben z pr\u016fhledn\u00e9ho skla. Boky jsou zdobeny svisl\u00fdmi dr\u00e1\u017ekami a hlubok\u00fdm panelem ve tvaru U, zat\u00edmco v\u00ed\u010dka jsou vyrobena z kulat\u00e9ho, vysoce leskl\u00e9ho zlat\u00e9ho nebo st\u0159\u00edbrn\u00e9ho kovu.<\/p>\n<figure id=\"attachment_3146\" aria-describedby=\"caption-attachment-3146\" style=\"width: 500px\" class=\"wp-caption aligncenter\"><img fetchpriority=\"high\" decoding=\"async\" class=\"wp-image-3146\" src=\"https:\/\/theperfumebottles.com\/wp-content\/uploads\/2025\/04\/crimp-perfume-bottles-yx16-pb.webp\" alt=\"krimpovac\u00ed lahvi\u010dky na parf\u00e9my\" width=\"500\" height=\"500\" srcset=\"https:\/\/theperfumebottles.com\/wp-content\/uploads\/2025\/04\/crimp-perfume-bottles-yx16-pb.webp 1000w, https:\/\/theperfumebottles.com\/wp-content\/uploads\/2025\/04\/crimp-perfume-bottles-yx16-pb-300x300.webp 300w, https:\/\/theperfumebottles.com\/wp-content\/uploads\/2025\/04\/crimp-perfume-bottles-yx16-pb-150x150.webp 150w, https:\/\/theperfumebottles.com\/wp-content\/uploads\/2025\/04\/crimp-perfume-bottles-yx16-pb-768x768.webp 768w, https:\/\/theperfumebottles.com\/wp-content\/uploads\/2025\/04\/crimp-perfume-bottles-yx16-pb-12x12.webp 12w, https:\/\/theperfumebottles.com\/wp-content\/uploads\/2025\/04\/crimp-perfume-bottles-yx16-pb-600x600.webp 600w, https:\/\/theperfumebottles.com\/wp-content\/uploads\/2025\/04\/crimp-perfume-bottles-yx16-pb-100x100.webp 100w\" sizes=\"(max-width: 500px) 100vw, 500px\" \/><figcaption id=\"caption-attachment-3146\" class=\"wp-caption-text\">velkoobchod s luxusn\u00edmi flakony na parf\u00e9my<\/figcaption><\/figure>\n<h2>Kl\u00ed\u010dov\u00e9 specifikace<\/h2>\n<figure id=\"attachment_3148\" aria-describedby=\"caption-attachment-3148\" style=\"width: 500px\" class=\"wp-caption aligncenter\"><img decoding=\"async\" class=\"wp-image-3148\" src=\"https:\/\/theperfumebottles.com\/wp-content\/uploads\/2025\/04\/fancy-perfume-bottles-wholesale-yx16-shape.webp\" alt=\"velkoobchod s luxusn\u00edmi flakony na parf\u00e9my\" width=\"500\" height=\"500\" srcset=\"https:\/\/theperfumebottles.com\/wp-content\/uploads\/2025\/04\/fancy-perfume-bottles-wholesale-yx16-shape.webp 1000w, https:\/\/theperfumebottles.com\/wp-content\/uploads\/2025\/04\/fancy-perfume-bottles-wholesale-yx16-shape-300x300.webp 300w, https:\/\/theperfumebottles.com\/wp-content\/uploads\/2025\/04\/fancy-perfume-bottles-wholesale-yx16-shape-150x150.webp 150w, https:\/\/theperfumebottles.com\/wp-content\/uploads\/2025\/04\/fancy-perfume-bottles-wholesale-yx16-shape-768x768.webp 768w, https:\/\/theperfumebottles.com\/wp-content\/uploads\/2025\/04\/fancy-perfume-bottles-wholesale-yx16-shape-12x12.webp 12w, https:\/\/theperfumebottles.com\/wp-content\/uploads\/2025\/04\/fancy-perfume-bottles-wholesale-yx16-shape-600x600.webp 600w, https:\/\/theperfumebottles.com\/wp-content\/uploads\/2025\/04\/fancy-perfume-bottles-wholesale-yx16-shape-100x100.webp 100w\" sizes=\"(max-width: 500px) 100vw, 500px\" \/><figcaption id=\"caption-attachment-3148\" class=\"wp-caption-text\">lahvi\u010dka na parf\u00e9m s krimpovac\u00edm hrdlem<\/figcaption><\/figure>\n<table>\n<thead>\n<tr>\n<th>Specifikace<\/th>\n<th>PB-YX1601<\/th>\n<th>PB-YX1602<\/th>\n<\/tr>\n<\/thead>\n<tbody>\n<tr>\n<td>Kapacita<\/td>\n<td>50ml<\/td>\n<td>100ml<\/td>\n<\/tr>\n<tr>\n<td>Dimenze<\/td>\n<td>38*38*80 mm<\/td>\n<td>38*38*116 mm<\/td>\n<\/tr>\n<tr>\n<td>R\u00e1\u017ee<\/td>\n<td>15mm<\/td>\n<td>15mm<\/td>\n<\/tr>\n<tr>\n<td>Barva skla<\/td>\n<td>Pr\u016fhledn\u00fd<\/td>\n<td>Pr\u016fhledn\u00fd<\/td>\n<\/tr>\n<tr>\n<td>\u010cerpadlo<\/td>\n<td>Zlat\u00e1, st\u0159\u00edbrn\u00e1, \u010dern\u00e1<\/td>\n<td>Zlat\u00e1, st\u0159\u00edbrn\u00e1, \u010dern\u00e1<\/td>\n<\/tr>\n<tr>\n<td>Typ t\u011bsn\u011bn\u00ed<\/td>\n<td>Krimpovac\u00ed krk<\/td>\n<td>Krimpovac\u00ed krk<\/td>\n<\/tr>\n<\/tbody>\n<\/table>\n<h2>P\u0159\u00edb\u011bh \u00fasp\u011bchu: Zak\u00e1zkov\u00e1 objedn\u00e1vka od evropsk\u00e9 luxusn\u00ed m\u00f3dn\u00ed zna\u010dky<\/h2>\n<p>Italsk\u00fd m\u00f3dn\u00ed d\u016fm si vybral na\u0161e lahvi\u010dky na parf\u00e9my s hranat\u00fdm krimpov\u00e1n\u00edm spolu se svou speci\u00e1ln\u00ed parf\u00e9movou tvorbou, kter\u00e1 se vyzna\u010dovala v\u00ed\u010dkem pozlacen\u00fdm 18kar\u00e1tov\u00fdm zlatem a t\u011blem z kou\u0159ov\u011b \u0161ed\u00e9ho skla. Design lahvi\u010dky na parf\u00e9m na m\u00edru dos\u00e1hl velk\u00e9ho \u00fasp\u011bchu, proto\u017ee jej\u00ed luxusn\u00ed vzhled umo\u017enil jej\u00edmu prodeji o 40 % vy\u0161\u0161\u00ed ne\u017e u p\u0159edchoz\u00edch produktov\u00fdch \u0159ad, zat\u00edmco jej\u00ed charakteristick\u00fd tvar se stal hlavn\u00edm designov\u00fdm prvkem, kter\u00fd p\u0159ed zah\u00e1jen\u00edm prodeje vyvolal o 300 % vy\u0161\u0161\u00ed z\u00e1jem na soci\u00e1ln\u00edch s\u00edt\u00edch. Na z\u00e1klad\u011b tohoto \u00fasp\u011bchu zna\u010dka objednala dal\u0161\u00edch 250 000 lahvi\u010dek pro svou novou unisex \u0159adu v\u016fn\u00ed a limitovan\u00e9 edice um\u011bleck\u00fdch spoluprac\u00ed.<\/p>\n<h2>N\u00e1vrhy na p\u0159izp\u016fsoben\u00ed krimpovac\u00edch lahv\u00ed na parf\u00e9my<\/h2>\n<ul>\n<li>Materi\u00e1l a povrchov\u00e1 \u00faprava v\u00ed\u010dka: Nab\u00edz\u00edme r\u016fzn\u00e9 kovov\u00e9 v\u00ed\u010dka se \u010dty\u0159mi r\u016fzn\u00fdmi styly povrchov\u00e9 \u00fapravy, v\u010detn\u011b matn\u00e9ho a leskl\u00e9ho, tepan\u00e9ho a krystalov\u00e9ho proveden\u00ed.<\/li>\n<li>Varianty textur a vzor\u016f: U\u017eivatel\u00e9 si mohou vytvo\u0159it r\u016fzn\u00e9 designy bo\u010dn\u00edch panel\u016f pomoc\u00ed t\u0159\u00ed mo\u017enost\u00ed designu, kter\u00e9 zahrnuj\u00ed zkosen\u00e9 vzory a geometrick\u00e9 vzory a kombinaci hladk\u00e9 p\u0159edn\u00ed strany a texturovan\u00fdch bo\u010dn\u00edch prvk\u016f.<\/li>\n<li>Vzory dr\u00e1\u017eky ve tvaru U: U\u017eivatel\u00e9 si mohou vytv\u00e1\u0159et vlastn\u00ed vzory dr\u00e1\u017eky ve tvaru U prost\u0159ednictv\u00edm t\u0159\u00ed dostupn\u00fdch mo\u017enost\u00ed designu, kter\u00e9 zahrnuj\u00ed vzory ve tvaru V, vlnit\u00e9 tvary a specifick\u00e9 geometrick\u00e9 vzory pou\u017e\u00edvan\u00e9 jejich zna\u010dkou.<\/li>\n<\/ul>","protected":false},"excerpt":{"rendered":"<p>Velkoobchodn\u00ed prodej vysoce kvalitn\u00edch luxusn\u00edch lahvi\u010dek na parf\u00e9my s texturovanou sklen\u011bnou povrchovou \u00fapravou. Krimpovac\u00ed lahvi\u010dky na parf\u00e9my zaji\u0161\u0165uj\u00ed bezpe\u010dn\u00e9 ut\u011bsn\u011bn\u00ed. Mo\u017enost p\u0159\u00edm\u00e9ho prodeje cen od v\u00fdrobce.<\/p>","protected":false},"featured_media":3147,"comment_status":"open","ping_status":"closed","template":"","meta":{"_acf_changed":false,"site-sidebar-layout":"default","site-content-layout":"","ast-site-content-layout":"default","site-content-style":"default","site-sidebar-style":"default","ast-global-header-display":"","ast-banner-title-visibility":"","ast-main-header-display":"","ast-hfb-above-header-display":"","ast-hfb-below-header-display":"","ast-hfb-mobile-header-display":"","site-post-title":"","ast-breadcrumbs-content":"","ast-featured-img":"","footer-sml-layout":"","ast-disable-related-posts":"","theme-transparent-header-meta":"default","adv-header-id-meta":"","stick-header-meta":"","header-above-stick-meta":"","header-main-stick-meta":"","header-below-stick-meta":"","astra-migrate-meta-layouts":"set","ast-page-background-enabled":"default","ast-page-background-meta":{"desktop":{"background-color":"var(--ast-global-color-5)","background-image":"","background-repeat":"repeat","background-position":"center center","background-size":"auto","background-attachment":"scroll","background-type":"","background-media":"","overlay-type":"","overlay-color":"","overlay-opacity":"","overlay-gradient":""},"tablet":{"background-color":"","background-image":"","background-repeat":"repeat","background-position":"center center","background-size":"auto","background-attachment":"scroll","background-type":"","background-media":"","overlay-type":"","overlay-color":"","overlay-opacity":"","overlay-gradient":""},"mobile":{"background-color":"","background-image":"","background-repeat":"repeat","background-position":"center center","background-size":"auto","background-attachment":"scroll","background-type":"","background-media":"","overlay-type":"","overlay-color":"","overlay-opacity":"","overlay-gradient":""}},"ast-content-background-meta":{"desktop":{"background-color":"var(--ast-global-color-4)","background-image":"","background-repeat":"repeat","background-position":"center center","background-size":"auto","background-attachment":"scroll","background-type":"","background-media":"","overlay-type":"","overlay-color":"","overlay-opacity":"","overlay-gradient":""},"tablet":{"background-color":"var(--ast-global-color-4)","background-image":"","background-repeat":"repeat","background-position":"center center","background-size":"auto","background-attachment":"scroll","background-type":"","background-media":"","overlay-type":"","overlay-color":"","overlay-opacity":"","overlay-gradient":""},"mobile":{"background-color":"var(--ast-global-color-4)","background-image":"","background-repeat":"repeat","background-position":"center center","background-size":"auto","background-attachment":"scroll","background-type":"","background-media":"","overlay-type":"","overlay-color":"","overlay-opacity":"","overlay-gradient":""}}},"product_brand":[],"product_cat":[91,72,41],"product_tag":[],"class_list":{"0":"post-3145","1":"product","2":"type-product","3":"status-publish","4":"has-post-thumbnail","6":"product_cat-custom-perfume-bottles","7":"product_cat-cosmetic-packaging","8":"product_cat-perfume-bottles","9":"desktop-align-left","10":"tablet-align-left","11":"mobile-align-left","13":"first","14":"instock","15":"shipping-taxable","16":"product-type-simple"},"acf":[],"jetpack_sharing_enabled":true,"_links":{"self":[{"href":"https:\/\/theperfumebottles.com\/cs\/wp-json\/wp\/v2\/product\/3145","targetHints":{"allow":["GET"]}}],"collection":[{"href":"https:\/\/theperfumebottles.com\/cs\/wp-json\/wp\/v2\/product"}],"about":[{"href":"https:\/\/theperfumebottles.com\/cs\/wp-json\/wp\/v2\/types\/product"}],"replies":[{"embeddable":true,"href":"https:\/\/theperfumebottles.com\/cs\/wp-json\/wp\/v2\/comments?post=3145"}],"wp:featuredmedia":[{"embeddable":true,"href":"https:\/\/theperfumebottles.com\/cs\/wp-json\/wp\/v2\/media\/3147"}],"wp:attachment":[{"href":"https:\/\/theperfumebottles.com\/cs\/wp-json\/wp\/v2\/media?parent=3145"}],"wp:term":[{"taxonomy":"product_brand","embeddable":true,"href":"https:\/\/theperfumebottles.com\/cs\/wp-json\/wp\/v2\/product_brand?post=3145"},{"taxonomy":"product_cat","embeddable":true,"href":"https:\/\/theperfumebottles.com\/cs\/wp-json\/wp\/v2\/product_cat?post=3145"},{"taxonomy":"product_tag","embeddable":true,"href":"https:\/\/theperfumebottles.com\/cs\/wp-json\/wp\/v2\/product_tag?post=3145"}],"curies":[{"name":"wp","href":"https:\/\/api.w.org\/{rel}","templated":true}]}}