{"id":3206,"date":"2025-04-25T07:43:22","date_gmt":"2025-04-25T07:43:22","guid":{"rendered":"https:\/\/theperfumebottles.com\/?post_type=product&#038;p=3206"},"modified":"2025-04-25T07:51:56","modified_gmt":"2025-04-25T07:51:56","slug":"3-oz-perfume-bottles-glass-cologne-bottles-for-bulk-orders","status":"publish","type":"product","link":"https:\/\/theperfumebottles.com\/cs\/produkt\/3-oz-perfume-bottles-glass-cologne-bottles-for-bulk-orders\/","title":{"rendered":"85ml parf\u00e9mov\u00e9 lahvi\u010dky | Sklen\u011bn\u00e9 lahvi\u010dky na kol\u00ednskou vodu pro hromadn\u00e9 objedn\u00e1vky"},"content":{"rendered":"<p>Na\u0161e lahvi\u010dka na parf\u00e9m PB-YX1702 o objemu 3 oz m\u00e1 zaoblen\u00fd, t\u00e9m\u011b\u0159 v\u00e1lcovit\u00fd obd\u00e9ln\u00edkov\u00fd tvar, v\u00ed\u010dko z \u010dir\u00e9ho skla a siln\u00fd sklen\u011bn\u00fd podstavec, kter\u00fd p\u016fsob\u00ed luxusn\u00edm dojmem.<\/p>\n<p><img fetchpriority=\"high\" decoding=\"async\" class=\"wp-image-3209 aligncenter\" src=\"https:\/\/theperfumebottles.com\/wp-content\/uploads\/2025\/04\/3-oz-cologne-bottle-sizes-yx1702.webp\" alt=\"3 oz lahvi\u010dka kol\u00ednsk\u00e9\" width=\"500\" height=\"500\" srcset=\"https:\/\/theperfumebottles.com\/wp-content\/uploads\/2025\/04\/3-oz-cologne-bottle-sizes-yx1702.webp 1000w, https:\/\/theperfumebottles.com\/wp-content\/uploads\/2025\/04\/3-oz-cologne-bottle-sizes-yx1702-300x300.webp 300w, https:\/\/theperfumebottles.com\/wp-content\/uploads\/2025\/04\/3-oz-cologne-bottle-sizes-yx1702-150x150.webp 150w, https:\/\/theperfumebottles.com\/wp-content\/uploads\/2025\/04\/3-oz-cologne-bottle-sizes-yx1702-768x768.webp 768w, https:\/\/theperfumebottles.com\/wp-content\/uploads\/2025\/04\/3-oz-cologne-bottle-sizes-yx1702-12x12.webp 12w, https:\/\/theperfumebottles.com\/wp-content\/uploads\/2025\/04\/3-oz-cologne-bottle-sizes-yx1702-600x600.webp 600w, https:\/\/theperfumebottles.com\/wp-content\/uploads\/2025\/04\/3-oz-cologne-bottle-sizes-yx1702-100x100.webp 100w\" sizes=\"(max-width: 500px) 100vw, 500px\" \/><\/p>\n<h2>Kl\u00ed\u010dov\u00e9 specifikace<\/h2>\n<table>\n<thead>\n<tr>\n<th style=\"text-align: left;\"><strong>Model<\/strong><\/th>\n<th style=\"text-align: left;\">PB-YX1702<\/th>\n<\/tr>\n<\/thead>\n<tbody>\n<tr>\n<td><strong>Kapacita<\/strong><\/td>\n<td>90 ml (3 oz)<\/td>\n<\/tr>\n<tr>\n<td><strong>Rozm\u011bry<\/strong><\/td>\n<td>55 \u00d7 55 \u00d7 88 mm<\/td>\n<\/tr>\n<tr>\n<td><strong>Barvy trysek<\/strong><\/td>\n<td>St\u0159\u00edbrn\u00fd\/zlat\u00fd rozpra\u0161ova\u010d<\/td>\n<\/tr>\n<tr>\n<td><strong>Typ t\u011bsn\u011bn\u00ed<\/strong><\/td>\n<td>Lisovan\u00e9 hrdlo pro t\u011bsn\u011bn\u00ed proti \u00faniku vody<\/td>\n<\/tr>\n<\/tbody>\n<\/table>\n<h2>Tipy pro p\u0159izp\u016fsoben\u00ed<\/h2>\n<p>Velkoobchodn\u00edk s parf\u00e9my pou\u017eil na\u0161i lahvi\u010dku na kol\u00ednskou vodu o objemu 3 oz ke zm\u011bn\u011b zna\u010dky sv\u00e9 \u0159ady kol\u00ednsk\u00fdch vod o objemu 3 oz. D\u00edky p\u0159izp\u016fsoben\u00ed loga sv\u00e9 zna\u010dky pomoc\u00ed hork\u00e9 ra\u017eby a pou\u017eit\u00ed ekologick\u00e9ho obalu z\u00edskali hromadnou objedn\u00e1vku v hodnot\u011b v\u00edce ne\u017e $50 000 od luxusn\u00edho prodejce.<\/p>\n<ol>\n<li>Na sklen\u011bnou l\u00e1hev m\u016f\u017eete vyr\u00fdt text pro firemn\u00ed d\u00e1rky nebo svatebn\u00ed v\u00fdslu\u017eky.<\/li>\n<li>U pr\u00e1zdn\u00fdch lahv\u00ed m\u016f\u017eete zvolit matn\u00fd nebo leskl\u00fd povrch.<\/li>\n<li>Kombinujte s d\u0159ev\u011bn\u00fdmi stojany pro propagaci na veletrz\u00edch.<\/li>\n<\/ol>","protected":false},"excerpt":{"rendered":"<p>Descover lahvi\u010dka na parf\u00e9m (90 ml) s kulat\u00fdm obd\u00e9ln\u00edkov\u00fdm designem, vhodn\u00e1 pro hromadn\u00e9 objedn\u00e1vky. Vlastn\u00ed barva, velikost, povrch a p\u0159\u00edslu\u0161enstv\u00ed pro va\u0161i zna\u010dku parf\u00e9mu.<\/p>","protected":false},"featured_media":3211,"comment_status":"open","ping_status":"closed","template":"","meta":{"_acf_changed":false,"site-sidebar-layout":"default","site-content-layout":"","ast-site-content-layout":"default","site-content-style":"default","site-sidebar-style":"default","ast-global-header-display":"","ast-banner-title-visibility":"","ast-main-header-display":"","ast-hfb-above-header-display":"","ast-hfb-below-header-display":"","ast-hfb-mobile-header-display":"","site-post-title":"","ast-breadcrumbs-content":"","ast-featured-img":"","footer-sml-layout":"","ast-disable-related-posts":"","theme-transparent-header-meta":"default","adv-header-id-meta":"","stick-header-meta":"","header-above-stick-meta":"","header-main-stick-meta":"","header-below-stick-meta":"","astra-migrate-meta-layouts":"set","ast-page-background-enabled":"default","ast-page-background-meta":{"desktop":{"background-color":"var(--ast-global-color-5)","background-image":"","background-repeat":"repeat","background-position":"center center","background-size":"auto","background-attachment":"scroll","background-type":"","background-media":"","overlay-type":"","overlay-color":"","overlay-opacity":"","overlay-gradient":""},"tablet":{"background-color":"","background-image":"","background-repeat":"repeat","background-position":"center center","background-size":"auto","background-attachment":"scroll","background-type":"","background-media":"","overlay-type":"","overlay-color":"","overlay-opacity":"","overlay-gradient":""},"mobile":{"background-color":"","background-image":"","background-repeat":"repeat","background-position":"center center","background-size":"auto","background-attachment":"scroll","background-type":"","background-media":"","overlay-type":"","overlay-color":"","overlay-opacity":"","overlay-gradient":""}},"ast-content-background-meta":{"desktop":{"background-color":"var(--ast-global-color-4)","background-image":"","background-repeat":"repeat","background-position":"center center","background-size":"auto","background-attachment":"scroll","background-type":"","background-media":"","overlay-type":"","overlay-color":"","overlay-opacity":"","overlay-gradient":""},"tablet":{"background-color":"var(--ast-global-color-4)","background-image":"","background-repeat":"repeat","background-position":"center center","background-size":"auto","background-attachment":"scroll","background-type":"","background-media":"","overlay-type":"","overlay-color":"","overlay-opacity":"","overlay-gradient":""},"mobile":{"background-color":"var(--ast-global-color-4)","background-image":"","background-repeat":"repeat","background-position":"center center","background-size":"auto","background-attachment":"scroll","background-type":"","background-media":"","overlay-type":"","overlay-color":"","overlay-opacity":"","overlay-gradient":""}}},"product_brand":[],"product_cat":[72,91,41],"product_tag":[],"class_list":{"0":"post-3206","1":"product","2":"type-product","3":"status-publish","4":"has-post-thumbnail","6":"product_cat-cosmetic-packaging","7":"product_cat-custom-perfume-bottles","8":"product_cat-perfume-bottles","9":"desktop-align-left","10":"tablet-align-left","11":"mobile-align-left","13":"first","14":"instock","15":"shipping-taxable","16":"product-type-simple"},"acf":[],"jetpack_sharing_enabled":true,"_links":{"self":[{"href":"https:\/\/theperfumebottles.com\/cs\/wp-json\/wp\/v2\/product\/3206","targetHints":{"allow":["GET"]}}],"collection":[{"href":"https:\/\/theperfumebottles.com\/cs\/wp-json\/wp\/v2\/product"}],"about":[{"href":"https:\/\/theperfumebottles.com\/cs\/wp-json\/wp\/v2\/types\/product"}],"replies":[{"embeddable":true,"href":"https:\/\/theperfumebottles.com\/cs\/wp-json\/wp\/v2\/comments?post=3206"}],"wp:featuredmedia":[{"embeddable":true,"href":"https:\/\/theperfumebottles.com\/cs\/wp-json\/wp\/v2\/media\/3211"}],"wp:attachment":[{"href":"https:\/\/theperfumebottles.com\/cs\/wp-json\/wp\/v2\/media?parent=3206"}],"wp:term":[{"taxonomy":"product_brand","embeddable":true,"href":"https:\/\/theperfumebottles.com\/cs\/wp-json\/wp\/v2\/product_brand?post=3206"},{"taxonomy":"product_cat","embeddable":true,"href":"https:\/\/theperfumebottles.com\/cs\/wp-json\/wp\/v2\/product_cat?post=3206"},{"taxonomy":"product_tag","embeddable":true,"href":"https:\/\/theperfumebottles.com\/cs\/wp-json\/wp\/v2\/product_tag?post=3206"}],"curies":[{"name":"wp","href":"https:\/\/api.w.org\/{rel}","templated":true}]}}