{"id":3212,"date":"2025-04-27T07:08:23","date_gmt":"2025-04-27T07:08:23","guid":{"rendered":"https:\/\/theperfumebottles.com\/?post_type=product&#038;p=3212"},"modified":"2025-04-27T07:08:25","modified_gmt":"2025-04-27T07:08:25","slug":"premium-circle-perfume-bottles-with-fan-shaped-caps","status":"publish","type":"product","link":"https:\/\/theperfumebottles.com\/cs\/produkt\/premium-circle-perfume-bottles-with-fan-shaped-caps\/","title":{"rendered":"Pr\u00e9miov\u00e9 kruhov\u00e9 flakony na parf\u00e9my s v\u011bj\u00ed\u0159ovit\u00fdmi uz\u00e1v\u011bry pro va\u0161i zna\u010dku"},"content":{"rendered":"<h2><strong>Specifikace<\/strong><\/h2>\n<table>\n<thead>\n<tr>\n<th>Model<\/th>\n<th>Kapacita<\/th>\n<th>Rozm\u011bry (mm)<\/th>\n<th>Barvy hlavy \u010derpadla<\/th>\n<th>Certifikace<\/th>\n<\/tr>\n<\/thead>\n<tbody>\n<tr>\n<td>PB-YX1901<\/td>\n<td>30ml<\/td>\n<td>64\u00d728\u00d772<\/td>\n<td>St\u0159\u00edbrn\u00e1\/zlat\u00e1\/\u010dern\u00e1<\/td>\n<td>CE, ISO, BSCI, REACH<\/td>\n<\/tr>\n<tr>\n<td>PB-YX1902<\/td>\n<td>50ml<\/td>\n<td>75\u00d725\u00d785<\/td>\n<td>St\u0159\u00edbrn\u00e1\/zlat\u00e1\/\u010dern\u00e1<\/td>\n<td>CE, ISO, BSCI, REACH<\/td>\n<\/tr>\n<tr>\n<td>PB-YX1903<\/td>\n<td>100ml<\/td>\n<td>86\u00d736\u00d790<\/td>\n<td>St\u0159\u00edbrn\u00e1\/zlat\u00e1\/\u010dern\u00e1<\/td>\n<td>CE, ISO, BSCI, REACH<\/td>\n<\/tr>\n<\/tbody>\n<\/table>\n<h2>Tipy pro balen\u00ed<\/h2>\n<p>Evropsk\u00e1 zna\u010dka luxusn\u00edch parf\u00e9m\u016f s n\u00e1mi ned\u00e1vno spolupracovala na \u00faprav\u011b 50ml lahvi\u010dky parf\u00e9mu PB-YX1902 s r\u016f\u017eov\u011b zlatou hlavou pumpi\u010dky a vyryt\u00fdm logem. D\u00edky jedine\u010dn\u00e9mu obalu a \u0161pi\u010dkov\u00e9 textu\u0159e se prodej parf\u00e9m\u016f t\u00e9to zna\u010dky zv\u00fd\u0161il za t\u0159i m\u011bs\u00edce o 30%.<\/p>\n<h3>N\u00e1vrhy<\/h3>\n<p>Barva a povrchov\u00e1 \u00faprava: P\u0159idejte metalickou texturu nebo horkou ra\u017ebu, abyste ji u\u010dinili je\u0161t\u011b poutav\u011bj\u0161\u00ed.<\/p>\n<p>Design \u0161t\u00edtku: V kombinaci s na\u0161imi pr\u00e1zdn\u00fdmi \u0161t\u00edtky si m\u016f\u017eete vytvo\u0159it image sv\u00e9 zna\u010dky.<\/p>\n<p>Hromadn\u00e9 balen\u00ed: Pro velkoobchodn\u00ed objedn\u00e1vky si m\u016f\u017eete vybrat mezi d\u0159ev\u011bn\u00fdmi paletami nebo ekologick\u00fdmi krabicemi.<\/p>\n<p>Prioritou je pro n\u00e1s obchodn\u00ed r\u016fst. D\u00edky velkoobchodn\u00edm cen\u00e1m a rychl\u00e9mu dod\u00e1n\u00ed (7-15 dn\u00ed u skladov\u00fdch polo\u017eek) se m\u016f\u017eete soust\u0159edit na v\u016fni sv\u00e9ho parf\u00e9mu a my se postar\u00e1me o balen\u00ed.<\/p>","protected":false},"excerpt":{"rendered":"<p>Objevte luxusn\u00ed kruhov\u00e9 flakony na parf\u00e9my s v\u011bj\u00ed\u0159ovit\u00fdm uz\u00e1v\u011brem. Mo\u017enost p\u0159izp\u016fsoben\u00ed a velkoobchodn\u00edho prodeje. Ide\u00e1ln\u00ed pro zna\u010dky, kter\u00e9 hledaj\u00ed pr\u00e9miov\u00e9 obaly na v\u016fn\u011b.<\/p>","protected":false},"featured_media":3214,"comment_status":"open","ping_status":"closed","template":"","meta":{"_acf_changed":false,"site-sidebar-layout":"default","site-content-layout":"","ast-site-content-layout":"default","site-content-style":"default","site-sidebar-style":"default","ast-global-header-display":"","ast-banner-title-visibility":"","ast-main-header-display":"","ast-hfb-above-header-display":"","ast-hfb-below-header-display":"","ast-hfb-mobile-header-display":"","site-post-title":"","ast-breadcrumbs-content":"","ast-featured-img":"","footer-sml-layout":"","ast-disable-related-posts":"","theme-transparent-header-meta":"default","adv-header-id-meta":"","stick-header-meta":"","header-above-stick-meta":"","header-main-stick-meta":"","header-below-stick-meta":"","astra-migrate-meta-layouts":"set","ast-page-background-enabled":"default","ast-page-background-meta":{"desktop":{"background-color":"var(--ast-global-color-5)","background-image":"","background-repeat":"repeat","background-position":"center center","background-size":"auto","background-attachment":"scroll","background-type":"","background-media":"","overlay-type":"","overlay-color":"","overlay-opacity":"","overlay-gradient":""},"tablet":{"background-color":"","background-image":"","background-repeat":"repeat","background-position":"center center","background-size":"auto","background-attachment":"scroll","background-type":"","background-media":"","overlay-type":"","overlay-color":"","overlay-opacity":"","overlay-gradient":""},"mobile":{"background-color":"","background-image":"","background-repeat":"repeat","background-position":"center center","background-size":"auto","background-attachment":"scroll","background-type":"","background-media":"","overlay-type":"","overlay-color":"","overlay-opacity":"","overlay-gradient":""}},"ast-content-background-meta":{"desktop":{"background-color":"var(--ast-global-color-4)","background-image":"","background-repeat":"repeat","background-position":"center center","background-size":"auto","background-attachment":"scroll","background-type":"","background-media":"","overlay-type":"","overlay-color":"","overlay-opacity":"","overlay-gradient":""},"tablet":{"background-color":"var(--ast-global-color-4)","background-image":"","background-repeat":"repeat","background-position":"center center","background-size":"auto","background-attachment":"scroll","background-type":"","background-media":"","overlay-type":"","overlay-color":"","overlay-opacity":"","overlay-gradient":""},"mobile":{"background-color":"var(--ast-global-color-4)","background-image":"","background-repeat":"repeat","background-position":"center center","background-size":"auto","background-attachment":"scroll","background-type":"","background-media":"","overlay-type":"","overlay-color":"","overlay-opacity":"","overlay-gradient":""}}},"product_brand":[],"product_cat":[72,91,41],"product_tag":[],"class_list":{"0":"post-3212","1":"product","2":"type-product","3":"status-publish","4":"has-post-thumbnail","6":"product_cat-cosmetic-packaging","7":"product_cat-custom-perfume-bottles","8":"product_cat-perfume-bottles","9":"desktop-align-left","10":"tablet-align-left","11":"mobile-align-left","13":"first","14":"instock","15":"shipping-taxable","16":"product-type-simple"},"acf":[],"jetpack_sharing_enabled":true,"_links":{"self":[{"href":"https:\/\/theperfumebottles.com\/cs\/wp-json\/wp\/v2\/product\/3212","targetHints":{"allow":["GET"]}}],"collection":[{"href":"https:\/\/theperfumebottles.com\/cs\/wp-json\/wp\/v2\/product"}],"about":[{"href":"https:\/\/theperfumebottles.com\/cs\/wp-json\/wp\/v2\/types\/product"}],"replies":[{"embeddable":true,"href":"https:\/\/theperfumebottles.com\/cs\/wp-json\/wp\/v2\/comments?post=3212"}],"wp:featuredmedia":[{"embeddable":true,"href":"https:\/\/theperfumebottles.com\/cs\/wp-json\/wp\/v2\/media\/3214"}],"wp:attachment":[{"href":"https:\/\/theperfumebottles.com\/cs\/wp-json\/wp\/v2\/media?parent=3212"}],"wp:term":[{"taxonomy":"product_brand","embeddable":true,"href":"https:\/\/theperfumebottles.com\/cs\/wp-json\/wp\/v2\/product_brand?post=3212"},{"taxonomy":"product_cat","embeddable":true,"href":"https:\/\/theperfumebottles.com\/cs\/wp-json\/wp\/v2\/product_cat?post=3212"},{"taxonomy":"product_tag","embeddable":true,"href":"https:\/\/theperfumebottles.com\/cs\/wp-json\/wp\/v2\/product_tag?post=3212"}],"curies":[{"name":"wp","href":"https:\/\/api.w.org\/{rel}","templated":true}]}}