{"id":3235,"date":"2025-04-28T08:04:02","date_gmt":"2025-04-28T08:04:02","guid":{"rendered":"https:\/\/theperfumebottles.com\/?post_type=product&#038;p=3235"},"modified":"2026-04-07T14:19:18","modified_gmt":"2026-04-07T06:19:18","slug":"25ml-stylish-small-empty-perfume-bottles-for-wholesale","status":"publish","type":"product","link":"https:\/\/theperfumebottles.com\/cs\/produkt\/25ml-stylish-small-empty-perfume-bottles-for-wholesale\/","title":{"rendered":"25ml stylov\u00e9 mal\u00e9 pr\u00e1zdn\u00e9 parf\u00e9mov\u00e9 lahvi\u010dky pro velkoobchod"},"content":{"rendered":"<p>Pr\u00e1zdn\u00e9 obd\u00e9ln\u00edkov\u00e9 lahvi\u010dky na parf\u00e9my s hladk\u00fdmi hranami vytv\u00e1\u0159ej\u00ed modern\u00ed vzhled d\u00edky symetrick\u00e9mu designu. T\u011blo lahvi\u010dky zobrazuje barvu v\u016fn\u011b, proto\u017ee se jej\u00ed \u010dir\u00e9 sklen\u011bn\u00e9 t\u011blo v kombinaci s tlust\u00fdm dnem vylep\u0161uje stabilitu. Produkt kombinuje aerodynamick\u00fd v\u00e1lcovit\u00fd uz\u00e1v\u011br s jemn\u00fdm rozpra\u0161ova\u010dem mlhy, d\u00edky \u010demu\u017e je vhodn\u00fd pro ka\u017edodenn\u00ed pou\u017eit\u00ed i pro kompaktn\u00ed cestovn\u00ed \u00fa\u010dely.<\/p>\n<h2>Kl\u00ed\u010dov\u00e9 specifikace<\/h2>\n<p>&nbsp;<\/p>\n<table style=\"border-collapse: collapse; margin-left: auto; margin-right: auto; width: 80%;\" border=\"0\" width=\"80%\" cellspacing=\"0\" cellpadding=\"0\">\n<tbody>\n<tr style=\"height: 13.50pt;\">\n<td style=\"height: 13.5pt; width: 132pt; text-align: center;\" width=\"176\" height=\"18\"><strong>Model<\/strong><\/td>\n<td style=\"width: 195pt; text-align: center;\" width=\"260\">PB-YX2001<\/td>\n<\/tr>\n<tr style=\"height: 13.50pt;\">\n<td style=\"height: 13.5pt; text-align: center;\" height=\"18\"><strong>Dimenze<\/strong><\/td>\n<td style=\"text-align: center;\">25 ml<\/td>\n<\/tr>\n<tr style=\"height: 13.50pt;\">\n<td style=\"height: 13.5pt; text-align: center;\" height=\"18\"><strong>Velikost<\/strong><\/td>\n<td style=\"text-align: center;\">32\u00d720\u00d775 mm<\/td>\n<\/tr>\n<tr style=\"height: 13.50pt;\">\n<td style=\"height: 13.5pt; text-align: center;\" height=\"18\"><strong>R\u00e1\u017ee<\/strong><\/td>\n<td style=\"text-align: center;\">15 mm<\/td>\n<\/tr>\n<tr style=\"height: 13.50pt;\">\n<td style=\"height: 13.5pt; text-align: center;\" height=\"18\"><strong>Dostupn\u00e9 barvy pumpi\u010dek<\/strong><\/td>\n<td style=\"text-align: center;\">St\u0159\u00edbrn\u00e1, zlat\u00e1, \u010dern\u00e1<\/td>\n<\/tr>\n<tr style=\"height: 13.50pt;\">\n<td style=\"height: 13.5pt; text-align: center;\" height=\"18\"><strong>Typ t\u011bsn\u011bn\u00ed<\/strong><\/td>\n<td style=\"text-align: center;\">Krimpovac\u00ed krk<\/td>\n<\/tr>\n<\/tbody>\n<\/table>\n<h2>P\u0159\u00edpad \u00fasp\u011bchu<\/h2>\n<p>Nez\u00e1visl\u00e1 zna\u010dka parf\u00e9m\u016f n\u00e1s oslovila a vybrala si design na\u0161\u00ed obd\u00e9ln\u00edkov\u00e9 lahvi\u010dky na parf\u00e9m o objemu 25 ml. Proces personalizace lahvi\u010dky zahrnoval nanesen\u00ed jemn\u00e9ho gradientn\u00edho povlaku na jej\u00ed vnit\u0159ek, kter\u00fd vytvo\u0159il speci\u00e1ln\u00ed efekt zd\u016fraz\u0148uj\u00edc\u00ed p\u0159irozenou barvu vonn\u00e9 tekutiny. V\u00ed\u010dka byla na m\u00edru upravena ve dvou odli\u0161n\u00fdch stylech \u2013 kart\u00e1\u010dovan\u00e9 zlat\u00e9 a leskl\u00e9 \u010dern\u00e9 \u2013 aby se odli\u0161ily jednotliv\u00e9 kategorie v\u016fn\u00ed. Logo zna\u010dky bylo naneseno p\u0159esnou s\u00edtotiskem, kter\u00e1 zajistila vynikaj\u00edc\u00ed p\u0159ilnavost k povrchu.<\/p>\n<p>Klient si objednal dal\u0161\u00ed produkty pot\u00e9, co b\u011bhem dvou m\u011bs\u00edc\u016f po ofici\u00e1ln\u00edm uveden\u00ed na trh zaznamenal 35% n\u00e1r\u016fst prodeje d\u00e1rkov\u00fdch sad ve zku\u0161ebn\u00ed velikosti.<\/p>\n<h2>N\u00e1vrhy na p\u0159izp\u016fsoben\u00ed<\/h2>\n<p>Jedn\u00edm z na\u0161ich z\u00e1kazn\u00edk\u016f je specializovan\u00e1 parf\u00e9mov\u00e1 spole\u010dnost, kter\u00e1 upravila tyto lahvi\u010dky na m\u00edru dle zak\u00e1zkov\u00fdch vzork\u016f. Upravili povrch ra\u017een\u00e9ho materi\u00e1lu za tepla a ozdobu na hrdle. Elegantn\u00ed balen\u00ed pos\u00edlilo image jejich zna\u010dky, a t\u00edm zv\u00fd\u0161ilo velkoobchodn\u00ed popt\u00e1vky.<\/p>\n<p>Od v\u00fdb\u011bru rozpra\u0161ovac\u00ed pumpi\u010dky a v\u00ed\u010dka a\u017e po v\u00fdb\u011br kartonu nebo krabice, n\u00e1\u0161 t\u00fdm dok\u00e1\u017ee navrhnout obalov\u00e9 \u0159e\u0161en\u00ed, kter\u00e9 vyhovuje va\u0161im obchodn\u00edm pot\u0159eb\u00e1m.<\/p>","protected":false},"excerpt":{"rendered":"<p>Vysoce kvalitn\u00ed mal\u00e9 pr\u00e1zdn\u00e9 lahvi\u010dky na parf\u00e9my pro velkoobchodn\u00edky, p\u0159\u00edm\u00e9 dod\u00e1vky od v\u00fdrobce, p\u0159izp\u016fsobiteln\u00fd design a rychl\u00e9 dod\u00e1n\u00ed. Mini lahvi\u010dky na parf\u00e9my pr\u00e1zdn\u00e9 ve velk\u00e9m.<\/p>","protected":false},"featured_media":3238,"comment_status":"open","ping_status":"closed","template":"","meta":{"_acf_changed":false,"site-sidebar-layout":"default","site-content-layout":"","ast-site-content-layout":"default","site-content-style":"default","site-sidebar-style":"default","ast-global-header-display":"","ast-banner-title-visibility":"","ast-main-header-display":"","ast-hfb-above-header-display":"","ast-hfb-below-header-display":"","ast-hfb-mobile-header-display":"","site-post-title":"","ast-breadcrumbs-content":"","ast-featured-img":"","footer-sml-layout":"","ast-disable-related-posts":"","theme-transparent-header-meta":"default","adv-header-id-meta":"","stick-header-meta":"","header-above-stick-meta":"","header-main-stick-meta":"","header-below-stick-meta":"","astra-migrate-meta-layouts":"set","ast-page-background-enabled":"default","ast-page-background-meta":{"desktop":{"background-color":"var(--ast-global-color-5)","background-image":"","background-repeat":"repeat","background-position":"center center","background-size":"auto","background-attachment":"scroll","background-type":"","background-media":"","overlay-type":"","overlay-color":"","overlay-opacity":"","overlay-gradient":""},"tablet":{"background-color":"","background-image":"","background-repeat":"repeat","background-position":"center center","background-size":"auto","background-attachment":"scroll","background-type":"","background-media":"","overlay-type":"","overlay-color":"","overlay-opacity":"","overlay-gradient":""},"mobile":{"background-color":"","background-image":"","background-repeat":"repeat","background-position":"center center","background-size":"auto","background-attachment":"scroll","background-type":"","background-media":"","overlay-type":"","overlay-color":"","overlay-opacity":"","overlay-gradient":""}},"ast-content-background-meta":{"desktop":{"background-color":"var(--ast-global-color-4)","background-image":"","background-repeat":"repeat","background-position":"center center","background-size":"auto","background-attachment":"scroll","background-type":"","background-media":"","overlay-type":"","overlay-color":"","overlay-opacity":"","overlay-gradient":""},"tablet":{"background-color":"var(--ast-global-color-4)","background-image":"","background-repeat":"repeat","background-position":"center center","background-size":"auto","background-attachment":"scroll","background-type":"","background-media":"","overlay-type":"","overlay-color":"","overlay-opacity":"","overlay-gradient":""},"mobile":{"background-color":"var(--ast-global-color-4)","background-image":"","background-repeat":"repeat","background-position":"center center","background-size":"auto","background-attachment":"scroll","background-type":"","background-media":"","overlay-type":"","overlay-color":"","overlay-opacity":"","overlay-gradient":""}}},"product_brand":[],"product_cat":[74,72,41],"product_tag":[],"class_list":{"0":"post-3235","1":"product","2":"type-product","3":"status-publish","4":"has-post-thumbnail","6":"product_cat-mini-perfume-bottles","7":"product_cat-cosmetic-packaging","8":"product_cat-perfume-bottles","9":"desktop-align-left","10":"tablet-align-left","11":"mobile-align-left","13":"first","14":"instock","15":"shipping-taxable","16":"product-type-simple"},"acf":[],"jetpack_sharing_enabled":true,"_links":{"self":[{"href":"https:\/\/theperfumebottles.com\/cs\/wp-json\/wp\/v2\/product\/3235","targetHints":{"allow":["GET"]}}],"collection":[{"href":"https:\/\/theperfumebottles.com\/cs\/wp-json\/wp\/v2\/product"}],"about":[{"href":"https:\/\/theperfumebottles.com\/cs\/wp-json\/wp\/v2\/types\/product"}],"replies":[{"embeddable":true,"href":"https:\/\/theperfumebottles.com\/cs\/wp-json\/wp\/v2\/comments?post=3235"}],"wp:featuredmedia":[{"embeddable":true,"href":"https:\/\/theperfumebottles.com\/cs\/wp-json\/wp\/v2\/media\/3238"}],"wp:attachment":[{"href":"https:\/\/theperfumebottles.com\/cs\/wp-json\/wp\/v2\/media?parent=3235"}],"wp:term":[{"taxonomy":"product_brand","embeddable":true,"href":"https:\/\/theperfumebottles.com\/cs\/wp-json\/wp\/v2\/product_brand?post=3235"},{"taxonomy":"product_cat","embeddable":true,"href":"https:\/\/theperfumebottles.com\/cs\/wp-json\/wp\/v2\/product_cat?post=3235"},{"taxonomy":"product_tag","embeddable":true,"href":"https:\/\/theperfumebottles.com\/cs\/wp-json\/wp\/v2\/product_tag?post=3235"}],"curies":[{"name":"wp","href":"https:\/\/api.w.org\/{rel}","templated":true}]}}