{"id":3240,"date":"2025-04-28T08:53:56","date_gmt":"2025-04-28T08:53:56","guid":{"rendered":"https:\/\/theperfumebottles.com\/?post_type=product&#038;p=3240"},"modified":"2025-05-23T14:29:50","modified_gmt":"2025-05-23T06:29:50","slug":"personalized-perfume-bottle-with-sprayer","status":"publish","type":"product","link":"https:\/\/theperfumebottles.com\/cs\/produkt\/personalized-perfume-bottle-with-sprayer\/","title":{"rendered":"50ml 100ml personalizovan\u00e1 parf\u00e9mov\u00e1 lahvi\u010dka s rozpra\u0161ova\u010dem"},"content":{"rendered":"<h2>Kl\u00ed\u010dov\u00e9 specifikace<\/h2>\n<table style=\"border-collapse: collapse; margin-left: auto; margin-right: auto; width: 80%;\" border=\"0\" width=\"80%\" cellspacing=\"0\" cellpadding=\"0\">\n<tbody>\n<tr style=\"height: 13.50pt;\">\n<td style=\"height: 13.50pt; width: 148.50pt;\" width=\"198\" height=\"18\"><strong>Model<\/strong><\/td>\n<td style=\"width: 154.50pt;\" width=\"206\">PB-YX2002<\/td>\n<td style=\"width: 154.50pt;\" width=\"206\">PB-YX2003<\/td>\n<\/tr>\n<tr style=\"height: 13.50pt;\">\n<td style=\"height: 13.50pt;\" height=\"18\"><strong>Kapacita<\/strong><\/td>\n<td>50ml<\/td>\n<td>100ml<\/td>\n<\/tr>\n<tr style=\"height: 13.50pt;\">\n<td style=\"height: 13.50pt;\" height=\"18\"><strong>Rozm\u011bry<\/strong><\/td>\n<td>42*25*92 mm<\/td>\n<td>53*31*114 mm<\/td>\n<\/tr>\n<tr style=\"height: 13.50pt;\">\n<td style=\"height: 13.50pt;\" height=\"18\"><strong>Pr\u016fm\u011br krku<\/strong><\/td>\n<td>15 mm<\/td>\n<td>15 mm<\/td>\n<\/tr>\n<tr style=\"height: 13.50pt;\">\n<td style=\"height: 13.50pt;\" height=\"18\"><strong>Mo\u017enosti barev \u010derpadla<\/strong><\/td>\n<td>St\u0159\u00edbrn\u00e1, zlat\u00e1, \u010dern\u00e1<\/td>\n<td>St\u0159\u00edbrn\u00e1, zlat\u00e1, \u010dern\u00e1<\/td>\n<\/tr>\n<tr style=\"height: 13.50pt;\">\n<td style=\"height: 13.50pt;\" height=\"18\"><strong>Typ t\u011bsn\u011bn\u00ed<\/strong><\/td>\n<td>Krimpovac\u00ed krk<\/td>\n<td>Krimpovac\u00ed krk<\/td>\n<\/tr>\n<\/tbody>\n<\/table>\n<h2>N\u00e1pady na sklen\u011bn\u00e9 obaly<\/h2>\n<p>Zn\u00e1m\u00e1 zna\u010dka parf\u00e9m\u016f si pro uveden\u00ed sv\u00e9ho nov\u00e9ho produktu na trh vybrala na\u0161e lahvi\u010dky s v\u016fn\u00ed na m\u00edru. Personalizac\u00ed 50ml n\u00e1dobky na parf\u00e9m PB-YX2002 s designem loga jejich zna\u010dky a jedine\u010dn\u00fdm barevn\u00fdm vzorem v\u00fdrazn\u011b zv\u00fd\u0161ili sv\u00e9 prodeje.<\/p>\n<p>Pro va\u0161i parfum\u00e9rskou organizaci m\u016f\u017eete zv\u00e1\u017eit p\u0159id\u00e1n\u00ed loga va\u0161\u00ed zna\u010dky na sklen\u011bnou lahvi\u010dku parf\u00e9mu pomoc\u00ed grav\u00edrov\u00e1n\u00ed nebo vlastn\u00edch \u0161t\u00edtk\u016f a nav\u00edc p\u0159izp\u016fsobit v\u00fdzdobu na hrdle. T\u00edm nejen zv\u00fd\u0161\u00edte p\u016fvab sv\u00e9ho zbo\u017e\u00ed, ale z\u00e1rove\u0148 bude ka\u017ed\u00e1 n\u00e1dobka parf\u00e9mu naprosto odli\u0161n\u00e1 od va\u0161\u00ed zna\u010dky.<\/p>\n<p>&nbsp;<\/p>","protected":false},"excerpt":{"rendered":"<p>Vylep\u0161ete svou zna\u010dku sklen\u011bnou lahvi\u010dkou na parf\u00e9m PB-YX20 s rozpra\u0161ova\u010dem. Mo\u017enosti p\u0159izp\u016fsoben\u00ed lahvi\u010dky na parf\u00e9m pro va\u0161i firmu. Ide\u00e1ln\u00ed pro hromadn\u00e9 objedn\u00e1vky.<\/p>","protected":false},"featured_media":3241,"comment_status":"open","ping_status":"closed","template":"","meta":{"_acf_changed":false,"site-sidebar-layout":"default","site-content-layout":"","ast-site-content-layout":"default","site-content-style":"default","site-sidebar-style":"default","ast-global-header-display":"","ast-banner-title-visibility":"","ast-main-header-display":"","ast-hfb-above-header-display":"","ast-hfb-below-header-display":"","ast-hfb-mobile-header-display":"","site-post-title":"","ast-breadcrumbs-content":"","ast-featured-img":"","footer-sml-layout":"","ast-disable-related-posts":"","theme-transparent-header-meta":"default","adv-header-id-meta":"","stick-header-meta":"","header-above-stick-meta":"","header-main-stick-meta":"","header-below-stick-meta":"","astra-migrate-meta-layouts":"set","ast-page-background-enabled":"default","ast-page-background-meta":{"desktop":{"background-color":"var(--ast-global-color-5)","background-image":"","background-repeat":"repeat","background-position":"center center","background-size":"auto","background-attachment":"scroll","background-type":"","background-media":"","overlay-type":"","overlay-color":"","overlay-opacity":"","overlay-gradient":""},"tablet":{"background-color":"","background-image":"","background-repeat":"repeat","background-position":"center center","background-size":"auto","background-attachment":"scroll","background-type":"","background-media":"","overlay-type":"","overlay-color":"","overlay-opacity":"","overlay-gradient":""},"mobile":{"background-color":"","background-image":"","background-repeat":"repeat","background-position":"center center","background-size":"auto","background-attachment":"scroll","background-type":"","background-media":"","overlay-type":"","overlay-color":"","overlay-opacity":"","overlay-gradient":""}},"ast-content-background-meta":{"desktop":{"background-color":"var(--ast-global-color-4)","background-image":"","background-repeat":"repeat","background-position":"center center","background-size":"auto","background-attachment":"scroll","background-type":"","background-media":"","overlay-type":"","overlay-color":"","overlay-opacity":"","overlay-gradient":""},"tablet":{"background-color":"var(--ast-global-color-4)","background-image":"","background-repeat":"repeat","background-position":"center center","background-size":"auto","background-attachment":"scroll","background-type":"","background-media":"","overlay-type":"","overlay-color":"","overlay-opacity":"","overlay-gradient":""},"mobile":{"background-color":"var(--ast-global-color-4)","background-image":"","background-repeat":"repeat","background-position":"center center","background-size":"auto","background-attachment":"scroll","background-type":"","background-media":"","overlay-type":"","overlay-color":"","overlay-opacity":"","overlay-gradient":""}}},"product_brand":[],"product_cat":[72,91,41],"product_tag":[],"class_list":{"0":"post-3240","1":"product","2":"type-product","3":"status-publish","4":"has-post-thumbnail","6":"product_cat-cosmetic-packaging","7":"product_cat-custom-perfume-bottles","8":"product_cat-perfume-bottles","9":"desktop-align-left","10":"tablet-align-left","11":"mobile-align-left","13":"first","14":"instock","15":"shipping-taxable","16":"product-type-simple"},"acf":[],"jetpack_sharing_enabled":true,"_links":{"self":[{"href":"https:\/\/theperfumebottles.com\/cs\/wp-json\/wp\/v2\/product\/3240","targetHints":{"allow":["GET"]}}],"collection":[{"href":"https:\/\/theperfumebottles.com\/cs\/wp-json\/wp\/v2\/product"}],"about":[{"href":"https:\/\/theperfumebottles.com\/cs\/wp-json\/wp\/v2\/types\/product"}],"replies":[{"embeddable":true,"href":"https:\/\/theperfumebottles.com\/cs\/wp-json\/wp\/v2\/comments?post=3240"}],"wp:featuredmedia":[{"embeddable":true,"href":"https:\/\/theperfumebottles.com\/cs\/wp-json\/wp\/v2\/media\/3241"}],"wp:attachment":[{"href":"https:\/\/theperfumebottles.com\/cs\/wp-json\/wp\/v2\/media?parent=3240"}],"wp:term":[{"taxonomy":"product_brand","embeddable":true,"href":"https:\/\/theperfumebottles.com\/cs\/wp-json\/wp\/v2\/product_brand?post=3240"},{"taxonomy":"product_cat","embeddable":true,"href":"https:\/\/theperfumebottles.com\/cs\/wp-json\/wp\/v2\/product_cat?post=3240"},{"taxonomy":"product_tag","embeddable":true,"href":"https:\/\/theperfumebottles.com\/cs\/wp-json\/wp\/v2\/product_tag?post=3240"}],"curies":[{"name":"wp","href":"https:\/\/api.w.org\/{rel}","templated":true}]}}