{"id":3250,"date":"2025-04-30T09:16:37","date_gmt":"2025-04-30T09:16:37","guid":{"rendered":"https:\/\/theperfumebottles.com\/?post_type=product&#038;p=3250"},"modified":"2025-05-23T13:25:40","modified_gmt":"2025-05-23T05:25:40","slug":"minimalist-perfume-bottle-for-modern-fragrance-brands","status":"publish","type":"product","link":"https:\/\/theperfumebottles.com\/cs\/produkt\/minimalist-perfume-bottle-for-modern-fragrance-brands\/","title":{"rendered":"Minimalistick\u00e1 lahvi\u010dka na parf\u00e9m 30ml 50ml 100ml pro modern\u00ed zna\u010dky v\u016fn\u00ed"},"content":{"rendered":"<p>Na\u0161e kolekce PB-YX22 minimalistick\u00fdch vonn\u00fdch n\u00e1dob\u0438\u0446 m\u00e1 pe\u010dliv\u011b tvarovan\u00fd, zaoblen\u00fd obd\u00e9ln\u00edkov\u00fd tvar. K\u0159i\u0161\u0165\u00e1lov\u00e9 sklo zd\u016fraz\u0148uje pr\u016fhlednost a \u010distotu materi\u00e1lu, vytv\u00e1\u0159\u00ed elegantn\u00ed a stylov\u00fd vzhled. Obd\u00e9ln\u00edkov\u00e9 v\u00ed\u010dko je k dispozici v st\u0159\u00edb\u0159e, zlat\u011b a \u010dern\u011b, co\u017e zahrnuje sofistikovanost a rozmanitost celkov\u00e9ho n\u00e1vrhu.<\/p>\n<table style=\"border-collapse: collapse; margin-left: auto; margin-right: auto; width: 162.03pt;\" border=\"0\" width=\"216\" cellspacing=\"0\" cellpadding=\"0\">\n<tbody>\n<tr style=\"height: 13.50pt;\">\n<td style=\"height: 13.50pt; width: 54.00pt;\" width=\"72\" height=\"18\">\n<p><figure id=\"attachment_3251\" aria-describedby=\"caption-attachment-3251\" style=\"width: 300px\" class=\"wp-caption aligncenter\"><img fetchpriority=\"high\" decoding=\"async\" class=\"wp-image-3251 size-medium\" src=\"https:\/\/theperfumebottles.com\/wp-content\/uploads\/2025\/04\/minimalist-perfume-bottle-yx2201-300x300.webp\" alt=\"minimalistick\u00e1 lahvi\u010dka na parf\u00e9m\" width=\"300\" height=\"300\" srcset=\"https:\/\/theperfumebottles.com\/wp-content\/uploads\/2025\/04\/minimalist-perfume-bottle-yx2201-300x300.webp 300w, https:\/\/theperfumebottles.com\/wp-content\/uploads\/2025\/04\/minimalist-perfume-bottle-yx2201-150x150.webp 150w, https:\/\/theperfumebottles.com\/wp-content\/uploads\/2025\/04\/minimalist-perfume-bottle-yx2201-768x768.webp 768w, https:\/\/theperfumebottles.com\/wp-content\/uploads\/2025\/04\/minimalist-perfume-bottle-yx2201-12x12.webp 12w, https:\/\/theperfumebottles.com\/wp-content\/uploads\/2025\/04\/minimalist-perfume-bottle-yx2201-600x600.webp 600w, https:\/\/theperfumebottles.com\/wp-content\/uploads\/2025\/04\/minimalist-perfume-bottle-yx2201-100x100.webp 100w, https:\/\/theperfumebottles.com\/wp-content\/uploads\/2025\/04\/minimalist-perfume-bottle-yx2201.webp 1000w\" sizes=\"(max-width: 300px) 100vw, 300px\" \/><figcaption id=\"caption-attachment-3251\" class=\"wp-caption-text\">30ml PB-YX2201<\/figcaption><\/figure><\/td>\n<td style=\"width: 54.00pt;\" width=\"72\">\n<p><figure id=\"attachment_3252\" aria-describedby=\"caption-attachment-3252\" style=\"width: 300px\" class=\"wp-caption aligncenter\"><img decoding=\"async\" class=\"wp-image-3252 size-medium\" src=\"https:\/\/theperfumebottles.com\/wp-content\/uploads\/2025\/04\/minimalist-perfume-bottle-yx2202-300x300.webp\" alt=\"minimalistick\u00e1 lahvi\u010dka na parf\u00e9m\" width=\"300\" height=\"300\" srcset=\"https:\/\/theperfumebottles.com\/wp-content\/uploads\/2025\/04\/minimalist-perfume-bottle-yx2202-300x300.webp 300w, https:\/\/theperfumebottles.com\/wp-content\/uploads\/2025\/04\/minimalist-perfume-bottle-yx2202-150x150.webp 150w, https:\/\/theperfumebottles.com\/wp-content\/uploads\/2025\/04\/minimalist-perfume-bottle-yx2202-768x768.webp 768w, https:\/\/theperfumebottles.com\/wp-content\/uploads\/2025\/04\/minimalist-perfume-bottle-yx2202-12x12.webp 12w, https:\/\/theperfumebottles.com\/wp-content\/uploads\/2025\/04\/minimalist-perfume-bottle-yx2202-600x600.webp 600w, https:\/\/theperfumebottles.com\/wp-content\/uploads\/2025\/04\/minimalist-perfume-bottle-yx2202-100x100.webp 100w, https:\/\/theperfumebottles.com\/wp-content\/uploads\/2025\/04\/minimalist-perfume-bottle-yx2202.webp 1000w\" sizes=\"(max-width: 300px) 100vw, 300px\" \/><figcaption id=\"caption-attachment-3252\" class=\"wp-caption-text\">50ml PB-YX2202<\/figcaption><\/figure><\/td>\n<td style=\"width: 54.00pt;\" width=\"72\">\n<p><figure id=\"attachment_3253\" aria-describedby=\"caption-attachment-3253\" style=\"width: 300px\" class=\"wp-caption aligncenter\"><img decoding=\"async\" class=\"wp-image-3253 size-medium\" src=\"https:\/\/theperfumebottles.com\/wp-content\/uploads\/2025\/04\/minimalist-perfume-bottle-YX2203-300x300.webp\" alt=\"minimalistick\u00e1 lahvi\u010dka na parf\u00e9m\" width=\"300\" height=\"300\" srcset=\"https:\/\/theperfumebottles.com\/wp-content\/uploads\/2025\/04\/minimalist-perfume-bottle-YX2203-300x300.webp 300w, https:\/\/theperfumebottles.com\/wp-content\/uploads\/2025\/04\/minimalist-perfume-bottle-YX2203-150x150.webp 150w, https:\/\/theperfumebottles.com\/wp-content\/uploads\/2025\/04\/minimalist-perfume-bottle-YX2203-768x768.webp 768w, https:\/\/theperfumebottles.com\/wp-content\/uploads\/2025\/04\/minimalist-perfume-bottle-YX2203-12x12.webp 12w, https:\/\/theperfumebottles.com\/wp-content\/uploads\/2025\/04\/minimalist-perfume-bottle-YX2203-600x600.webp 600w, https:\/\/theperfumebottles.com\/wp-content\/uploads\/2025\/04\/minimalist-perfume-bottle-YX2203-100x100.webp 100w, https:\/\/theperfumebottles.com\/wp-content\/uploads\/2025\/04\/minimalist-perfume-bottle-YX2203.webp 1000w\" sizes=\"(max-width: 300px) 100vw, 300px\" \/><figcaption id=\"caption-attachment-3253\" class=\"wp-caption-text\">100 ml PB-YX2203<\/figcaption><\/figure><\/td>\n<\/tr>\n<\/tbody>\n<\/table>\n<h2>Kl\u00ed\u010dov\u00e9 specifikace<\/h2>\n<table style=\"border-collapse: collapse; width: 80%; margin-left: auto; margin-right: auto;\" border=\"0\" width=\"80%\" cellspacing=\"0\" cellpadding=\"0\">\n<tbody>\n<tr style=\"height: 13.50pt;\">\n<td style=\"height: 13.50pt; width: 98.25pt;\" width=\"131\" height=\"18\"><strong>Model<\/strong><\/td>\n<td style=\"width: 110.25pt;\" width=\"147\"><strong>PB-YX2201<\/strong><\/td>\n<td style=\"width: 111.75pt;\" width=\"149\"><strong>PB-YX2202<\/strong><\/td>\n<td style=\"width: 108.00pt;\" width=\"144\"><strong>PB-YX2203<\/strong><\/td>\n<\/tr>\n<tr style=\"height: 13.50pt;\">\n<td style=\"height: 13.50pt;\" height=\"18\"><strong>Kapacita<\/strong><\/td>\n<td>30 ml<\/td>\n<td>50 ml<\/td>\n<td>100 ml<\/td>\n<\/tr>\n<tr style=\"height: 13.50pt;\">\n<td style=\"height: 13.50pt;\" height=\"18\"><strong>Rozm\u011bry<\/strong><\/td>\n<td>56 x 28 x 70 mm<\/td>\n<td>63 x 31 x 79 mm<\/td>\n<td>76 x 38 x 98 mm<\/td>\n<\/tr>\n<tr style=\"height: 13.50pt;\">\n<td style=\"height: 13.50pt;\" height=\"18\"><strong>Pr\u016fm\u011br v\u00ed\u010dka<\/strong><\/td>\n<td class=\"et2\" colspan=\"3\">15 mm<\/td>\n<\/tr>\n<tr style=\"height: 13.50pt;\">\n<td style=\"height: 13.50pt;\" height=\"18\"><strong>Mo\u017enosti barev \u010depice<\/strong><\/td>\n<td class=\"et2\" colspan=\"3\">St\u0159\u00edbrn\u00e1, zlat\u00e1, \u010dern\u00e1<\/td>\n<\/tr>\n<tr style=\"height: 13.50pt;\">\n<td style=\"height: 13.50pt;\" height=\"18\"><strong>Typ t\u011bsn\u011bn\u00ed<\/strong><\/td>\n<td class=\"et2\" colspan=\"3\">Krimpovac\u00ed krk<\/td>\n<\/tr>\n<\/tbody>\n<\/table>\n<h2>N\u00e1pady na balen\u00ed produktu:<\/h2>\n<p>Evropsk\u00fd startup na vonn\u00fdch seke\u0159e se n\u00e1s zeptal, abychom vyvinuli minimalistickou s\u00e9rii vonn\u00fdch pro mlad\u00e9 lidi, kte\u0159\u00ed se zaj\u00edmaj\u00ed o \u017eivotn\u00ed prost\u0159ed\u00ed. Personalizovali jsme 50 ml sklen\u011bnou lahvi\u010dku s matov\u00fdm povrchem a z\u00e1kladn\u00edm, ekologick\u00fdm kartonov\u00fdm balen\u00edm. V d\u016fsledku toho z\u00edskala produkt pozitivn\u00ed zp\u011btnou vazbu od spot\u0159ebitel\u016f, kte\u0159\u00ed pochvalili jej\u00ed \u201ejednoduch\u00fd styl\u201c a \u201eluxusn\u00ed pocit\u201c, stejn\u011b jako jej\u00ed konkurenceschopnou cenu.<\/p>\n<h3>Tipy na personalizaci:<\/h3>\n<ul>\n<li><strong>Dokon\u010den\u00ed<\/strong>: Matov\u00e9 a leskl\u00e9 sklen\u011bn\u00e9 dokon\u010den\u00ed mohou p\u0159idat estetick\u00fd hodnotu va\u0161emu produktu.<\/li>\n<li><strong>Logo<\/strong>: Laserov\u00e9 \u0159ez\u00e1n\u00ed nebo hork\u00e9 raz\u00edtko mohou d\u00e1t va\u0161emu produktu luxusn\u00ed pocit.<\/li>\n<li><strong>Krabice<\/strong>: Od z\u00e1kladn\u00edch krabi\u010dek po luxusn\u00ed d\u00e1rek, ide\u00e1ln\u00ed pro maloobchod a n\u00e1kup.<\/li>\n<li><strong>C\u00edlov\u00e1 skupina<\/strong>: Gotick\u00e9 n\u00e1vrhy mohou p\u0159il\u00e1kat specifick\u00fd segment trhu, minimalistick\u00e9 n\u00e1vrhy maj\u00ed sklon p\u0159il\u00e1kat \u0161ir\u0161\u00ed publikum.<\/li>\n<\/ul>","protected":false},"excerpt":{"rendered":"<p>Najd\u011bte kvalitn\u00ed minimalistick\u00e9 parf\u00e9mov\u00e9 lahvi\u010dky pro modern\u00ed vonn\u00e9 zna\u010dky. Kupte modern\u00ed parf\u00e9mov\u00e9 lahvi\u010dky v bulk a zlep\u0161ete svou balen\u00ed produktu dnes.<\/p>","protected":false},"featured_media":3252,"comment_status":"open","ping_status":"closed","template":"","meta":{"_acf_changed":false,"site-sidebar-layout":"default","site-content-layout":"","ast-site-content-layout":"default","site-content-style":"default","site-sidebar-style":"default","ast-global-header-display":"","ast-banner-title-visibility":"","ast-main-header-display":"","ast-hfb-above-header-display":"","ast-hfb-below-header-display":"","ast-hfb-mobile-header-display":"","site-post-title":"","ast-breadcrumbs-content":"","ast-featured-img":"","footer-sml-layout":"","ast-disable-related-posts":"","theme-transparent-header-meta":"default","adv-header-id-meta":"","stick-header-meta":"","header-above-stick-meta":"","header-main-stick-meta":"","header-below-stick-meta":"","astra-migrate-meta-layouts":"set","ast-page-background-enabled":"default","ast-page-background-meta":{"desktop":{"background-color":"var(--ast-global-color-5)","background-image":"","background-repeat":"repeat","background-position":"center center","background-size":"auto","background-attachment":"scroll","background-type":"","background-media":"","overlay-type":"","overlay-color":"","overlay-opacity":"","overlay-gradient":""},"tablet":{"background-color":"","background-image":"","background-repeat":"repeat","background-position":"center center","background-size":"auto","background-attachment":"scroll","background-type":"","background-media":"","overlay-type":"","overlay-color":"","overlay-opacity":"","overlay-gradient":""},"mobile":{"background-color":"","background-image":"","background-repeat":"repeat","background-position":"center center","background-size":"auto","background-attachment":"scroll","background-type":"","background-media":"","overlay-type":"","overlay-color":"","overlay-opacity":"","overlay-gradient":""}},"ast-content-background-meta":{"desktop":{"background-color":"var(--ast-global-color-4)","background-image":"","background-repeat":"repeat","background-position":"center center","background-size":"auto","background-attachment":"scroll","background-type":"","background-media":"","overlay-type":"","overlay-color":"","overlay-opacity":"","overlay-gradient":""},"tablet":{"background-color":"var(--ast-global-color-4)","background-image":"","background-repeat":"repeat","background-position":"center center","background-size":"auto","background-attachment":"scroll","background-type":"","background-media":"","overlay-type":"","overlay-color":"","overlay-opacity":"","overlay-gradient":""},"mobile":{"background-color":"var(--ast-global-color-4)","background-image":"","background-repeat":"repeat","background-position":"center center","background-size":"auto","background-attachment":"scroll","background-type":"","background-media":"","overlay-type":"","overlay-color":"","overlay-opacity":"","overlay-gradient":""}}},"product_brand":[],"product_cat":[72,91,41],"product_tag":[],"class_list":{"0":"post-3250","1":"product","2":"type-product","3":"status-publish","4":"has-post-thumbnail","6":"product_cat-cosmetic-packaging","7":"product_cat-custom-perfume-bottles","8":"product_cat-perfume-bottles","9":"desktop-align-left","10":"tablet-align-left","11":"mobile-align-left","13":"first","14":"instock","15":"shipping-taxable","16":"product-type-simple"},"acf":[],"jetpack_sharing_enabled":true,"_links":{"self":[{"href":"https:\/\/theperfumebottles.com\/cs\/wp-json\/wp\/v2\/product\/3250","targetHints":{"allow":["GET"]}}],"collection":[{"href":"https:\/\/theperfumebottles.com\/cs\/wp-json\/wp\/v2\/product"}],"about":[{"href":"https:\/\/theperfumebottles.com\/cs\/wp-json\/wp\/v2\/types\/product"}],"replies":[{"embeddable":true,"href":"https:\/\/theperfumebottles.com\/cs\/wp-json\/wp\/v2\/comments?post=3250"}],"wp:featuredmedia":[{"embeddable":true,"href":"https:\/\/theperfumebottles.com\/cs\/wp-json\/wp\/v2\/media\/3252"}],"wp:attachment":[{"href":"https:\/\/theperfumebottles.com\/cs\/wp-json\/wp\/v2\/media?parent=3250"}],"wp:term":[{"taxonomy":"product_brand","embeddable":true,"href":"https:\/\/theperfumebottles.com\/cs\/wp-json\/wp\/v2\/product_brand?post=3250"},{"taxonomy":"product_cat","embeddable":true,"href":"https:\/\/theperfumebottles.com\/cs\/wp-json\/wp\/v2\/product_cat?post=3250"},{"taxonomy":"product_tag","embeddable":true,"href":"https:\/\/theperfumebottles.com\/cs\/wp-json\/wp\/v2\/product_tag?post=3250"}],"curies":[{"name":"wp","href":"https:\/\/api.w.org\/{rel}","templated":true}]}}