{"id":3257,"date":"2025-05-05T09:27:18","date_gmt":"2025-05-05T09:27:18","guid":{"rendered":"https:\/\/theperfumebottles.com\/?post_type=product&#038;p=3257"},"modified":"2025-05-23T13:18:23","modified_gmt":"2025-05-23T05:18:23","slug":"unusual-glass-perfume-spray-bottles-with-faceted-design","status":"publish","type":"product","link":"https:\/\/theperfumebottles.com\/cs\/produkt\/unusual-glass-perfume-spray-bottles-with-faceted-design\/","title":{"rendered":"30ml 50ml 100ml Neobvykl\u00e9 sklen\u011bn\u00e9 lahvi\u010dky na parf\u00e9my s fazetovan\u00fdm designem"},"content":{"rendered":"<p>D\u016fmysln\u00e9 sklen\u011bn\u00e9 lahvi\u010dky na parf\u00e9my s fazetov\u00fdm uspo\u0159\u00e1d\u00e1n\u00edm. Ide\u00e1ln\u00ed pro neobvykl\u00e9 lahvi\u010dky na parf\u00e9my a vlastn\u00ed balen\u00ed v\u016fn\u00ed. P\u0159\u00edklady zdarma a rychl\u00e9 dod\u00e1n\u00ed. Na\u0161e kolekce sklen\u011bn\u00fdch lahvi\u010dek na parf\u00e9my s rozpra\u0161ova\u010dem PB-YX23 v sob\u011b spojuje \u0161pi\u010dkovou kvalitu a prakti\u010dnost, co\u017e z nich d\u011bl\u00e1 p\u0159edn\u00ed v\u00fdrobce \u0161pi\u010dkov\u00fdch a na m\u00edru \u0161it\u00fdch obal\u016f na vonn\u00e9 produkty. Tyto n\u00e1doby vyroben\u00e9 z prvot\u0159\u00eddn\u00edho skla jsou odoln\u00e9 a sofistikovan\u00e9. A\u0165 u\u017e bal\u00edte produkt parf\u00e9m nebo vo\u0148avku, mohou dodat z\u00e1kladn\u00ed a pr\u00e9miov\u00fd vzhled, kter\u00fd si z\u00e1kazn\u00edci zamiluj\u00ed.<\/p>\n<table style=\"border-collapse: collapse; margin-left: auto; margin-right: auto; width: 162.03pt;\" border=\"0\" width=\"216\" cellspacing=\"0\" cellpadding=\"0\">\n<tbody>\n<tr style=\"height: 13.50pt;\">\n<td style=\"height: 13.50pt; width: 54.00pt;\" width=\"72\" height=\"18\">\n<p><figure id=\"attachment_3263\" aria-describedby=\"caption-attachment-3263\" style=\"width: 300px\" class=\"wp-caption aligncenter\"><img fetchpriority=\"high\" decoding=\"async\" class=\"wp-image-3263 size-medium\" src=\"https:\/\/theperfumebottles.com\/wp-content\/uploads\/2025\/05\/glass-perfume-spray-bottles-YX2301-300x300.webp\" alt=\"sklen\u011bn\u00e9 lahvi\u010dky s rozpra\u0161ova\u010dem parf\u00e9mu\" width=\"300\" height=\"300\" srcset=\"https:\/\/theperfumebottles.com\/wp-content\/uploads\/2025\/05\/glass-perfume-spray-bottles-YX2301-300x300.webp 300w, https:\/\/theperfumebottles.com\/wp-content\/uploads\/2025\/05\/glass-perfume-spray-bottles-YX2301-150x150.webp 150w, https:\/\/theperfumebottles.com\/wp-content\/uploads\/2025\/05\/glass-perfume-spray-bottles-YX2301-768x768.webp 768w, https:\/\/theperfumebottles.com\/wp-content\/uploads\/2025\/05\/glass-perfume-spray-bottles-YX2301-12x12.webp 12w, https:\/\/theperfumebottles.com\/wp-content\/uploads\/2025\/05\/glass-perfume-spray-bottles-YX2301-600x600.webp 600w, https:\/\/theperfumebottles.com\/wp-content\/uploads\/2025\/05\/glass-perfume-spray-bottles-YX2301-100x100.webp 100w, https:\/\/theperfumebottles.com\/wp-content\/uploads\/2025\/05\/glass-perfume-spray-bottles-YX2301.webp 1000w\" sizes=\"(max-width: 300px) 100vw, 300px\" \/><figcaption id=\"caption-attachment-3263\" class=\"wp-caption-text\">30ml PB-YX2301<\/figcaption><\/figure><\/td>\n<td style=\"width: 54.00pt;\" width=\"72\">\n<p><figure id=\"attachment_3259\" aria-describedby=\"caption-attachment-3259\" style=\"width: 300px\" class=\"wp-caption aligncenter\"><img decoding=\"async\" class=\"wp-image-3259 size-medium\" src=\"https:\/\/theperfumebottles.com\/wp-content\/uploads\/2025\/05\/unusual-perfume-bottles-YX2302-300x300.webp\" alt=\"neobvykl\u00e9 lahvi\u010dky na parf\u00e9my\" width=\"300\" height=\"300\" srcset=\"https:\/\/theperfumebottles.com\/wp-content\/uploads\/2025\/05\/unusual-perfume-bottles-YX2302-300x300.webp 300w, https:\/\/theperfumebottles.com\/wp-content\/uploads\/2025\/05\/unusual-perfume-bottles-YX2302-150x150.webp 150w, https:\/\/theperfumebottles.com\/wp-content\/uploads\/2025\/05\/unusual-perfume-bottles-YX2302-768x768.webp 768w, https:\/\/theperfumebottles.com\/wp-content\/uploads\/2025\/05\/unusual-perfume-bottles-YX2302-12x12.webp 12w, https:\/\/theperfumebottles.com\/wp-content\/uploads\/2025\/05\/unusual-perfume-bottles-YX2302-600x600.webp 600w, https:\/\/theperfumebottles.com\/wp-content\/uploads\/2025\/05\/unusual-perfume-bottles-YX2302-100x100.webp 100w, https:\/\/theperfumebottles.com\/wp-content\/uploads\/2025\/05\/unusual-perfume-bottles-YX2302.webp 1000w\" sizes=\"(max-width: 300px) 100vw, 300px\" \/><figcaption id=\"caption-attachment-3259\" class=\"wp-caption-text\">50 ml PB-YX2302<\/figcaption><\/figure><\/td>\n<td style=\"width: 54.00pt;\" width=\"72\">\n<p><figure id=\"attachment_3260\" aria-describedby=\"caption-attachment-3260\" style=\"width: 300px\" class=\"wp-caption aligncenter\"><img decoding=\"async\" class=\"wp-image-3260 size-medium\" src=\"https:\/\/theperfumebottles.com\/wp-content\/uploads\/2025\/05\/unusual-perfume-bottles-YX2303-300x300.webp\" alt=\"neobvykl\u00e9 lahvi\u010dky na parf\u00e9my\" width=\"300\" height=\"300\" srcset=\"https:\/\/theperfumebottles.com\/wp-content\/uploads\/2025\/05\/unusual-perfume-bottles-YX2303-300x300.webp 300w, https:\/\/theperfumebottles.com\/wp-content\/uploads\/2025\/05\/unusual-perfume-bottles-YX2303-150x150.webp 150w, https:\/\/theperfumebottles.com\/wp-content\/uploads\/2025\/05\/unusual-perfume-bottles-YX2303-768x768.webp 768w, https:\/\/theperfumebottles.com\/wp-content\/uploads\/2025\/05\/unusual-perfume-bottles-YX2303-12x12.webp 12w, https:\/\/theperfumebottles.com\/wp-content\/uploads\/2025\/05\/unusual-perfume-bottles-YX2303-600x600.webp 600w, https:\/\/theperfumebottles.com\/wp-content\/uploads\/2025\/05\/unusual-perfume-bottles-YX2303-100x100.webp 100w, https:\/\/theperfumebottles.com\/wp-content\/uploads\/2025\/05\/unusual-perfume-bottles-YX2303.webp 1000w\" sizes=\"(max-width: 300px) 100vw, 300px\" \/><figcaption id=\"caption-attachment-3260\" class=\"wp-caption-text\">100 ml PB-YX2303<\/figcaption><\/figure><\/td>\n<\/tr>\n<\/tbody>\n<\/table>\n<h2>Kl\u00ed\u010dov\u00e9 specifikace<\/h2>\n<table style=\"border-collapse: collapse; margin-left: auto; margin-right: auto; width: 80%;\" border=\"0\" width=\"80%\" cellspacing=\"0\" cellpadding=\"0\">\n<tbody>\n<tr style=\"height: 13.50pt;\">\n<td style=\"height: 13.50pt; width: 87.00pt;\" width=\"116\" height=\"18\"><strong>\u010c\u00edslo modelu<\/strong><\/td>\n<td style=\"width: 76.50pt;\" width=\"102\"><strong>R\u00e1\u017ee<\/strong><\/td>\n<td style=\"width: 90.00pt;\" width=\"120\"><strong>Kapacita<\/strong><\/td>\n<td style=\"width: 157.50pt;\" width=\"210\"><strong>Rozm\u011bry (\u0161 x h x v)<\/strong><\/td>\n<td style=\"width: 108.75pt;\" width=\"145\"><strong>Typ krku<\/strong><\/td>\n<\/tr>\n<tr style=\"height: 13.50pt;\">\n<td style=\"height: 13.50pt;\" height=\"18\"><strong>PB-YX2301<\/strong><\/td>\n<td>15mm<\/td>\n<td>30ml<\/td>\n<td>44 x 47 x 62 mm<\/td>\n<td>Krimpovac\u00ed krk<\/td>\n<\/tr>\n<tr style=\"height: 13.50pt;\">\n<td style=\"height: 13.50pt;\" height=\"18\"><strong>PB-YX2302<\/strong><\/td>\n<td>15mm<\/td>\n<td>50ml<\/td>\n<td>57 x 28 x 75 mm<\/td>\n<td>Krimpovac\u00ed krk<\/td>\n<\/tr>\n<tr style=\"height: 13.50pt;\">\n<td style=\"height: 13.50pt;\" height=\"18\"><strong>PB-YX2303<\/strong><\/td>\n<td>15mm<\/td>\n<td>100ml<\/td>\n<td>67 x 35 x 95 mm<\/td>\n<td>Krimpovac\u00ed krk<\/td>\n<\/tr>\n<\/tbody>\n<\/table>\n<h2>Pokyny k balen\u00ed v\u00fdrobk\u016f<\/h2>\n<p>Mal\u00e1, ale \u00fasp\u011b\u0161n\u00e1 evropsk\u00e1 zna\u010dka parf\u00e9m\u016f si p\u0159\u00e1la p\u0159ebalit svou nov\u011b uvedenou specifickou nikovou \u0159adu parf\u00e9m\u016f. Pot\u0159ebovala n\u011bco jedine\u010dn\u00e9ho, co by se na konkuren\u010dn\u00edm trhu rozhodn\u011b odli\u0161ilo. Pot\u00e9, co objevili na\u0161e speci\u00e1ln\u00ed n\u00e1dobky na v\u016fn\u011b, vybrali si verzi PB-YX2302 pro 30ml n\u00e1dobky na v\u016fn\u011b. Vyu\u017eili etiketu ze zlat\u00e9 f\u00f3lie a personalizovali dekor na hrdle n\u00e1dobky. Jejich prodej se za 3 m\u011bs\u00edce zv\u00fd\u0161il o 32%. Z\u00e1kazn\u00edci si tento modern\u00ed a z\u00e1rove\u0148 klasick\u00fd design obal\u016f pochvaluj\u00ed.<\/p>\n<h3>Tipy pro p\u0159izp\u016fsoben\u00ed<\/h3>\n<ul>\n<li>Barva: Pro zvl\u00e1\u0161tn\u00ed vzhled se pokuste o t\u00f3novan\u00e9 sklen\u011bn\u00e9 lahve, nap\u0159\u00edklad hn\u011bdo\u017elut\u00e9, modr\u00e9 nebo r\u016f\u017eov\u011b zlat\u00e9.<\/li>\n<li>Design: Vytiskn\u011bte design nebo vzor loga p\u0159\u00edmo na sklo pomoc\u00ed tisku na displej nebo lept\u00e1n\u00ed.<\/li>\n<li>Balen\u00ed: Sklen\u011bn\u00e1 n\u00e1dobka na v\u016fni je dopln\u011bna vhodnou d\u00e1rkovou krabi\u010dkou, kter\u00e1 zajist\u00ed \u0161pi\u010dkov\u00fd z\u00e1\u017eitek p\u0159i rozbalov\u00e1n\u00ed.<\/li>\n<\/ul>","protected":false},"excerpt":{"rendered":"<p>D\u016fmysln\u00e9 sklen\u011bn\u00e9 lahvi\u010dky na parf\u00e9my s fazetov\u00fdm uspo\u0159\u00e1d\u00e1n\u00edm. Ide\u00e1ln\u00ed pro neobvykl\u00e9 lahvi\u010dky na parf\u00e9my a vlastn\u00ed balen\u00ed v\u016fn\u00ed. Vzorky zdarma a rychl\u00e9 dod\u00e1n\u00ed.<\/p>","protected":false},"featured_media":3263,"comment_status":"open","ping_status":"closed","template":"","meta":{"_acf_changed":false,"site-sidebar-layout":"default","site-content-layout":"","ast-site-content-layout":"default","site-content-style":"default","site-sidebar-style":"default","ast-global-header-display":"","ast-banner-title-visibility":"","ast-main-header-display":"","ast-hfb-above-header-display":"","ast-hfb-below-header-display":"","ast-hfb-mobile-header-display":"","site-post-title":"","ast-breadcrumbs-content":"","ast-featured-img":"","footer-sml-layout":"","ast-disable-related-posts":"","theme-transparent-header-meta":"default","adv-header-id-meta":"","stick-header-meta":"","header-above-stick-meta":"","header-main-stick-meta":"","header-below-stick-meta":"","astra-migrate-meta-layouts":"set","ast-page-background-enabled":"default","ast-page-background-meta":{"desktop":{"background-color":"var(--ast-global-color-5)","background-image":"","background-repeat":"repeat","background-position":"center center","background-size":"auto","background-attachment":"scroll","background-type":"","background-media":"","overlay-type":"","overlay-color":"","overlay-opacity":"","overlay-gradient":""},"tablet":{"background-color":"","background-image":"","background-repeat":"repeat","background-position":"center center","background-size":"auto","background-attachment":"scroll","background-type":"","background-media":"","overlay-type":"","overlay-color":"","overlay-opacity":"","overlay-gradient":""},"mobile":{"background-color":"","background-image":"","background-repeat":"repeat","background-position":"center center","background-size":"auto","background-attachment":"scroll","background-type":"","background-media":"","overlay-type":"","overlay-color":"","overlay-opacity":"","overlay-gradient":""}},"ast-content-background-meta":{"desktop":{"background-color":"var(--ast-global-color-4)","background-image":"","background-repeat":"repeat","background-position":"center center","background-size":"auto","background-attachment":"scroll","background-type":"","background-media":"","overlay-type":"","overlay-color":"","overlay-opacity":"","overlay-gradient":""},"tablet":{"background-color":"var(--ast-global-color-4)","background-image":"","background-repeat":"repeat","background-position":"center center","background-size":"auto","background-attachment":"scroll","background-type":"","background-media":"","overlay-type":"","overlay-color":"","overlay-opacity":"","overlay-gradient":""},"mobile":{"background-color":"var(--ast-global-color-4)","background-image":"","background-repeat":"repeat","background-position":"center center","background-size":"auto","background-attachment":"scroll","background-type":"","background-media":"","overlay-type":"","overlay-color":"","overlay-opacity":"","overlay-gradient":""}}},"product_brand":[],"product_cat":[72,91,41],"product_tag":[],"class_list":{"0":"post-3257","1":"product","2":"type-product","3":"status-publish","4":"has-post-thumbnail","6":"product_cat-cosmetic-packaging","7":"product_cat-custom-perfume-bottles","8":"product_cat-perfume-bottles","9":"desktop-align-left","10":"tablet-align-left","11":"mobile-align-left","13":"first","14":"instock","15":"shipping-taxable","16":"product-type-simple"},"acf":[],"jetpack_sharing_enabled":true,"_links":{"self":[{"href":"https:\/\/theperfumebottles.com\/cs\/wp-json\/wp\/v2\/product\/3257","targetHints":{"allow":["GET"]}}],"collection":[{"href":"https:\/\/theperfumebottles.com\/cs\/wp-json\/wp\/v2\/product"}],"about":[{"href":"https:\/\/theperfumebottles.com\/cs\/wp-json\/wp\/v2\/types\/product"}],"replies":[{"embeddable":true,"href":"https:\/\/theperfumebottles.com\/cs\/wp-json\/wp\/v2\/comments?post=3257"}],"wp:featuredmedia":[{"embeddable":true,"href":"https:\/\/theperfumebottles.com\/cs\/wp-json\/wp\/v2\/media\/3263"}],"wp:attachment":[{"href":"https:\/\/theperfumebottles.com\/cs\/wp-json\/wp\/v2\/media?parent=3257"}],"wp:term":[{"taxonomy":"product_brand","embeddable":true,"href":"https:\/\/theperfumebottles.com\/cs\/wp-json\/wp\/v2\/product_brand?post=3257"},{"taxonomy":"product_cat","embeddable":true,"href":"https:\/\/theperfumebottles.com\/cs\/wp-json\/wp\/v2\/product_cat?post=3257"},{"taxonomy":"product_tag","embeddable":true,"href":"https:\/\/theperfumebottles.com\/cs\/wp-json\/wp\/v2\/product_tag?post=3257"}],"curies":[{"name":"wp","href":"https:\/\/api.w.org\/{rel}","templated":true}]}}