{"id":3264,"date":"2025-05-06T06:06:27","date_gmt":"2025-05-06T06:06:27","guid":{"rendered":"https:\/\/theperfumebottles.com\/?post_type=product&#038;p=3264"},"modified":"2025-05-23T13:10:13","modified_gmt":"2025-05-23T05:10:13","slug":"diamond-perfume-bottle-crystal-perfume-atomisers-for-custom-fragrance-brands","status":"publish","type":"product","link":"https:\/\/theperfumebottles.com\/cs\/produkt\/diamond-perfume-bottle-crystal-perfume-atomisers-for-custom-fragrance-brands\/","title":{"rendered":"Diamantov\u00e1 lahvi\u010dka na parf\u00e9my \u2013 K\u0159i\u0161\u0165\u00e1lov\u00e9 rozpra\u0161ova\u010de parf\u00e9m\u016f pro zak\u00e1zkov\u00e9 zna\u010dky v\u016fn\u00ed"},"content":{"rendered":"<p>Na\u0161e \u0159ada PB-YX24 diamantov\u00fdch lahvi\u010dek na parf\u00e9my je ur\u010dena pro majitele zna\u010dek parf\u00e9m\u016f a velkoobchodn\u00edky, kte\u0159\u00ed cht\u011bj\u00ed zaujmout.<\/p>\n<table style=\"border-collapse: collapse; margin-left: auto; margin-right: auto; width: 162.03pt;\" border=\"0\" width=\"216\" cellspacing=\"0\" cellpadding=\"0\">\n<tbody>\n<tr style=\"height: 13.50pt;\">\n<td style=\"height: 13.50pt; width: 54.00pt;\" width=\"72\" height=\"18\">\n<p><figure id=\"attachment_3268\" aria-describedby=\"caption-attachment-3268\" style=\"width: 300px\" class=\"wp-caption aligncenter\"><img fetchpriority=\"high\" decoding=\"async\" class=\"wp-image-3268 size-medium\" src=\"https:\/\/theperfumebottles.com\/wp-content\/uploads\/2025\/05\/perfume-diamond-bottle-yx2401-300x300.webp\" alt=\"diamantov\u00e1 lahvi\u010dka na parf\u00e9m\" width=\"300\" height=\"300\" srcset=\"https:\/\/theperfumebottles.com\/wp-content\/uploads\/2025\/05\/perfume-diamond-bottle-yx2401-300x300.webp 300w, https:\/\/theperfumebottles.com\/wp-content\/uploads\/2025\/05\/perfume-diamond-bottle-yx2401-150x150.webp 150w, https:\/\/theperfumebottles.com\/wp-content\/uploads\/2025\/05\/perfume-diamond-bottle-yx2401-768x768.webp 768w, https:\/\/theperfumebottles.com\/wp-content\/uploads\/2025\/05\/perfume-diamond-bottle-yx2401-12x12.webp 12w, https:\/\/theperfumebottles.com\/wp-content\/uploads\/2025\/05\/perfume-diamond-bottle-yx2401-600x600.webp 600w, https:\/\/theperfumebottles.com\/wp-content\/uploads\/2025\/05\/perfume-diamond-bottle-yx2401-100x100.webp 100w, https:\/\/theperfumebottles.com\/wp-content\/uploads\/2025\/05\/perfume-diamond-bottle-yx2401.webp 1000w\" sizes=\"(max-width: 300px) 100vw, 300px\" \/><figcaption id=\"caption-attachment-3268\" class=\"wp-caption-text\">30ml PB-YX2401<\/figcaption><\/figure><\/td>\n<td style=\"width: 54.00pt;\" width=\"72\">\n<p><figure id=\"attachment_3269\" aria-describedby=\"caption-attachment-3269\" style=\"width: 300px\" class=\"wp-caption aligncenter\"><img decoding=\"async\" class=\"wp-image-3269 size-medium\" src=\"https:\/\/theperfumebottles.com\/wp-content\/uploads\/2025\/05\/perfume-diamond-bottle-yx2402-300x300.webp\" alt=\"diamantov\u00e1 lahvi\u010dka na parf\u00e9m\" width=\"300\" height=\"300\" srcset=\"https:\/\/theperfumebottles.com\/wp-content\/uploads\/2025\/05\/perfume-diamond-bottle-yx2402-300x300.webp 300w, https:\/\/theperfumebottles.com\/wp-content\/uploads\/2025\/05\/perfume-diamond-bottle-yx2402-150x150.webp 150w, https:\/\/theperfumebottles.com\/wp-content\/uploads\/2025\/05\/perfume-diamond-bottle-yx2402-768x768.webp 768w, https:\/\/theperfumebottles.com\/wp-content\/uploads\/2025\/05\/perfume-diamond-bottle-yx2402-12x12.webp 12w, https:\/\/theperfumebottles.com\/wp-content\/uploads\/2025\/05\/perfume-diamond-bottle-yx2402-600x600.webp 600w, https:\/\/theperfumebottles.com\/wp-content\/uploads\/2025\/05\/perfume-diamond-bottle-yx2402-100x100.webp 100w, https:\/\/theperfumebottles.com\/wp-content\/uploads\/2025\/05\/perfume-diamond-bottle-yx2402.webp 1000w\" sizes=\"(max-width: 300px) 100vw, 300px\" \/><figcaption id=\"caption-attachment-3269\" class=\"wp-caption-text\">50 ml PB-YX2402<\/figcaption><\/figure><\/td>\n<td style=\"width: 54.00pt;\" width=\"72\">\n<p><figure id=\"attachment_3271\" aria-describedby=\"caption-attachment-3271\" style=\"width: 300px\" class=\"wp-caption aligncenter\"><img decoding=\"async\" class=\"wp-image-3271 size-medium\" src=\"https:\/\/theperfumebottles.com\/wp-content\/uploads\/2025\/05\/crystal-perfume-atomiser-yx2403-300x300.webp\" alt=\"k\u0159i\u0161\u0165\u00e1lov\u00fd rozpra\u0161ova\u010d parf\u00e9mu\" width=\"300\" height=\"300\" srcset=\"https:\/\/theperfumebottles.com\/wp-content\/uploads\/2025\/05\/crystal-perfume-atomiser-yx2403-300x300.webp 300w, https:\/\/theperfumebottles.com\/wp-content\/uploads\/2025\/05\/crystal-perfume-atomiser-yx2403-150x150.webp 150w, https:\/\/theperfumebottles.com\/wp-content\/uploads\/2025\/05\/crystal-perfume-atomiser-yx2403-768x768.webp 768w, https:\/\/theperfumebottles.com\/wp-content\/uploads\/2025\/05\/crystal-perfume-atomiser-yx2403-12x12.webp 12w, https:\/\/theperfumebottles.com\/wp-content\/uploads\/2025\/05\/crystal-perfume-atomiser-yx2403-600x600.webp 600w, https:\/\/theperfumebottles.com\/wp-content\/uploads\/2025\/05\/crystal-perfume-atomiser-yx2403-100x100.webp 100w, https:\/\/theperfumebottles.com\/wp-content\/uploads\/2025\/05\/crystal-perfume-atomiser-yx2403.webp 1000w\" sizes=\"(max-width: 300px) 100vw, 300px\" \/><figcaption id=\"caption-attachment-3271\" class=\"wp-caption-text\">100 ml PB-YX2403<\/figcaption><\/figure><\/td>\n<\/tr>\n<\/tbody>\n<\/table>\n<h2>Kl\u00ed\u010dov\u00e9 specifikace<\/h2>\n<table style=\"border-collapse: collapse; margin-left: auto; margin-right: auto; width: 80%;\" border=\"0\" width=\"80%\" cellspacing=\"0\" cellpadding=\"0\">\n<tbody>\n<tr style=\"height: 13.50pt;\">\n<td style=\"height: 13.50pt; width: 82.50pt;\" width=\"110\" height=\"18\"><strong>Model<\/strong><\/td>\n<td style=\"width: 71.25pt;\" width=\"95\"><strong>R\u00e1\u017ee<\/strong><\/td>\n<td style=\"width: 68.25pt;\" width=\"91\"><strong>Kapacita<\/strong><\/td>\n<td style=\"width: 149.25pt;\" width=\"199\"><strong>Rozm\u011bry (\u0161 x h x v)<\/strong><\/td>\n<td style=\"width: 87.00pt;\" width=\"116\"><strong>Typ krku<\/strong><\/td>\n<\/tr>\n<tr style=\"height: 13.50pt;\">\n<td style=\"height: 13.50pt;\" height=\"18\"><strong>PB-YX2401<\/strong><\/td>\n<td>15mm<\/td>\n<td>30ml<\/td>\n<td>44 x 34 x 77 mm<\/td>\n<td>Krimpovac\u00ed krk<\/td>\n<\/tr>\n<tr style=\"height: 13.50pt;\">\n<td style=\"height: 13.50pt;\" height=\"18\"><strong>PB-YX2402<\/strong><\/td>\n<td>15mm<\/td>\n<td>50ml<\/td>\n<td>50 x 39 x 87 mm<\/td>\n<td>Krimpovac\u00ed krk<\/td>\n<\/tr>\n<tr style=\"height: 13.50pt;\">\n<td style=\"height: 13.50pt;\" height=\"18\"><strong>PB-YX2403<\/strong><\/td>\n<td>15mm<\/td>\n<td>100ml<\/td>\n<td>60 x 47 x 110 mm<\/td>\n<td>Krimpovac\u00ed krk<\/td>\n<\/tr>\n<\/tbody>\n<\/table>\n<h2>N\u00e1vrh balen\u00ed<\/h2>\n<p>Par\u00ed\u017esk\u00e1 luxusn\u00ed parf\u00e9mov\u00e1 zna\u010dka cht\u011bla naj\u00edt \u0159e\u0161en\u00ed pro luxusn\u00ed balen\u00ed. V\u00fdbrali n\u00e1\u0161 model PB-YX2403, vyroben\u00fd ze skla, s z\u00e1kaznick\u00fdm zlat\u00fdm v\u00ed\u010dkem a tiskov\u00fdm logem. V\u00fdrobce parf\u00e9mu zv\u00fd\u0161il prodeje o 25% za dva m\u011bs\u00edce a zv\u00fd\u0161il si m\u00edru op\u011btovn\u00e9ho n\u00e1kupu z\u00e1kazn\u00edk\u016f na 10%.<\/p>\n<p>Nab\u00edz\u00edme t\u0159i rozm\u011bry 30ml, 50ml a 100ml, aby vyhovovaly r\u016fzn\u00fdm obchodn\u00edm pot\u0159eb\u00e1m. Podporujeme velkoobchodn\u00ed objedn\u00e1vky a m\u016f\u017eeme flexibiln\u011b p\u0159izp\u016fsobit \u0159e\u0161en\u00ed balen\u00ed, abychom v\u00e1m pomohli efektivn\u011b a na velk\u00e9 \u0161k\u00e1le fungovat.<\/p>\n<p>&nbsp;<\/p>\n<h2>Tipy pro p\u0159izp\u016fsoben\u00ed<\/h2>\n<p>Vyberte si obl\u00edbenou barvu skla (\u010dir\u00e9, jantarov\u00e9, r\u016f\u017eov\u00e9, modr\u00e9 atd.)<\/p>\n<p>P\u0159izp\u016fsoben\u00ed tvaru a povrchov\u00e9 \u00fapravy uz\u00e1v\u011bru<\/p>\n<p>P\u0159idejte laserov\u00e9 grav\u00edrov\u00e1n\u00ed nebo potisk loga<\/p>\n<p>&nbsp;<\/p>","protected":false},"excerpt":{"rendered":"<p>Na\u0161e \u0159ada PB-YX24 diamantov\u00fdch lahvi\u010dek na parf\u00e9my je ur\u010dena pro majitele zna\u010dek parf\u00e9m\u016f a velkoobchodn\u00edky, kte\u0159\u00ed cht\u011bj\u00ed zaujmout.<\/p>","protected":false},"featured_media":3269,"comment_status":"open","ping_status":"closed","template":"","meta":{"_acf_changed":false,"site-sidebar-layout":"default","site-content-layout":"","ast-site-content-layout":"default","site-content-style":"default","site-sidebar-style":"default","ast-global-header-display":"","ast-banner-title-visibility":"","ast-main-header-display":"","ast-hfb-above-header-display":"","ast-hfb-below-header-display":"","ast-hfb-mobile-header-display":"","site-post-title":"","ast-breadcrumbs-content":"","ast-featured-img":"","footer-sml-layout":"","ast-disable-related-posts":"","theme-transparent-header-meta":"default","adv-header-id-meta":"","stick-header-meta":"","header-above-stick-meta":"","header-main-stick-meta":"","header-below-stick-meta":"","astra-migrate-meta-layouts":"set","ast-page-background-enabled":"default","ast-page-background-meta":{"desktop":{"background-color":"var(--ast-global-color-5)","background-image":"","background-repeat":"repeat","background-position":"center center","background-size":"auto","background-attachment":"scroll","background-type":"","background-media":"","overlay-type":"","overlay-color":"","overlay-opacity":"","overlay-gradient":""},"tablet":{"background-color":"","background-image":"","background-repeat":"repeat","background-position":"center center","background-size":"auto","background-attachment":"scroll","background-type":"","background-media":"","overlay-type":"","overlay-color":"","overlay-opacity":"","overlay-gradient":""},"mobile":{"background-color":"","background-image":"","background-repeat":"repeat","background-position":"center center","background-size":"auto","background-attachment":"scroll","background-type":"","background-media":"","overlay-type":"","overlay-color":"","overlay-opacity":"","overlay-gradient":""}},"ast-content-background-meta":{"desktop":{"background-color":"var(--ast-global-color-4)","background-image":"","background-repeat":"repeat","background-position":"center center","background-size":"auto","background-attachment":"scroll","background-type":"","background-media":"","overlay-type":"","overlay-color":"","overlay-opacity":"","overlay-gradient":""},"tablet":{"background-color":"var(--ast-global-color-4)","background-image":"","background-repeat":"repeat","background-position":"center center","background-size":"auto","background-attachment":"scroll","background-type":"","background-media":"","overlay-type":"","overlay-color":"","overlay-opacity":"","overlay-gradient":""},"mobile":{"background-color":"var(--ast-global-color-4)","background-image":"","background-repeat":"repeat","background-position":"center center","background-size":"auto","background-attachment":"scroll","background-type":"","background-media":"","overlay-type":"","overlay-color":"","overlay-opacity":"","overlay-gradient":""}}},"product_brand":[],"product_cat":[72,91,41],"product_tag":[],"class_list":{"0":"post-3264","1":"product","2":"type-product","3":"status-publish","4":"has-post-thumbnail","6":"product_cat-cosmetic-packaging","7":"product_cat-custom-perfume-bottles","8":"product_cat-perfume-bottles","9":"desktop-align-left","10":"tablet-align-left","11":"mobile-align-left","13":"first","14":"instock","15":"shipping-taxable","16":"product-type-simple"},"acf":[],"jetpack_sharing_enabled":true,"_links":{"self":[{"href":"https:\/\/theperfumebottles.com\/cs\/wp-json\/wp\/v2\/product\/3264","targetHints":{"allow":["GET"]}}],"collection":[{"href":"https:\/\/theperfumebottles.com\/cs\/wp-json\/wp\/v2\/product"}],"about":[{"href":"https:\/\/theperfumebottles.com\/cs\/wp-json\/wp\/v2\/types\/product"}],"replies":[{"embeddable":true,"href":"https:\/\/theperfumebottles.com\/cs\/wp-json\/wp\/v2\/comments?post=3264"}],"wp:featuredmedia":[{"embeddable":true,"href":"https:\/\/theperfumebottles.com\/cs\/wp-json\/wp\/v2\/media\/3269"}],"wp:attachment":[{"href":"https:\/\/theperfumebottles.com\/cs\/wp-json\/wp\/v2\/media?parent=3264"}],"wp:term":[{"taxonomy":"product_brand","embeddable":true,"href":"https:\/\/theperfumebottles.com\/cs\/wp-json\/wp\/v2\/product_brand?post=3264"},{"taxonomy":"product_cat","embeddable":true,"href":"https:\/\/theperfumebottles.com\/cs\/wp-json\/wp\/v2\/product_cat?post=3264"},{"taxonomy":"product_tag","embeddable":true,"href":"https:\/\/theperfumebottles.com\/cs\/wp-json\/wp\/v2\/product_tag?post=3264"}],"curies":[{"name":"wp","href":"https:\/\/api.w.org\/{rel}","templated":true}]}}