{"id":3272,"date":"2025-05-07T08:01:39","date_gmt":"2025-05-07T08:01:39","guid":{"rendered":"https:\/\/theperfumebottles.com\/?post_type=product&#038;p=3272"},"modified":"2025-05-12T05:20:09","modified_gmt":"2025-05-12T05:20:09","slug":"tall-100ml-perfume-glass-bottle-custom-scent-containers","status":"publish","type":"product","link":"https:\/\/theperfumebottles.com\/cs\/produkt\/tall-100ml-perfume-glass-bottle-custom-scent-containers\/","title":{"rendered":"Vysok\u00e1 100ml sklen\u011bn\u00e1 lahvi\u010dka na parf\u00e9my | Zak\u00e1zkov\u00e9 n\u00e1doby na v\u016fn\u011b"},"content":{"rendered":"<p>N\u00e1\u0161 sklen\u011bn\u00fd flakon na parf\u00e9m PB-YZ01 o objemu 3,4 oz\/100 ml se zaoblen\u00fdm designem maximalizuje expozici na poli\u010dce a rozpra\u0161ovac\u00ed mechanismus zaji\u0161\u0165uje p\u0159esn\u00e9 rozpra\u0161ov\u00e1n\u00ed. A\u0165 u\u017e pot\u0159ebujete stylovou n\u00e1dobku na vonn\u00e9 oleje, nebo velkoobjemov\u00fd sklen\u011bn\u00fd flakon pro svou b\u011b\u017enou sb\u00edrku v\u016fn\u00ed, PB-YX2401 v\u00e1m vyhov\u00ed.<\/p>\n<h2>Kl\u00ed\u010dov\u00e9 specifikace<\/h2>\n<table style=\"border-collapse: collapse; margin-left: auto; margin-right: auto; width: 80%;\" border=\"0\" width=\"80%\" cellspacing=\"0\" cellpadding=\"0\">\n<tbody>\n<tr style=\"height: 13.50pt;\">\n<td style=\"height: 13.50pt; width: 126.00pt;\" width=\"168\" height=\"18\"><strong>Model<\/strong><\/td>\n<td style=\"width: 326.25pt;\" width=\"435\">PB-YZ01<\/td>\n<\/tr>\n<tr style=\"height: 13.50pt;\">\n<td style=\"height: 13.50pt;\" height=\"18\"><strong>Kapacita<\/strong><\/td>\n<td>100ml<\/td>\n<\/tr>\n<tr style=\"height: 13.50pt;\">\n<td style=\"height: 13.50pt;\" height=\"18\"><strong>Rozm\u011bry<\/strong><\/td>\n<td>55 x 114 mm<\/td>\n<\/tr>\n<tr style=\"height: 13.50pt;\">\n<td style=\"height: 13.50pt;\" height=\"18\"><strong>R\u00e1\u017ee<\/strong><\/td>\n<td>15 mm<\/td>\n<\/tr>\n<tr style=\"height: 13.50pt;\">\n<td style=\"height: 13.50pt;\" height=\"18\"><strong>Materi\u00e1l<\/strong><\/td>\n<td>K\u0159i\u0161\u0165\u00e1lov\u00e9 sklo, akrylov\u00fd uz\u00e1v\u011br<\/td>\n<\/tr>\n<tr style=\"height: 13.50pt;\">\n<td style=\"height: 13.50pt;\" height=\"18\"><strong>Typ t\u011bsn\u011bn\u00ed<\/strong><\/td>\n<td>Krimpovac\u00ed hrdlo se st\u0159\u00edkac\u00ed pumpi\u010dkou<\/td>\n<\/tr>\n<tr style=\"height: 13.50pt;\">\n<td style=\"height: 13.50pt;\" height=\"18\"><strong>Materi\u00e1ly<\/strong><\/td>\n<td>K\u0159i\u0161\u0165\u00e1lov\u00e9 sklo, akrylov\u00e9 v\u00edko, kovov\u00e1\/plastov\u00e1 pumpa<\/td>\n<\/tr>\n<\/tbody>\n<\/table>\n<h2>N\u00e1vrhy na balen\u00ed<\/h2>\n<p>Francouzsk\u00e1 zna\u010dka parf\u00e9m\u016f zv\u00fd\u0161ila prodej sv\u00e9 nov\u00e9 kolekce Jasmine o 27% p\u0159i pou\u017eit\u00ed na\u0161ich 100ml sklen\u011bn\u00fdch lahvi\u010dek na parf\u00e9my. Zrcadlov\u00fd zlat\u00fd uz\u00e1v\u011br dopl\u0148uje jej\u00ed \"cenov\u011b dostupn\u00fd luxus\" a dokazuje, \u017ee i kv\u011btinov\u00e1 voda m\u016f\u017ee p\u016fsobit luxusn\u011b.<\/p>\n<h3>Tipy pro p\u0159izp\u016fsoben\u00ed<\/h3>\n<p>Slad\u011bn\u00ed barev: Vyberte si jemn\u00fd odst\u00edn, nap\u0159\u00edklad matnou b\u00edlou, pro jednoduchou estetiku, nebo v\u00fdraznou jantarovou barvu pro specifickou v\u016fni.<\/p>\n<p>Dekorace \u010depice: P\u0159idejte matnou povrchovou \u00fapravu, kter\u00e1 kontrastuje s lesklou lahv\u00ed, nebo vlastn\u00ed reli\u00e9fn\u00ed logo.<\/p>\n<p>Volba hlavy \u010derpadla: Vyberte si kovov\u00e9 rozpra\u0161ova\u010de pro \u0161pi\u010dkov\u00e9 kol\u00ednsk\u00e9 vody nebo plastov\u00e9 hlavy pumpi\u010dek pro hromadn\u00e9 objedn\u00e1vky za p\u0159ijatelnou cenu.<\/p>","protected":false},"excerpt":{"rendered":"<p>Objevte pr\u00e9miov\u00e9 sklen\u011bn\u00e9 lahvi\u010dky na parf\u00e9my o objemu 100 ml, kter\u00e9 jsou ur\u010deny pro balen\u00ed luxusn\u00edch parf\u00e9m\u016f. K dispozici jsou mo\u017enosti p\u0159izp\u016fsoben\u00ed, t\u011bsnosti a hromadn\u00e9 objedn\u00e1vky.<\/p>","protected":false},"featured_media":3274,"comment_status":"open","ping_status":"closed","template":"","meta":{"_acf_changed":false,"site-sidebar-layout":"default","site-content-layout":"","ast-site-content-layout":"default","site-content-style":"default","site-sidebar-style":"default","ast-global-header-display":"","ast-banner-title-visibility":"","ast-main-header-display":"","ast-hfb-above-header-display":"","ast-hfb-below-header-display":"","ast-hfb-mobile-header-display":"","site-post-title":"","ast-breadcrumbs-content":"","ast-featured-img":"","footer-sml-layout":"","ast-disable-related-posts":"","theme-transparent-header-meta":"default","adv-header-id-meta":"","stick-header-meta":"","header-above-stick-meta":"","header-main-stick-meta":"","header-below-stick-meta":"","astra-migrate-meta-layouts":"set","ast-page-background-enabled":"default","ast-page-background-meta":{"desktop":{"background-color":"var(--ast-global-color-5)","background-image":"","background-repeat":"repeat","background-position":"center center","background-size":"auto","background-attachment":"scroll","background-type":"","background-media":"","overlay-type":"","overlay-color":"","overlay-opacity":"","overlay-gradient":""},"tablet":{"background-color":"","background-image":"","background-repeat":"repeat","background-position":"center center","background-size":"auto","background-attachment":"scroll","background-type":"","background-media":"","overlay-type":"","overlay-color":"","overlay-opacity":"","overlay-gradient":""},"mobile":{"background-color":"","background-image":"","background-repeat":"repeat","background-position":"center center","background-size":"auto","background-attachment":"scroll","background-type":"","background-media":"","overlay-type":"","overlay-color":"","overlay-opacity":"","overlay-gradient":""}},"ast-content-background-meta":{"desktop":{"background-color":"var(--ast-global-color-4)","background-image":"","background-repeat":"repeat","background-position":"center center","background-size":"auto","background-attachment":"scroll","background-type":"","background-media":"","overlay-type":"","overlay-color":"","overlay-opacity":"","overlay-gradient":""},"tablet":{"background-color":"var(--ast-global-color-4)","background-image":"","background-repeat":"repeat","background-position":"center center","background-size":"auto","background-attachment":"scroll","background-type":"","background-media":"","overlay-type":"","overlay-color":"","overlay-opacity":"","overlay-gradient":""},"mobile":{"background-color":"var(--ast-global-color-4)","background-image":"","background-repeat":"repeat","background-position":"center center","background-size":"auto","background-attachment":"scroll","background-type":"","background-media":"","overlay-type":"","overlay-color":"","overlay-opacity":"","overlay-gradient":""}}},"product_brand":[],"product_cat":[72,91,41],"product_tag":[],"class_list":{"0":"post-3272","1":"product","2":"type-product","3":"status-publish","4":"has-post-thumbnail","6":"product_cat-cosmetic-packaging","7":"product_cat-custom-perfume-bottles","8":"product_cat-perfume-bottles","9":"desktop-align-left","10":"tablet-align-left","11":"mobile-align-left","13":"first","14":"instock","15":"shipping-taxable","16":"product-type-simple"},"acf":[],"jetpack_sharing_enabled":true,"_links":{"self":[{"href":"https:\/\/theperfumebottles.com\/cs\/wp-json\/wp\/v2\/product\/3272","targetHints":{"allow":["GET"]}}],"collection":[{"href":"https:\/\/theperfumebottles.com\/cs\/wp-json\/wp\/v2\/product"}],"about":[{"href":"https:\/\/theperfumebottles.com\/cs\/wp-json\/wp\/v2\/types\/product"}],"replies":[{"embeddable":true,"href":"https:\/\/theperfumebottles.com\/cs\/wp-json\/wp\/v2\/comments?post=3272"}],"wp:featuredmedia":[{"embeddable":true,"href":"https:\/\/theperfumebottles.com\/cs\/wp-json\/wp\/v2\/media\/3274"}],"wp:attachment":[{"href":"https:\/\/theperfumebottles.com\/cs\/wp-json\/wp\/v2\/media?parent=3272"}],"wp:term":[{"taxonomy":"product_brand","embeddable":true,"href":"https:\/\/theperfumebottles.com\/cs\/wp-json\/wp\/v2\/product_brand?post=3272"},{"taxonomy":"product_cat","embeddable":true,"href":"https:\/\/theperfumebottles.com\/cs\/wp-json\/wp\/v2\/product_cat?post=3272"},{"taxonomy":"product_tag","embeddable":true,"href":"https:\/\/theperfumebottles.com\/cs\/wp-json\/wp\/v2\/product_tag?post=3272"}],"curies":[{"name":"wp","href":"https:\/\/api.w.org\/{rel}","templated":true}]}}