{"id":3300,"date":"2025-05-12T06:03:14","date_gmt":"2025-05-12T06:03:14","guid":{"rendered":"https:\/\/theperfumebottles.com\/?post_type=product&#038;p=3300"},"modified":"2025-05-23T11:48:09","modified_gmt":"2025-05-23T03:48:09","slug":"55ml-portable-perfume-bottles-with-diamond-cap","status":"publish","type":"product","link":"https:\/\/theperfumebottles.com\/cs\/produkt\/55ml-portable-perfume-bottles-with-diamond-cap\/","title":{"rendered":"55ml p\u0159enosn\u00e1 parf\u00e9mov\u00e1 lahvi\u010dka s diamantov\u00fdm uz\u00e1v\u011brem"},"content":{"rendered":"<p>Pr\u00e9miov\u00e9 poj\u00edzdn\u00e9 lahvi\u010dky o objemu 55 ml pro \u0161pi\u010dkov\u00e9 v\u016fn\u011b. Nastaviteln\u00e9 rozlo\u017een\u00ed sklen\u011bn\u00fdch lahvi\u010dek, hromadn\u00e9 objedn\u00e1vky a zjednodu\u0161en\u00e9 balen\u00ed - ide\u00e1ln\u00ed pro zna\u010dkov\u00e9 parf\u00e9my a velkoobchodn\u00edky. Na\u0161e p\u0159enosn\u00e1 lahvi\u010dka na parf\u00e9my PB-YZ05 je v\u00edc ne\u017e jen pouh\u00fd obal na produkt; je to za\u010d\u00e1tek konverzace.<\/p>\n<p>Modern\u00ed \u017eeny s sebou st\u00e1le \u010dast\u011bji nos\u00ed parf\u00e9m. Svou obl\u00edbenou v\u016fni mohou nosit st\u00e1le. A\u0165 u\u017e se jedn\u00e1 o sv\u011b\u017e\u00ed a elegantn\u00ed parf\u00e9m, nebo bohatou kol\u00ednskou, m\u016f\u017eeme lahvi\u010dku p\u0159izp\u016fsobit stylu va\u0161\u00ed zna\u010dky. P\u0159i hromadn\u00e9m objedn\u00e1v\u00e1n\u00ed m\u016f\u017eete u\u0161et\u0159it n\u00e1klady, ani\u017e byste museli slevit z kvality.<\/p>\n<figure id=\"attachment_3296\" aria-describedby=\"caption-attachment-3296\" style=\"width: 500px\" class=\"wp-caption aligncenter\"><img fetchpriority=\"high\" decoding=\"async\" class=\"wp-image-3296\" src=\"https:\/\/theperfumebottles.com\/wp-content\/uploads\/2025\/05\/portable-perfume-bottle-yz05pb.webp\" alt=\"p\u0159enosn\u00e1 lahvi\u010dka na parf\u00e9m\" width=\"500\" height=\"500\" srcset=\"https:\/\/theperfumebottles.com\/wp-content\/uploads\/2025\/05\/portable-perfume-bottle-yz05pb.webp 1000w, https:\/\/theperfumebottles.com\/wp-content\/uploads\/2025\/05\/portable-perfume-bottle-yz05pb-300x300.webp 300w, https:\/\/theperfumebottles.com\/wp-content\/uploads\/2025\/05\/portable-perfume-bottle-yz05pb-150x150.webp 150w, https:\/\/theperfumebottles.com\/wp-content\/uploads\/2025\/05\/portable-perfume-bottle-yz05pb-768x768.webp 768w, https:\/\/theperfumebottles.com\/wp-content\/uploads\/2025\/05\/portable-perfume-bottle-yz05pb-12x12.webp 12w, https:\/\/theperfumebottles.com\/wp-content\/uploads\/2025\/05\/portable-perfume-bottle-yz05pb-600x600.webp 600w, https:\/\/theperfumebottles.com\/wp-content\/uploads\/2025\/05\/portable-perfume-bottle-yz05pb-100x100.webp 100w\" sizes=\"(max-width: 500px) 100vw, 500px\" \/><figcaption id=\"caption-attachment-3296\" class=\"wp-caption-text\">55ml p\u0159enosn\u00e1 lahvi\u010dka na parf\u00e9m<\/figcaption><\/figure>\n<h2>Kl\u00ed\u010dov\u00e1 specifikace<\/h2>\n<p>&nbsp;<\/p>\n<table style=\"border-collapse: collapse; margin-left: auto; margin-right: auto; width: 80%;\" border=\"0\" width=\"80%\" cellspacing=\"0\" cellpadding=\"0\">\n<tbody>\n<tr style=\"height: 13.50pt;\">\n<td style=\"height: 13.50pt; width: 102.00pt;\" width=\"136\" height=\"18\"><strong>Model<\/strong><\/td>\n<td style=\"width: 219.00pt;\" width=\"292\">PB-YZ05<\/td>\n<\/tr>\n<tr style=\"height: 13.50pt;\">\n<td style=\"height: 13.50pt;\" height=\"18\"><strong>Kapacita<\/strong><\/td>\n<td>55 ml<\/td>\n<\/tr>\n<tr style=\"height: 13.50pt;\">\n<td style=\"height: 13.50pt;\" height=\"18\"><strong>Rozm\u011bry<\/strong><\/td>\n<td>40 mm (pr\u016fm\u011br) x 102 mm (v\u00fd\u0161ka)<\/td>\n<\/tr>\n<tr style=\"height: 13.50pt;\">\n<td style=\"height: 13.50pt;\" height=\"18\"><strong>R\u00e1\u017ee<\/strong><\/td>\n<td>15mm<\/td>\n<\/tr>\n<tr style=\"height: 13.50pt;\">\n<td style=\"height: 13.50pt;\" height=\"18\"><strong>Materi\u00e1l<\/strong><\/td>\n<td>K\u0159i\u0161\u0165\u00e1lov\u00e9 sklo, akrylov\u00fd uz\u00e1v\u011br, kovov\u00e9 akcenty<\/td>\n<\/tr>\n<tr style=\"height: 13.50pt;\">\n<td style=\"height: 13.50pt;\" height=\"18\"><strong>Typ t\u011bsn\u011bn\u00ed<\/strong><\/td>\n<td>Krimpovac\u00ed hrdlo + post\u0159ikova\u010d<\/td>\n<\/tr>\n<tr style=\"height: 13.50pt;\">\n<td style=\"height: 13.50pt;\" height=\"18\"><strong>Barva<\/strong><\/td>\n<td>p\u0159izp\u016fsobiteln\u00e9<\/td>\n<\/tr>\n<\/tbody>\n<\/table>\n<h2>Obal v\u00fdrobku Pouzdro:<\/h2>\n<p>Konkr\u00e9tn\u00ed zna\u010dka \u0161pi\u010dkov\u00fdch parf\u00e9m\u016f si p\u0159izp\u016fsobila n\u00e1\u0161 55ml p\u0159enosn\u00fd parf\u00e9mov\u00fd sprej s n\u00e1lepkami, zlatou pumpi\u010dkou a vzory na ramenou, co\u017e odpov\u00eddalo jej\u00edmu stylu \"z\u00e1\u0159iv\u00e9 sofistikovanosti\" a podpo\u0159ilo rozvoj prodeje 32% b\u011bhem cel\u00e9 pr\u00e1zdninov\u00e9 sez\u00f3ny.<\/p>\n<h3>Ukazatele p\u0159izp\u016fsoben\u00ed:<\/h3>\n<ul>\n<li>P\u0159idejte logo sv\u00e9 zna\u010dky na sklo a kryt, abyste zv\u00fd\u0161ili rozpoznatelnost zna\u010dky.<\/li>\n<li>Barva uz\u00e1v\u011bru by m\u011bla odpov\u00eddat v\u016fni (nap\u0159. r\u016f\u017eov\u00e1 pro v\u016fni r\u016f\u017ee).<\/li>\n<li>P\u0159i velkoobchodn\u00ed objedn\u00e1vce jej m\u016f\u017eete kombinovat s velurov\u00fdm s\u00e1\u010dkem a vytvo\u0159it tak estetick\u00fd obal na pr\u00e9miov\u00fd v\u00fdrobek.<\/li>\n<li>V kombinaci se zku\u0161ebn\u00ed sadou vonn\u00fdch olej\u016f vytvo\u0159\u00edte d\u00e1rkovou sadu. Neprod\u00e1vejte jen parf\u00e9m, nab\u00eddn\u011bte z\u00e1\u017eitek do kapsy!<\/li>\n<\/ul>","protected":false},"excerpt":{"rendered":"<p>Pr\u00e9miov\u00e9 55ml p\u0159enosn\u00e9 flakony na luxusn\u00ed parf\u00e9my. P\u0159izp\u016fsobiteln\u00e9 designy sklen\u011bn\u00fdch lahvi\u010dek, hromadn\u00e9 objedn\u00e1vky a elegantn\u00ed balen\u00ed - ide\u00e1ln\u00ed pro zna\u010dky parf\u00e9m\u016f a velkoobchodn\u00edky.<\/p>","protected":false},"featured_media":3295,"comment_status":"open","ping_status":"closed","template":"","meta":{"_acf_changed":false,"site-sidebar-layout":"default","site-content-layout":"","ast-site-content-layout":"default","site-content-style":"default","site-sidebar-style":"default","ast-global-header-display":"","ast-banner-title-visibility":"","ast-main-header-display":"","ast-hfb-above-header-display":"","ast-hfb-below-header-display":"","ast-hfb-mobile-header-display":"","site-post-title":"","ast-breadcrumbs-content":"","ast-featured-img":"","footer-sml-layout":"","ast-disable-related-posts":"","theme-transparent-header-meta":"default","adv-header-id-meta":"","stick-header-meta":"","header-above-stick-meta":"","header-main-stick-meta":"","header-below-stick-meta":"","astra-migrate-meta-layouts":"set","ast-page-background-enabled":"default","ast-page-background-meta":{"desktop":{"background-color":"var(--ast-global-color-5)","background-image":"","background-repeat":"repeat","background-position":"center center","background-size":"auto","background-attachment":"scroll","background-type":"","background-media":"","overlay-type":"","overlay-color":"","overlay-opacity":"","overlay-gradient":""},"tablet":{"background-color":"","background-image":"","background-repeat":"repeat","background-position":"center center","background-size":"auto","background-attachment":"scroll","background-type":"","background-media":"","overlay-type":"","overlay-color":"","overlay-opacity":"","overlay-gradient":""},"mobile":{"background-color":"","background-image":"","background-repeat":"repeat","background-position":"center center","background-size":"auto","background-attachment":"scroll","background-type":"","background-media":"","overlay-type":"","overlay-color":"","overlay-opacity":"","overlay-gradient":""}},"ast-content-background-meta":{"desktop":{"background-color":"var(--ast-global-color-4)","background-image":"","background-repeat":"repeat","background-position":"center center","background-size":"auto","background-attachment":"scroll","background-type":"","background-media":"","overlay-type":"","overlay-color":"","overlay-opacity":"","overlay-gradient":""},"tablet":{"background-color":"var(--ast-global-color-4)","background-image":"","background-repeat":"repeat","background-position":"center center","background-size":"auto","background-attachment":"scroll","background-type":"","background-media":"","overlay-type":"","overlay-color":"","overlay-opacity":"","overlay-gradient":""},"mobile":{"background-color":"var(--ast-global-color-4)","background-image":"","background-repeat":"repeat","background-position":"center center","background-size":"auto","background-attachment":"scroll","background-type":"","background-media":"","overlay-type":"","overlay-color":"","overlay-opacity":"","overlay-gradient":""}}},"product_brand":[],"product_cat":[72,91,41],"product_tag":[],"class_list":{"0":"post-3300","1":"product","2":"type-product","3":"status-publish","4":"has-post-thumbnail","6":"product_cat-cosmetic-packaging","7":"product_cat-custom-perfume-bottles","8":"product_cat-perfume-bottles","9":"desktop-align-left","10":"tablet-align-left","11":"mobile-align-left","13":"first","14":"instock","15":"shipping-taxable","16":"product-type-simple"},"acf":[],"jetpack_sharing_enabled":true,"_links":{"self":[{"href":"https:\/\/theperfumebottles.com\/cs\/wp-json\/wp\/v2\/product\/3300","targetHints":{"allow":["GET"]}}],"collection":[{"href":"https:\/\/theperfumebottles.com\/cs\/wp-json\/wp\/v2\/product"}],"about":[{"href":"https:\/\/theperfumebottles.com\/cs\/wp-json\/wp\/v2\/types\/product"}],"replies":[{"embeddable":true,"href":"https:\/\/theperfumebottles.com\/cs\/wp-json\/wp\/v2\/comments?post=3300"}],"wp:featuredmedia":[{"embeddable":true,"href":"https:\/\/theperfumebottles.com\/cs\/wp-json\/wp\/v2\/media\/3295"}],"wp:attachment":[{"href":"https:\/\/theperfumebottles.com\/cs\/wp-json\/wp\/v2\/media?parent=3300"}],"wp:term":[{"taxonomy":"product_brand","embeddable":true,"href":"https:\/\/theperfumebottles.com\/cs\/wp-json\/wp\/v2\/product_brand?post=3300"},{"taxonomy":"product_cat","embeddable":true,"href":"https:\/\/theperfumebottles.com\/cs\/wp-json\/wp\/v2\/product_cat?post=3300"},{"taxonomy":"product_tag","embeddable":true,"href":"https:\/\/theperfumebottles.com\/cs\/wp-json\/wp\/v2\/product_tag?post=3300"}],"curies":[{"name":"wp","href":"https:\/\/api.w.org\/{rel}","templated":true}]}}