{"id":3325,"date":"2025-05-14T03:26:10","date_gmt":"2025-05-14T03:26:10","guid":{"rendered":"https:\/\/theperfumebottles.com\/?post_type=product&#038;p=3325"},"modified":"2025-05-23T10:54:00","modified_gmt":"2025-05-23T02:54:00","slug":"premium-perfume-bottles-recyclable-modern-fragrance-bottle-set","status":"publish","type":"product","link":"https:\/\/theperfumebottles.com\/cs\/produkt\/premium-perfume-bottles-recyclable-modern-fragrance-bottle-set\/","title":{"rendered":"Sada recyklovateln\u00fdch parf\u00e9mov\u00fdch lahv\u00ed 50ml 100ml pro zna\u010dky v\u016fn\u00ed"},"content":{"rendered":"<p>Na\u0161e sada lahvi\u010dek na parf\u00e9my PB-YZ06 je dokonalou kombinac\u00ed udr\u017eitelnosti, stylu a prakti\u010dnosti. Na\u0161e sada lahvi\u010dek na parf\u00e9my PB-YZ06 je kombinac\u00ed udr\u017eitelnosti, m\u00f3dy a prakti\u010dnosti. Hod\u00ed se pro st\u00e1\u010den\u00ed parf\u00e9m\u016f, kol\u00ednsk\u00fdch vod, kv\u011btinov\u00fdch vod nebo produkt\u016f s esenci\u00e1ln\u00edmi oleji atd. Na\u0161e kompletn\u00ed mo\u017enosti vlastn\u00edho nastaven\u00ed nav\u00edc mohou pln\u011b vyj\u00e1d\u0159it va\u0161i kreativitu.<\/p>\n<figure id=\"attachment_3330\" aria-describedby=\"caption-attachment-3330\" style=\"width: 500px\" class=\"wp-caption aligncenter\"><img fetchpriority=\"high\" decoding=\"async\" class=\"wp-image-3330\" src=\"https:\/\/theperfumebottles.com\/wp-content\/uploads\/2025\/05\/perfume-bottles-recyclable-pbyz06.webp\" alt=\"Pr\u00e9miov\u00e9 lahvi\u010dky na parf\u00e9my, kter\u00e9 lze recyklovat | Modern\u00ed sada lahvi\u010dek na parf\u00e9my\" width=\"500\" height=\"500\" srcset=\"https:\/\/theperfumebottles.com\/wp-content\/uploads\/2025\/05\/perfume-bottles-recyclable-pbyz06.webp 1000w, https:\/\/theperfumebottles.com\/wp-content\/uploads\/2025\/05\/perfume-bottles-recyclable-pbyz06-300x300.webp 300w, https:\/\/theperfumebottles.com\/wp-content\/uploads\/2025\/05\/perfume-bottles-recyclable-pbyz06-150x150.webp 150w, https:\/\/theperfumebottles.com\/wp-content\/uploads\/2025\/05\/perfume-bottles-recyclable-pbyz06-768x768.webp 768w, https:\/\/theperfumebottles.com\/wp-content\/uploads\/2025\/05\/perfume-bottles-recyclable-pbyz06-12x12.webp 12w, https:\/\/theperfumebottles.com\/wp-content\/uploads\/2025\/05\/perfume-bottles-recyclable-pbyz06-600x600.webp 600w, https:\/\/theperfumebottles.com\/wp-content\/uploads\/2025\/05\/perfume-bottles-recyclable-pbyz06-100x100.webp 100w\" sizes=\"(max-width: 500px) 100vw, 500px\" \/><figcaption id=\"caption-attachment-3330\" class=\"wp-caption-text\">Sada lahvi\u010dek na parf\u00e9my Premium<\/figcaption><\/figure>\n<h2>Kl\u00ed\u010dov\u00e9 specifikace<\/h2>\n<table border=\"0\" width=\"80%\" cellspacing=\"0\" cellpadding=\"0\">\n<tbody>\n<tr>\n<td width=\"96\" height=\"18\">Model<\/td>\n<td width=\"93\">Kapacita<\/td>\n<td width=\"104\">Velikost skla<\/td>\n<td width=\"128\">Materi\u00e1l<\/td>\n<td width=\"211\">Typ t\u011bsn\u011bn\u00ed<\/td>\n<td width=\"225\">Mo\u017enosti barev<\/td>\n<\/tr>\n<tr>\n<td height=\"18\">PB-YZ0601<\/td>\n<td>50ml<\/td>\n<td>47 * 81 mm<\/td>\n<td>K\u0159i\u0161\u0165\u00e1lov\u00e9 sklo<\/td>\n<td>15mm krimpovac\u00ed hrdlo + rozpra\u0161ova\u010d<\/td>\n<td>Transparentn\u00ed + st\u0159\u00edbrn\u00e1\/r\u016f\u017eov\u00e1<\/td>\n<\/tr>\n<tr>\n<td height=\"18\">PB-YZ0602<\/td>\n<td>100ml<\/td>\n<td>59 * 103 mm<\/td>\n<td>K\u0159i\u0161\u0165\u00e1lov\u00e9 sklo<\/td>\n<td>15mm krimpovac\u00ed hrdlo + rozpra\u0161ova\u010d<\/td>\n<td>Transparentn\u00ed + st\u0159\u00edbrn\u00e1\/\u010dern\u00e1<\/td>\n<\/tr>\n<\/tbody>\n<\/table>\n<h2>N\u00e1vrhy na balen\u00ed<\/h2>\n<p>Nez\u00e1visl\u00e1 zna\u010dka Bloom &amp; Mist uvedla na trh kolekci unisex v\u016fn\u00ed s na\u0161\u00edm flakonem parf\u00e9mu PB-YZ0601 (50 ml). Uz\u00e1v\u011bry upravili r\u016f\u017eov\u011b zlatou povrchovou \u00fapravou a p\u0159idali minimalistickou etiketu, co\u017e p\u0159isp\u011blo k n\u00e1r\u016fstu prodeje o 27% v prvn\u00edm \u010dtvrtlet\u00ed.<\/p>\n<h2>Tipy pro p\u0159izp\u016fsoben\u00ed:<\/h2>\n<p>Shodujte se s barvami sv\u00e9 zna\u010dky: P\u0159i hromadn\u00e9m objedn\u00e1v\u00e1n\u00ed by barvy \u010depic m\u011bly odpov\u00eddat identit\u011b va\u0161\u00ed zna\u010dky.<\/p>\n<p>\u010cepice: Tyto lahvi\u010dky na parf\u00e9my lze sp\u00e1rovat s kovov\u00fdmi uz\u00e1v\u011bry sprej\u016f, aby vypadaly luxusn\u011b.<\/p>\n<p>Povrchov\u00e1 \u00faprava: Pro minimalistick\u00fd vzhled zvolte matnou povrchovou \u00fapravu.<\/p>\n<h2>Pro\u010d si vybrat na\u0161e lahvi\u010dky na parf\u00e9my?<\/h2>\n<p>A\u0165 u\u017e pot\u0159ebujete pr\u00e1zdn\u00e9 lahvi\u010dky na parf\u00e9my pro malou s\u00e9rii nebo vlastn\u00ed kosmetick\u00e9 obaly ve velk\u00e9m, na\u0161e univerz\u00e1ln\u00ed sady lahvi\u010dek na parf\u00e9my v\u00e1m zajist\u00ed rychl\u00e9 vy\u0159\u00edzen\u00ed, trvanlivost a dal\u0161\u00ed.<\/p>\n<p>Pot\u0159ebujete pomoc? Porad\u00edme v\u00e1m od n\u00e1vrhu a\u017e po dod\u00e1n\u00ed! Objednejte si sadu vratn\u00fdch lahvi\u010dek na parf\u00e9my je\u0161t\u011b dnes - z\u00edskejte velkoobchodn\u00ed slevy na hromadn\u00e9 komer\u010dn\u00ed objedn\u00e1vky!<\/p>","protected":false},"excerpt":{"rendered":"<p>Vylep\u0161ete svou zna\u010dku parf\u00e9m\u016f pomoc\u00ed na\u0161\u00ed sady lahvi\u010dek na parf\u00e9my. Elegantn\u00ed, p\u0159izp\u016fsobiteln\u00e9 lahvi\u010dky na parf\u00e9my jsou recyklovateln\u00e9 pro d\u00e1msk\u00e9 parf\u00e9my, p\u00e1nsk\u00e9 kol\u00ednsk\u00e9 vody a vonn\u00e9 oleje.<\/p>","protected":false},"featured_media":3333,"comment_status":"open","ping_status":"closed","template":"","meta":{"_acf_changed":false,"site-sidebar-layout":"default","site-content-layout":"","ast-site-content-layout":"default","site-content-style":"default","site-sidebar-style":"default","ast-global-header-display":"","ast-banner-title-visibility":"","ast-main-header-display":"","ast-hfb-above-header-display":"","ast-hfb-below-header-display":"","ast-hfb-mobile-header-display":"","site-post-title":"","ast-breadcrumbs-content":"","ast-featured-img":"","footer-sml-layout":"","ast-disable-related-posts":"","theme-transparent-header-meta":"default","adv-header-id-meta":"","stick-header-meta":"","header-above-stick-meta":"","header-main-stick-meta":"","header-below-stick-meta":"","astra-migrate-meta-layouts":"set","ast-page-background-enabled":"default","ast-page-background-meta":{"desktop":{"background-color":"var(--ast-global-color-5)","background-image":"","background-repeat":"repeat","background-position":"center center","background-size":"auto","background-attachment":"scroll","background-type":"","background-media":"","overlay-type":"","overlay-color":"","overlay-opacity":"","overlay-gradient":""},"tablet":{"background-color":"","background-image":"","background-repeat":"repeat","background-position":"center center","background-size":"auto","background-attachment":"scroll","background-type":"","background-media":"","overlay-type":"","overlay-color":"","overlay-opacity":"","overlay-gradient":""},"mobile":{"background-color":"","background-image":"","background-repeat":"repeat","background-position":"center center","background-size":"auto","background-attachment":"scroll","background-type":"","background-media":"","overlay-type":"","overlay-color":"","overlay-opacity":"","overlay-gradient":""}},"ast-content-background-meta":{"desktop":{"background-color":"var(--ast-global-color-4)","background-image":"","background-repeat":"repeat","background-position":"center center","background-size":"auto","background-attachment":"scroll","background-type":"","background-media":"","overlay-type":"","overlay-color":"","overlay-opacity":"","overlay-gradient":""},"tablet":{"background-color":"var(--ast-global-color-4)","background-image":"","background-repeat":"repeat","background-position":"center center","background-size":"auto","background-attachment":"scroll","background-type":"","background-media":"","overlay-type":"","overlay-color":"","overlay-opacity":"","overlay-gradient":""},"mobile":{"background-color":"var(--ast-global-color-4)","background-image":"","background-repeat":"repeat","background-position":"center center","background-size":"auto","background-attachment":"scroll","background-type":"","background-media":"","overlay-type":"","overlay-color":"","overlay-opacity":"","overlay-gradient":""}}},"product_brand":[],"product_cat":[72,91,37,41],"product_tag":[],"class_list":{"0":"post-3325","1":"product","2":"type-product","3":"status-publish","4":"has-post-thumbnail","6":"product_cat-cosmetic-packaging","7":"product_cat-custom-perfume-bottles","8":"product_cat-uncategorized","9":"product_cat-perfume-bottles","10":"desktop-align-left","11":"tablet-align-left","12":"mobile-align-left","14":"first","15":"instock","16":"shipping-taxable","17":"product-type-simple"},"acf":[],"jetpack_sharing_enabled":true,"_links":{"self":[{"href":"https:\/\/theperfumebottles.com\/cs\/wp-json\/wp\/v2\/product\/3325","targetHints":{"allow":["GET"]}}],"collection":[{"href":"https:\/\/theperfumebottles.com\/cs\/wp-json\/wp\/v2\/product"}],"about":[{"href":"https:\/\/theperfumebottles.com\/cs\/wp-json\/wp\/v2\/types\/product"}],"replies":[{"embeddable":true,"href":"https:\/\/theperfumebottles.com\/cs\/wp-json\/wp\/v2\/comments?post=3325"}],"wp:featuredmedia":[{"embeddable":true,"href":"https:\/\/theperfumebottles.com\/cs\/wp-json\/wp\/v2\/media\/3333"}],"wp:attachment":[{"href":"https:\/\/theperfumebottles.com\/cs\/wp-json\/wp\/v2\/media?parent=3325"}],"wp:term":[{"taxonomy":"product_brand","embeddable":true,"href":"https:\/\/theperfumebottles.com\/cs\/wp-json\/wp\/v2\/product_brand?post=3325"},{"taxonomy":"product_cat","embeddable":true,"href":"https:\/\/theperfumebottles.com\/cs\/wp-json\/wp\/v2\/product_cat?post=3325"},{"taxonomy":"product_tag","embeddable":true,"href":"https:\/\/theperfumebottles.com\/cs\/wp-json\/wp\/v2\/product_tag?post=3325"}],"curies":[{"name":"wp","href":"https:\/\/api.w.org\/{rel}","templated":true}]}}