{"id":3334,"date":"2025-05-15T04:03:28","date_gmt":"2025-05-15T04:03:28","guid":{"rendered":"https:\/\/theperfumebottles.com\/?post_type=product&#038;p=3334"},"modified":"2025-05-23T10:38:52","modified_gmt":"2025-05-23T02:38:52","slug":"100ml-spray-bottles-bulk-cylinder-perfume-empty-glass-bottles","status":"publish","type":"product","link":"https:\/\/theperfumebottles.com\/cs\/produkt\/100ml-spray-bottles-bulk-cylinder-perfume-empty-glass-bottles\/","title":{"rendered":"100ml rozpra\u0161ovac\u00ed lahve ve velk\u00e9m \u2013 pr\u00e1zdn\u00e9 sklen\u011bn\u00e9 lahve s v\u00e1lcov\u00fdm parf\u00e9mem"},"content":{"rendered":"<p>A\u0165 u\u017e p\u0159in\u00e1\u0161ete sv\u011b\u017eev\u00e9 citrusov\u00fd sprej nebo neutr\u00e1ln\u00ed d\u0159evit\u00fd parf\u00e9m, na\u0161e v\u00e1lcov\u00e9 pr\u00e1zdn\u00e9 sklen\u011bn\u00e9 flakony vonn\u00fdch mohou splnit r\u016fzn\u00e9 pot\u0159eby. Recyklovateln\u00fd materi\u00e1l je obl\u00edben\u00fd u ekologicky orientovan\u00fdch spot\u0159ebitel\u016f a pr\u00e1zdn\u00e1 povrchov\u00e1 \u00farove\u0148 m\u016f\u017ee uk\u00e1zat osobitost va\u0161\u00ed zna\u010dky. Pot\u0159ebujete otestovat malou partii? P\u0159ij\u00edm\u00e1me objedn\u00e1vky na 500 kus\u016f, abychom pomohli startup\u016fm sn\u00ed\u017eit rizika.<\/p>\n<figure id=\"attachment_3336\" aria-describedby=\"caption-attachment-3336\" style=\"width: 500px\" class=\"wp-caption aligncenter\"><img fetchpriority=\"high\" decoding=\"async\" class=\"wp-image-3336\" src=\"https:\/\/theperfumebottles.com\/wp-content\/uploads\/2025\/05\/100ml-spray-bottles-bulk-yz07.webp\" alt=\"100ml lahvi\u010dky s rozpra\u0161ova\u010dem Bulk - pr\u00e1zdn\u00e9 sklen\u011bn\u00e9 lahvi\u010dky s parf\u00e9mem Cylinder\" width=\"500\" height=\"500\" srcset=\"https:\/\/theperfumebottles.com\/wp-content\/uploads\/2025\/05\/100ml-spray-bottles-bulk-yz07.webp 1000w, https:\/\/theperfumebottles.com\/wp-content\/uploads\/2025\/05\/100ml-spray-bottles-bulk-yz07-300x300.webp 300w, https:\/\/theperfumebottles.com\/wp-content\/uploads\/2025\/05\/100ml-spray-bottles-bulk-yz07-150x150.webp 150w, https:\/\/theperfumebottles.com\/wp-content\/uploads\/2025\/05\/100ml-spray-bottles-bulk-yz07-768x768.webp 768w, https:\/\/theperfumebottles.com\/wp-content\/uploads\/2025\/05\/100ml-spray-bottles-bulk-yz07-12x12.webp 12w, https:\/\/theperfumebottles.com\/wp-content\/uploads\/2025\/05\/100ml-spray-bottles-bulk-yz07-600x600.webp 600w, https:\/\/theperfumebottles.com\/wp-content\/uploads\/2025\/05\/100ml-spray-bottles-bulk-yz07-100x100.webp 100w\" sizes=\"(max-width: 500px) 100vw, 500px\" \/><figcaption id=\"caption-attachment-3336\" class=\"wp-caption-text\">100ml rozpra\u0161ovac\u00ed lahve ve velk\u00e9m \u2013 pr\u00e1zdn\u00e9 sklen\u011bn\u00e9 lahve s v\u00e1lcov\u00fdm parf\u00e9mem<\/figcaption><\/figure>\n<h2>Kl\u00ed\u010dov\u00e9 specifikace<\/h2>\n<table style=\"border-collapse: collapse; margin-left: auto; magrin-right: auto; width: 80%;\" border=\"0\" width=\"80%\" cellspacing=\"0\" cellpadding=\"0\">\n<tbody>\n<tr style=\"height: 13.50pt;\">\n<td style=\"height: 13.50pt; width: 93.00pt;\" width=\"124\" height=\"18\"><strong>Model<\/strong><\/td>\n<td style=\"width: 258.00pt;\" width=\"344\">PB-YZ07<\/td>\n<\/tr>\n<tr style=\"height: 13.50pt;\">\n<td style=\"height: 13.50pt;\" height=\"18\"><strong>Kapacita<\/strong><\/td>\n<td>100ml<\/td>\n<\/tr>\n<tr style=\"height: 13.50pt;\">\n<td style=\"height: 13.50pt;\" height=\"18\"><strong>Rozm\u011bry<\/strong><\/td>\n<td>52mm (pr\u016fm\u011br) x 98mm (v\u00fd\u0161ka)<\/td>\n<\/tr>\n<tr style=\"height: 13.50pt;\">\n<td style=\"height: 13.50pt;\" height=\"18\"><strong>R\u00e1\u017ee<\/strong><\/td>\n<td>15mm<\/td>\n<\/tr>\n<tr style=\"height: 13.50pt;\">\n<td style=\"height: 13.50pt;\" height=\"18\"><strong>Tvar<\/strong><\/td>\n<td>V\u00e1lcov\u00fd<\/td>\n<\/tr>\n<tr style=\"height: 13.50pt;\">\n<td style=\"height: 13.50pt;\" height=\"18\"><strong>Materi\u00e1l<\/strong><\/td>\n<td>Krystalov\u00e9 sklo (recyklovateln\u00e9)<\/td>\n<\/tr>\n<tr style=\"height: 13.50pt;\">\n<td style=\"height: 13.50pt;\" height=\"18\"><strong>Typ t\u011bsn\u011bn\u00ed<\/strong><\/td>\n<td>Krimpovac\u00ed hrdlo + post\u0159ikova\u010d<\/td>\n<\/tr>\n<tr style=\"height: 13.50pt;\">\n<td style=\"height: 13.50pt;\" height=\"18\"><strong>Mo\u017enosti barev<\/strong><\/td>\n<td>Transparentn\u00ed sklo, \u010dern\u00fd kryt, personalizovateln\u00e9<\/td>\n<\/tr>\n<\/tbody>\n<\/table>\n<h2>N\u00e1vrhy na balen\u00ed<\/h2>\n<p>Vznikaj\u00edc\u00ed \u00fazk\u00e1 zna\u010dka vybrala na\u0161e v\u00e1lcov\u00e9 vonn\u00e9 flakony pro jejich mu\u017esk\u00e9 i \u017eensk\u00e9 vodit\u00e9 parf\u00e9mov\u00e9 \u0159ady. Transparentn\u00ed design zd\u016fraz\u0148uje barvu jejich v\u016fn\u011b, zat\u00edmco v\u00e1\u017een\u00fd z\u00e1klad p\u0159en\u00e1\u0161\u00ed pocit luxusu. V\u00fdsledkem byla zv\u00fd\u0161en\u00ed prodeje o 35% v prvn\u00edm \u010dtvrtlet\u00ed a z\u00edsk\u00e1n\u00ed 8 velkoobchodn\u00edch partner\u016f.<\/p>\n<h2>Tipy pro personalizaci va\u0161ich zna\u010dek:<\/h2>\n<ol>\n<li>P\u0159eberte \u010dern\u00fd kryt na kovov\u00fd povrch, aby odpov\u00eddal barevn\u00e9 palet\u011b va\u0161\u00ed zna\u010dky<\/li>\n<li>P\u0159idejte jemn\u00e9 reli\u00e9fn\u00ed v\u00fdzdobu na sklo pro hmatovou zna\u010dku<\/li>\n<li>Objedn\u00e1vky v bulk\u00e1ch 100ml sprejov\u00fdch flakon\u016f sni\u017euj\u00ed jednotkov\u00e9 n\u00e1klady<\/li>\n<li>P\u0159ipojte personalizovan\u00e9 vn\u011bj\u0161\u00ed krabice pro v\u00edce luxusn\u00ed z\u00e1\u017eitek z otev\u00edr\u00e1n\u00ed krabice<\/li>\n<li>P\u0159ipojte matn\u00e9 etikety pro modern\u00ed kontrast k \u010dir\u00e9mu sklu.<\/li>\n<\/ol>\n<p>Pro objedn\u00e1vky v bulk\u00e1ch na\u0161ich 100ml pr\u00e1zdn\u00fdch sklen\u011bn\u00fdch vonn\u00fdch flakon\u016f zeptejte se o barvy personalizovan\u00fdch k\u0159\u00eddel a \u00fapravy sprejovac\u00edch za\u0159\u00edzen\u00ed, aby v\u00e1\u0161 parf\u00e9m skute\u010dn\u011b vynikl. Prom\u011b\u0148te balen\u00ed va\u0161eho parf\u00e9mu dnes \u2013 nechte n\u00e1s vytvo\u0159it n\u00e1vrh, kter\u00fd skute\u010dn\u011b zachyt\u00ed esenci va\u0161\u00ed zna\u010dky!<\/p>","protected":false},"excerpt":{"rendered":"<p>Personalizovateln\u00e9 v\u00e1lcov\u00e9 vonn\u00e9 pr\u00e1zdn\u00e9 sklen\u011bn\u00e9 flakony pro velkoobchod. Transparentn\u00ed 100ml sprejov\u00e9 flakony v bulk\u00e1ch, recyklovateln\u00e9 a sle\u010dn\u00e9 design pro zna\u010dky v\u016fn\u00ed.<\/p>","protected":false},"featured_media":3338,"comment_status":"open","ping_status":"closed","template":"","meta":{"_acf_changed":false,"site-sidebar-layout":"default","site-content-layout":"","ast-site-content-layout":"default","site-content-style":"default","site-sidebar-style":"default","ast-global-header-display":"","ast-banner-title-visibility":"","ast-main-header-display":"","ast-hfb-above-header-display":"","ast-hfb-below-header-display":"","ast-hfb-mobile-header-display":"","site-post-title":"","ast-breadcrumbs-content":"","ast-featured-img":"","footer-sml-layout":"","ast-disable-related-posts":"","theme-transparent-header-meta":"default","adv-header-id-meta":"","stick-header-meta":"","header-above-stick-meta":"","header-main-stick-meta":"","header-below-stick-meta":"","astra-migrate-meta-layouts":"set","ast-page-background-enabled":"default","ast-page-background-meta":{"desktop":{"background-color":"var(--ast-global-color-5)","background-image":"","background-repeat":"repeat","background-position":"center center","background-size":"auto","background-attachment":"scroll","background-type":"","background-media":"","overlay-type":"","overlay-color":"","overlay-opacity":"","overlay-gradient":""},"tablet":{"background-color":"","background-image":"","background-repeat":"repeat","background-position":"center center","background-size":"auto","background-attachment":"scroll","background-type":"","background-media":"","overlay-type":"","overlay-color":"","overlay-opacity":"","overlay-gradient":""},"mobile":{"background-color":"","background-image":"","background-repeat":"repeat","background-position":"center center","background-size":"auto","background-attachment":"scroll","background-type":"","background-media":"","overlay-type":"","overlay-color":"","overlay-opacity":"","overlay-gradient":""}},"ast-content-background-meta":{"desktop":{"background-color":"var(--ast-global-color-4)","background-image":"","background-repeat":"repeat","background-position":"center center","background-size":"auto","background-attachment":"scroll","background-type":"","background-media":"","overlay-type":"","overlay-color":"","overlay-opacity":"","overlay-gradient":""},"tablet":{"background-color":"var(--ast-global-color-4)","background-image":"","background-repeat":"repeat","background-position":"center center","background-size":"auto","background-attachment":"scroll","background-type":"","background-media":"","overlay-type":"","overlay-color":"","overlay-opacity":"","overlay-gradient":""},"mobile":{"background-color":"var(--ast-global-color-4)","background-image":"","background-repeat":"repeat","background-position":"center center","background-size":"auto","background-attachment":"scroll","background-type":"","background-media":"","overlay-type":"","overlay-color":"","overlay-opacity":"","overlay-gradient":""}}},"product_brand":[],"product_cat":[72,91,41],"product_tag":[],"class_list":{"0":"post-3334","1":"product","2":"type-product","3":"status-publish","4":"has-post-thumbnail","6":"product_cat-cosmetic-packaging","7":"product_cat-custom-perfume-bottles","8":"product_cat-perfume-bottles","9":"desktop-align-left","10":"tablet-align-left","11":"mobile-align-left","13":"first","14":"instock","15":"shipping-taxable","16":"product-type-simple"},"acf":[],"jetpack_sharing_enabled":true,"_links":{"self":[{"href":"https:\/\/theperfumebottles.com\/cs\/wp-json\/wp\/v2\/product\/3334","targetHints":{"allow":["GET"]}}],"collection":[{"href":"https:\/\/theperfumebottles.com\/cs\/wp-json\/wp\/v2\/product"}],"about":[{"href":"https:\/\/theperfumebottles.com\/cs\/wp-json\/wp\/v2\/types\/product"}],"replies":[{"embeddable":true,"href":"https:\/\/theperfumebottles.com\/cs\/wp-json\/wp\/v2\/comments?post=3334"}],"wp:featuredmedia":[{"embeddable":true,"href":"https:\/\/theperfumebottles.com\/cs\/wp-json\/wp\/v2\/media\/3338"}],"wp:attachment":[{"href":"https:\/\/theperfumebottles.com\/cs\/wp-json\/wp\/v2\/media?parent=3334"}],"wp:term":[{"taxonomy":"product_brand","embeddable":true,"href":"https:\/\/theperfumebottles.com\/cs\/wp-json\/wp\/v2\/product_brand?post=3334"},{"taxonomy":"product_cat","embeddable":true,"href":"https:\/\/theperfumebottles.com\/cs\/wp-json\/wp\/v2\/product_cat?post=3334"},{"taxonomy":"product_tag","embeddable":true,"href":"https:\/\/theperfumebottles.com\/cs\/wp-json\/wp\/v2\/product_tag?post=3334"}],"curies":[{"name":"wp","href":"https:\/\/api.w.org\/{rel}","templated":true}]}}