{"id":3430,"date":"2025-05-26T14:39:30","date_gmt":"2025-05-26T06:39:30","guid":{"rendered":"https:\/\/theperfumebottles.com\/?post_type=product&#038;p=3430"},"modified":"2026-03-30T09:49:23","modified_gmt":"2026-03-30T01:49:23","slug":"50ml-1-7oz-perfume-bottle-for-custom-brand-packaging","status":"publish","type":"product","link":"https:\/\/theperfumebottles.com\/cs\/produkt\/50ml-1-7oz-perfume-bottle-for-custom-brand-packaging\/","title":{"rendered":"50ml\/1,7oz parf\u00e9mov\u00e1 lahvi\u010dka pro balen\u00ed na zak\u00e1zku"},"content":{"rendered":"<p>P\u0159edstavte si lahvi\u010dku parf\u00e9mu, ve kter\u00e9 nen\u00ed jen va\u0161e charakteristick\u00e1 v\u016fn\u011b, ale kter\u00e1 zt\u011bles\u0148uje podstatu va\u0161\u00ed zna\u010dky. N\u00e1\u0161 model PB-YZ0801 s lahvi\u010dkou na parf\u00e9m o objemu 1,7 oz (50 ml kol\u00ednsk\u00e9) je ur\u010den pro zna\u010dky, kter\u00e9 vy\u017eaduj\u00ed sofistikovanost i funk\u010dnost. A\u0165 u\u017e uv\u00e1d\u00edte na trh luxusn\u00ed \u0159adu nebo pot\u0159ebujete velkoobchodn\u00ed balen\u00ed kosmetiky, tento flakon je va\u0161\u00edm pl\u00e1tnem.<\/p>\n<h2>Kl\u00ed\u010dov\u00e9 specifikace<\/h2>\n<table style=\"border-collapse: collapse; margin-left: auto; margin-right: auto; width: 80%;\" border=\"0\" width=\"80%\" cellspacing=\"0\" cellpadding=\"0\">\n<tbody>\n<tr style=\"height: 13.50pt;\">\n<td style=\"height: 13.50pt; width: 93.75pt;\" width=\"125\" height=\"18\"><strong>Model<\/strong><\/td>\n<td style=\"width: 222.00pt;\" width=\"296\">PB-YZ0801<\/td>\n<\/tr>\n<tr style=\"height: 13.50pt;\">\n<td style=\"height: 13.50pt;\" height=\"18\"><strong>Kapacita<\/strong><\/td>\n<td style=\"width: 222.00pt;\" width=\"296\">50ml \/ 1,7oz<\/td>\n<\/tr>\n<tr style=\"height: 13.50pt;\">\n<td style=\"height: 13.50pt;\" height=\"18\"><strong>Rozm\u011bry<\/strong><\/td>\n<td>43 x 96 mm<\/td>\n<\/tr>\n<tr style=\"height: 13.50pt;\">\n<td style=\"height: 13.50pt;\" height=\"18\"><strong>Pr\u016fm\u011br krku<\/strong><\/td>\n<td>15mm<\/td>\n<\/tr>\n<tr style=\"height: 13.50pt;\">\n<td style=\"height: 13.50pt;\" height=\"18\"><strong>Tvar<\/strong><\/td>\n<td>V\u00e1lcov\u00fd tvar se \u0161ikm\u00fdm ramenem<\/td>\n<\/tr>\n<tr style=\"height: 13.50pt;\">\n<td style=\"height: 13.50pt;\" height=\"18\"><strong>Uzav\u0159en\u00ed<\/strong><\/td>\n<td>Tla\u010d\u00edtkov\u00fd sprej + ponorn\u00e1 trubice<\/td>\n<\/tr>\n<tr style=\"height: 13.50pt;\">\n<td style=\"height: 13.50pt;\" height=\"18\"><strong>Materi\u00e1l<\/strong><\/td>\n<td>Vysoce b\u011bl\u00e9 sodnov\u00e1penat\u00e9 sklo<\/td>\n<\/tr>\n<tr style=\"height: 13.50pt;\">\n<td style=\"height: 13.50pt;\" height=\"18\"><strong>Mo\u017enosti barev<\/strong><\/td>\n<td>Pln\u011b p\u0159izp\u016fsobiteln\u00e9<\/td>\n<\/tr>\n<\/tbody>\n<\/table>\n<h2>Obalov\u00e9 pouzdro<\/h2>\n<p>Vych\u00e1zej\u00edc\u00ed zna\u010dka v\u016fn\u00ed pot\u0159ebovala pro svou kol\u00ednskou vodu \"Midnight Bloom\" odv\u00e1\u017en\u00fd, ale minimalistick\u00fd sklen\u011bn\u00fd flakon. Kdy\u017e si vybrali n\u00e1\u0161 50ml flakon kol\u00ednsk\u00e9 s tmav\u011b fialov\u00fdm odst\u00ednem a r\u016f\u017eov\u011b zlat\u00fdm uz\u00e1v\u011brem, zaznamenali 40% n\u00e1r\u016fst po\u010dtu dotaz\u016f z\u00e1kazn\u00edk\u016f. \"Sklen\u011bn\u00e9 lahvi\u010dky p\u016fsobily jako \u0161perk,\" \u0159ekl jejich hlavn\u00ed design\u00e9r. \"D\u00edky tomu na\u0161e v\u016fn\u011b p\u016fsobila jako d\u011bdictv\u00ed.\"<\/p>\n<h2>Vlastn\u00ed tipy<\/h2>\n<ul>\n<li><strong>Vlastn\u00ed barva<\/strong>: Vyberte si barvu, kter\u00e1 odr\u00e1\u017e\u00ed atmosf\u00e9ru va\u0161\u00ed zna\u010dky (nap\u0159. kobaltov\u011b modr\u00e1 pro klid, rub\u00ednov\u00e1 pro v\u00e1\u0161e\u0148, \u010derven\u00e1, b\u00edl\u00e1, \u010dern\u00e1, cokoli).<\/li>\n<li><strong>Vlastn\u00ed povrchov\u00e1 \u00faprava<\/strong>: Vytvo\u0159te si na hrdlo l\u00e1hve osobn\u00ed prvek - nap\u0159\u00edklad laserov\u00e9 grav\u00edrov\u00e1n\u00ed, samolepky nebo ozdoby.<\/li>\n<li><strong>Hromadn\u00e1 objedn\u00e1vka<\/strong>: Pot\u0159ebujete vzorov\u00e9 lahvi\u010dky, abyste si mohli vyzkou\u0161et vzhled, ne\u017e se rozhodnete? Nab\u00edz\u00edme velkoobchodn\u00ed ceny pro hromadn\u00e9 objedn\u00e1vky.<\/li>\n<\/ul>\n<p>Jste p\u0159ipraveni objednat? Navrhneme l\u00e1hev, kter\u00e1 se bude l\u00edbit a budovat loajalitu.<\/p>\n<p>P.S. Neberte n\u00e1s jen za slovo. Vyzkou\u0161ejte vzorov\u00fd flakon je\u0161t\u011b dnes a zjist\u011bte, pro\u010d si chyt\u0159\u00ed majitel\u00e9 firem nech\u00e1vaj\u00ed vyr\u00e1b\u011bt sklen\u011bn\u00e9 flakony na parf\u00e9my na zak\u00e1zku. V\u00e1\u0161 p\u0159\u00ed\u0161t\u00ed velk\u00fd n\u00e1pad si zaslou\u017e\u00ed obal, kter\u00fd odpov\u00edd\u00e1 jeho ambic\u00edm.<\/p>","protected":false},"excerpt":{"rendered":"<p data-spm-anchor-id=\"5176.28103460.0.i4.59d21db8X86Wee\">Objevte n\u00e1\u0161 1,7oz flakon na parf\u00e9m (50ml flakon na kol\u00ednskou) - prvot\u0159\u00eddn\u00ed sklen\u011bn\u00fd design pro zna\u010dky. Vlastn\u00ed barvy, velkoobchodn\u00ed mo\u017enosti a balen\u00ed vhodn\u00e9 na cesty.<\/p>","protected":false},"featured_media":3433,"comment_status":"open","ping_status":"closed","template":"","meta":{"_acf_changed":false,"site-sidebar-layout":"default","site-content-layout":"","ast-site-content-layout":"default","site-content-style":"default","site-sidebar-style":"default","ast-global-header-display":"","ast-banner-title-visibility":"","ast-main-header-display":"","ast-hfb-above-header-display":"","ast-hfb-below-header-display":"","ast-hfb-mobile-header-display":"","site-post-title":"","ast-breadcrumbs-content":"","ast-featured-img":"","footer-sml-layout":"","ast-disable-related-posts":"","theme-transparent-header-meta":"default","adv-header-id-meta":"","stick-header-meta":"","header-above-stick-meta":"","header-main-stick-meta":"","header-below-stick-meta":"","astra-migrate-meta-layouts":"set","ast-page-background-enabled":"default","ast-page-background-meta":{"desktop":{"background-color":"var(--ast-global-color-5)","background-image":"","background-repeat":"repeat","background-position":"center center","background-size":"auto","background-attachment":"scroll","background-type":"","background-media":"","overlay-type":"","overlay-color":"","overlay-opacity":"","overlay-gradient":""},"tablet":{"background-color":"","background-image":"","background-repeat":"repeat","background-position":"center center","background-size":"auto","background-attachment":"scroll","background-type":"","background-media":"","overlay-type":"","overlay-color":"","overlay-opacity":"","overlay-gradient":""},"mobile":{"background-color":"","background-image":"","background-repeat":"repeat","background-position":"center center","background-size":"auto","background-attachment":"scroll","background-type":"","background-media":"","overlay-type":"","overlay-color":"","overlay-opacity":"","overlay-gradient":""}},"ast-content-background-meta":{"desktop":{"background-color":"var(--ast-global-color-4)","background-image":"","background-repeat":"repeat","background-position":"center center","background-size":"auto","background-attachment":"scroll","background-type":"","background-media":"","overlay-type":"","overlay-color":"","overlay-opacity":"","overlay-gradient":""},"tablet":{"background-color":"var(--ast-global-color-4)","background-image":"","background-repeat":"repeat","background-position":"center center","background-size":"auto","background-attachment":"scroll","background-type":"","background-media":"","overlay-type":"","overlay-color":"","overlay-opacity":"","overlay-gradient":""},"mobile":{"background-color":"var(--ast-global-color-4)","background-image":"","background-repeat":"repeat","background-position":"center center","background-size":"auto","background-attachment":"scroll","background-type":"","background-media":"","overlay-type":"","overlay-color":"","overlay-opacity":"","overlay-gradient":""}}},"product_brand":[],"product_cat":[91,72,41],"product_tag":[],"class_list":{"0":"post-3430","1":"product","2":"type-product","3":"status-publish","4":"has-post-thumbnail","6":"product_cat-custom-perfume-bottles","7":"product_cat-cosmetic-packaging","8":"product_cat-perfume-bottles","9":"desktop-align-left","10":"tablet-align-left","11":"mobile-align-left","13":"first","14":"instock","15":"shipping-taxable","16":"product-type-simple"},"acf":[],"jetpack_sharing_enabled":true,"_links":{"self":[{"href":"https:\/\/theperfumebottles.com\/cs\/wp-json\/wp\/v2\/product\/3430","targetHints":{"allow":["GET"]}}],"collection":[{"href":"https:\/\/theperfumebottles.com\/cs\/wp-json\/wp\/v2\/product"}],"about":[{"href":"https:\/\/theperfumebottles.com\/cs\/wp-json\/wp\/v2\/types\/product"}],"replies":[{"embeddable":true,"href":"https:\/\/theperfumebottles.com\/cs\/wp-json\/wp\/v2\/comments?post=3430"}],"wp:featuredmedia":[{"embeddable":true,"href":"https:\/\/theperfumebottles.com\/cs\/wp-json\/wp\/v2\/media\/3433"}],"wp:attachment":[{"href":"https:\/\/theperfumebottles.com\/cs\/wp-json\/wp\/v2\/media?parent=3430"}],"wp:term":[{"taxonomy":"product_brand","embeddable":true,"href":"https:\/\/theperfumebottles.com\/cs\/wp-json\/wp\/v2\/product_brand?post=3430"},{"taxonomy":"product_cat","embeddable":true,"href":"https:\/\/theperfumebottles.com\/cs\/wp-json\/wp\/v2\/product_cat?post=3430"},{"taxonomy":"product_tag","embeddable":true,"href":"https:\/\/theperfumebottles.com\/cs\/wp-json\/wp\/v2\/product_tag?post=3430"}],"curies":[{"name":"wp","href":"https:\/\/api.w.org\/{rel}","templated":true}]}}