{"id":3596,"date":"2025-06-04T10:01:33","date_gmt":"2025-06-04T02:01:33","guid":{"rendered":"https:\/\/theperfumebottles.com\/?post_type=product&#038;p=3596"},"modified":"2026-05-05T13:37:17","modified_gmt":"2026-05-05T05:37:17","slug":"fancy-perfume-bottles-for-vials-wholesale","status":"publish","type":"product","link":"https:\/\/theperfumebottles.com\/cs\/produkt\/fancy-perfume-bottles-for-vials-wholesale\/","title":{"rendered":"30ml 55ml 100ml Fancy Perfume Bottles for Vials Wholesale"},"content":{"rendered":"<p>Tyto elegantn\u00ed flakony na parf\u00e9my se vyzna\u010duj\u00ed designem d\u00edky sv\u00e9mu v\u00e1lcovit\u00e9mu t\u011blu, kter\u00e9 kon\u010d\u00ed pr\u016fhlednou z\u00e1kladnou s jedine\u010dn\u00fdm paprskovit\u00fdm texturovan\u00fdm vzorem. Jsou vyrobeny z ultra \u010dir\u00e9ho skla a jsou k dispozici v n\u011bkolika velikostech a s voliteln\u00fdmi zlat\u00fdmi, \u010dern\u00fdmi nebo \u010dern\u00fdmi uz\u00e1v\u011bry.<\/p>\n<h2>Kl\u00ed\u010dov\u00e1 specifikace<\/h2>\n<table style=\"border-collapse: collapse; width: 80%; margin-left: auto; margin-right: auto;\" border=\"0\" width=\"432\" cellspacing=\"0\" cellpadding=\"0\">\n<tbody>\n<tr style=\"height: 13.50pt;\">\n<td class=\"et2\" style=\"height: 13.5pt; width: 54pt; text-align: center;\" width=\"72\" height=\"18\">Model<\/td>\n<td class=\"et2\" style=\"width: 54pt; text-align: center;\" width=\"72\">Kapacita (ml)<\/td>\n<td class=\"et2\" style=\"width: 54pt; text-align: center;\" width=\"72\">Rozm\u011bry (mm)<\/td>\n<td class=\"et2\" style=\"width: 54pt; text-align: center;\" width=\"72\">Pr\u016fm\u011br v\u00ed\u010dka<\/td>\n<td class=\"et2\" style=\"width: 54pt; text-align: center;\" width=\"72\">Typ uz\u00e1v\u011bru<\/td>\n<td class=\"et2\" style=\"width: 54pt; text-align: center;\" width=\"72\">Materi\u00e1l<\/td>\n<\/tr>\n<tr style=\"height: 13.50pt;\">\n<td class=\"et2\" style=\"height: 13.5pt; text-align: center;\" height=\"18\">PB-YZ1101<\/td>\n<td class=\"et2\" style=\"text-align: center;\">30<\/td>\n<td class=\"et2\" style=\"text-align: center;\">45 \u00d7 76<\/td>\n<td class=\"et2\" style=\"text-align: center;\" rowspan=\"3\">15 mm<\/td>\n<td class=\"et2\" style=\"text-align: center;\" rowspan=\"3\">Krimpovac\u00ed krk + rozpra\u0161ova\u010d<\/td>\n<td class=\"et2\" style=\"text-align: center;\" rowspan=\"3\">K\u0159i\u0161\u0165\u00e1lov\u00e9 sklo<\/td>\n<\/tr>\n<tr style=\"height: 13.50pt;\">\n<td class=\"et2\" style=\"height: 13.5pt; text-align: center;\" height=\"18\">PB-YZ1102<\/td>\n<td class=\"et2\" style=\"text-align: center;\">55<\/td>\n<td class=\"et2\" style=\"text-align: center;\">46 x 91,4<\/td>\n<\/tr>\n<tr style=\"height: 13.50pt;\">\n<td class=\"et2\" style=\"height: 13.5pt; text-align: center;\" height=\"18\">PB-YZ1103<\/td>\n<td class=\"et2\" style=\"text-align: center;\">100<\/td>\n<td class=\"et2\" style=\"text-align: center;\">45 \u00d7 126<\/td>\n<\/tr>\n<\/tbody>\n<\/table>\n<h2>P\u0159\u00edb\u011bh \u00fasp\u011bchu<\/h2>\n<p>Na\u0161e luxusn\u00ed lahvi\u010dky na parf\u00e9my se zlat\u00fdm uz\u00e1v\u011brem a zlatou stuhou zdobenou s\u00edtotiskem si vybrala zna\u010dka parf\u00e9m\u016f z Bl\u00edzk\u00e9ho v\u00fdchodu. Z\u00e1kladn\u00ed designov\u00fd prvek produktu se stal hlavn\u00edm charakteristick\u00fdm prvkem zna\u010dky. Zna\u010dka vyk\u00e1zala 30% n\u00e1r\u016fst pov\u011bdom\u00ed o zna\u010dce, kter\u00fd byl v\u00fdsledkem balen\u00ed produktu a vysoce kvalitn\u00edch materi\u00e1l\u016f, proto\u017ee zv\u00fd\u0161ila cenu sv\u00e9ho nov\u00e9ho oudov\u00e9ho parf\u00e9mu o 60 % pou\u017eit\u00edm pr\u00e9miov\u00fdch materi\u00e1l\u016f. Zna\u010dka dos\u00e1hla v\u00fdznamn\u00e9ho miln\u00edku, kter\u00fd vedl k po\u017eadavku na dodate\u010dnou dod\u00e1vku 200 000 lahvi\u010dek na parf\u00e9my na podporu budouc\u00ed v\u00fdroby esenci\u00e1ln\u00edch olej\u016f a tuh\u00fdch parf\u00e9m\u016f.<\/p>\n<h2>Mo\u017enosti p\u0159izp\u016fsoben\u00ed velkoobchodn\u00edch \u00faprav parf\u00e9mov\u00fdch lahvi\u010dek<\/h2>\n<ul>\n<li>\u010ctvercov\u00fd nebo mnohost\u011bnn\u00fd design: Design (texturovan\u00e1 z\u00e1kladna + pr\u016fhledn\u00e1 l\u00e1hev) umo\u017e\u0148uje u\u017eivatel\u016fm vytvo\u0159it \u010dtvercov\u00fd nebo mnohost\u011bnn\u00fd povrch d\u00edky dvoud\u00edln\u00e9mu proveden\u00ed.<\/li>\n<li>Magnetick\u00fd uz\u00e1v\u011br: Produkt obsahuje magnetick\u00e9 t\u011bsn\u011bn\u00ed, kter\u00e9 u\u017eivatel\u016fm poskytuje bezprobl\u00e9mov\u00fd a p\u0159\u00edjemn\u00fd z\u00e1\u017eitek z pou\u017e\u00edv\u00e1n\u00ed produktu.<\/li>\n<li>Vlastn\u00ed textura a barva podstavce: Nab\u00edz\u00ed r\u016fzn\u00e9 vnit\u0159n\u00ed textury podstavce (geometrick\u00e9, mramorov\u00e9, k\u0159i\u0161\u0165\u00e1lov\u00e9) a umo\u017e\u0148uje v\u00fdb\u011br sklen\u011bn\u00fdch podstavc\u016f r\u016fzn\u00fdch barev.<\/li>\n<\/ul>","protected":false},"excerpt":{"rendered":"<p>Shop fancy perfume bottles and high-quality perfume vials wholesale\u2014ideal for luxury fragrance brands seeking elegant, eye-catching packaging. Free samples.<\/p>","protected":false},"featured_media":3601,"comment_status":"open","ping_status":"closed","template":"","meta":{"_acf_changed":false,"site-sidebar-layout":"default","site-content-layout":"","ast-site-content-layout":"default","site-content-style":"default","site-sidebar-style":"default","ast-global-header-display":"","ast-banner-title-visibility":"","ast-main-header-display":"","ast-hfb-above-header-display":"","ast-hfb-below-header-display":"","ast-hfb-mobile-header-display":"","site-post-title":"","ast-breadcrumbs-content":"","ast-featured-img":"","footer-sml-layout":"","ast-disable-related-posts":"","theme-transparent-header-meta":"default","adv-header-id-meta":"","stick-header-meta":"","header-above-stick-meta":"","header-main-stick-meta":"","header-below-stick-meta":"","astra-migrate-meta-layouts":"set","ast-page-background-enabled":"default","ast-page-background-meta":{"desktop":{"background-color":"var(--ast-global-color-5)","background-image":"","background-repeat":"repeat","background-position":"center center","background-size":"auto","background-attachment":"scroll","background-type":"","background-media":"","overlay-type":"","overlay-color":"","overlay-opacity":"","overlay-gradient":""},"tablet":{"background-color":"","background-image":"","background-repeat":"repeat","background-position":"center center","background-size":"auto","background-attachment":"scroll","background-type":"","background-media":"","overlay-type":"","overlay-color":"","overlay-opacity":"","overlay-gradient":""},"mobile":{"background-color":"","background-image":"","background-repeat":"repeat","background-position":"center center","background-size":"auto","background-attachment":"scroll","background-type":"","background-media":"","overlay-type":"","overlay-color":"","overlay-opacity":"","overlay-gradient":""}},"ast-content-background-meta":{"desktop":{"background-color":"var(--ast-global-color-4)","background-image":"","background-repeat":"repeat","background-position":"center center","background-size":"auto","background-attachment":"scroll","background-type":"","background-media":"","overlay-type":"","overlay-color":"","overlay-opacity":"","overlay-gradient":""},"tablet":{"background-color":"var(--ast-global-color-4)","background-image":"","background-repeat":"repeat","background-position":"center center","background-size":"auto","background-attachment":"scroll","background-type":"","background-media":"","overlay-type":"","overlay-color":"","overlay-opacity":"","overlay-gradient":""},"mobile":{"background-color":"var(--ast-global-color-4)","background-image":"","background-repeat":"repeat","background-position":"center center","background-size":"auto","background-attachment":"scroll","background-type":"","background-media":"","overlay-type":"","overlay-color":"","overlay-opacity":"","overlay-gradient":""}}},"product_brand":[],"product_cat":[91,72,41],"product_tag":[49],"class_list":{"0":"post-3596","1":"product","2":"type-product","3":"status-publish","4":"has-post-thumbnail","6":"product_cat-custom-perfume-bottles","7":"product_cat-cosmetic-packaging","8":"product_cat-perfume-bottles","9":"product_tag-perfume-bottles","10":"desktop-align-left","11":"tablet-align-left","12":"mobile-align-left","14":"first","15":"instock","16":"shipping-taxable","17":"product-type-simple"},"acf":[],"jetpack_sharing_enabled":true,"_links":{"self":[{"href":"https:\/\/theperfumebottles.com\/cs\/wp-json\/wp\/v2\/product\/3596","targetHints":{"allow":["GET"]}}],"collection":[{"href":"https:\/\/theperfumebottles.com\/cs\/wp-json\/wp\/v2\/product"}],"about":[{"href":"https:\/\/theperfumebottles.com\/cs\/wp-json\/wp\/v2\/types\/product"}],"replies":[{"embeddable":true,"href":"https:\/\/theperfumebottles.com\/cs\/wp-json\/wp\/v2\/comments?post=3596"}],"wp:featuredmedia":[{"embeddable":true,"href":"https:\/\/theperfumebottles.com\/cs\/wp-json\/wp\/v2\/media\/3601"}],"wp:attachment":[{"href":"https:\/\/theperfumebottles.com\/cs\/wp-json\/wp\/v2\/media?parent=3596"}],"wp:term":[{"taxonomy":"product_brand","embeddable":true,"href":"https:\/\/theperfumebottles.com\/cs\/wp-json\/wp\/v2\/product_brand?post=3596"},{"taxonomy":"product_cat","embeddable":true,"href":"https:\/\/theperfumebottles.com\/cs\/wp-json\/wp\/v2\/product_cat?post=3596"},{"taxonomy":"product_tag","embeddable":true,"href":"https:\/\/theperfumebottles.com\/cs\/wp-json\/wp\/v2\/product_tag?post=3596"}],"curies":[{"name":"wp","href":"https:\/\/api.w.org\/{rel}","templated":true}]}}