{"id":3705,"date":"2025-06-07T18:45:52","date_gmt":"2025-06-07T10:45:52","guid":{"rendered":"https:\/\/theperfumebottles.com\/?post_type=product&#038;p=3705"},"modified":"2025-06-11T18:31:27","modified_gmt":"2025-06-11T10:31:27","slug":"30ml-50ml-100ml-glass-perfume-bottles-supplier","status":"publish","type":"product","link":"https:\/\/theperfumebottles.com\/cs\/produkt\/30ml-50ml-100ml-glass-perfume-bottles-supplier\/","title":{"rendered":"Dodavatel sklen\u011bn\u00fdch lahv\u00ed na parf\u00e9my 30ml 50ml 100ml"},"content":{"rendered":"<p>Prozkoumejte nab\u00eddku pr\u00e9miov\u00fdch sklen\u011bn\u00fdch lahvi\u010dek na parf\u00e9my - elegantn\u00ed designy s mo\u017enostmi p\u0159izp\u016fsoben\u00ed, ide\u00e1ln\u00ed pro zna\u010dky parf\u00e9m\u016f, kter\u00e9 hledaj\u00ed vysoce kvalitn\u00ed obalov\u00e1 \u0159e\u0161en\u00ed.<\/p>\n<h2>Kl\u00ed\u010dov\u00e1 specifikace<\/h2>\n<table style=\"border-collapse: collapse;margin-left: auto;margin-right: auto;width: 80%\" border=\"0\" width=\"80%\" cellspacing=\"0\" cellpadding=\"0\">\n<tbody>\n<tr style=\"height: 13.50pt\">\n<td style=\"height: 13.50pt;width: 83.25pt\" width=\"111\" height=\"18\">Model<\/td>\n<td style=\"width: 72.00pt\" width=\"96\">Kapacita<\/td>\n<td style=\"width: 99.75pt\" width=\"133\">Rozm\u011bry (mm)<\/td>\n<td style=\"width: 78.00pt\" width=\"104\">Velikost krku<\/td>\n<td style=\"width: 99.00pt\" width=\"132\">Materi\u00e1l<\/td>\n<td style=\"width: 120.00pt\" width=\"160\">Mo\u017enosti barev \u010depice<\/td>\n<\/tr>\n<tr style=\"height: 13.50pt\">\n<td style=\"height: 13.50pt\" height=\"18\">PB-YZ1201<\/td>\n<td>30ml<\/td>\n<td>40&#215;82<\/td>\n<td>15mm<\/td>\n<td>K\u0159i\u0161\u0165\u00e1lov\u00e9 sklo<\/td>\n<td>P\u0159izp\u016fsobiteln\u00e9<\/td>\n<\/tr>\n<tr style=\"height: 13.50pt\">\n<td style=\"height: 13.50pt\" height=\"18\">PB-YZ1202<\/td>\n<td>50ml<\/td>\n<td>45&#215;92<\/td>\n<td>15mm<\/td>\n<td>K\u0159i\u0161\u0165\u00e1lov\u00e9 sklo<\/td>\n<td>P\u0159izp\u016fsobiteln\u00e9<\/td>\n<\/tr>\n<tr style=\"height: 13.50pt\">\n<td style=\"height: 13.50pt\" height=\"18\">PB-YZ1203<\/td>\n<td>100ml<\/td>\n<td>53&#215;110<\/td>\n<td>15mm<\/td>\n<td>K\u0159i\u0161\u0165\u00e1lov\u00e9 sklo<\/td>\n<td style=\"text-align: left\">P\u0159izp\u016fsobiteln\u00e9<\/td>\n<\/tr>\n<\/tbody>\n<\/table>\n<h2>\u00dasp\u011b\u0161n\u00fd p\u0159\u00edb\u011bh z re\u00e1ln\u00e9ho sv\u011bta<\/h2>\n<p>Luxusn\u00ed mil\u00e1nsk\u00e1 zna\u010dka parf\u00e9m\u016f pot\u0159ebovala flak\u00f3n, kter\u00fd by odpov\u00eddal jej\u00ed odv\u00e1\u017en\u00e9, um\u011bleck\u00e9 identit\u011b. Vybrala si n\u00e1\u0161 50ml model s t\u011blem z mramorov\u011b \u0161ed\u00e9ho skla a odpov\u00eddaj\u00edc\u00edm uz\u00e1v\u011brem s rozpra\u0161ova\u010dem.V\u00fdsledek? Jejich nov\u00e1 \u0159ada byla uvedena na trh s n\u00e1r\u016fstem online prodeje o 70%. Pro\u010d? Proto\u017ee design sklen\u011bn\u00e9ho flakonu parf\u00e9mu neudr\u017eel jen v\u016fni - stal se sou\u010d\u00e1st\u00ed p\u0159\u00edb\u011bhu zna\u010dky.<\/p>\n<h2>Pro\u010d je tato l\u00e1hev lep\u0161\u00ed ne\u017e konkurence<\/h2>\n<p>Kdy\u017e lid\u00e9 hledaj\u00ed sklen\u011bn\u00e9 flakony na parf\u00e9my, \u010dasto p\u0159ehl\u00ed\u017eej\u00ed jeden kl\u00ed\u010dov\u00fd faktor: odr\u00e1\u017e\u00ed va\u0161i zna\u010dku? Tyto lahvi\u010dky neslou\u017e\u00ed jen k uchov\u00e1v\u00e1n\u00ed parf\u00e9mu - umoc\u0148uj\u00ed va\u0161e sd\u011blen\u00ed.<\/p>\n<ul>\n<li><strong>Premium Feel:<\/strong> Siln\u00e1 z\u00e1kladna a hladk\u00e9 sklo p\u016fsob\u00ed jako luxusn\u00ed v\u00fdrobek.<\/li>\n<li><strong>Vizu\u00e1ln\u00ed p\u0159ita\u017elivost:<\/strong> Barevn\u00e1 kapalina a odpov\u00eddaj\u00edc\u00ed uz\u00e1v\u011br vytv\u00e1\u0159ej\u00ed okam\u017eit\u00e9 rozpozn\u00e1n\u00ed zna\u010dky.<\/li>\n<li><strong>Flexibiln\u00ed velikosti:<\/strong> A\u0165 u\u017e prod\u00e1v\u00e1te 50ml parf\u00e9my nebo 100ml luxusn\u00ed edice, pro ka\u017edou pot\u0159ebu se n\u011bco najde.<\/li>\n<\/ul>\n<h2>Vytvo\u0159me n\u011bco speci\u00e1ln\u00edho<\/h2>\n<p>Va\u0161e v\u016fn\u011b si zaslou\u017e\u00ed lahvi\u010dku, kter\u00e1 odpov\u00edd\u00e1 jej\u00edmu kouzlu. Tyto sklen\u011bn\u00e9 lahvi\u010dky na parf\u00e9my nejsou jen n\u00e1doby - jsou prvn\u00edm dojmem va\u0161\u00ed zna\u010dky.<\/p>\n<p>Pot\u0159ebujete pomoci s v\u00fdb\u011brem nejlep\u0161\u00ed varianty pro va\u0161i linku? Obra\u0165te se na n\u00e1s. Jsme tu, abychom va\u0161i vizi prom\u011bnili v mistrovsk\u00e9 d\u00edlo sklen\u011bn\u00e9ho parf\u00e9mu - jednu lahvi\u010dku za druhou.<\/p>","protected":false},"excerpt":{"rendered":"<p>Objevte \u0161pi\u010dkov\u00e9 sklen\u011bn\u00e9 lahvi\u010dky na parf\u00e9my o objemu 30 ml, 50 ml a 100 ml. Ide\u00e1ln\u00ed pro zna\u010dky parf\u00e9m\u016f, kter\u00e9 pot\u0159ebuj\u00ed p\u0159izp\u016fsobiteln\u00e9, vysoce kvalitn\u00ed sklen\u011bn\u00e9 obaly na parf\u00e9my.<\/p>","protected":false},"featured_media":3739,"comment_status":"open","ping_status":"closed","template":"","meta":{"_acf_changed":false,"site-sidebar-layout":"default","site-content-layout":"","ast-site-content-layout":"default","site-content-style":"default","site-sidebar-style":"default","ast-global-header-display":"","ast-banner-title-visibility":"","ast-main-header-display":"","ast-hfb-above-header-display":"","ast-hfb-below-header-display":"","ast-hfb-mobile-header-display":"","site-post-title":"","ast-breadcrumbs-content":"","ast-featured-img":"","footer-sml-layout":"","ast-disable-related-posts":"","theme-transparent-header-meta":"default","adv-header-id-meta":"","stick-header-meta":"","header-above-stick-meta":"","header-main-stick-meta":"","header-below-stick-meta":"","astra-migrate-meta-layouts":"set","ast-page-background-enabled":"default","ast-page-background-meta":{"desktop":{"background-color":"var(--ast-global-color-5)","background-image":"","background-repeat":"repeat","background-position":"center center","background-size":"auto","background-attachment":"scroll","background-type":"","background-media":"","overlay-type":"","overlay-color":"","overlay-opacity":"","overlay-gradient":""},"tablet":{"background-color":"","background-image":"","background-repeat":"repeat","background-position":"center center","background-size":"auto","background-attachment":"scroll","background-type":"","background-media":"","overlay-type":"","overlay-color":"","overlay-opacity":"","overlay-gradient":""},"mobile":{"background-color":"","background-image":"","background-repeat":"repeat","background-position":"center center","background-size":"auto","background-attachment":"scroll","background-type":"","background-media":"","overlay-type":"","overlay-color":"","overlay-opacity":"","overlay-gradient":""}},"ast-content-background-meta":{"desktop":{"background-color":"var(--ast-global-color-4)","background-image":"","background-repeat":"repeat","background-position":"center center","background-size":"auto","background-attachment":"scroll","background-type":"","background-media":"","overlay-type":"","overlay-color":"","overlay-opacity":"","overlay-gradient":""},"tablet":{"background-color":"var(--ast-global-color-4)","background-image":"","background-repeat":"repeat","background-position":"center center","background-size":"auto","background-attachment":"scroll","background-type":"","background-media":"","overlay-type":"","overlay-color":"","overlay-opacity":"","overlay-gradient":""},"mobile":{"background-color":"var(--ast-global-color-4)","background-image":"","background-repeat":"repeat","background-position":"center center","background-size":"auto","background-attachment":"scroll","background-type":"","background-media":"","overlay-type":"","overlay-color":"","overlay-opacity":"","overlay-gradient":""}}},"product_brand":[],"product_cat":[72,91,41],"product_tag":[49],"class_list":{"0":"post-3705","1":"product","2":"type-product","3":"status-publish","4":"has-post-thumbnail","6":"product_cat-cosmetic-packaging","7":"product_cat-custom-perfume-bottles","8":"product_cat-perfume-bottles","9":"product_tag-perfume-bottles","10":"desktop-align-left","11":"tablet-align-left","12":"mobile-align-left","14":"first","15":"instock","16":"shipping-taxable","17":"product-type-simple"},"acf":[],"jetpack_sharing_enabled":true,"_links":{"self":[{"href":"https:\/\/theperfumebottles.com\/cs\/wp-json\/wp\/v2\/product\/3705","targetHints":{"allow":["GET"]}}],"collection":[{"href":"https:\/\/theperfumebottles.com\/cs\/wp-json\/wp\/v2\/product"}],"about":[{"href":"https:\/\/theperfumebottles.com\/cs\/wp-json\/wp\/v2\/types\/product"}],"replies":[{"embeddable":true,"href":"https:\/\/theperfumebottles.com\/cs\/wp-json\/wp\/v2\/comments?post=3705"}],"wp:featuredmedia":[{"embeddable":true,"href":"https:\/\/theperfumebottles.com\/cs\/wp-json\/wp\/v2\/media\/3739"}],"wp:attachment":[{"href":"https:\/\/theperfumebottles.com\/cs\/wp-json\/wp\/v2\/media?parent=3705"}],"wp:term":[{"taxonomy":"product_brand","embeddable":true,"href":"https:\/\/theperfumebottles.com\/cs\/wp-json\/wp\/v2\/product_brand?post=3705"},{"taxonomy":"product_cat","embeddable":true,"href":"https:\/\/theperfumebottles.com\/cs\/wp-json\/wp\/v2\/product_cat?post=3705"},{"taxonomy":"product_tag","embeddable":true,"href":"https:\/\/theperfumebottles.com\/cs\/wp-json\/wp\/v2\/product_tag?post=3705"}],"curies":[{"name":"wp","href":"https:\/\/api.w.org\/{rel}","templated":true}]}}