{"id":3752,"date":"2025-06-09T10:25:03","date_gmt":"2025-06-09T02:25:03","guid":{"rendered":"https:\/\/theperfumebottles.com\/?post_type=product&#038;p=3752"},"modified":"2025-09-05T12:01:54","modified_gmt":"2025-09-05T04:01:54","slug":"30ml-50ml-100ml-perfume-containers-wholesale","status":"publish","type":"product","link":"https:\/\/theperfumebottles.com\/cs\/produkt\/30ml-50ml-100ml-perfume-containers-wholesale\/","title":{"rendered":"Velkoobchodn\u00ed prodej n\u00e1dob na parf\u00e9my 30ml 50ml 100ml"},"content":{"rendered":"<p>Hled\u00e1te vzru\u0161uj\u00edc\u00ed velkoobchodn\u00ed balen\u00ed parf\u00e9m\u016f? Nab\u00edz\u00edme 30ml\/50ml\/100ml sklen\u011bn\u00e9 lahvi\u010dky s vysoce hodnotn\u00fdm nepropustn\u00fdm designem, od minimalistick\u00fdch a\u017e po luxusn\u00ed styly! Jako odborn\u00edci na velkoobchodn\u00ed prodej n\u00e1dobek na parf\u00e9my pou\u017e\u00edv\u00e1me profesion\u00e1ln\u00ed \u0159emesln\u00e9 zpracov\u00e1n\u00ed, abychom ochr\u00e1nili v\u00e1\u0161 sen o v\u016fni a u\u010dinili z va\u0161\u00ed lahvi\u010dky na parf\u00e9m hlavn\u00edho hrdinu v objektivu spot\u0159ebitele!<\/p>\n<h2>Kl\u00ed\u010dov\u00e9 specifikace<\/h2>\n<table style=\"border-collapse: collapseautomargin-left: auto; margin-right: auto; ;width: 80% margin-left:;\" border=\"0\" width=\"80%\" cellspacing=\"0\" cellpadding=\"0\">\n<tbody>\n<tr style=\"height: 13.50pt;\">\n<td style=\"height: 13.50pt; width: 105.75pt;\" width=\"141\" height=\"18\">Funkce<\/td>\n<td style=\"width: 261.75pt;\" width=\"349\">Popis<\/td>\n<\/tr>\n<tr style=\"height: 13.50pt;\">\n<td style=\"height: 13.50pt;\" height=\"18\">Modely<\/td>\n<td>PB-YZ1401 \/ PB-YZ1402 \/ PB-YZ1403<\/td>\n<\/tr>\n<tr style=\"height: 25.50pt;\">\n<td style=\"height: 25.50pt;\" height=\"34\">Kapacita<\/td>\n<td>30ml \/ 50ml \/ 100ml<\/td>\n<\/tr>\n<tr style=\"height: 13.50pt;\">\n<td style=\"height: 13.50pt;\" height=\"18\">Tvar<\/td>\n<td>V\u00e1lcov\u00fd<\/td>\n<\/tr>\n<tr style=\"height: 13.50pt;\">\n<td style=\"height: 13.50pt;\" height=\"18\">Rozm\u011bry<\/td>\n<td>32x98mm \/ 32x122mm \/ 40x167mm<\/td>\n<\/tr>\n<tr style=\"height: 13.50pt;\">\n<td style=\"height: 13.50pt;\" height=\"18\">Pr\u016fm\u011br krku<\/td>\n<td>18 mm<\/td>\n<\/tr>\n<tr style=\"height: 13.50pt;\">\n<td style=\"height: 13.50pt;\" height=\"18\">Typ uz\u00e1v\u011bru<\/td>\n<td>krkavice + hadi\u010dkov\u00fd pumpa<\/td>\n<\/tr>\n<tr style=\"height: 13.50pt;\">\n<td style=\"height: 13.50pt;\" height=\"18\">Materi\u00e1l<\/td>\n<td>K\u0159i\u0161\u0165\u00e1lov\u00e9 sklo<\/td>\n<\/tr>\n<tr style=\"height: 13.50pt;\">\n<td style=\"height: 13.50pt;\" height=\"18\">Barva v\u00ed\u010dka<\/td>\n<td>P\u0159izp\u016fsobiteln\u00e9<\/td>\n<\/tr>\n<tr style=\"height: 13.50pt;\">\n<td style=\"height: 13.50pt;\" height=\"18\">Ide\u00e1ln\u00ed pro<\/td>\n<td>Obaly na parf\u00e9my, v\u016fn\u011b a kosmetiku<\/td>\n<\/tr>\n<\/tbody>\n<\/table>\n<h2>\u00dasp\u011b\u0161n\u00fd p\u0159\u00edb\u011bh z re\u00e1ln\u00e9ho sv\u011bta<\/h2>\n<p>Butikov\u00e1 zna\u010dka parf\u00e9m\u016f v Kalifornii se chystala uv\u00e9st na trh svou prvn\u00ed unisexovou v\u016fni. Cht\u011bli n\u011bco elegantn\u00edho, ale ne p\u0159\u00edli\u0161 ok\u00e1zal\u00e9ho - n\u011bco, co by upoutalo pozornost b\u011bhem jejich d\u00e1rkov\u00e9 kampan\u011b pro influencery.Vybrali si model PB-YZ1401 (30 ml) se st\u0159\u00edbrn\u00fdm uz\u00e1v\u011brem a vlastn\u00edm grav\u00edrov\u00e1n\u00edm loga. Vytvo\u0159ili tak\u00e9 d\u00e1rkovou sadu se v\u0161emi t\u0159emi velikostmi. v\u00fdsledek? Jejich produkt se objevil na n\u011bkolika instagramov\u00fdch \u00fa\u010dtech s v\u00edce ne\u017e 100 tis\u00edci sleduj\u00edc\u00edmi. Z\u00e1kazn\u00edk\u016fm se l\u00edbil \u010dist\u00fd vzhled a pocit \"luxusu bez p\u0159ir\u00e1\u017eky\".<\/p>\n<p>Se\u010dteno a podtr\u017eeno: spr\u00e1vn\u00e1 sklen\u011bn\u00e1 lahvi\u010dka na parf\u00e9m jim pomohla z\u00edskat nadpr\u016fm\u011brnou kvalitu.<\/p>\n<h2>Tipy pro personalizaci va\u0161\u00ed zna\u010dky<\/h2>\n<p>Pokud chcete, aby va\u0161e v\u016fn\u011b vynikla:<\/p>\n<ul>\n<li>P\u0159idejte n\u00e1zev sv\u00e9 zna\u010dky nebo logo pomoc\u00ed laserov\u00e9ho grav\u00edrov\u00e1n\u00ed nebo s\u00edtotisku.<\/li>\n<li>Vyberte si jedine\u010dn\u00e9 barvy \u010depice, kter\u00e9 odpov\u00eddaj\u00ed palet\u011b va\u0161\u00ed zna\u010dky.<\/li>\n<li>Nab\u00eddn\u011bte cestovn\u00ed d\u00e1rkovou sadu se v\u0161emi t\u0159emi velikostmi - je ide\u00e1ln\u00ed pro odb\u011br vzork\u016f a navr\u00e1cen\u00ed z\u00e1kazn\u00edk\u016fm.<\/li>\n<\/ul>\n<p>&nbsp;<\/p>","protected":false},"excerpt":{"rendered":"<p>Objevte elegantn\u00ed velkoobchodn\u00ed n\u00e1doby na parf\u00e9my - ide\u00e1ln\u00ed pro jakoukoli lahvi\u010dku parf\u00e9mu. Ide\u00e1ln\u00ed pro kosmetick\u00e9 zna\u010dky, kter\u00e9 hledaj\u00ed stylov\u00e9 a barevn\u00e9 obaly.<\/p>","protected":false},"featured_media":3754,"comment_status":"closed","ping_status":"closed","template":"","meta":{"_acf_changed":false,"site-sidebar-layout":"default","site-content-layout":"","ast-site-content-layout":"default","site-content-style":"default","site-sidebar-style":"default","ast-global-header-display":"","ast-banner-title-visibility":"","ast-main-header-display":"","ast-hfb-above-header-display":"","ast-hfb-below-header-display":"","ast-hfb-mobile-header-display":"","site-post-title":"","ast-breadcrumbs-content":"","ast-featured-img":"","footer-sml-layout":"","ast-disable-related-posts":"","theme-transparent-header-meta":"default","adv-header-id-meta":"","stick-header-meta":"","header-above-stick-meta":"","header-main-stick-meta":"","header-below-stick-meta":"","astra-migrate-meta-layouts":"set","ast-page-background-enabled":"default","ast-page-background-meta":{"desktop":{"background-color":"var(--ast-global-color-5)","background-image":"","background-repeat":"repeat","background-position":"center center","background-size":"auto","background-attachment":"scroll","background-type":"","background-media":"","overlay-type":"","overlay-color":"","overlay-opacity":"","overlay-gradient":""},"tablet":{"background-color":"","background-image":"","background-repeat":"repeat","background-position":"center center","background-size":"auto","background-attachment":"scroll","background-type":"","background-media":"","overlay-type":"","overlay-color":"","overlay-opacity":"","overlay-gradient":""},"mobile":{"background-color":"","background-image":"","background-repeat":"repeat","background-position":"center center","background-size":"auto","background-attachment":"scroll","background-type":"","background-media":"","overlay-type":"","overlay-color":"","overlay-opacity":"","overlay-gradient":""}},"ast-content-background-meta":{"desktop":{"background-color":"var(--ast-global-color-4)","background-image":"","background-repeat":"repeat","background-position":"center center","background-size":"auto","background-attachment":"scroll","background-type":"","background-media":"","overlay-type":"","overlay-color":"","overlay-opacity":"","overlay-gradient":""},"tablet":{"background-color":"var(--ast-global-color-4)","background-image":"","background-repeat":"repeat","background-position":"center center","background-size":"auto","background-attachment":"scroll","background-type":"","background-media":"","overlay-type":"","overlay-color":"","overlay-opacity":"","overlay-gradient":""},"mobile":{"background-color":"var(--ast-global-color-4)","background-image":"","background-repeat":"repeat","background-position":"center center","background-size":"auto","background-attachment":"scroll","background-type":"","background-media":"","overlay-type":"","overlay-color":"","overlay-opacity":"","overlay-gradient":""}}},"product_brand":[],"product_cat":[72,91,41,37],"product_tag":[102,101],"class_list":{"0":"post-3752","1":"product","2":"type-product","3":"status-publish","4":"has-post-thumbnail","6":"product_cat-cosmetic-packaging","7":"product_cat-custom-perfume-bottles","8":"product_cat-perfume-bottles","9":"product_cat-uncategorized","10":"product_tag-bottle-of-perfume","11":"product_tag-perfume-containers-wholesale","12":"desktop-align-left","13":"tablet-align-left","14":"mobile-align-left","16":"first","17":"instock","18":"shipping-taxable","19":"product-type-simple"},"acf":[],"jetpack_sharing_enabled":true,"_links":{"self":[{"href":"https:\/\/theperfumebottles.com\/cs\/wp-json\/wp\/v2\/product\/3752","targetHints":{"allow":["GET"]}}],"collection":[{"href":"https:\/\/theperfumebottles.com\/cs\/wp-json\/wp\/v2\/product"}],"about":[{"href":"https:\/\/theperfumebottles.com\/cs\/wp-json\/wp\/v2\/types\/product"}],"replies":[{"embeddable":true,"href":"https:\/\/theperfumebottles.com\/cs\/wp-json\/wp\/v2\/comments?post=3752"}],"wp:featuredmedia":[{"embeddable":true,"href":"https:\/\/theperfumebottles.com\/cs\/wp-json\/wp\/v2\/media\/3754"}],"wp:attachment":[{"href":"https:\/\/theperfumebottles.com\/cs\/wp-json\/wp\/v2\/media?parent=3752"}],"wp:term":[{"taxonomy":"product_brand","embeddable":true,"href":"https:\/\/theperfumebottles.com\/cs\/wp-json\/wp\/v2\/product_brand?post=3752"},{"taxonomy":"product_cat","embeddable":true,"href":"https:\/\/theperfumebottles.com\/cs\/wp-json\/wp\/v2\/product_cat?post=3752"},{"taxonomy":"product_tag","embeddable":true,"href":"https:\/\/theperfumebottles.com\/cs\/wp-json\/wp\/v2\/product_tag?post=3752"}],"curies":[{"name":"wp","href":"https:\/\/api.w.org\/{rel}","templated":true}]}}