{"id":3850,"date":"2025-06-11T18:38:00","date_gmt":"2025-06-11T10:38:00","guid":{"rendered":"https:\/\/theperfumebottles.com\/?post_type=product&#038;p=3850"},"modified":"2025-06-17T09:24:16","modified_gmt":"2025-06-17T01:24:16","slug":"elegant-bottle-perfume-glass-for-wholesale","status":"publish","type":"product","link":"https:\/\/theperfumebottles.com\/cs\/produkt\/elegant-bottle-perfume-glass-for-wholesale\/","title":{"rendered":"30ml 50ml 100ml Elegantn\u00ed l\u00e1hev Parf\u00e9mov\u00e9 sklo pro velkoobchod"},"content":{"rendered":"<p>Hled\u00e1te velkoobchodn\u00ed prodej flakon\u016f na parf\u00e9my? Prozkoumejte na\u0161i pr\u00e9miovou kolekci sklen\u011bn\u00fdch lahvi\u010dek na parf\u00e9my \u2013 elegantn\u00ed, p\u0159izp\u016fsobiteln\u00e9 a ide\u00e1ln\u00ed pro zna\u010dky. K dispozici ve velikostech 30 ml, 50 ml a 100 ml s bezpe\u010dn\u00fdmi rozpra\u0161ovac\u00edmi pumpi\u010dkami. Odoln\u00e9, elegantn\u00ed a ide\u00e1ln\u00ed pro parf\u00e9my, kol\u00ednsk\u00e9 vody nebo esenci\u00e1ln\u00ed oleje. Skv\u011bl\u00e9 pro mal\u00e9 d\u00e1vky i velk\u00e9 objedn\u00e1vky.<\/p>\n<h2>Kl\u00ed\u010dov\u00e9 specifikace<\/h2>\n<table style=\"border-collapse: collapse;margin-left: auto;margin-right: auto;width: 80%\" border=\"0\" width=\"80%\" cellspacing=\"0\" cellpadding=\"0\">\n<tbody>\n<tr style=\"height: 13.50pt\">\n<td style=\"height: 13.50pt;width: 101.25pt\" width=\"135\" height=\"18\">Model<\/td>\n<td style=\"width: 77.25pt\" width=\"103\">Kapacita<\/td>\n<td style=\"width: 114.75pt\" width=\"153\">Rozm\u011bry (mm)<\/td>\n<td style=\"width: 161.25pt\" width=\"215\">Typ uz\u00e1v\u011bru<\/td>\n<td style=\"width: 98.25pt\" width=\"131\">Materi\u00e1l<\/td>\n<td style=\"width: 99.00pt\" width=\"132\">Mo\u017enosti barev<\/td>\n<\/tr>\n<tr style=\"height: 13.50pt\">\n<td style=\"height: 13.50pt\" height=\"18\">PB-YZ1501<\/td>\n<td>30 ml<\/td>\n<td>36 \u00d7 72<\/td>\n<td>Krimpovac\u00ed krk + rozpra\u0161ova\u010d<\/td>\n<td>K\u0159i\u0161\u0165\u00e1lov\u00e9 sklo<\/td>\n<td>P\u0159izp\u016fsobiteln\u00e9<\/td>\n<\/tr>\n<tr style=\"height: 13.50pt\">\n<td style=\"height: 13.50pt\" height=\"18\">PB-YZ1502<\/td>\n<td>50 ml<\/td>\n<td>43,5 \u00d7 85<\/td>\n<td>Krimpovac\u00ed krk + rozpra\u0161ova\u010d<\/td>\n<td>K\u0159i\u0161\u0165\u00e1lov\u00e9 sklo<\/td>\n<td>P\u0159izp\u016fsobiteln\u00e9<\/td>\n<\/tr>\n<tr style=\"height: 13.50pt\">\n<td style=\"height: 13.50pt\" height=\"18\">PB-YZ1503<\/td>\n<td>100 ml<\/td>\n<td>51,4 \u00d7 100<\/td>\n<td>Krimpovac\u00ed krk + rozpra\u0161ova\u010d<\/td>\n<td>K\u0159i\u0161\u0165\u00e1lov\u00e9 sklo<\/td>\n<td>P\u0159izp\u016fsobiteln\u00e9<\/td>\n<\/tr>\n<\/tbody>\n<\/table>\n<h2>Skute\u010dn\u00fd p\u0159\u00edb\u011bh \u00fasp\u011bchu<\/h2>\n<p>Butikov\u00e1 zna\u010dka parf\u00e9m\u016f ve Francii se p\u0159ipravovala na uveden\u00ed sv\u00e9 prvn\u00ed unisex v\u016fn\u011b. Cht\u011bli minimalistick\u00fd, ale z\u00e1rove\u0148 luxusn\u00ed vzhled, kter\u00fd by v reg\u00e1lech vynikal. Vybrali si na\u0161i 50ml sklen\u011bnou lahvi\u010dku na parf\u00e9m s tmav\u011b modrou povrchovou \u00fapravou a zlat\u00fdm atomiz\u00e9rem. V\u00fdsledek? Produkt se b\u011bhem n\u011bkolika t\u00fddn\u016f dostal na n\u011bkolik seznam\u016f \u201eTop 10\u201c a z\u00e1kazn\u00edci chv\u00e1lili elegantn\u00ed design a snadn\u00e9 pou\u017eit\u00ed. \u201eHledali jsme v\u0161ude mo\u017en\u011b ten spr\u00e1vn\u00fd obal na parf\u00e9m,\u201c \u0159ekla zakladatelka. \u201eTato sklen\u011bn\u00e1 lahvi\u010dka na parf\u00e9m n\u00e1m dala p\u0159esn\u011b to, co jsme hledali \u2013 styl, kvalitu a hodnotu.\u201c<\/p>\n<h2>Tipy pro personalizaci va\u0161\u00ed zna\u010dky<\/h2>\n<p>Chcete, aby v\u00e1\u0161 parf\u00e9m upoutal pozornost a p\u016fsobil exkluzivn\u011b? Zde je n\u00e1vod, jak co nejl\u00e9pe vyu\u017e\u00edt na\u0161e lahvi\u010dky:<\/p>\n<ul>\n<li><strong>Shoda zna\u010dek:<\/strong> P\u0159izp\u016fsobte si barvu tak, aby odr\u00e1\u017eela t\u00f3n va\u0161\u00ed zna\u010dky \u2013 zva\u017ete jemn\u00e9 pastelov\u00e9 barvy pro p\u0159irozen\u00e9 linie nebo v\u00fdrazn\u00e9 odst\u00edny pro v\u00fdrazn\u00e9 v\u016fn\u011b.<\/li>\n<li><strong>Tvar vhodn\u00fd pro popisky:<\/strong> V\u00e1lcov\u00fd design se skv\u011ble hod\u00ed k etiket\u00e1m po obvodu nebo k vertik\u00e1ln\u00edmu um\u00edst\u011bn\u00ed \u2013 zachov\u00e1v\u00e1 tak \u010dist\u00fd a elegantn\u00ed vzhled.<\/li>\n<li><strong>Spr\u00e1vn\u00e1 velikost:<\/strong> Pro cestovn\u00ed kolekce pou\u017eijte 50ml variantu a pro pr\u00e9miov\u00e9 d\u00e1rkov\u00e9 sady 100ml verzi.<\/li>\n<li><strong>P\u00e1rov\u00e1n\u00ed s balen\u00edm:<\/strong> Kombinujte s magnetick\u00fdmi krabi\u010dkami nebo speci\u00e1ln\u00edmi vlo\u017ekami pro je\u0161t\u011b lep\u0161\u00ed z\u00e1\u017eitek z rozbalov\u00e1n\u00ed.<\/li>\n<\/ul>\n<h2>V\u00e1\u0161 ide\u00e1ln\u00ed partner pro balen\u00ed parf\u00e9m\u016f<\/h2>\n<p>A\u0165 u\u017e uv\u00e1d\u00edte na trh specializovanou ru\u010dn\u011b vyr\u00e1b\u011bnou s\u00e9rii v\u016fn\u00ed, nebo pl\u00e1nujete rozs\u00e1hl\u00fd start, m\u00e1me dostatek zku\u0161enost\u00ed, profesion\u00e1ln\u00ed technologie a spoustu nad\u0161en\u00ed, abychom v\u00e1m pomohli prom\u011bnit va\u0161e n\u00e1pady ve skute\u010dnost.<\/p>\n<p>Poj\u010fme spole\u010dn\u011b vytvo\u0159it p\u016fsobiv\u00fd parf\u00e9mov\u00fd z\u00e1\u017eitek. Koneckonc\u016f, ka\u017ed\u00fd flakon parf\u00e9mu vypr\u00e1v\u00ed p\u0159\u00edb\u011bh a dobr\u00fd obal je jeho nejdojemn\u011bj\u0161\u00edm obalem.<\/p>","protected":false},"excerpt":{"rendered":"<p>Vysoce kvalitn\u00ed sklo na parf\u00e9my dostupn\u00e9 ve velkoobchodn\u00edm balen\u00ed. Ide\u00e1ln\u00ed pro zna\u010dky, maloobchodn\u00edky a zak\u00e1zkov\u00e9 balen\u00ed v\u016fn\u00ed.<\/p>","protected":false},"featured_media":3981,"comment_status":"open","ping_status":"closed","template":"","meta":{"_acf_changed":false,"site-sidebar-layout":"default","site-content-layout":"","ast-site-content-layout":"default","site-content-style":"default","site-sidebar-style":"default","ast-global-header-display":"","ast-banner-title-visibility":"","ast-main-header-display":"","ast-hfb-above-header-display":"","ast-hfb-below-header-display":"","ast-hfb-mobile-header-display":"","site-post-title":"","ast-breadcrumbs-content":"","ast-featured-img":"","footer-sml-layout":"","ast-disable-related-posts":"","theme-transparent-header-meta":"default","adv-header-id-meta":"","stick-header-meta":"","header-above-stick-meta":"","header-main-stick-meta":"","header-below-stick-meta":"","astra-migrate-meta-layouts":"set","ast-page-background-enabled":"default","ast-page-background-meta":{"desktop":{"background-color":"var(--ast-global-color-5)","background-image":"","background-repeat":"repeat","background-position":"center center","background-size":"auto","background-attachment":"scroll","background-type":"","background-media":"","overlay-type":"","overlay-color":"","overlay-opacity":"","overlay-gradient":""},"tablet":{"background-color":"","background-image":"","background-repeat":"repeat","background-position":"center center","background-size":"auto","background-attachment":"scroll","background-type":"","background-media":"","overlay-type":"","overlay-color":"","overlay-opacity":"","overlay-gradient":""},"mobile":{"background-color":"","background-image":"","background-repeat":"repeat","background-position":"center center","background-size":"auto","background-attachment":"scroll","background-type":"","background-media":"","overlay-type":"","overlay-color":"","overlay-opacity":"","overlay-gradient":""}},"ast-content-background-meta":{"desktop":{"background-color":"var(--ast-global-color-4)","background-image":"","background-repeat":"repeat","background-position":"center center","background-size":"auto","background-attachment":"scroll","background-type":"","background-media":"","overlay-type":"","overlay-color":"","overlay-opacity":"","overlay-gradient":""},"tablet":{"background-color":"var(--ast-global-color-4)","background-image":"","background-repeat":"repeat","background-position":"center center","background-size":"auto","background-attachment":"scroll","background-type":"","background-media":"","overlay-type":"","overlay-color":"","overlay-opacity":"","overlay-gradient":""},"mobile":{"background-color":"var(--ast-global-color-4)","background-image":"","background-repeat":"repeat","background-position":"center center","background-size":"auto","background-attachment":"scroll","background-type":"","background-media":"","overlay-type":"","overlay-color":"","overlay-opacity":"","overlay-gradient":""}}},"product_brand":[],"product_cat":[72,91,41],"product_tag":[89],"class_list":{"0":"post-3850","1":"product","2":"type-product","3":"status-publish","4":"has-post-thumbnail","6":"product_cat-cosmetic-packaging","7":"product_cat-custom-perfume-bottles","8":"product_cat-perfume-bottles","9":"product_tag-perfume-bottle","10":"desktop-align-left","11":"tablet-align-left","12":"mobile-align-left","14":"first","15":"instock","16":"shipping-taxable","17":"product-type-simple"},"acf":[],"jetpack_sharing_enabled":true,"_links":{"self":[{"href":"https:\/\/theperfumebottles.com\/cs\/wp-json\/wp\/v2\/product\/3850","targetHints":{"allow":["GET"]}}],"collection":[{"href":"https:\/\/theperfumebottles.com\/cs\/wp-json\/wp\/v2\/product"}],"about":[{"href":"https:\/\/theperfumebottles.com\/cs\/wp-json\/wp\/v2\/types\/product"}],"replies":[{"embeddable":true,"href":"https:\/\/theperfumebottles.com\/cs\/wp-json\/wp\/v2\/comments?post=3850"}],"wp:featuredmedia":[{"embeddable":true,"href":"https:\/\/theperfumebottles.com\/cs\/wp-json\/wp\/v2\/media\/3981"}],"wp:attachment":[{"href":"https:\/\/theperfumebottles.com\/cs\/wp-json\/wp\/v2\/media?parent=3850"}],"wp:term":[{"taxonomy":"product_brand","embeddable":true,"href":"https:\/\/theperfumebottles.com\/cs\/wp-json\/wp\/v2\/product_brand?post=3850"},{"taxonomy":"product_cat","embeddable":true,"href":"https:\/\/theperfumebottles.com\/cs\/wp-json\/wp\/v2\/product_cat?post=3850"},{"taxonomy":"product_tag","embeddable":true,"href":"https:\/\/theperfumebottles.com\/cs\/wp-json\/wp\/v2\/product_tag?post=3850"}],"curies":[{"name":"wp","href":"https:\/\/api.w.org\/{rel}","templated":true}]}}