{"id":3897,"date":"2025-06-13T17:04:32","date_gmt":"2025-06-13T09:04:32","guid":{"rendered":"https:\/\/theperfumebottles.com\/?post_type=product&#038;p=3897"},"modified":"2025-06-17T09:38:58","modified_gmt":"2025-06-17T01:38:58","slug":"elegant-perfume-beautiful-bottle-with-glass-design","status":"publish","type":"product","link":"https:\/\/theperfumebottles.com\/cs\/produkt\/elegant-perfume-beautiful-bottle-with-glass-design\/","title":{"rendered":"50ml 100ml Elegantn\u00ed parf\u00e9m Kr\u00e1sn\u00e1 lahvi\u010dka se sklen\u011bn\u00fdm designem"},"content":{"rendered":"<p>Pokud hled\u00e1te kr\u00e1sn\u00fd flakon na parf\u00e9m, kter\u00fd spojuje nad\u010dasovou eleganci s modern\u00ed prakti\u010dnost\u00ed, tyto sklen\u011bn\u00e9 flakony na parf\u00e9m jsou p\u0159esn\u011b to, co pot\u0159ebujete. A\u0165 u\u017e uv\u00e1d\u00edte na trh novou \u0159adu v\u016fn\u00ed, nebo modernizujete st\u00e1vaj\u00edc\u00ed balen\u00ed, tyto lahvi\u010dky mohou vylep\u0161it image va\u0161\u00ed zna\u010dky.<\/p>\n<h2>Kl\u00ed\u010dov\u00e9 specifikace<\/h2>\n<table style=\"border-collapse: collapse;margin-left: auto;margin-right: auto;width: 80%\" border=\"0\" width=\"80%\" cellspacing=\"0\" cellpadding=\"0\">\n<tbody>\n<tr style=\"height: 13.50pt\">\n<td style=\"height: 13.50pt;width: 81.00pt\" width=\"108\" height=\"18\">Model<\/td>\n<td style=\"width: 70.50pt\" width=\"94\">Kapacita<\/td>\n<td style=\"width: 93.00pt\" width=\"124\">Tvar<\/td>\n<td style=\"width: 102.00pt\" width=\"136\">Rozm\u011bry (mm)<\/td>\n<td style=\"width: 102.75pt\" width=\"137\">Pr\u016fm\u011br krku<\/td>\n<td style=\"width: 193.50pt\" width=\"258\">Metoda t\u011bsn\u011bn\u00ed<\/td>\n<td style=\"width: 105.75pt\" width=\"141\">Materi\u00e1l<\/td>\n<td style=\"width: 104.25pt\" width=\"139\">Barva<\/td>\n<\/tr>\n<tr style=\"height: 13.50pt\">\n<td style=\"height: 13.50pt\" height=\"18\">PB-YZ1604<\/td>\n<td>50 ml<\/td>\n<td>V\u00e1lcov\u00fd<\/td>\n<td>37 \u00d7 98<\/td>\n<td>15 mm<\/td>\n<td>Krimpovac\u00ed krk + rozpra\u0161ova\u010d<\/td>\n<td>K\u0159i\u0161\u0165\u00e1lov\u00e9 sklo<\/td>\n<td>P\u0159izp\u016fsobiteln\u00e9<\/td>\n<\/tr>\n<tr style=\"height: 13.50pt\">\n<td style=\"height: 13.50pt\" height=\"18\">PB-YZ1605<\/td>\n<td>50 ml<\/td>\n<td>V\u00e1lcov\u00fd<\/td>\n<td>32 \u00d7 137<\/td>\n<td>15 mm<\/td>\n<td>Krimpovac\u00ed krk + rozpra\u0161ova\u010d<\/td>\n<td>K\u0159i\u0161\u0165\u00e1lov\u00e9 sklo<\/td>\n<td>P\u0159izp\u016fsobiteln\u00e9<\/td>\n<\/tr>\n<tr style=\"height: 13.50pt\">\n<td style=\"height: 13.50pt\" height=\"18\">PB-YZ1606<\/td>\n<td>100 ml<\/td>\n<td>V\u00e1lcov\u00fd<\/td>\n<td>39 \u00d7 159<\/td>\n<td>15 mm<\/td>\n<td>Krimpovac\u00ed krk + rozpra\u0161ova\u010d<\/td>\n<td>K\u0159i\u0161\u0165\u00e1lov\u00e9 sklo<\/td>\n<td>P\u0159izp\u016fsobiteln\u00e9<\/td>\n<\/tr>\n<\/tbody>\n<\/table>\n<h2>Skute\u010dn\u00e1 p\u0159\u00edpadov\u00e1 studie<\/h2>\n<p>Pa\u0159\u00ed\u017esk\u00e1 butikov\u00e1 zna\u010dka parf\u00e9m\u016f uvedla na trh svou charakteristickou unisexovou v\u016fni s t\u00edmto kr\u00e1sn\u00fdm flakonem. Zvolili jemn\u00fd levandulov\u00fd odst\u00edn, kter\u00fd spojili s brou\u0161en\u00fdm st\u0159\u00edbrn\u00fdm uz\u00e1v\u011brem flakonu a minim\u00e1ln\u00edm logem zna\u010dky. V\u00fdsledek? Jejich produkt vynikl na reg\u00e1lu, vzbudil pozornost online a b\u011bhem n\u011bkolika m\u011bs\u00edc\u016f zaznamenal 40% n\u00e1r\u016fst velkoobchodn\u00edch objedn\u00e1vek.<\/p>\n<h2>Tipy pro vytvo\u0159en\u00ed vlastn\u00edho flakonu parf\u00e9mu<\/h2>\n<ul>\n<li><strong>P\u0159izp\u016fsoben\u00ed barev:<\/strong> Zvolte barvu lahvi\u010dky podle v\u016fn\u011b (nap\u0159\u00edklad jemn\u011b r\u016f\u017eovou pro kv\u011btinovou v\u016fni a tmav\u011b hn\u011bdou pro d\u0159evitou v\u016fni), aby vzhled a v\u016fn\u011b l\u00e9pe ladily.<\/li>\n<li><strong>Logo zna\u010dky:<\/strong> LOGO m\u016f\u017eete na l\u00e1hev vytisknout s\u00edtotiskem nebo vygrav\u00edrovat laserem, abyste zv\u00fd\u0161ili rozpoznatelnost zna\u010dky.<\/li>\n<li><strong>Podrobnosti o materi\u00e1lu:<\/strong> Pro zv\u00fd\u0161en\u00ed pocitu luxusu zvolte matn\u00e9\/elektrolyticky pokoven\u00e9 uz\u00e1v\u011bry lahv\u00ed a etikety s kovovou texturou.<\/li>\n<li><strong>Ekologick\u00fd obal:<\/strong> Shodujte se s recyklovateln\u00fdmi pap\u00edrov\u00fdmi krabicemi + p\u0159izp\u016fsobenou pod\u0161\u00edvkou, abyste vytvo\u0159ili zelenou image zna\u010dky.<\/li>\n<li><strong>Podpora hromadn\u00e9ho p\u0159izp\u016fsoben\u00ed:<\/strong> Podpora velk\u00fdch objedn\u00e1vek a slu\u017eeb OEM, lep\u0161\u00ed ceny a stabiln\u00ed dod\u00e1vky.<\/li>\n<\/ul>\n<h2>Pro\u010d si vybrat Minghang jako v\u00fdrobce parf\u00e9m\u016f?<\/h2>\n<p>V\u00fdb\u011br spole\u010dnosti Minghang znamen\u00e1 v\u00fdb\u011br komplexn\u00edho v\u00fdrobce parf\u00e9m\u016f, kter\u00fd kombinuje profesion\u00e1ln\u00ed s\u00edlu, zaji\u0161t\u011bn\u00ed kvality a flexibiln\u00ed p\u0159izp\u016fsoben\u00ed. Rozum\u00edme pot\u0159eb\u00e1m zna\u010dek a rytmu trhu. Nejen\u017ee poskytujeme kompletn\u00ed procesn\u00ed slu\u017eby od n\u00e1vrhu a\u017e po v\u00fdrobu, ale tak\u00e9 pou\u017e\u00edv\u00e1me materi\u00e1ly \u0161etrn\u00e9 k \u017eivotn\u00edmu prost\u0159ed\u00ed, p\u0159\u00edsnou kontrolu kvality a konkurenceschopn\u00e9 velkoobchodn\u00ed ceny, abychom v\u00e1m pomohli efektivn\u011b vytv\u00e1\u0159et jedine\u010dn\u00e9 vo\u0148av\u00e9 produkty a nechali va\u0161i zna\u010dku vyniknout na trhu.<\/p>","protected":false},"excerpt":{"rendered":"<p>Kr\u00e1sn\u00e1 lahvi\u010dka na parf\u00e9m vyroben\u00e1 z prvot\u0159\u00eddn\u00edho parf\u00e9mov\u00e9ho skla. Stylov\u00fd design 100 ml, d\u00e1rkov\u00e9 nebo velkoobchodn\u00ed balen\u00ed v\u016fn\u011b.<\/p>","protected":false},"featured_media":3903,"comment_status":"open","ping_status":"closed","template":"","meta":{"_acf_changed":false,"site-sidebar-layout":"default","site-content-layout":"","ast-site-content-layout":"default","site-content-style":"default","site-sidebar-style":"default","ast-global-header-display":"","ast-banner-title-visibility":"","ast-main-header-display":"","ast-hfb-above-header-display":"","ast-hfb-below-header-display":"","ast-hfb-mobile-header-display":"","site-post-title":"","ast-breadcrumbs-content":"","ast-featured-img":"","footer-sml-layout":"","ast-disable-related-posts":"","theme-transparent-header-meta":"default","adv-header-id-meta":"","stick-header-meta":"","header-above-stick-meta":"","header-main-stick-meta":"","header-below-stick-meta":"","astra-migrate-meta-layouts":"set","ast-page-background-enabled":"default","ast-page-background-meta":{"desktop":{"background-color":"var(--ast-global-color-5)","background-image":"","background-repeat":"repeat","background-position":"center center","background-size":"auto","background-attachment":"scroll","background-type":"","background-media":"","overlay-type":"","overlay-color":"","overlay-opacity":"","overlay-gradient":""},"tablet":{"background-color":"","background-image":"","background-repeat":"repeat","background-position":"center center","background-size":"auto","background-attachment":"scroll","background-type":"","background-media":"","overlay-type":"","overlay-color":"","overlay-opacity":"","overlay-gradient":""},"mobile":{"background-color":"","background-image":"","background-repeat":"repeat","background-position":"center center","background-size":"auto","background-attachment":"scroll","background-type":"","background-media":"","overlay-type":"","overlay-color":"","overlay-opacity":"","overlay-gradient":""}},"ast-content-background-meta":{"desktop":{"background-color":"var(--ast-global-color-4)","background-image":"","background-repeat":"repeat","background-position":"center center","background-size":"auto","background-attachment":"scroll","background-type":"","background-media":"","overlay-type":"","overlay-color":"","overlay-opacity":"","overlay-gradient":""},"tablet":{"background-color":"var(--ast-global-color-4)","background-image":"","background-repeat":"repeat","background-position":"center center","background-size":"auto","background-attachment":"scroll","background-type":"","background-media":"","overlay-type":"","overlay-color":"","overlay-opacity":"","overlay-gradient":""},"mobile":{"background-color":"var(--ast-global-color-4)","background-image":"","background-repeat":"repeat","background-position":"center center","background-size":"auto","background-attachment":"scroll","background-type":"","background-media":"","overlay-type":"","overlay-color":"","overlay-opacity":"","overlay-gradient":""}}},"product_brand":[],"product_cat":[72,91,41],"product_tag":[49],"class_list":{"0":"post-3897","1":"product","2":"type-product","3":"status-publish","4":"has-post-thumbnail","6":"product_cat-cosmetic-packaging","7":"product_cat-custom-perfume-bottles","8":"product_cat-perfume-bottles","9":"product_tag-perfume-bottles","10":"desktop-align-left","11":"tablet-align-left","12":"mobile-align-left","14":"first","15":"instock","16":"shipping-taxable","17":"product-type-simple"},"acf":[],"jetpack_sharing_enabled":true,"_links":{"self":[{"href":"https:\/\/theperfumebottles.com\/cs\/wp-json\/wp\/v2\/product\/3897","targetHints":{"allow":["GET"]}}],"collection":[{"href":"https:\/\/theperfumebottles.com\/cs\/wp-json\/wp\/v2\/product"}],"about":[{"href":"https:\/\/theperfumebottles.com\/cs\/wp-json\/wp\/v2\/types\/product"}],"replies":[{"embeddable":true,"href":"https:\/\/theperfumebottles.com\/cs\/wp-json\/wp\/v2\/comments?post=3897"}],"wp:featuredmedia":[{"embeddable":true,"href":"https:\/\/theperfumebottles.com\/cs\/wp-json\/wp\/v2\/media\/3903"}],"wp:attachment":[{"href":"https:\/\/theperfumebottles.com\/cs\/wp-json\/wp\/v2\/media?parent=3897"}],"wp:term":[{"taxonomy":"product_brand","embeddable":true,"href":"https:\/\/theperfumebottles.com\/cs\/wp-json\/wp\/v2\/product_brand?post=3897"},{"taxonomy":"product_cat","embeddable":true,"href":"https:\/\/theperfumebottles.com\/cs\/wp-json\/wp\/v2\/product_cat?post=3897"},{"taxonomy":"product_tag","embeddable":true,"href":"https:\/\/theperfumebottles.com\/cs\/wp-json\/wp\/v2\/product_tag?post=3897"}],"curies":[{"name":"wp","href":"https:\/\/api.w.org\/{rel}","templated":true}]}}