{"id":3939,"date":"2025-06-16T18:01:47","date_gmt":"2025-06-16T10:01:47","guid":{"rendered":"https:\/\/theperfumebottles.com\/?post_type=product&#038;p=3939"},"modified":"2025-06-16T18:01:48","modified_gmt":"2025-06-16T10:01:48","slug":"wholesale-miniature-perfume-bottles-custom-perfume-bottle-mini","status":"publish","type":"product","link":"https:\/\/theperfumebottles.com\/cs\/produkt\/wholesale-miniature-perfume-bottles-custom-perfume-bottle-mini\/","title":{"rendered":"Miniaturn\u00ed lahvi\u010dky na parf\u00e9my 15ml 20ml 30ml | Miniaturn\u00ed lahvi\u010dky na parf\u00e9my na m\u00edru"},"content":{"rendered":"<p>Chcete sv\u00fdm z\u00e1kazn\u00edk\u016fm p\u0159in\u00e9st luxusn\u00ed a p\u0159enosn\u00fd z\u00e1\u017eitek z v\u016fn\u011b? Na\u0161e miniaturn\u00ed lahvi\u010dky na parf\u00e9my jsou perfektn\u00ed! Miniaturn\u00ed lahvi\u010dka na parf\u00e9m je elegantn\u00ed i praktick\u00e1 a dod\u00e1v\u00e1 modern\u00ed n\u00e1dech obalu zna\u010dky.<\/p>\n<h2>Kl\u00ed\u010dov\u00e9 specifikace<\/h2>\n<table style=\"border-collapse: collapse; margin-left: auto; margin-right: auto; width: 80%;\" border=\"0\" width=\"80%\" cellspacing=\"0\" cellpadding=\"0\">\n<tbody>\n<tr style=\"height: 13.50pt;\">\n<td style=\"height: 13.50pt; width: 99.75pt;\" width=\"133\" height=\"18\">Funkce<\/td>\n<td style=\"width: 262.50pt;\" width=\"350\">Popis<\/td>\n<\/tr>\n<tr style=\"height: 13.50pt;\">\n<td style=\"height: 13.50pt;\" height=\"18\">Modely<\/td>\n<td>PB-YZ1601 \/ PB-YZ1602 \/ PB-YZ1603<\/td>\n<\/tr>\n<tr style=\"height: 13.50pt;\">\n<td style=\"height: 13.50pt;\" height=\"18\">Kapacita<\/td>\n<td>15ml \/ 20ml \/ 30ml<\/td>\n<\/tr>\n<tr style=\"height: 13.50pt;\">\n<td style=\"height: 13.50pt;\" height=\"18\">Tvar<\/td>\n<td>V\u00e1lcov\u00fd<\/td>\n<\/tr>\n<tr style=\"height: 13.50pt;\">\n<td style=\"height: 13.50pt;\" height=\"18\">Rozm\u011bry<\/td>\n<td>25x84mm \/ 29x67mm \/ 33x98mm<\/td>\n<\/tr>\n<tr style=\"height: 13.50pt;\">\n<td style=\"height: 13.50pt;\" height=\"18\">Pr\u016fm\u011br krku<\/td>\n<td>15mm<\/td>\n<\/tr>\n<tr style=\"height: 13.50pt;\">\n<td style=\"height: 13.50pt;\" height=\"18\">Typ uz\u00e1v\u011bru<\/td>\n<td>Krimpovac\u00ed hrdlo + st\u0159\u00edkac\u00ed \u010derpadlo<\/td>\n<\/tr>\n<tr style=\"height: 13.50pt;\">\n<td style=\"height: 13.50pt;\" height=\"18\">Materi\u00e1l<\/td>\n<td>K\u0159i\u0161\u0165\u00e1lov\u00e9 sklo<\/td>\n<\/tr>\n<tr style=\"height: 13.50pt;\">\n<td style=\"height: 13.50pt;\" height=\"18\">Barva v\u00ed\u010dka<\/td>\n<td>Matn\u00e1 \u010dern\u00e1, st\u0159\u00edbrn\u00e1, zlat\u00e1, \u010dir\u00fd akryl<\/td>\n<\/tr>\n<tr style=\"height: 13.50pt;\">\n<td style=\"height: 13.50pt;\" height=\"18\">Ide\u00e1ln\u00ed pro<\/td>\n<td>Vzorky v\u016fn\u00ed, cestovn\u00ed parf\u00e9my<\/td>\n<\/tr>\n<\/tbody>\n<\/table>\n<h2><strong>Skute\u010dn\u00fd p\u0159\u00edpad je velmi p\u0159esv\u011bd\u010div\u00fd:<\/strong><\/h2>\n<p>Butikov\u00e1 zna\u010dka parf\u00e9m\u016f pou\u017eila na\u0161i tmav\u011b kobaltov\u011b modrou 30ml v\u016fni PB-YZ1603 se zlat\u00fdm uz\u00e1v\u011brem a n\u00e1pisem zna\u010dky k v\u00fdrob\u011b d\u00e1rkov\u00fdch sad pro influencery a VIP osoby a influencersk\u00fd marketing se stal hitem! V\u0161ichni ji chv\u00e1l\u00ed, jak dob\u0159e vypad\u00e1 a snadno se nos\u00ed.<\/p>\n<h2>Tipy pro personalizaci va\u0161\u00ed zna\u010dky<\/h2>\n<p>Pokud chcete, aby va\u0161e v\u016fn\u011b vynikla, mus\u00ed v\u00e1\u0161 obal d\u011blat v\u00edc ne\u017e jen udr\u017eet v\u016fni \u2013 mus\u00ed vypr\u00e1v\u011bt p\u0159\u00edb\u011bh, zaujmout a vzbudit zv\u011bdavost.<\/p>\n<ul>\n<li><strong>Um\u00edst\u011bte svou zna\u010dku do pop\u0159ed\u00ed:<\/strong> P\u0159idejte sv\u00e9 logo nebo jm\u00e9no pomoc\u00ed laserov\u00e9ho grav\u00edrov\u00e1n\u00ed nebo s\u00edtotisku. Nen\u00ed to jen dekorace \u2013 je to va\u0161e zna\u010dka. P\u0159edstavte si to jako podpis sv\u00e9ho jm\u00e9na na mistrovsk\u00e9m d\u00edle.<\/li>\n<li><strong>O\u017eivte v\u011bci barvami v\u00ed\u010dek:<\/strong> Kdo \u0159\u00edk\u00e1, \u017ee v\u00ed\u010dka mus\u00ed b\u00fdt nudn\u00e1? Pokud milujete elegantn\u00ed minimalistick\u00fd vzhled, zvolte matn\u011b \u010dernou \u2013 nebo pro dosa\u017een\u00ed luxusn\u00edho vzhledu vsa\u010fte na r\u016f\u017eovo-zlatou. \u0160petka barvy m\u016f\u017ee zcela zm\u011bnit vzhled va\u0161\u00ed lahvi\u010dky.<\/li>\n<li><strong>Myslete nad r\u00e1mec jedn\u00e9 velikosti:<\/strong> Sm\u00edchejte 15 ml, 20 ml a 30 ml v d\u00e1rkov\u00e9 kolekci. Je ide\u00e1ln\u00ed pro ochutn\u00e1vky, cesty, v\u00e1no\u010dn\u00ed d\u00e1rky nebo bal\u00ed\u010dky pro influencery. A up\u0159\u00edmn\u011b? Lid\u00e9 miluj\u00ed mo\u017enosti.<\/li>\n<\/ul>\n<h2>Z\u00e1v\u011br<\/h2>\n<p>V\u00fdb\u011br flakonu na parf\u00e9m nen\u00ed tak jednoduch\u00fd jako v\u00fdb\u011br n\u00e1doby. Je to jednozna\u010dn\u011b \u201eoble\u010den\u00ed\u201c zna\u010dky. A\u0165 u\u017e se jedn\u00e1 o 15ml zku\u0161ebn\u00ed verzi nebo 30ml maloobchodn\u00ed verzi, ka\u017ed\u00fd detail skr\u00fdv\u00e1 drobn\u00e9 my\u0161lenky zna\u010dky. Na\u0161e mini lahvi\u010dka na parf\u00e9m je vyrobena z odoln\u00e9ho sklen\u011bn\u00e9ho materi\u00e1lu a m\u00e1 p\u011bkn\u00fd design, aby v\u00e1\u0161 parf\u00e9m co nejv\u00edce upoutal pozornost. D\u00edky mnoha mo\u017enostem p\u0159izp\u016fsoben\u00ed si m\u016f\u017eete nejen vybrat tu spr\u00e1vnou lahvi\u010dku, ale tak\u00e9 nechat parf\u00e9m skute\u010dn\u011b \u201evyr\u016fst\u201c do podoby, jakou by zna\u010dka m\u011bla vypadat. Poj\u010fme si promluvit o tom, jak prom\u011bnit va\u0161e n\u00e1pady ve skute\u010dnost \u2013 za\u010dn\u011bte s na m\u00edru vyroben\u00fdm sklen\u011bn\u00fdm flakonem na parf\u00e9m a pomalu vylep\u0161ujte kouzlo sv\u00e9 zna\u010dky.<\/p>","protected":false},"excerpt":{"rendered":"<p>Objevte vysoce kvalitn\u00ed miniaturn\u00ed flakony na parf\u00e9my a zak\u00e1zkov\u00e9 miniaturn\u00ed flakony na parf\u00e9my \u2013 ide\u00e1ln\u00ed na cesty, ochutn\u00e1vky nebo luxusn\u00ed balen\u00ed v\u016fn\u00ed.<\/p>","protected":false},"featured_media":3901,"comment_status":"open","ping_status":"closed","template":"","meta":{"_acf_changed":false,"site-sidebar-layout":"default","site-content-layout":"","ast-site-content-layout":"default","site-content-style":"default","site-sidebar-style":"default","ast-global-header-display":"","ast-banner-title-visibility":"","ast-main-header-display":"","ast-hfb-above-header-display":"","ast-hfb-below-header-display":"","ast-hfb-mobile-header-display":"","site-post-title":"","ast-breadcrumbs-content":"","ast-featured-img":"","footer-sml-layout":"","ast-disable-related-posts":"","theme-transparent-header-meta":"default","adv-header-id-meta":"","stick-header-meta":"","header-above-stick-meta":"","header-main-stick-meta":"","header-below-stick-meta":"","astra-migrate-meta-layouts":"set","ast-page-background-enabled":"default","ast-page-background-meta":{"desktop":{"background-color":"var(--ast-global-color-5)","background-image":"","background-repeat":"repeat","background-position":"center center","background-size":"auto","background-attachment":"scroll","background-type":"","background-media":"","overlay-type":"","overlay-color":"","overlay-opacity":"","overlay-gradient":""},"tablet":{"background-color":"","background-image":"","background-repeat":"repeat","background-position":"center center","background-size":"auto","background-attachment":"scroll","background-type":"","background-media":"","overlay-type":"","overlay-color":"","overlay-opacity":"","overlay-gradient":""},"mobile":{"background-color":"","background-image":"","background-repeat":"repeat","background-position":"center center","background-size":"auto","background-attachment":"scroll","background-type":"","background-media":"","overlay-type":"","overlay-color":"","overlay-opacity":"","overlay-gradient":""}},"ast-content-background-meta":{"desktop":{"background-color":"var(--ast-global-color-4)","background-image":"","background-repeat":"repeat","background-position":"center center","background-size":"auto","background-attachment":"scroll","background-type":"","background-media":"","overlay-type":"","overlay-color":"","overlay-opacity":"","overlay-gradient":""},"tablet":{"background-color":"var(--ast-global-color-4)","background-image":"","background-repeat":"repeat","background-position":"center center","background-size":"auto","background-attachment":"scroll","background-type":"","background-media":"","overlay-type":"","overlay-color":"","overlay-opacity":"","overlay-gradient":""},"mobile":{"background-color":"var(--ast-global-color-4)","background-image":"","background-repeat":"repeat","background-position":"center center","background-size":"auto","background-attachment":"scroll","background-type":"","background-media":"","overlay-type":"","overlay-color":"","overlay-opacity":"","overlay-gradient":""}}},"product_brand":[],"product_cat":[72,91,74,41],"product_tag":[49],"class_list":{"0":"post-3939","1":"product","2":"type-product","3":"status-publish","4":"has-post-thumbnail","6":"product_cat-cosmetic-packaging","7":"product_cat-custom-perfume-bottles","8":"product_cat-mini-perfume-bottles","9":"product_cat-perfume-bottles","10":"product_tag-perfume-bottles","11":"desktop-align-left","12":"tablet-align-left","13":"mobile-align-left","15":"first","16":"instock","17":"shipping-taxable","18":"product-type-simple"},"acf":[],"jetpack_sharing_enabled":true,"_links":{"self":[{"href":"https:\/\/theperfumebottles.com\/cs\/wp-json\/wp\/v2\/product\/3939","targetHints":{"allow":["GET"]}}],"collection":[{"href":"https:\/\/theperfumebottles.com\/cs\/wp-json\/wp\/v2\/product"}],"about":[{"href":"https:\/\/theperfumebottles.com\/cs\/wp-json\/wp\/v2\/types\/product"}],"replies":[{"embeddable":true,"href":"https:\/\/theperfumebottles.com\/cs\/wp-json\/wp\/v2\/comments?post=3939"}],"wp:featuredmedia":[{"embeddable":true,"href":"https:\/\/theperfumebottles.com\/cs\/wp-json\/wp\/v2\/media\/3901"}],"wp:attachment":[{"href":"https:\/\/theperfumebottles.com\/cs\/wp-json\/wp\/v2\/media?parent=3939"}],"wp:term":[{"taxonomy":"product_brand","embeddable":true,"href":"https:\/\/theperfumebottles.com\/cs\/wp-json\/wp\/v2\/product_brand?post=3939"},{"taxonomy":"product_cat","embeddable":true,"href":"https:\/\/theperfumebottles.com\/cs\/wp-json\/wp\/v2\/product_cat?post=3939"},{"taxonomy":"product_tag","embeddable":true,"href":"https:\/\/theperfumebottles.com\/cs\/wp-json\/wp\/v2\/product_tag?post=3939"}],"curies":[{"name":"wp","href":"https:\/\/api.w.org\/{rel}","templated":true}]}}