{"id":4002,"date":"2025-06-17T18:06:19","date_gmt":"2025-06-17T10:06:19","guid":{"rendered":"https:\/\/theperfumebottles.com\/?post_type=product&#038;p=4002"},"modified":"2025-06-17T18:06:21","modified_gmt":"2025-06-17T10:06:21","slug":"wholesale-perfume-bottles-bulk-perfume-bottles-supplier","status":"publish","type":"product","link":"https:\/\/theperfumebottles.com\/cs\/produkt\/wholesale-perfume-bottles-bulk-perfume-bottles-supplier\/","title":{"rendered":"100ml Velkoobchodn\u00ed prodej parf\u00e9mov\u00fdch lahvi\u010dek | Grav\u00edrovan\u00e9 objemov\u00e9 parf\u00e9mov\u00e9 lahvi\u010dky"},"content":{"rendered":"<p>Hled\u00e1te jste ned\u00e1vn\u011b skv\u011bl\u00e9 v\u00fdb\u011brov\u00e9 lahviny na parf\u00e9m? Sklo je tak pr\u016fhledn\u00e9, \u017ee vid\u00edte sv\u016fj odraz, a povrch je vy\u0159ez\u00e1n elegantn\u00edmi X vzory, co\u017e p\u016fsob\u00ed luxusn\u00edm dojmem. A\u0165 jste mana\u017eer zna\u010dky, kter\u00fd pr\u00e1v\u011b vyl\u00edhl novou v\u016fni, nebo distributor, kter\u00fd chce vylep\u0161it \u201eluxusn\u00ed balen\u00ed\u201c klasick\u00e9ho modelu, tato lahev nejen\u017ee m\u016f\u017ee uchovat du\u0161i parf\u00e9mu, ale tak\u00e9 v\u00e1m pom\u016f\u017ee sn\u00ed\u017eit n\u00e1klady a zlep\u0161it kvalitu. Pro\u010d ji nevytvo\u0159\u00edte do va\u0161\u00ed \u201eseznamu d\u016fle\u017eit\u00fdch dodavatel\u016f\u201c?<\/p>\n<h2>Kl\u00ed\u010dov\u00e9 specifikace<\/h2>\n<table style=\"border-collapse: collapse; margin-left: auto; margin-right: auto; width: 80%;\" border=\"0\" width=\"80%\" cellspacing=\"0\" cellpadding=\"0\">\n<tbody>\n<tr style=\"height: 13.50pt;\">\n<td style=\"height: 13.50pt; width: 61.50pt;\" width=\"82\" height=\"18\">Funkce<\/td>\n<td style=\"width: 175.50pt;\" width=\"234\">Detail<\/td>\n<\/tr>\n<tr style=\"height: 13.50pt;\">\n<td style=\"height: 13.50pt;\" height=\"18\">Kapacita<\/td>\n<td>100 ml<\/td>\n<\/tr>\n<tr style=\"height: 13.50pt;\">\n<td style=\"height: 13.50pt;\" height=\"18\">Tvar<\/td>\n<td>Obd\u00e9ln\u00edkov\u00fd<\/td>\n<\/tr>\n<tr style=\"height: 13.50pt;\">\n<td style=\"height: 13.50pt;\" height=\"18\">Rozm\u011bry<\/td>\n<td>55,5 x 36,5 x 102 mm<\/td>\n<\/tr>\n<tr style=\"height: 13.50pt;\">\n<td style=\"height: 13.50pt;\" height=\"18\">Materi\u00e1l<\/td>\n<td>K\u0159i\u0161\u0165\u00e1lov\u00e9 sklo<\/td>\n<\/tr>\n<tr style=\"height: 13.50pt;\">\n<td style=\"height: 13.50pt;\" height=\"18\">Barva<\/td>\n<td>Pln\u011b p\u0159izp\u016fsobiteln\u00e9<\/td>\n<\/tr>\n<tr style=\"height: 13.50pt;\">\n<td style=\"height: 13.50pt;\" height=\"18\">Typ t\u011bsn\u011bn\u00ed<\/td>\n<td>Krimpovac\u00ed krk + rozpra\u0161ova\u010d<\/td>\n<\/tr>\n<tr style=\"height: 13.50pt;\">\n<td style=\"height: 13.50pt;\" height=\"18\">Ide\u00e1ln\u00ed pou\u017eit\u00ed<\/td>\n<td>Parf\u00e9my, parf\u00e9m<\/td>\n<\/tr>\n<\/tbody>\n<\/table>\n<h2>Skute\u010dn\u00fd \u00fasp\u011b\u0161n\u00fd p\u0159\u00edpad<\/h2>\n<p>Jeden z na\u0161ich z\u00e1kazn\u00edk\u016f, mal\u00e1 zna\u010dka parf\u00e9m\u016f, cht\u011bl vyst\u00e1t na velk\u00e9 v\u00fdstav\u011b kr\u00e1sy. V\u00fdb\u011brov\u011b vyra\u017eenou sklen\u011bnou lahvinku s logem zna\u010dky vybrali. kone\u010dn\u00fd produkt vystavil \u00fachvatn\u00fd vzhled a jim pomohl z\u00edskat v\u00edce objedn\u00e1vek. Z\u00e1kazn\u00edci pochvali \u0161lechtitou texturu a ekologick\u00e9 materi\u00e1ly, co\u017e dok\u00e1zalo, \u017ee kvalitn\u00ed kosmetick\u00e9 balen\u00ed skute\u010dn\u011b m\u016f\u017ee p\u0159in\u00e9st v\u00fdznamn\u00e9 zlep\u0161en\u00ed.<\/p>\n<h2>Tipy na personalizaci, aby to bylo va\u0161e<\/h2>\n<p>Chcete, aby va\u0161e zna\u010dka v balen\u00ed z\u00e1\u0159ila? Zde je, jak to nejl\u00e9pe vyu\u017e\u00edt:<\/p>\n<ul>\n<li>Vyberte pevnou nebo gradientn\u00ed barvu, kter\u00e1 odpov\u00edd\u00e1 hlavn\u00ed barv\u011b va\u0161\u00ed zna\u010dky, aby lahev okam\u017eit\u011b byla rozpoznateln\u00e1 a z\u00e1\u0159ila jako \u201ez\u00e1stupce zna\u010dky\u201c~<\/li>\n<li>Pou\u017eijte laserov\u00e9 \u0159ez\u00e1n\u00ed nebo UV tisk, aby v\u00e1\u0161 n\u00e1pis zna\u010dky byl zamra\u010den a zvedli jste svou sofistikovanost na maximum!<\/li>\n<li>Zkuste matn\u00fd povrch nebo r\u016fzn\u00e9 vzory, aby vytvo\u0159ili signaturn\u00ed vzhled pro v\u00e1\u0161 parf\u00e9m.<\/li>\n<li>P\u0159ipojte k ekologick\u00e9mu balen\u00ed, abyste zlep\u0161ili svou zelenou image.<\/li>\n<\/ul>\n<h2 data-start=\"132\" data-end=\"398\"><strong data-start=\"132\" data-end=\"189\">P\u0159\u00edpraveni vzestoupit s va\u0161\u00ed zna\u010dkou v\u016fn\u00ed na dal\u0161\u00ed \u00farove\u0148?<\/strong><\/h2>\n<p data-start=\"132\" data-end=\"398\">Spr\u00e1vn\u00e1 lahev v\u00edc ne\u017e jen dr\u017e\u00ed v\u00e1\u0161 produkt \u2014 \u017eije va\u0161\u00ed zna\u010dkou. Na\u0161e v\u00fdb\u011brov\u00e9 lahviny na parf\u00e9m kombinuj\u00ed elegantn\u00ed design s spolehlivou kvalitou, co\u017e pom\u00e1h\u00e1 va\u0161\u00ed v\u016fni vyniknout na ka\u017ed\u00e9m reg\u00e1lu.<\/p>\n<p data-start=\"400\" data-end=\"573\">Po\u017eehnejte obecn\u00e9mu balen\u00ed. S na\u0161imi v\u00fdb\u011brov\u00fdmi lahviny na parf\u00e9m m\u016f\u017eete vytvo\u0159it z\u00e1krojit\u00e9 designy, kter\u00e9 odr\u00e1\u017eej\u00ed va\u0161i jedine\u010dnou vizi, hodnoty a kreativitu. Vytvo\u0159me balen\u00ed, kter\u00e9 vypr\u00e1v\u00ed va\u0161i p\u0159\u00edb\u011bh.<\/p>","protected":false},"excerpt":{"rendered":"<p>Kvalitn\u00ed v\u00fdb\u011brov\u00e9 lahviny na parf\u00e9m v balen\u00ed. Ide\u00e1ln\u00ed pro zna\u010dky &amp; distributory. V\u00fdb\u011brov\u00e9 mo\u017enosti, rychl\u00fd doprava a cenov\u00e9 nab\u00eddky p\u0159\u00edmo z tov\u00e1rny.<\/p>","protected":false},"featured_media":4007,"comment_status":"open","ping_status":"closed","template":"","meta":{"_acf_changed":false,"site-sidebar-layout":"default","site-content-layout":"","ast-site-content-layout":"default","site-content-style":"default","site-sidebar-style":"default","ast-global-header-display":"","ast-banner-title-visibility":"","ast-main-header-display":"","ast-hfb-above-header-display":"","ast-hfb-below-header-display":"","ast-hfb-mobile-header-display":"","site-post-title":"","ast-breadcrumbs-content":"","ast-featured-img":"","footer-sml-layout":"","ast-disable-related-posts":"","theme-transparent-header-meta":"default","adv-header-id-meta":"","stick-header-meta":"","header-above-stick-meta":"","header-main-stick-meta":"","header-below-stick-meta":"","astra-migrate-meta-layouts":"set","ast-page-background-enabled":"default","ast-page-background-meta":{"desktop":{"background-color":"var(--ast-global-color-5)","background-image":"","background-repeat":"repeat","background-position":"center center","background-size":"auto","background-attachment":"scroll","background-type":"","background-media":"","overlay-type":"","overlay-color":"","overlay-opacity":"","overlay-gradient":""},"tablet":{"background-color":"","background-image":"","background-repeat":"repeat","background-position":"center center","background-size":"auto","background-attachment":"scroll","background-type":"","background-media":"","overlay-type":"","overlay-color":"","overlay-opacity":"","overlay-gradient":""},"mobile":{"background-color":"","background-image":"","background-repeat":"repeat","background-position":"center center","background-size":"auto","background-attachment":"scroll","background-type":"","background-media":"","overlay-type":"","overlay-color":"","overlay-opacity":"","overlay-gradient":""}},"ast-content-background-meta":{"desktop":{"background-color":"var(--ast-global-color-4)","background-image":"","background-repeat":"repeat","background-position":"center center","background-size":"auto","background-attachment":"scroll","background-type":"","background-media":"","overlay-type":"","overlay-color":"","overlay-opacity":"","overlay-gradient":""},"tablet":{"background-color":"var(--ast-global-color-4)","background-image":"","background-repeat":"repeat","background-position":"center center","background-size":"auto","background-attachment":"scroll","background-type":"","background-media":"","overlay-type":"","overlay-color":"","overlay-opacity":"","overlay-gradient":""},"mobile":{"background-color":"var(--ast-global-color-4)","background-image":"","background-repeat":"repeat","background-position":"center center","background-size":"auto","background-attachment":"scroll","background-type":"","background-media":"","overlay-type":"","overlay-color":"","overlay-opacity":"","overlay-gradient":""}}},"product_brand":[],"product_cat":[72,91,41],"product_tag":[49],"class_list":{"0":"post-4002","1":"product","2":"type-product","3":"status-publish","4":"has-post-thumbnail","6":"product_cat-cosmetic-packaging","7":"product_cat-custom-perfume-bottles","8":"product_cat-perfume-bottles","9":"product_tag-perfume-bottles","10":"desktop-align-left","11":"tablet-align-left","12":"mobile-align-left","14":"first","15":"instock","16":"shipping-taxable","17":"product-type-simple"},"acf":[],"jetpack_sharing_enabled":true,"_links":{"self":[{"href":"https:\/\/theperfumebottles.com\/cs\/wp-json\/wp\/v2\/product\/4002","targetHints":{"allow":["GET"]}}],"collection":[{"href":"https:\/\/theperfumebottles.com\/cs\/wp-json\/wp\/v2\/product"}],"about":[{"href":"https:\/\/theperfumebottles.com\/cs\/wp-json\/wp\/v2\/types\/product"}],"replies":[{"embeddable":true,"href":"https:\/\/theperfumebottles.com\/cs\/wp-json\/wp\/v2\/comments?post=4002"}],"wp:featuredmedia":[{"embeddable":true,"href":"https:\/\/theperfumebottles.com\/cs\/wp-json\/wp\/v2\/media\/4007"}],"wp:attachment":[{"href":"https:\/\/theperfumebottles.com\/cs\/wp-json\/wp\/v2\/media?parent=4002"}],"wp:term":[{"taxonomy":"product_brand","embeddable":true,"href":"https:\/\/theperfumebottles.com\/cs\/wp-json\/wp\/v2\/product_brand?post=4002"},{"taxonomy":"product_cat","embeddable":true,"href":"https:\/\/theperfumebottles.com\/cs\/wp-json\/wp\/v2\/product_cat?post=4002"},{"taxonomy":"product_tag","embeddable":true,"href":"https:\/\/theperfumebottles.com\/cs\/wp-json\/wp\/v2\/product_tag?post=4002"}],"curies":[{"name":"wp","href":"https:\/\/api.w.org\/{rel}","templated":true}]}}