{"id":4018,"date":"2025-06-19T18:09:53","date_gmt":"2025-06-19T10:09:53","guid":{"rendered":"https:\/\/theperfumebottles.com\/?post_type=product&#038;p=4018"},"modified":"2025-06-19T18:09:55","modified_gmt":"2025-06-19T10:09:55","slug":"empty-amber-essential-oil-bottles-wholesale","status":"publish","type":"product","link":"https:\/\/theperfumebottles.com\/cs\/produkt\/empty-amber-essential-oil-bottles-wholesale\/","title":{"rendered":"Velkoobchodn\u00ed pr\u00e1zdn\u00e9 lahvi\u010dky na esenci\u00e1ln\u00ed olej 50 ml 100 ml Amber"},"content":{"rendered":"<p>Vyberte n\u00e1s pro bulkov\u00e9 n\u00e1kupy lahvi\u010dek na esenci\u00e1ln\u00ed oleje! Pr\u00e1zdn\u00e9 lahvi\u010dky na esenci\u00e1ln\u00ed oleje jsou vyroben\u00e9 z UV-ochrann\u00e9ho hn\u011bd\u00e9ho skla, aby se ochr\u00e1nilo p\u0159ed rozkladem sv\u011btlem. Stylov\u00e1 lahvi\u010dka je vhodn\u00e1 pro balen\u00ed zna\u010dky a podporuje personalizaci. V\u011bt\u0161\u00ed objemy jsou preferov\u00e1ny k uspokojen\u00ed va\u0161ich pot\u0159eb v bulkov\u00e9m n\u00e1kupu!<\/p>\n<h2>Kl\u00ed\u010dov\u00e9 specifikace<\/h2>\n<table style=\"border-collapse: collapse; margin-left: auto; margin-right: auto; width: 80%;\" border=\"0\" width=\"80%\" cellspacing=\"0\" cellpadding=\"0\">\n<tbody>\n<tr style=\"height: 13.50pt;\">\n<td style=\"height: 13.50pt; width: 122.25pt;\" width=\"163\" height=\"18\">Specifikace<\/td>\n<td style=\"width: 259.50pt;\" width=\"346\">Podrobnosti<\/td>\n<\/tr>\n<tr style=\"height: 13.50pt;\">\n<td style=\"height: 13.50pt;\" height=\"18\">Materi\u00e1l<\/td>\n<td>Sklo (Hn\u011bd\u00e9)<\/td>\n<\/tr>\n<tr style=\"height: 13.50pt;\">\n<td style=\"height: 13.50pt;\" height=\"18\">Mo\u017enosti kapacity<\/td>\n<td>50ml \/ 100ml<\/td>\n<\/tr>\n<tr style=\"height: 13.50pt;\">\n<td style=\"height: 13.50pt;\" height=\"18\">Typ v\u00ed\u010dka<\/td>\n<td>N\u00e1trubek \/ Odm\u011b\u0165ovac\u00ed kapka \/ Sprej<\/td>\n<\/tr>\n<tr style=\"height: 13.50pt;\">\n<td style=\"height: 13.50pt;\" height=\"18\">Tvar lahve<\/td>\n<td>Cylindrick\u00fd \/ Kruhov\u00fd \/ \u010ctvercov\u00fd (voliteln\u011b)<\/td>\n<\/tr>\n<tr style=\"height: 13.50pt;\">\n<td style=\"height: 13.50pt;\" height=\"18\">Pou\u017e\u00edv\u00e1n\u00ed<\/td>\n<td>Esenci\u00e1ln\u00ed oleje, parf\u00e9mov\u00e9 oleje, sm\u011bsi<\/td>\n<\/tr>\n<tr style=\"height: 13.50pt;\">\n<td style=\"height: 13.50pt;\" height=\"18\">Povrchov\u00e1 \u00faprava<\/td>\n<td>Hladk\u00fd, p\u0159\u00edv\u011btiv\u00fd k etiket\u00e1m<\/td>\n<\/tr>\n<tr style=\"height: 13.50pt;\">\n<td style=\"height: 13.50pt;\" height=\"18\">P\u0159izp\u016fsoben\u00ed<\/td>\n<td>Tisk loga, barva, styl n\u00e1trubku<\/td>\n<\/tr>\n<\/tbody>\n<\/table>\n<h2>Skute\u010dn\u00e1 p\u0159\u00edpadov\u00e1 studie<\/h2>\n<p>Jeden z na\u0161ich opakuj\u00edc\u00edch z\u00e1kazn\u00edk\u016f je mal\u00e1 p\u0159irozen\u00e1 zdravotn\u00ed zna\u010dka v Austr\u00e1lii, kter\u00e1 cht\u011bla p\u0159edstavit novou \u0159adu aromaterapeutick\u00fdch sprej\u016f. Vybrali na\u0161e bulkov\u00e9 lahvi\u010dky na esenci\u00e1ln\u00ed oleje o objemu 50ml s personalizovan\u00fdmi modr\u00fdmi st\u0159\u00edbrn\u00fdmi n\u00e1trubky a vyra\u017een\u00fdm logem.<\/p>\n<p>B\u011bhem \u0161esti t\u00fddn\u016f jejich prodeje vzrostly o 20%. \u0158ekli n\u00e1m, \u201eLahvi\u010dky d\u011blaj\u00ed na\u0161e produkty pocitem luxusu, ani\u017e by to naru\u0161ovalo n\u00e1\u0161 rozpo\u010det.\u201c<\/p>\n<p>To je kr\u00e1sa inteligentn\u00edho balen\u00ed \u2013 a v\u0161echno za\u010d\u00edn\u00e1 spr\u00e1vnou lahvi\u010dkou.<\/p>\n<h2>N\u00e1vrhy na balen\u00ed<\/h2>\n<p>Chcete, abyste tuto lahvi\u010dku skute\u010dn\u011b va\u0161imi vlastn\u00edmi ud\u011blali? Rozum\u00edme va\u0161emu investici do va\u0161\u00ed zna\u010dky, tak\u017ee v\u00e1m poskytujeme komplexn\u00ed slu\u017eby personalizace, abychom v\u00e1m pomohli vytvo\u0159it nejlep\u0161\u00ed vzhled balen\u00ed a uk\u00e1zat kr\u00e1su va\u0161\u00ed zna\u010dky!<\/p>\n<ul>\n<li><strong>Vyberte si barvu:<\/strong> Klasick\u00e9 hn\u011bd\u00e9, kter\u00e9 ukazuje high-end texturu. Pokud chcete jin\u00fd styl, m\u016f\u017eete si vybrat zelenou, modrou, r\u016f\u017eovou a pr\u016fhlednou fin\u0161i. Ka\u017ed\u00e1 z nich m\u016f\u017ee doplnit v\u00e1\u0161 zna\u010dkov\u00fd charakter!<\/li>\n<li><strong>N\u00e1trubek s vzorem:<\/strong> Pokud v\u00e1m vyhovuje pln\u00fd textur, m\u016f\u017eete si vybrat hladk\u00fd kovov\u00fd n\u00e1trubek; pokud p\u0159em\u00fd\u0161l\u00edte o jednoduchosti a nen\u00e1padnosti, matn\u00fd plastov\u00fd n\u00e1trubek je dobr\u00e1 volba; pokud chcete u\u0439\u0442\u0438 k p\u0159irozen\u00e9 a ekologick\u00e9 cest\u011b, ekologick\u00fd d\u0159ev\u011bn\u00fd n\u00e1trubek je dokonal\u00fd!<\/li>\n<li><strong>Logo zna\u010dky:<\/strong> Chcete, aby v\u00e1\u0161 zna\u010dkov\u00fd logo bylo zvl\u00e1\u0161\u0165 n\u00e1padn\u00e9? Tisk, vyra\u017een\u00ed, lep\u0161\u00ed etikety jsou v\u0161echny k dispozici. Nez\u00e1le\u017e\u00ed na tom, kter\u00fd proces, va\u0161e logo m\u016f\u017ee b\u00fdt pevn\u011b \u201evyrostl\u00e9\u201c na lahvi\u010dce, co\u017e lid\u00e9 okam\u017eit\u011b pamatuj\u00ed!<\/li>\n<\/ul>\n<h2>Shrnut\u00ed<\/h2>\n<p>A\u0165 u\u017e chcete bulkov\u011b koupit sadu cenov\u011b v\u00fdhodn\u00fdch lahvi\u010dek na esenci\u00e1ln\u00ed oleje, abyste rychle za\u010dali svou \u0159adu produkt\u016f, nebo chcete personalizovat sadu \u201enezapomenuteln\u00fdch\u201c pr\u00e1zdn\u00fdch lahvi\u010dek na balen\u00ed pro st\u00e1vaj\u00edc\u00ed \u0159adu esenci\u00e1ln\u00edch olej\u016f, my jsme ochotni b\u00fdt va\u0161imi \u201ezadn\u00edmi partnery\u201c. Od v\u00fdb\u011bru velikosti po v\u00fdb\u011br designu, od n\u00e1vrhu materi\u00e1l\u016f po \u00fapravy proces\u016f, pokud m\u00e1te n\u011bjak\u00e9 starosti nebo n\u00e1pady, dejte n\u00e1m v\u011bd\u011bt \u2013 na\u0161e t\u00fdmov\u00e9 je v\u017edy p\u0159ipraveno v\u00e1m pomoci prom\u011bnit \u201eide\u00e1ln\u00ed tvar\u201c ve va\u0161\u00ed mysli v \u201ezv\u011bdavost\u201c, kterou mohou z\u00e1kazn\u00edci dotknout.<\/p>","protected":false},"excerpt":{"rendered":"<p>Kvalitn\u00ed pr\u00e1zdn\u00e9 lahvi\u010dky na esenci\u00e1ln\u00ed oleje k prodeji v bulku. Ide\u00e1ln\u00ed pro aromaterapii, esenci\u00e1ln\u00ed oleje a balen\u00ed s ozna\u010den\u00edm zna\u010dky.<\/p>","protected":false},"featured_media":4038,"comment_status":"open","ping_status":"closed","template":"","meta":{"_acf_changed":false,"site-sidebar-layout":"default","site-content-layout":"","ast-site-content-layout":"default","site-content-style":"default","site-sidebar-style":"default","ast-global-header-display":"","ast-banner-title-visibility":"","ast-main-header-display":"","ast-hfb-above-header-display":"","ast-hfb-below-header-display":"","ast-hfb-mobile-header-display":"","site-post-title":"","ast-breadcrumbs-content":"","ast-featured-img":"","footer-sml-layout":"","ast-disable-related-posts":"","theme-transparent-header-meta":"default","adv-header-id-meta":"","stick-header-meta":"","header-above-stick-meta":"","header-main-stick-meta":"","header-below-stick-meta":"","astra-migrate-meta-layouts":"set","ast-page-background-enabled":"default","ast-page-background-meta":{"desktop":{"background-color":"var(--ast-global-color-5)","background-image":"","background-repeat":"repeat","background-position":"center center","background-size":"auto","background-attachment":"scroll","background-type":"","background-media":"","overlay-type":"","overlay-color":"","overlay-opacity":"","overlay-gradient":""},"tablet":{"background-color":"","background-image":"","background-repeat":"repeat","background-position":"center center","background-size":"auto","background-attachment":"scroll","background-type":"","background-media":"","overlay-type":"","overlay-color":"","overlay-opacity":"","overlay-gradient":""},"mobile":{"background-color":"","background-image":"","background-repeat":"repeat","background-position":"center center","background-size":"auto","background-attachment":"scroll","background-type":"","background-media":"","overlay-type":"","overlay-color":"","overlay-opacity":"","overlay-gradient":""}},"ast-content-background-meta":{"desktop":{"background-color":"var(--ast-global-color-4)","background-image":"","background-repeat":"repeat","background-position":"center center","background-size":"auto","background-attachment":"scroll","background-type":"","background-media":"","overlay-type":"","overlay-color":"","overlay-opacity":"","overlay-gradient":""},"tablet":{"background-color":"var(--ast-global-color-4)","background-image":"","background-repeat":"repeat","background-position":"center center","background-size":"auto","background-attachment":"scroll","background-type":"","background-media":"","overlay-type":"","overlay-color":"","overlay-opacity":"","overlay-gradient":""},"mobile":{"background-color":"var(--ast-global-color-4)","background-image":"","background-repeat":"repeat","background-position":"center center","background-size":"auto","background-attachment":"scroll","background-type":"","background-media":"","overlay-type":"","overlay-color":"","overlay-opacity":"","overlay-gradient":""}}},"product_brand":[],"product_cat":[57,72,62],"product_tag":[],"class_list":{"0":"post-4018","1":"product","2":"type-product","3":"status-publish","4":"has-post-thumbnail","6":"product_cat-essential-oil-bottles","7":"product_cat-cosmetic-packaging","8":"product_cat-cosmetic-containers","9":"desktop-align-left","10":"tablet-align-left","11":"mobile-align-left","13":"first","14":"instock","15":"shipping-taxable","16":"product-type-simple"},"acf":[],"jetpack_sharing_enabled":true,"_links":{"self":[{"href":"https:\/\/theperfumebottles.com\/cs\/wp-json\/wp\/v2\/product\/4018","targetHints":{"allow":["GET"]}}],"collection":[{"href":"https:\/\/theperfumebottles.com\/cs\/wp-json\/wp\/v2\/product"}],"about":[{"href":"https:\/\/theperfumebottles.com\/cs\/wp-json\/wp\/v2\/types\/product"}],"replies":[{"embeddable":true,"href":"https:\/\/theperfumebottles.com\/cs\/wp-json\/wp\/v2\/comments?post=4018"}],"wp:featuredmedia":[{"embeddable":true,"href":"https:\/\/theperfumebottles.com\/cs\/wp-json\/wp\/v2\/media\/4038"}],"wp:attachment":[{"href":"https:\/\/theperfumebottles.com\/cs\/wp-json\/wp\/v2\/media?parent=4018"}],"wp:term":[{"taxonomy":"product_brand","embeddable":true,"href":"https:\/\/theperfumebottles.com\/cs\/wp-json\/wp\/v2\/product_brand?post=4018"},{"taxonomy":"product_cat","embeddable":true,"href":"https:\/\/theperfumebottles.com\/cs\/wp-json\/wp\/v2\/product_cat?post=4018"},{"taxonomy":"product_tag","embeddable":true,"href":"https:\/\/theperfumebottles.com\/cs\/wp-json\/wp\/v2\/product_tag?post=4018"}],"curies":[{"name":"wp","href":"https:\/\/api.w.org\/{rel}","templated":true}]}}