{"id":4274,"date":"2025-06-27T09:35:18","date_gmt":"2025-06-27T01:35:18","guid":{"rendered":"https:\/\/theperfumebottles.com\/?post_type=product&#038;p=4274"},"modified":"2025-06-27T09:35:20","modified_gmt":"2025-06-27T01:35:20","slug":"custom-bulk-perfume-bottles-glass-packaging-deals","status":"publish","type":"product","link":"https:\/\/theperfumebottles.com\/cs\/produkt\/custom-bulk-perfume-bottles-glass-packaging-deals\/","title":{"rendered":"30ml 50ml 100ml zak\u00e1zkov\u00e9 velkoobjemov\u00e9 parf\u00e9mov\u00e9 lahve \u2013 nab\u00eddky sklen\u011bn\u00fdch obal\u016f"},"content":{"rendered":"<p>Chcete si objednat lahvi\u010dky na parf\u00e9my ve velk\u00e9m? S na\u0161imi pr\u00e1zdn\u00fdmi lahvi\u010dkami na parf\u00e9my nem\u016f\u017eete ud\u011blat chybu! Vynikaj\u00edc\u00ed kvalita, jednoduch\u00fd a elegantn\u00ed design, jen \u0161t\u00edtek a trocha dekorace jim dodaj\u00ed v\u00fdjime\u010dn\u00fd vzhled. Uveden\u00ed nov\u00fdch produkt\u016f na trh nebo jejich dopln\u011bn\u00ed, v\u0161e snadno a rychle!<\/p>\n<h2>Kl\u00ed\u010dov\u00e9 specifikace<\/h2>\n<table style=\"border-collapse: collapse;margin-left: auto;margin-right: auto;width: 80%\" border=\"0\" width=\"80%\" cellspacing=\"0\" cellpadding=\"0\">\n<tbody>\n<tr style=\"height: 13.50pt\">\n<td style=\"height: 13.50pt;width: 103.50pt\" width=\"138\" height=\"18\">Funkce<\/td>\n<td style=\"width: 186.75pt\" width=\"249\">Podrobnosti<\/td>\n<\/tr>\n<tr style=\"height: 13.50pt\">\n<td style=\"height: 13.50pt\" height=\"18\">Materi\u00e1l<\/td>\n<td>K\u0159i\u0161\u0165\u00e1lov\u00e9 sklo<\/td>\n<\/tr>\n<tr style=\"height: 13.50pt\">\n<td style=\"height: 13.50pt\" height=\"18\">Tvar<\/td>\n<td>Obd\u00e9ln\u00edkov\u00fd<\/td>\n<\/tr>\n<tr style=\"height: 13.50pt\">\n<td style=\"height: 13.50pt\" height=\"18\">Kapacita<\/td>\n<td>30ml\/50ml\/100ml<\/td>\n<\/tr>\n<tr style=\"height: 13.50pt\">\n<td style=\"height: 13.50pt\" height=\"18\">Typ uz\u00e1v\u011bru<\/td>\n<td>\n<article class=\"4ever-article\" data-clipboard-cangjie=\"[&quot;root&quot;,{&quot;copyFrom&quot;:&quot;im-native&quot;},[&quot;p&quot;,{},[&quot;span&quot;,{&quot;data-type&quot;:&quot;text&quot;},[&quot;span&quot;,{&quot;data-type&quot;:&quot;leaf&quot;},&quot;Screw neck&quot;]]]]\">\u0160roubovac\u00ed hrdlo + rozpra\u0161ova\u010d<\/article>\n<\/td>\n<\/tr>\n<tr style=\"height: 13.50pt\">\n<td style=\"height: 13.50pt\" height=\"18\">P\u0159izp\u016fsoben\u00ed<\/td>\n<td>K dispozici jsou plnobarevn\u00e9 varianty<\/td>\n<\/tr>\n<\/tbody>\n<\/table>\n<h2>Skute\u010dn\u00fd p\u0159\u00edb\u011bh \u00fasp\u011bchu<\/h2>\n<p>Existuje butikov\u00e1 zna\u010dka parf\u00e9m\u016f, kter\u00e1 se vyd\u00e1v\u00e1 cestou exkluzivn\u00edho p\u0159\u00edstupu a chce vytvo\u0159it minimalistickou a stylovou v\u016fni. Jako \u201epl\u00e1tno\u201c si vybrala na\u0161e pr\u00e1zdn\u00e9 flakony na parf\u00e9my a objednala si v\u00e1rku 50ml lahvi\u010dek na parf\u00e9my, kter\u00e9 byly tak\u00e9 zdobeny r\u016f\u017eovo-zlat\u00fdmi ozdobami a jemn\u00fdmi levandulov\u00fdmi t\u00f3ny, d\u00edky nim\u017e vypadaly velmi luxusn\u011b! V\u00fdsledek? Tato limitovan\u00e1 edice parf\u00e9mu byla vyprod\u00e1na jen p\u00e1r t\u00fddn\u016f pot\u00e9, co byla uvedena na trh, a soci\u00e1ln\u00ed platformy byly pln\u00e9 nad\u0161en\u00fdch recenz\u00ed.<\/p>\n<h2>Profesion\u00e1ln\u00ed tipy<\/h2>\n<p>Pokud va\u0161i c\u00edlov\u00ed z\u00e1kazn\u00edci miluj\u00ed jednoduchou kr\u00e1su principu \u201em\u00e9n\u011b je v\u00edce\u201c, m\u016f\u017eete zvolit lahvi\u010dku s matnou texturou a n\u00edzkou sytost\u00ed t\u00f3n\u016f; pokud c\u00edl\u00edte na luxusn\u00ed trh, m\u016f\u017eete k lahvi p\u0159idat kovov\u00fd uz\u00e1v\u011br a tmav\u011b modrou barvu drahokamu, aby byl vizu\u00e1ln\u00ed dojem pln\u00fd, a z\u00e1kazn\u00edci na n\u011bj na prvn\u00ed pohled nikdy nezapomenou!<\/p>\n<h2>Chcete si vytvo\u0159it vlastn\u00ed lahvi\u010dku na parf\u00e9m?<\/h2>\n<p>A\u0165 u\u017e uv\u00e1d\u00edte na trh novou \u0159adu parf\u00e9m\u016f, nebo osv\u011b\u017eujete st\u00e1vaj\u00edc\u00ed produktovou \u0159adu, na\u0161e sklen\u011bn\u00e9 lahvi\u010dky na parf\u00e9my si nejen zachovaj\u00ed dan\u00fd styl, ale tak\u00e9 se s va\u0161imi prodeji \u201eflexibiln\u011b roz\u0161i\u0159uj\u00ed\u201c. Od barvy lahvi\u010dky a\u017e po styl v\u00ed\u010dka si m\u016f\u017eete v\u0161e p\u0159izp\u016fsobit dle libosti! A\u017e va\u0161e firma poroste a budete cht\u00edt roz\u0161\u00ed\u0159it svou v\u00fdrobu, m\u016f\u017eeme v\u00e1m tak\u00e9 snadno pomoci naj\u00edt nejvhodn\u011bj\u0161\u00ed lahvi\u010dky na parf\u00e9my ve velk\u00e9m (d\u00e1vkov\u00e9 lahvi\u010dky na parf\u00e9my), kter\u00e9 dokonale odpov\u00eddaj\u00ed vizi va\u0161\u00ed zna\u010dky.<\/p>\n<p>P\u0159ij\u010fte a p\u0159idejte se k n\u00e1m a zorganizujte nezapomenuteln\u00fd \u201eprojekt s lahvi\u010dkou na parf\u00e9m\u201c, d\u00edky kter\u00e9mu bude v\u00e1\u0161 parf\u00e9m nezapomenuteln\u00fd u\u017e z lahvi\u010dky!<\/p>\n<p>&nbsp;<\/p>","protected":false},"excerpt":{"rendered":"<p>Vysoce kvalitn\u00ed lahvi\u010dky na parf\u00e9my s elegantn\u00edmi zlat\u00fdmi v\u00ed\u010dky. Ide\u00e1ln\u00ed pro zna\u010dky parf\u00e9m\u016f, DIY projekty nebo velkoobchodn\u00ed balen\u00ed.<\/p>","protected":false},"featured_media":4277,"comment_status":"open","ping_status":"closed","template":"","meta":{"_acf_changed":false,"site-sidebar-layout":"default","site-content-layout":"","ast-site-content-layout":"default","site-content-style":"default","site-sidebar-style":"default","ast-global-header-display":"","ast-banner-title-visibility":"","ast-main-header-display":"","ast-hfb-above-header-display":"","ast-hfb-below-header-display":"","ast-hfb-mobile-header-display":"","site-post-title":"","ast-breadcrumbs-content":"","ast-featured-img":"","footer-sml-layout":"","ast-disable-related-posts":"","theme-transparent-header-meta":"default","adv-header-id-meta":"","stick-header-meta":"","header-above-stick-meta":"","header-main-stick-meta":"","header-below-stick-meta":"","astra-migrate-meta-layouts":"set","ast-page-background-enabled":"default","ast-page-background-meta":{"desktop":{"background-color":"var(--ast-global-color-5)","background-image":"","background-repeat":"repeat","background-position":"center center","background-size":"auto","background-attachment":"scroll","background-type":"","background-media":"","overlay-type":"","overlay-color":"","overlay-opacity":"","overlay-gradient":""},"tablet":{"background-color":"","background-image":"","background-repeat":"repeat","background-position":"center center","background-size":"auto","background-attachment":"scroll","background-type":"","background-media":"","overlay-type":"","overlay-color":"","overlay-opacity":"","overlay-gradient":""},"mobile":{"background-color":"","background-image":"","background-repeat":"repeat","background-position":"center center","background-size":"auto","background-attachment":"scroll","background-type":"","background-media":"","overlay-type":"","overlay-color":"","overlay-opacity":"","overlay-gradient":""}},"ast-content-background-meta":{"desktop":{"background-color":"var(--ast-global-color-4)","background-image":"","background-repeat":"repeat","background-position":"center center","background-size":"auto","background-attachment":"scroll","background-type":"","background-media":"","overlay-type":"","overlay-color":"","overlay-opacity":"","overlay-gradient":""},"tablet":{"background-color":"var(--ast-global-color-4)","background-image":"","background-repeat":"repeat","background-position":"center center","background-size":"auto","background-attachment":"scroll","background-type":"","background-media":"","overlay-type":"","overlay-color":"","overlay-opacity":"","overlay-gradient":""},"mobile":{"background-color":"var(--ast-global-color-4)","background-image":"","background-repeat":"repeat","background-position":"center center","background-size":"auto","background-attachment":"scroll","background-type":"","background-media":"","overlay-type":"","overlay-color":"","overlay-opacity":"","overlay-gradient":""}}},"product_brand":[],"product_cat":[72,91,41],"product_tag":[],"class_list":{"0":"post-4274","1":"product","2":"type-product","3":"status-publish","4":"has-post-thumbnail","6":"product_cat-cosmetic-packaging","7":"product_cat-custom-perfume-bottles","8":"product_cat-perfume-bottles","9":"desktop-align-left","10":"tablet-align-left","11":"mobile-align-left","13":"first","14":"instock","15":"shipping-taxable","16":"product-type-simple"},"acf":[],"jetpack_sharing_enabled":true,"_links":{"self":[{"href":"https:\/\/theperfumebottles.com\/cs\/wp-json\/wp\/v2\/product\/4274","targetHints":{"allow":["GET"]}}],"collection":[{"href":"https:\/\/theperfumebottles.com\/cs\/wp-json\/wp\/v2\/product"}],"about":[{"href":"https:\/\/theperfumebottles.com\/cs\/wp-json\/wp\/v2\/types\/product"}],"replies":[{"embeddable":true,"href":"https:\/\/theperfumebottles.com\/cs\/wp-json\/wp\/v2\/comments?post=4274"}],"wp:featuredmedia":[{"embeddable":true,"href":"https:\/\/theperfumebottles.com\/cs\/wp-json\/wp\/v2\/media\/4277"}],"wp:attachment":[{"href":"https:\/\/theperfumebottles.com\/cs\/wp-json\/wp\/v2\/media?parent=4274"}],"wp:term":[{"taxonomy":"product_brand","embeddable":true,"href":"https:\/\/theperfumebottles.com\/cs\/wp-json\/wp\/v2\/product_brand?post=4274"},{"taxonomy":"product_cat","embeddable":true,"href":"https:\/\/theperfumebottles.com\/cs\/wp-json\/wp\/v2\/product_cat?post=4274"},{"taxonomy":"product_tag","embeddable":true,"href":"https:\/\/theperfumebottles.com\/cs\/wp-json\/wp\/v2\/product_tag?post=4274"}],"curies":[{"name":"wp","href":"https:\/\/api.w.org\/{rel}","templated":true}]}}