{"id":4433,"date":"2025-07-14T13:38:33","date_gmt":"2025-07-14T05:38:33","guid":{"rendered":"https:\/\/theperfumebottles.com\/?post_type=product&#038;p=4433"},"modified":"2025-07-14T13:38:34","modified_gmt":"2025-07-14T05:38:34","slug":"30ml-cream-jar-premium-skincare-packaging-for-wholesale","status":"publish","type":"product","link":"https:\/\/theperfumebottles.com\/cs\/produkt\/30ml-cream-jar-premium-skincare-packaging-for-wholesale\/","title":{"rendered":"30ml kr\u00e9mov\u00e1 d\u00f3za \u2013 pr\u00e9miov\u00e9 balen\u00ed p\u00e9\u010de o ple\u0165 pro velkoobchod"},"content":{"rendered":"<p>Pot\u0159ebujete obal na p\u00e9\u010di o ple\u0165, kter\u00fd spojuje odolnost s modern\u00edm designem? Na\u0161e 30ml d\u00f3za na kr\u00e9m je ur\u010dena pro v\u00fdrobce a obchody, kter\u00e9 cht\u011bj\u00ed kosmetick\u00e9 obaly, kter\u00e9 produkt udr\u017e\u00ed v dobr\u00e9m stavu a z\u00e1rove\u0148 ho vy\u010dn\u00edvaj\u00ed na sk\u0159\u00ed\u0148k\u00e1ch. Jako spolehliv\u00fd v\u00fdrobce lahv\u00ed nab\u00edz\u00edme sklen\u011bn\u00e9 d\u00f3zy s bezpe\u010dn\u00fdmi z\u00e1vitov\u00fdmi uz\u00e1v\u011bry \u2013 ide\u00e1ln\u00ed pro produkty p\u00e9\u010de o ple\u0165, jako jsou ple\u0165ov\u00e9 ml\u00e9ka, t\u011blov\u00e1 ml\u00e9ka nebo o\u010dn\u00ed gely. Tyto n\u00e1doby ur\u010den\u00e9 k p\u0159eprav\u011b nejen udr\u017e\u00ed va\u0161e produkty, ale tak\u00e9 je pozvednou.<\/p>\n<h2>Kl\u00ed\u010dov\u00e9 specifikace<\/h2>\n<table style=\"border-collapse: collapse;width: 1047px;height: 501px;margin-left: 160px\" border=\"0\" width=\"144\" cellspacing=\"0\" cellpadding=\"0\">\n<tbody>\n<tr style=\"height: 13.50pt\">\n<td style=\"height: 13.5pt;width: 54pt\" width=\"72\" height=\"18\">Funkce<\/td>\n<td style=\"width: 54.00pt\" width=\"72\">Podrobnosti<\/td>\n<\/tr>\n<tr style=\"height: 13.50pt\">\n<td style=\"height: 13.50pt\" height=\"18\">Kapacita<\/td>\n<td>30 ml (1 oz)<\/td>\n<\/tr>\n<tr style=\"height: 13.50pt\">\n<td style=\"height: 13.50pt\" height=\"18\">Tvar<\/td>\n<td>Rovn\u00fd v\u00e1lec<\/td>\n<\/tr>\n<tr style=\"height: 13.50pt\">\n<td style=\"height: 13.50pt\" height=\"18\">Metoda t\u011bsn\u011bn\u00ed<\/td>\n<td>Plastov\u00fd\/kovov\u00fd \u0161roubovac\u00ed uz\u00e1v\u011br<\/td>\n<\/tr>\n<tr style=\"height: 13.50pt\">\n<td style=\"height: 13.50pt\" height=\"18\">Materi\u00e1l<\/td>\n<td>Sklo<\/td>\n<\/tr>\n<tr style=\"height: 13.50pt\">\n<td style=\"height: 13.50pt\" height=\"18\">Mo\u017enosti barev<\/td>\n<td>\u010cir\u00e1, jantarov\u00e1, matn\u00e1 b\u00edl\u00e1 (p\u0159izp\u016fsobiteln\u00e1)<\/td>\n<\/tr>\n<tr style=\"height: 13.50pt\">\n<td style=\"height: 13.50pt\" height=\"18\">Pou\u017e\u00edv\u00e1n\u00ed<\/td>\n<td>Ple\u0165ov\u00e9 kr\u00e9my, t\u011blov\u00e1 ml\u00e9ka, o\u010dn\u00ed gely<\/td>\n<\/tr>\n<tr style=\"height: 13.50pt\">\n<td style=\"height: 13.50pt\" height=\"18\">Dokon\u010dit<\/td>\n<td>Matn\u00e9 pro soukrom\u00ed a estetiku<\/td>\n<\/tr>\n<tr style=\"height: 13.50pt\">\n<td style=\"height: 13.50pt\" height=\"18\">P\u0159ipraveno k odesl\u00e1n\u00ed<\/td>\n<td>Ano (standardn\u011b skladem)<\/td>\n<\/tr>\n<\/tbody>\n<\/table>\n<h2>P\u0159\u00edpadov\u00e1 studie \u00fasp\u011bchu: Uveden\u00ed luxusn\u00ed zna\u010dky p\u00e9\u010de o ple\u0165 na trh<\/h2>\n<p>Luxusn\u00ed zna\u010dka p\u00e9\u010de o ple\u0165 si p\u0159\u00e1la obaly na produkty p\u00e9\u010de o ple\u0165 pro svou novou \u0159adu kr\u00e9m\u016f proti st\u00e1rnut\u00ed. Upravili jsme 30ml matn\u011b b\u00edl\u00e9 lahvi\u010dky se zlat\u00fdmi reli\u00e9fn\u00edmi logy a kovov\u00fdmi \u0161roubovac\u00edmi v\u00ed\u010dky. V\u00fdsledkem je dvousetprocentn\u00ed n\u00e1r\u016fst online prodeje a 35% n\u00e1r\u016fst velkoobchodn\u00edch partnerstv\u00ed. To ukazuje, jak mohou lahvi\u010dky s kr\u00e9my prom\u011bnit specializovan\u00e9 produkty v l\u00eddry na trhu.<\/p>\n<h2>Tipy pro personalizaci va\u0161\u00ed zna\u010dky<\/h2>\n<ul>\n<li><strong>T\u00f3nov\u00e1n\u00ed barev:<\/strong> Pro v\u00fdrobky citliv\u00e9 na UV z\u00e1\u0159en\u00ed pou\u017eijte jantarovou barvu nebo pro zbo\u017e\u00ed nejvy\u0161\u0161\u00ed kvality \u010distou.<\/li>\n<li><strong>Mo\u017enosti v\u00edka:<\/strong> Plastov\u00e1 v\u00ed\u010dka sni\u017euj\u00ed n\u00e1klady na balen\u00ed ve velk\u00e9m mno\u017estv\u00ed a z\u00e1rove\u0148 kovov\u00e1 v\u00ed\u010dka p\u016fsob\u00ed dojmem prvot\u0159\u00eddn\u00ed kvality.<\/li>\n<li><strong>Design \u0161t\u00edtku:<\/strong> Pro autenticitu pou\u017eijte embl\u00e9my s reli\u00e9fn\u00edm potiskem nebo ochrannou pe\u010de\u0165.<\/li>\n<li><strong>Mno\u017estevn\u00ed slevy:<\/strong> Objednejte si kosmetick\u00e9 n\u00e1doby ve velk\u00e9m mno\u017estv\u00ed a z\u00edskejte odstup\u0148ovan\u00e9 ceny a rychl\u00e9 dod\u00e1n\u00ed.<\/li>\n<\/ul>","protected":false},"excerpt":{"rendered":"<p>Pr\u00e9miov\u00e1 30ml d\u00f3za na kr\u00e9m pro p\u00e9\u010di o ple\u0165. Ide\u00e1ln\u00ed pro ple\u0165ov\u00e9 kr\u00e9my, t\u011blov\u00e1 ml\u00e9ka. Velkoobchodn\u00ed prodej p\u0159izp\u016fsobiteln\u00fdch sklen\u011bn\u00fdch n\u00e1dob s vzduchot\u011bsn\u00fdmi v\u00ed\u010dky.<\/p>","protected":false},"featured_media":4434,"comment_status":"open","ping_status":"closed","template":"","meta":{"_acf_changed":false,"site-sidebar-layout":"default","site-content-layout":"","ast-site-content-layout":"default","site-content-style":"default","site-sidebar-style":"default","ast-global-header-display":"","ast-banner-title-visibility":"","ast-main-header-display":"","ast-hfb-above-header-display":"","ast-hfb-below-header-display":"","ast-hfb-mobile-header-display":"","site-post-title":"","ast-breadcrumbs-content":"","ast-featured-img":"","footer-sml-layout":"","ast-disable-related-posts":"","theme-transparent-header-meta":"default","adv-header-id-meta":"","stick-header-meta":"","header-above-stick-meta":"","header-main-stick-meta":"","header-below-stick-meta":"","astra-migrate-meta-layouts":"set","ast-page-background-enabled":"default","ast-page-background-meta":{"desktop":{"background-color":"var(--ast-global-color-5)","background-image":"","background-repeat":"repeat","background-position":"center center","background-size":"auto","background-attachment":"scroll","background-type":"","background-media":"","overlay-type":"","overlay-color":"","overlay-opacity":"","overlay-gradient":""},"tablet":{"background-color":"","background-image":"","background-repeat":"repeat","background-position":"center center","background-size":"auto","background-attachment":"scroll","background-type":"","background-media":"","overlay-type":"","overlay-color":"","overlay-opacity":"","overlay-gradient":""},"mobile":{"background-color":"","background-image":"","background-repeat":"repeat","background-position":"center center","background-size":"auto","background-attachment":"scroll","background-type":"","background-media":"","overlay-type":"","overlay-color":"","overlay-opacity":"","overlay-gradient":""}},"ast-content-background-meta":{"desktop":{"background-color":"var(--ast-global-color-4)","background-image":"","background-repeat":"repeat","background-position":"center center","background-size":"auto","background-attachment":"scroll","background-type":"","background-media":"","overlay-type":"","overlay-color":"","overlay-opacity":"","overlay-gradient":""},"tablet":{"background-color":"var(--ast-global-color-4)","background-image":"","background-repeat":"repeat","background-position":"center center","background-size":"auto","background-attachment":"scroll","background-type":"","background-media":"","overlay-type":"","overlay-color":"","overlay-opacity":"","overlay-gradient":""},"mobile":{"background-color":"var(--ast-global-color-4)","background-image":"","background-repeat":"repeat","background-position":"center center","background-size":"auto","background-attachment":"scroll","background-type":"","background-media":"","overlay-type":"","overlay-color":"","overlay-opacity":"","overlay-gradient":""}}},"product_brand":[],"product_cat":[56,72,62],"product_tag":[106,105],"class_list":{"0":"post-4433","1":"product","2":"type-product","3":"status-publish","4":"has-post-thumbnail","6":"product_cat-cosmetic-jars","7":"product_cat-cosmetic-packaging","8":"product_cat-cosmetic-containers","9":"product_tag-cream-jar","10":"product_tag-skincare-packaging","11":"desktop-align-left","12":"tablet-align-left","13":"mobile-align-left","15":"first","16":"instock","17":"shipping-taxable","18":"product-type-simple"},"acf":[],"jetpack_sharing_enabled":true,"_links":{"self":[{"href":"https:\/\/theperfumebottles.com\/cs\/wp-json\/wp\/v2\/product\/4433","targetHints":{"allow":["GET"]}}],"collection":[{"href":"https:\/\/theperfumebottles.com\/cs\/wp-json\/wp\/v2\/product"}],"about":[{"href":"https:\/\/theperfumebottles.com\/cs\/wp-json\/wp\/v2\/types\/product"}],"replies":[{"embeddable":true,"href":"https:\/\/theperfumebottles.com\/cs\/wp-json\/wp\/v2\/comments?post=4433"}],"wp:featuredmedia":[{"embeddable":true,"href":"https:\/\/theperfumebottles.com\/cs\/wp-json\/wp\/v2\/media\/4434"}],"wp:attachment":[{"href":"https:\/\/theperfumebottles.com\/cs\/wp-json\/wp\/v2\/media?parent=4433"}],"wp:term":[{"taxonomy":"product_brand","embeddable":true,"href":"https:\/\/theperfumebottles.com\/cs\/wp-json\/wp\/v2\/product_brand?post=4433"},{"taxonomy":"product_cat","embeddable":true,"href":"https:\/\/theperfumebottles.com\/cs\/wp-json\/wp\/v2\/product_cat?post=4433"},{"taxonomy":"product_tag","embeddable":true,"href":"https:\/\/theperfumebottles.com\/cs\/wp-json\/wp\/v2\/product_tag?post=4433"}],"curies":[{"name":"wp","href":"https:\/\/api.w.org\/{rel}","templated":true}]}}