{"id":4453,"date":"2025-07-15T17:33:54","date_gmt":"2025-07-15T09:33:54","guid":{"rendered":"https:\/\/theperfumebottles.com\/?post_type=product&#038;p=4453"},"modified":"2025-07-30T15:56:29","modified_gmt":"2025-07-30T07:56:29","slug":"2oz-4oz-8oz-premium-cosmetic-jars-wholesale","status":"publish","type":"product","link":"https:\/\/theperfumebottles.com\/cs\/produkt\/2oz-4oz-8oz-premium-cosmetic-jars-wholesale\/","title":{"rendered":"Velkoobchodn\u00ed prodej pr\u00e9miov\u00fdch kosmetick\u00fdch d\u00f3z 2 oz 4 oz 8 oz"},"content":{"rendered":"<p><span class=\"highlights\" data-v-df95d256=\"\">Na\u0161e kosmetick\u00e9 d\u00f3zy jsou navr\u017eeny tak, aby pov\u00fd\u0161ily va\u0161i \u00farove\u0148 balen\u00ed p\u00e9\u010de o ple\u0165 na vy\u0161\u0161\u00ed \u00farove\u0148. A\u0165 u\u017e spou\u0161t\u00edte luxusn\u00ed \u0159adu kosmetick\u00fdch obal\u016f, nebo roz\u0161i\u0159ujete velkoobchodn\u00ed prodej, tyto sklen\u011bn\u00e9 d\u00f3zy kombinuj\u00ed funk\u010dnost a estetiku, aby spl\u0148ovaly modern\u00ed po\u017eadavky trhu.<\/span><\/p>\n<h2>Kl\u00ed\u010dov\u00e9 specifikace<\/h2>\n<table style=\"margin-left: 240px;margin-right: auto;border-collapse: collapse;width: 80%;height: 403px\" border=\"0\" width=\"144\" cellspacing=\"0\" cellpadding=\"0\">\n<tbody>\n<tr style=\"height: 13.50pt\">\n<td style=\"height: 13.50pt;width: 54.00pt\" width=\"72\" height=\"18\">Funkce<\/td>\n<td style=\"width: 54.00pt\" width=\"72\">Podrobnosti<\/td>\n<\/tr>\n<tr style=\"height: 13.50pt\">\n<td style=\"height: 13.50pt\" height=\"18\">Kapacita<\/td>\n<td>2 oz, 4 oz, 8 oz<\/td>\n<\/tr>\n<tr style=\"height: 13.50pt\">\n<td style=\"height: 13.50pt\" height=\"18\">Tvar<\/td>\n<td>V\u00e1lec s rovn\u00fdmi hranami<\/td>\n<\/tr>\n<tr style=\"height: 13.50pt\">\n<td style=\"height: 13.50pt\" height=\"18\">Metoda t\u011bsn\u011bn\u00ed<\/td>\n<td>Z\u00e1vitov\u00e9 v\u00edko (plast\/kov)<\/td>\n<\/tr>\n<tr style=\"height: 13.50pt\">\n<td style=\"height: 13.50pt\" height=\"18\">Materi\u00e1l<\/td>\n<td>K\u0159i\u0161\u0165\u00e1lov\u00e9 sklo<\/td>\n<\/tr>\n<tr style=\"height: 13.50pt\">\n<td style=\"height: 13.50pt\" height=\"18\">Barvy<\/td>\n<td>\u010cir\u00e1, jantarov\u00e1, \u010dern\u00e1, zelen\u00e1 (p\u0159izp\u016fsobiteln\u00e1)<\/td>\n<\/tr>\n<tr style=\"height: 13.50pt\">\n<td style=\"height: 13.50pt\" height=\"18\">Z\u00e1kladn\u00ed design<\/td>\n<td>Ploch\u00e9 dno pro stabilitu<\/td>\n<\/tr>\n<tr style=\"height: 13.50pt\">\n<td style=\"height: 13.50pt\" height=\"18\">P\u0159\u00edpady pou\u017eit\u00ed<\/td>\n<td>Kr\u00e9m na obli\u010dej, t\u011blov\u00e9 ml\u00e9ko, o\u010dn\u00ed kr\u00e9m<\/td>\n<\/tr>\n<\/tbody>\n<\/table>\n<h2><span class=\"highlights\" data-v-df95d256=\"\">P\u0159\u00edpad \u00fasp\u011bchu<\/span><\/h2>\n<p><span class=\"highlights\" data-v-df95d256=\"\">Luxusn\u00ed zna\u010dka p\u00e9\u010de o ple\u0165 pou\u017eila na\u0161e jantarov\u00e9 113ml kel\u00edmky na sv\u016fj kr\u00e9m proti st\u00e1rnut\u00ed pleti. UV ochrann\u00fd odst\u00edn a minimalistick\u00fd design pomohly jejich produktu vyniknout na pultech a zv\u00fd\u0161ily prodej o 40 % b\u011bhem t\u0159\u00ed m\u011bs\u00edc\u016f. <\/span><\/p>\n<h2><span class=\"highlights\" data-v-df95d256=\"\">N\u00e1vrhy na p\u0159izp\u016fsoben\u00ed<\/span><\/h2>\n<ul>\n<li><span class=\"highlights\" data-v-df95d256=\"\"><strong>Barva a ozna\u010den\u00ed:<\/strong> P\u0159izp\u016fsobte paletu barev va\u0161\u00ed zna\u010dky vlastn\u00edmi barevn\u00fdmi n\u00e1t\u011bry a poti\u0161t\u011bn\u00fdmi etiketami. <\/span><\/li>\n<li><span class=\"highlights\" data-v-df95d256=\"\"><strong>Mo\u017enosti v\u00edka:<\/strong> Pro aplikaci jemn\u00e9 mlhy zvolte magnetick\u00e9 uz\u00e1v\u011bry nebo hlavice pumpi\u010dky. <\/span><\/li>\n<li><span class=\"highlights\" data-v-df95d256=\"\"><strong>Hromadn\u00e9 objedn\u00e1vky:<\/strong> Na\u0161e \u0159e\u0161en\u00ed balen\u00ed ve velk\u00e9m zaji\u0161\u0165uj\u00ed cenov\u011b v\u00fdhodn\u00e9 velkoobchodn\u00ed ceny bez kompromis\u016f v kvalit\u011b.<\/span><\/li>\n<\/ul>","protected":false},"excerpt":{"rendered":"<p>Posu\u0148te sv\u00e9 velkoobchodn\u00ed trh s kosmetick\u00fdmi d\u00f3zi\u010dkami na vy\u0161\u0161\u00ed \u00farove\u0148 s pr\u00e9miov\u00fdmi sklen\u011bn\u00fdmi obaly. Odoln\u00e9, p\u0159izp\u016fsobiteln\u00e9 a ekologick\u00e9 \u2013 ide\u00e1ln\u00ed pro luxusn\u00ed kosmetick\u00e9 obaly.<\/p>","protected":false},"featured_media":4455,"comment_status":"open","ping_status":"closed","template":"","meta":{"_acf_changed":false,"site-sidebar-layout":"default","site-content-layout":"","ast-site-content-layout":"default","site-content-style":"default","site-sidebar-style":"default","ast-global-header-display":"","ast-banner-title-visibility":"","ast-main-header-display":"","ast-hfb-above-header-display":"","ast-hfb-below-header-display":"","ast-hfb-mobile-header-display":"","site-post-title":"","ast-breadcrumbs-content":"","ast-featured-img":"","footer-sml-layout":"","ast-disable-related-posts":"","theme-transparent-header-meta":"default","adv-header-id-meta":"","stick-header-meta":"","header-above-stick-meta":"","header-main-stick-meta":"","header-below-stick-meta":"","astra-migrate-meta-layouts":"set","ast-page-background-enabled":"default","ast-page-background-meta":{"desktop":{"background-color":"var(--ast-global-color-5)","background-image":"","background-repeat":"repeat","background-position":"center center","background-size":"auto","background-attachment":"scroll","background-type":"","background-media":"","overlay-type":"","overlay-color":"","overlay-opacity":"","overlay-gradient":""},"tablet":{"background-color":"","background-image":"","background-repeat":"repeat","background-position":"center center","background-size":"auto","background-attachment":"scroll","background-type":"","background-media":"","overlay-type":"","overlay-color":"","overlay-opacity":"","overlay-gradient":""},"mobile":{"background-color":"","background-image":"","background-repeat":"repeat","background-position":"center center","background-size":"auto","background-attachment":"scroll","background-type":"","background-media":"","overlay-type":"","overlay-color":"","overlay-opacity":"","overlay-gradient":""}},"ast-content-background-meta":{"desktop":{"background-color":"var(--ast-global-color-4)","background-image":"","background-repeat":"repeat","background-position":"center center","background-size":"auto","background-attachment":"scroll","background-type":"","background-media":"","overlay-type":"","overlay-color":"","overlay-opacity":"","overlay-gradient":""},"tablet":{"background-color":"var(--ast-global-color-4)","background-image":"","background-repeat":"repeat","background-position":"center center","background-size":"auto","background-attachment":"scroll","background-type":"","background-media":"","overlay-type":"","overlay-color":"","overlay-opacity":"","overlay-gradient":""},"mobile":{"background-color":"var(--ast-global-color-4)","background-image":"","background-repeat":"repeat","background-position":"center center","background-size":"auto","background-attachment":"scroll","background-type":"","background-media":"","overlay-type":"","overlay-color":"","overlay-opacity":"","overlay-gradient":""}}},"product_brand":[],"product_cat":[72,62,56],"product_tag":[108,107],"class_list":{"0":"post-4453","1":"product","2":"type-product","3":"status-publish","4":"has-post-thumbnail","6":"product_cat-cosmetic-packaging","7":"product_cat-cosmetic-containers","8":"product_cat-cosmetic-jars","9":"product_tag-a-jar-of-face-cream","10":"product_tag-cosmetic-jars-wholesale","11":"desktop-align-left","12":"tablet-align-left","13":"mobile-align-left","15":"first","16":"instock","17":"shipping-taxable","18":"product-type-simple"},"acf":[],"jetpack_sharing_enabled":true,"_links":{"self":[{"href":"https:\/\/theperfumebottles.com\/cs\/wp-json\/wp\/v2\/product\/4453","targetHints":{"allow":["GET"]}}],"collection":[{"href":"https:\/\/theperfumebottles.com\/cs\/wp-json\/wp\/v2\/product"}],"about":[{"href":"https:\/\/theperfumebottles.com\/cs\/wp-json\/wp\/v2\/types\/product"}],"replies":[{"embeddable":true,"href":"https:\/\/theperfumebottles.com\/cs\/wp-json\/wp\/v2\/comments?post=4453"}],"wp:featuredmedia":[{"embeddable":true,"href":"https:\/\/theperfumebottles.com\/cs\/wp-json\/wp\/v2\/media\/4455"}],"wp:attachment":[{"href":"https:\/\/theperfumebottles.com\/cs\/wp-json\/wp\/v2\/media?parent=4453"}],"wp:term":[{"taxonomy":"product_brand","embeddable":true,"href":"https:\/\/theperfumebottles.com\/cs\/wp-json\/wp\/v2\/product_brand?post=4453"},{"taxonomy":"product_cat","embeddable":true,"href":"https:\/\/theperfumebottles.com\/cs\/wp-json\/wp\/v2\/product_cat?post=4453"},{"taxonomy":"product_tag","embeddable":true,"href":"https:\/\/theperfumebottles.com\/cs\/wp-json\/wp\/v2\/product_tag?post=4453"}],"curies":[{"name":"wp","href":"https:\/\/api.w.org\/{rel}","templated":true}]}}