{"id":4463,"date":"2025-07-15T17:46:01","date_gmt":"2025-07-15T09:46:01","guid":{"rendered":"https:\/\/theperfumebottles.com\/?post_type=product&#038;p=4463"},"modified":"2025-07-31T10:58:58","modified_gmt":"2025-07-31T02:58:58","slug":"glass-face-cream-jars-wholesales-custom-skincare-packaging","status":"publish","type":"product","link":"https:\/\/theperfumebottles.com\/cs\/produkt\/glass-face-cream-jars-wholesales-custom-skincare-packaging\/","title":{"rendered":"Velkoobchodn\u00ed prodej sklen\u011bn\u00fdch kr\u00e9m\u016f na obli\u010dej o objemu 100 g\/100 ml \u2013 balen\u00ed na zak\u00e1zku pro p\u00e9\u010di o ple\u0165"},"content":{"rendered":"<p><span class=\"highlights\" data-v-df95d256=\"\">Na\u0161e sklen\u011bn\u00e9 d\u00f3zy na kr\u00e9my na obli\u010dej jsou navr\u017eeny tak, aby v\u00e1s inspirovaly k balen\u00ed kosmetick\u00fdch p\u0159\u00edpravk\u016f. A\u0165 u\u017e jste majitelem loga a hled\u00e1te balen\u00ed na zak\u00e1zku pro p\u00e9\u010di o ple\u0165, nebo obchodn\u00edkem, kter\u00fd hled\u00e1 n\u00e1doby na balen\u00ed kosmetick\u00fdch p\u0159\u00edpravk\u016f ve velk\u00e9m, tyto d\u00f3zy kombinuj\u00ed funk\u010dnost a eleganci.\u00a0<\/span><\/p>\n<h3 data-spm-anchor-id=\"5176.28103460.0.i8.29ab1db83FoVh8\"><strong>Kl\u00ed\u010dov\u00e9 specifikace<\/strong><\/h3>\n<table style=\"border-collapse: collapse;width: 60%;height: 585px;margin-left: auto;margin-right: auto\" border=\"0\" width=\"144\" cellspacing=\"0\" cellpadding=\"0\">\n<tbody>\n<tr style=\"height: 13.50pt\">\n<td style=\"height: 13.50pt;width: 54.00pt\" width=\"72\" height=\"18\">Funkce<\/td>\n<td style=\"width: 54.00pt\" width=\"72\">Podrobnosti<\/td>\n<\/tr>\n<tr style=\"height: 13.50pt\">\n<td style=\"height: 13.50pt\" height=\"18\">Kapacita<\/td>\n<td>100 g \/ 100 ml<\/td>\n<\/tr>\n<tr style=\"height: 13.50pt\">\n<td style=\"height: 13.50pt\" height=\"18\">Tvar<\/td>\n<td>Rovn\u00e9 strany<\/td>\n<\/tr>\n<tr style=\"height: 13.50pt\">\n<td style=\"height: 13.50pt\" height=\"18\">Materi\u00e1l<\/td>\n<td>K\u0159i\u0161\u0165\u00e1lov\u00e9 sklo<\/td>\n<\/tr>\n<tr style=\"height: 13.50pt\">\n<td style=\"height: 13.50pt\" height=\"18\">Barvy<\/td>\n<td>Zelen\u00e1, \u010dir\u00e1, jantarov\u00e1, \u010dern\u00e1 (p\u0159izp\u016fsobiteln\u00e1)\u2026<\/td>\n<\/tr>\n<tr style=\"height: 13.50pt\">\n<td style=\"height: 13.50pt\" height=\"18\">P\u0159\u00edpady pou\u017eit\u00ed<\/td>\n<td>Kr\u00e9m na obli\u010dej, t\u011blov\u00e9 ml\u00e9ko\u2026<\/td>\n<\/tr>\n<\/tbody>\n<\/table>\n<h2><span class=\"highlights\" data-v-df95d256=\"\">P\u0159\u00edpadov\u00e1 studie<\/span><\/h2>\n<p><span class=\"highlights\" data-v-df95d256=\"\">St\u0159edn\u011b velk\u00e1 zna\u010dka p\u00e9\u010de o ple\u0165 pou\u017eila na\u0161e zelen\u00e9 100g kel\u00edmky pro sv\u016fj kr\u00e9m proti st\u00e1rnut\u00ed. Ekologick\u00fd design a mo\u017enost skladov\u00e1n\u00ed ihned k odesl\u00e1n\u00ed jim pomohly s uveden\u00edm produktu na trh b\u011bhem 2 t\u00fddn\u016f a zv\u00fd\u0161en\u00edm prodeje na domovsk\u00e9 str\u00e1nce o 35 % v prvn\u00edm m\u011bs\u00edci.<\/span><\/p>","protected":false},"excerpt":{"rendered":"<p>Objevte sklen\u011bn\u00e9 d\u00f3zy na kr\u00e9my na obli\u010dej pro balen\u00ed kosmetiky na m\u00edru. Odoln\u00e9, p\u0159izp\u016fsobiteln\u00e9 a ekologick\u00e9 \u2013 ide\u00e1ln\u00ed pro hromadn\u00e9 balen\u00ed kosmetick\u00fdch p\u0159\u00edpravk\u016f.<\/p>","protected":false},"featured_media":4464,"comment_status":"open","ping_status":"closed","template":"","meta":{"_acf_changed":false,"site-sidebar-layout":"default","site-content-layout":"","ast-site-content-layout":"default","site-content-style":"default","site-sidebar-style":"default","ast-global-header-display":"","ast-banner-title-visibility":"","ast-main-header-display":"","ast-hfb-above-header-display":"","ast-hfb-below-header-display":"","ast-hfb-mobile-header-display":"","site-post-title":"","ast-breadcrumbs-content":"","ast-featured-img":"","footer-sml-layout":"","ast-disable-related-posts":"","theme-transparent-header-meta":"default","adv-header-id-meta":"","stick-header-meta":"","header-above-stick-meta":"","header-main-stick-meta":"","header-below-stick-meta":"","astra-migrate-meta-layouts":"set","ast-page-background-enabled":"default","ast-page-background-meta":{"desktop":{"background-color":"var(--ast-global-color-5)","background-image":"","background-repeat":"repeat","background-position":"center center","background-size":"auto","background-attachment":"scroll","background-type":"","background-media":"","overlay-type":"","overlay-color":"","overlay-opacity":"","overlay-gradient":""},"tablet":{"background-color":"","background-image":"","background-repeat":"repeat","background-position":"center center","background-size":"auto","background-attachment":"scroll","background-type":"","background-media":"","overlay-type":"","overlay-color":"","overlay-opacity":"","overlay-gradient":""},"mobile":{"background-color":"","background-image":"","background-repeat":"repeat","background-position":"center center","background-size":"auto","background-attachment":"scroll","background-type":"","background-media":"","overlay-type":"","overlay-color":"","overlay-opacity":"","overlay-gradient":""}},"ast-content-background-meta":{"desktop":{"background-color":"var(--ast-global-color-4)","background-image":"","background-repeat":"repeat","background-position":"center center","background-size":"auto","background-attachment":"scroll","background-type":"","background-media":"","overlay-type":"","overlay-color":"","overlay-opacity":"","overlay-gradient":""},"tablet":{"background-color":"var(--ast-global-color-4)","background-image":"","background-repeat":"repeat","background-position":"center center","background-size":"auto","background-attachment":"scroll","background-type":"","background-media":"","overlay-type":"","overlay-color":"","overlay-opacity":"","overlay-gradient":""},"mobile":{"background-color":"var(--ast-global-color-4)","background-image":"","background-repeat":"repeat","background-position":"center center","background-size":"auto","background-attachment":"scroll","background-type":"","background-media":"","overlay-type":"","overlay-color":"","overlay-opacity":"","overlay-gradient":""}}},"product_brand":[],"product_cat":[72,62,56],"product_tag":[109,110],"class_list":{"0":"post-4463","1":"product","2":"type-product","3":"status-publish","4":"has-post-thumbnail","6":"product_cat-cosmetic-packaging","7":"product_cat-cosmetic-containers","8":"product_cat-cosmetic-jars","9":"product_tag-custom-skincare-packaging","10":"product_tag-glass-face-cream-jars","11":"desktop-align-left","12":"tablet-align-left","13":"mobile-align-left","15":"first","16":"instock","17":"shipping-taxable","18":"product-type-simple"},"acf":[],"jetpack_sharing_enabled":true,"_links":{"self":[{"href":"https:\/\/theperfumebottles.com\/cs\/wp-json\/wp\/v2\/product\/4463","targetHints":{"allow":["GET"]}}],"collection":[{"href":"https:\/\/theperfumebottles.com\/cs\/wp-json\/wp\/v2\/product"}],"about":[{"href":"https:\/\/theperfumebottles.com\/cs\/wp-json\/wp\/v2\/types\/product"}],"replies":[{"embeddable":true,"href":"https:\/\/theperfumebottles.com\/cs\/wp-json\/wp\/v2\/comments?post=4463"}],"wp:featuredmedia":[{"embeddable":true,"href":"https:\/\/theperfumebottles.com\/cs\/wp-json\/wp\/v2\/media\/4464"}],"wp:attachment":[{"href":"https:\/\/theperfumebottles.com\/cs\/wp-json\/wp\/v2\/media?parent=4463"}],"wp:term":[{"taxonomy":"product_brand","embeddable":true,"href":"https:\/\/theperfumebottles.com\/cs\/wp-json\/wp\/v2\/product_brand?post=4463"},{"taxonomy":"product_cat","embeddable":true,"href":"https:\/\/theperfumebottles.com\/cs\/wp-json\/wp\/v2\/product_cat?post=4463"},{"taxonomy":"product_tag","embeddable":true,"href":"https:\/\/theperfumebottles.com\/cs\/wp-json\/wp\/v2\/product_tag?post=4463"}],"curies":[{"name":"wp","href":"https:\/\/api.w.org\/{rel}","templated":true}]}}