{"id":4468,"date":"2025-07-15T17:45:18","date_gmt":"2025-07-15T09:45:18","guid":{"rendered":"https:\/\/theperfumebottles.com\/?post_type=product&#038;p=4468"},"modified":"2025-07-31T10:45:27","modified_gmt":"2025-07-31T02:45:27","slug":"1oz-2oz-4oz-glass-cosmetic-jars-wholesale-custom-skincare-jar","status":"publish","type":"product","link":"https:\/\/theperfumebottles.com\/cs\/produkt\/1oz-2oz-4oz-glass-cosmetic-jars-wholesale-custom-skincare-jar\/","title":{"rendered":"Sklen\u011bn\u00e9 kosmetick\u00e9 d\u00f3zy 1oz 2oz 4oz pro velkoobchod \u2013 zak\u00e1zkov\u00e1 d\u00f3za na p\u00e9\u010di o ple\u0165"},"content":{"rendered":"<p><span class=\"highlights\" data-v-df95d256=\"\">Na\u0161e sklen\u011bn\u00e9 kosmetick\u00e9 d\u00f3zy jsou navr\u017eeny tak, aby v\u00e1s inspirovaly k balen\u00ed kosmetick\u00fdch produkt\u016f. A\u0165 u\u017e jste majitel zna\u010dky, kter\u00fd hled\u00e1 zak\u00e1zkov\u00e9 balen\u00ed p\u00e9\u010de o ple\u0165, nebo obchodn\u00edk, kter\u00fd hled\u00e1 velkoobchodn\u00ed kosmetick\u00e9 n\u00e1doby, tyto d\u00f3zy spojuj\u00ed funk\u010dnost a eleganci.<\/span><\/p>\n<h2><span class=\"highlights\" data-v-df95d256=\"\">Kl\u00ed\u010dov\u00e9 specifikace<\/span><\/h2>\n<table style=\"border-collapse: collapse;width: 80%;height: 361px;margin-left: auto;margin-right: auto\" border=\"0\" width=\"144\" cellspacing=\"0\" cellpadding=\"0\">\n<tbody>\n<tr style=\"height: 13.50pt\">\n<td style=\"height: 13.50pt;width: 54.00pt\" width=\"72\" height=\"18\">Funkce<\/td>\n<td style=\"width: 54.00pt\" width=\"72\">Podrobnosti<\/td>\n<\/tr>\n<tr style=\"height: 13.50pt\">\n<td style=\"height: 13.50pt\" height=\"18\">Kapacita<\/td>\n<td>30 ml \/ 60 ml \/ 110 ml<\/td>\n<\/tr>\n<tr style=\"height: 13.50pt\">\n<td style=\"height: 13.50pt\" height=\"18\">Tvar<\/td>\n<td>Rovn\u00e9 strany<\/td>\n<\/tr>\n<tr style=\"height: 13.50pt\">\n<td style=\"height: 13.50pt\" height=\"18\">Metoda t\u011bsn\u011bn\u00ed<\/td>\n<td>Z\u00e1vitov\u00e9 v\u00edko (plast\/kov)<\/td>\n<\/tr>\n<tr style=\"height: 13.50pt\">\n<td style=\"height: 13.50pt\" height=\"18\">Materi\u00e1l<\/td>\n<td>Tvrzen\u00e9 sklo<\/td>\n<\/tr>\n<tr style=\"height: 13.50pt\">\n<td style=\"height: 13.50pt\" height=\"18\">Barvy<\/td>\n<td>Modr\u00e1 (p\u0159izp\u016fsobiteln\u00e1)<\/td>\n<\/tr>\n<tr style=\"height: 13.50pt\">\n<td style=\"height: 13.50pt\" height=\"18\">P\u0159\u00edpady pou\u017eit\u00ed<\/td>\n<td>Kr\u00e9m na obli\u010dej, t\u011blov\u00e9 ml\u00e9ko, o\u010dn\u00ed kr\u00e9m\u2026<\/td>\n<\/tr>\n<\/tbody>\n<\/table>\n<h2><span class=\"highlights\" data-v-df95d256=\"\">P\u0159\u00edpad \u00fasp\u011bchu<\/span><\/h2>\n<p><span class=\"highlights\" data-v-df95d256=\"\">St\u0159edn\u011b velk\u00e1 zna\u010dka p\u00e9\u010de o ple\u0165 pou\u017eila na\u0161e 57ml modr\u00e9 kel\u00edmky pro svou \u0159adu luxusn\u00edch o\u010dn\u00edch kr\u00e9m\u016f. Ekologick\u00fd design a mo\u017enost skladov\u00e1n\u00ed skladem ihned k odesl\u00e1n\u00ed jim pomohly s uveden\u00edm na trh b\u011bhem 2 t\u00fddn\u016f a zv\u00fd\u0161en\u00edm prodeje na domovsk\u00e9 str\u00e1nce o 35 % v prvn\u00edm m\u011bs\u00edci.<\/span><\/p>\n<h2><span class=\"highlights\" data-v-df95d256=\"\">N\u00e1vrhy na p\u0159izp\u016fsoben\u00ed<\/span><\/h2>\n<p>Tyto sklen\u011bn\u00e9 kosmetick\u00e9 d\u00f3zy nab\u00edzej\u00ed plnou mo\u017enost p\u0159izp\u016fsoben\u00ed logu, personalizovan\u00e9 barevn\u00e9 povlaky a zna\u010dkovac\u00ed \u0161t\u00edtky pro soudr\u017en\u00fd a viditeln\u00fd branding. V\u00ed\u010dka nab\u00edzej\u00ed minimalistick\u00fd vzhled nebo le\u0161t\u011bnou ocelovou povrchovou \u00fapravu pro zv\u00fd\u0161en\u00ed sofistikovanosti p\u0159\u00edjemn\u00fdch produkt\u016f v mlze. Na\u0161e obalov\u00e1 \u0159e\u0161en\u00ed nav\u00edc poskytuj\u00ed cenov\u011b dostupn\u00e9 ceny bez kompromis\u016f v oblasti prvot\u0159\u00eddn\u00edho p\u0159\u00edjemn\u00e9ho pocitu, co\u017e zna\u010dk\u00e1m umo\u017e\u0148uje roz\u0161i\u0159ovat v\u00fdrobu a z\u00e1rove\u0148 dodr\u017eovat vysok\u00e9 standardy.<\/p>","protected":false},"excerpt":{"rendered":"<p>Objevte velkoobchodn\u00ed prodej sklen\u011bn\u00fdch kosmetick\u00fdch d\u00f3z pro p\u00e9\u010di o ple\u0165. Odoln\u00e9, p\u0159izp\u016fsobiteln\u00e9 a ekologick\u00e9 \u2013 ide\u00e1ln\u00ed pro balen\u00ed kosmetiky ve velk\u00e9m.<\/p>","protected":false},"featured_media":4473,"comment_status":"open","ping_status":"closed","template":"","meta":{"_acf_changed":false,"site-sidebar-layout":"default","site-content-layout":"","ast-site-content-layout":"default","site-content-style":"default","site-sidebar-style":"default","ast-global-header-display":"","ast-banner-title-visibility":"","ast-main-header-display":"","ast-hfb-above-header-display":"","ast-hfb-below-header-display":"","ast-hfb-mobile-header-display":"","site-post-title":"","ast-breadcrumbs-content":"","ast-featured-img":"","footer-sml-layout":"","ast-disable-related-posts":"","theme-transparent-header-meta":"default","adv-header-id-meta":"","stick-header-meta":"","header-above-stick-meta":"","header-main-stick-meta":"","header-below-stick-meta":"","astra-migrate-meta-layouts":"set","ast-page-background-enabled":"default","ast-page-background-meta":{"desktop":{"background-color":"var(--ast-global-color-5)","background-image":"","background-repeat":"repeat","background-position":"center center","background-size":"auto","background-attachment":"scroll","background-type":"","background-media":"","overlay-type":"","overlay-color":"","overlay-opacity":"","overlay-gradient":""},"tablet":{"background-color":"","background-image":"","background-repeat":"repeat","background-position":"center center","background-size":"auto","background-attachment":"scroll","background-type":"","background-media":"","overlay-type":"","overlay-color":"","overlay-opacity":"","overlay-gradient":""},"mobile":{"background-color":"","background-image":"","background-repeat":"repeat","background-position":"center center","background-size":"auto","background-attachment":"scroll","background-type":"","background-media":"","overlay-type":"","overlay-color":"","overlay-opacity":"","overlay-gradient":""}},"ast-content-background-meta":{"desktop":{"background-color":"var(--ast-global-color-4)","background-image":"","background-repeat":"repeat","background-position":"center center","background-size":"auto","background-attachment":"scroll","background-type":"","background-media":"","overlay-type":"","overlay-color":"","overlay-opacity":"","overlay-gradient":""},"tablet":{"background-color":"var(--ast-global-color-4)","background-image":"","background-repeat":"repeat","background-position":"center center","background-size":"auto","background-attachment":"scroll","background-type":"","background-media":"","overlay-type":"","overlay-color":"","overlay-opacity":"","overlay-gradient":""},"mobile":{"background-color":"var(--ast-global-color-4)","background-image":"","background-repeat":"repeat","background-position":"center center","background-size":"auto","background-attachment":"scroll","background-type":"","background-media":"","overlay-type":"","overlay-color":"","overlay-opacity":"","overlay-gradient":""}}},"product_brand":[],"product_cat":[72,62,56],"product_tag":[111,112],"class_list":{"0":"post-4468","1":"product","2":"type-product","3":"status-publish","4":"has-post-thumbnail","6":"product_cat-cosmetic-packaging","7":"product_cat-cosmetic-containers","8":"product_cat-cosmetic-jars","9":"product_tag-glass-cosmetic-jars-wholesale","10":"product_tag-skincare-jar","11":"desktop-align-left","12":"tablet-align-left","13":"mobile-align-left","15":"first","16":"instock","17":"shipping-taxable","18":"product-type-simple"},"acf":[],"jetpack_sharing_enabled":true,"_links":{"self":[{"href":"https:\/\/theperfumebottles.com\/cs\/wp-json\/wp\/v2\/product\/4468","targetHints":{"allow":["GET"]}}],"collection":[{"href":"https:\/\/theperfumebottles.com\/cs\/wp-json\/wp\/v2\/product"}],"about":[{"href":"https:\/\/theperfumebottles.com\/cs\/wp-json\/wp\/v2\/types\/product"}],"replies":[{"embeddable":true,"href":"https:\/\/theperfumebottles.com\/cs\/wp-json\/wp\/v2\/comments?post=4468"}],"wp:featuredmedia":[{"embeddable":true,"href":"https:\/\/theperfumebottles.com\/cs\/wp-json\/wp\/v2\/media\/4473"}],"wp:attachment":[{"href":"https:\/\/theperfumebottles.com\/cs\/wp-json\/wp\/v2\/media?parent=4468"}],"wp:term":[{"taxonomy":"product_brand","embeddable":true,"href":"https:\/\/theperfumebottles.com\/cs\/wp-json\/wp\/v2\/product_brand?post=4468"},{"taxonomy":"product_cat","embeddable":true,"href":"https:\/\/theperfumebottles.com\/cs\/wp-json\/wp\/v2\/product_cat?post=4468"},{"taxonomy":"product_tag","embeddable":true,"href":"https:\/\/theperfumebottles.com\/cs\/wp-json\/wp\/v2\/product_tag?post=4468"}],"curies":[{"name":"wp","href":"https:\/\/api.w.org\/{rel}","templated":true}]}}