{"id":4474,"date":"2025-07-15T17:44:31","date_gmt":"2025-07-15T09:44:31","guid":{"rendered":"https:\/\/theperfumebottles.com\/?post_type=product&#038;p=4474"},"modified":"2026-03-30T17:09:12","modified_gmt":"2026-03-30T09:09:12","slug":"cylindrical-skincare-containers-wholesale","status":"publish","type":"product","link":"https:\/\/theperfumebottles.com\/cs\/produkt\/cylindrical-skincare-containers-wholesale\/","title":{"rendered":"Velkoobchodn\u00ed prodej v\u00e1lcov\u00fdch n\u00e1dob na p\u00e9\u010di o ple\u0165 o objemu 4 oz a 8 oz"},"content":{"rendered":"<p>Tyto velkoobchodn\u00ed n\u00e1doby na p\u00e9\u010di o ple\u0165 jsou jantarov\u011b zbarven\u00e9, kter\u00e9 blokuj\u00ed sv\u011btlo, matn\u011b \u010dern\u00e9 a pr\u016fhledn\u00e9. Sklenice maj\u00ed \u010dist\u00fd v\u00e1lcovit\u00fd tvar a jsou dopln\u011bny v\u00ed\u010dkem, kter\u00e9 se hod\u00ed.<\/p>\n<h2 data-spm-anchor-id=\"5176.28103460.0.i24.29ab1db83FoVh8\"><strong>Kl\u00ed\u010dov\u00e9 specifikace<\/strong><\/h2>\n<table style=\"border-collapse: collapse; width: 906px; height: 373px; margin-left: 240px;\" border=\"0\" width=\"144\" cellspacing=\"0\" cellpadding=\"0\">\n<tbody>\n<tr style=\"height: 13.50pt;\">\n<td style=\"height: 13.50pt; width: 54.00pt;\" width=\"72\" height=\"18\">Funkce<\/td>\n<td style=\"width: 54.00pt;\" width=\"72\">Podrobnosti<\/td>\n<\/tr>\n<tr style=\"height: 13.50pt;\">\n<td style=\"height: 13.50pt;\" height=\"18\">Kapacita<\/td>\n<td>113 g \/ 227 g<\/td>\n<\/tr>\n<tr style=\"height: 13.50pt;\">\n<td style=\"height: 13.50pt;\" height=\"18\">Tvar<\/td>\n<td>Rovn\u00e9 strany<\/td>\n<\/tr>\n<tr style=\"height: 13.50pt;\">\n<td style=\"height: 13.50pt;\" height=\"18\">Metoda t\u011bsn\u011bn\u00ed<\/td>\n<td>Z\u00e1vitov\u00e9 v\u00edko (plast\/kov\/d\u0159evo)<\/td>\n<\/tr>\n<tr style=\"height: 13.50pt;\">\n<td style=\"height: 13.50pt;\" height=\"18\">Materi\u00e1l<\/td>\n<td>K\u0159i\u0161\u0165\u00e1lov\u00e9 sklo<\/td>\n<\/tr>\n<tr style=\"height: 13.50pt;\">\n<td style=\"height: 13.50pt;\" height=\"18\">Barvy<\/td>\n<td>Jantarov\u00e1, \u010dern\u00e1, \u010dir\u00e1, zelen\u00e1, modr\u00e1 (p\u0159izp\u016fsobiteln\u00e1)\u2026<\/td>\n<\/tr>\n<tr style=\"height: 13.50pt;\">\n<td style=\"height: 13.50pt;\" height=\"18\">P\u0159\u00edpady pou\u017eit\u00ed<\/td>\n<td>Kr\u00e9m na obli\u010dej, t\u011blov\u00e9 ml\u00e9ko, o\u010dn\u00ed kr\u00e9m<\/td>\n<\/tr>\n<\/tbody>\n<\/table>\n<h2><span class=\"highlights\" data-v-df95d256=\"\">P\u0159\u00edb\u011bh \u00fasp\u011bchu<\/span><\/h2>\n<p>Na\u0161e kosmetick\u00e9 obaly v d\u00f3z\u00e1ch na kr\u00e9my, jantarov\u011b zbarven\u00fd no\u010dn\u00ed kr\u00e9m s retinolem a matn\u011b \u010dern\u00e1 bambusov\u00e1 maska \u200b\u200bs aktivn\u00edm uhl\u00edm, byly vybr\u00e1ny zna\u010dkou zam\u011b\u0159enou na celostn\u00ed wellness. D\u00f3zy maj\u00ed individu\u00e1ln\u011b s\u00edtotiskem poti\u0161t\u011bn\u00e9 bylinn\u00e9 motivy. Jantarov\u011b zbarven\u00e9 sklen\u011bn\u00e9 n\u00e1doby pou\u017eit\u00e9 v retinolov\u00fdch produktech vedly ke 40% zv\u00fd\u0161en\u00ed stability produktu a matn\u011b \u010dern\u00e9 sklen\u011bn\u00e9 n\u00e1doby pou\u017eit\u00e9 v no\u010dn\u00edch kr\u00e9mech p\u0159il\u00e1kaly o 25 % vy\u0161\u0161\u00ed cenu. Zna\u010dka se stala velmi \u00fasp\u011b\u0161nou a n\u00e1sledn\u011b si objednala dal\u0161\u00edch 300 000 d\u00f3z s nov\u00fdm t\u011blov\u00fdm ml\u00e9kem a \u0159adou p\u00e9\u010de o poko\u017eku hlavy.<\/p>\n<h2><span class=\"highlights\" data-v-df95d256=\"\">N\u00e1vrhy na p\u0159izp\u016fsoben\u00ed<\/span><\/h2>\n<ul>\n<li><strong>Styling skla a etiket:<\/strong> Pro modern\u00ed estetiku zvolte \u010dist\u00e9 sklo s jednoduch\u00fdmi a minimalistick\u00fdmi popisky, nebo pro luxusn\u00ed a luxusn\u00ed vzhled zvolte \u010dern\u00e9 sklo a kovov\u00e9 zna\u010dky.<\/li>\n<li><strong>V\u00fdb\u011br v\u00edka:<\/strong> Pro sofistikovan\u00fd a profesion\u00e1ln\u00ed vzhled dopl\u0148te plastov\u00fdmi v\u00ed\u010dky nebo kovov\u00fdmi uz\u00e1v\u011bry.<\/li>\n<li><strong>V\u00fdhody velkoobchodu:<\/strong> Vyu\u017eijte velkoobchodn\u00ed doru\u010den\u00ed p\u00e9\u010de o ple\u0165 u hromadn\u00fdch objedn\u00e1vek od 500 kus\u016f.<\/li>\n<\/ul>","protected":false},"excerpt":{"rendered":"<p>Velkoobchodn\u00ed prodej pr\u00e9miov\u00fdch n\u00e1dob na p\u00e9\u010di o ple\u0165 s r\u016fzn\u00fdmi povrchov\u00fdmi \u00fapravami a bezpe\u010dn\u00fdmi v\u00edky. D\u00f3zi\u010dky na kr\u00e9my a kosmetick\u00e9 obaly pro zna\u010dky. Rychl\u00e9 dod\u00e1n\u00ed zaru\u010duje rychl\u00e9 dod\u00e1n\u00ed.<\/p>","protected":false},"featured_media":4479,"comment_status":"open","ping_status":"closed","template":"","meta":{"_acf_changed":false,"site-sidebar-layout":"default","site-content-layout":"","ast-site-content-layout":"default","site-content-style":"default","site-sidebar-style":"default","ast-global-header-display":"","ast-banner-title-visibility":"","ast-main-header-display":"","ast-hfb-above-header-display":"","ast-hfb-below-header-display":"","ast-hfb-mobile-header-display":"","site-post-title":"","ast-breadcrumbs-content":"","ast-featured-img":"","footer-sml-layout":"","ast-disable-related-posts":"","theme-transparent-header-meta":"default","adv-header-id-meta":"","stick-header-meta":"","header-above-stick-meta":"","header-main-stick-meta":"","header-below-stick-meta":"","astra-migrate-meta-layouts":"set","ast-page-background-enabled":"default","ast-page-background-meta":{"desktop":{"background-color":"var(--ast-global-color-5)","background-image":"","background-repeat":"repeat","background-position":"center center","background-size":"auto","background-attachment":"scroll","background-type":"","background-media":"","overlay-type":"","overlay-color":"","overlay-opacity":"","overlay-gradient":""},"tablet":{"background-color":"","background-image":"","background-repeat":"repeat","background-position":"center center","background-size":"auto","background-attachment":"scroll","background-type":"","background-media":"","overlay-type":"","overlay-color":"","overlay-opacity":"","overlay-gradient":""},"mobile":{"background-color":"","background-image":"","background-repeat":"repeat","background-position":"center center","background-size":"auto","background-attachment":"scroll","background-type":"","background-media":"","overlay-type":"","overlay-color":"","overlay-opacity":"","overlay-gradient":""}},"ast-content-background-meta":{"desktop":{"background-color":"var(--ast-global-color-4)","background-image":"","background-repeat":"repeat","background-position":"center center","background-size":"auto","background-attachment":"scroll","background-type":"","background-media":"","overlay-type":"","overlay-color":"","overlay-opacity":"","overlay-gradient":""},"tablet":{"background-color":"var(--ast-global-color-4)","background-image":"","background-repeat":"repeat","background-position":"center center","background-size":"auto","background-attachment":"scroll","background-type":"","background-media":"","overlay-type":"","overlay-color":"","overlay-opacity":"","overlay-gradient":""},"mobile":{"background-color":"var(--ast-global-color-4)","background-image":"","background-repeat":"repeat","background-position":"center center","background-size":"auto","background-attachment":"scroll","background-type":"","background-media":"","overlay-type":"","overlay-color":"","overlay-opacity":"","overlay-gradient":""}}},"product_brand":[],"product_cat":[56,62,72],"product_tag":[114,113],"class_list":{"0":"post-4474","1":"product","2":"type-product","3":"status-publish","4":"has-post-thumbnail","6":"product_cat-cosmetic-jars","7":"product_cat-cosmetic-containers","8":"product_cat-cosmetic-packaging","9":"product_tag-cream-jars-cosmetic-packaging","10":"product_tag-skincare-containers-wholesale","11":"desktop-align-left","12":"tablet-align-left","13":"mobile-align-left","15":"first","16":"instock","17":"shipping-taxable","18":"product-type-simple"},"acf":[],"jetpack_sharing_enabled":true,"_links":{"self":[{"href":"https:\/\/theperfumebottles.com\/cs\/wp-json\/wp\/v2\/product\/4474","targetHints":{"allow":["GET"]}}],"collection":[{"href":"https:\/\/theperfumebottles.com\/cs\/wp-json\/wp\/v2\/product"}],"about":[{"href":"https:\/\/theperfumebottles.com\/cs\/wp-json\/wp\/v2\/types\/product"}],"replies":[{"embeddable":true,"href":"https:\/\/theperfumebottles.com\/cs\/wp-json\/wp\/v2\/comments?post=4474"}],"wp:featuredmedia":[{"embeddable":true,"href":"https:\/\/theperfumebottles.com\/cs\/wp-json\/wp\/v2\/media\/4479"}],"wp:attachment":[{"href":"https:\/\/theperfumebottles.com\/cs\/wp-json\/wp\/v2\/media?parent=4474"}],"wp:term":[{"taxonomy":"product_brand","embeddable":true,"href":"https:\/\/theperfumebottles.com\/cs\/wp-json\/wp\/v2\/product_brand?post=4474"},{"taxonomy":"product_cat","embeddable":true,"href":"https:\/\/theperfumebottles.com\/cs\/wp-json\/wp\/v2\/product_cat?post=4474"},{"taxonomy":"product_tag","embeddable":true,"href":"https:\/\/theperfumebottles.com\/cs\/wp-json\/wp\/v2\/product_tag?post=4474"}],"curies":[{"name":"wp","href":"https:\/\/api.w.org\/{rel}","templated":true}]}}