{"id":4500,"date":"2025-07-15T17:43:26","date_gmt":"2025-07-15T09:43:26","guid":{"rendered":"https:\/\/theperfumebottles.com\/?post_type=product&#038;p=4500"},"modified":"2026-04-02T17:10:35","modified_gmt":"2026-04-02T09:10:35","slug":"glass-cosmetic-bottles-for-luxury-skincare-packaging","status":"publish","type":"product","link":"https:\/\/theperfumebottles.com\/cs\/produkt\/glass-cosmetic-bottles-for-luxury-skincare-packaging\/","title":{"rendered":"30ml 50ml 100ml 120ml sklen\u011bn\u00e9 kosmetick\u00e9 lahvi\u010dky pro luxusn\u00ed balen\u00ed p\u00e9\u010de o ple\u0165"},"content":{"rendered":"<p>Pozvedn\u011bte logo sv\u00e9 kr\u00e1sy s na\u0161imi pr\u00e9miov\u00fdmi sklen\u011bn\u00fdmi kosmetick\u00fdmi lahvi\u010dkami, pe\u010dliv\u011b vyroben\u00fdmi pro p\u00e9\u010di o ple\u0165 a kosmetick\u00e9 obaly. Vysoce kvalitn\u00ed sklo, navr\u017een\u00e9 tak, aby chr\u00e1nilo a zachovalo integritu va\u0161ich produkt\u016f, nab\u00edz\u00ed vynikaj\u00edc\u00ed odolnost v\u016f\u010di vliv\u016fm prost\u0159ed\u00ed a zaji\u0161\u0165uje, \u017ee va\u0161e slo\u017een\u00ed z\u016fstane \u010derstv\u00e9 a \u00fa\u010dinn\u00e9. Tyto n\u00e1doby dod\u00e1vaj\u00ed va\u0161\u00ed produktov\u00e9 \u0159ad\u011b luxusn\u00ed n\u00e1dech, posiluj\u00ed image va\u0161\u00ed zna\u010dky a vytv\u00e1\u0159ej\u00ed pro va\u0161e z\u00e1kazn\u00edky vyt\u0159\u00edben\u00fd a nezapomenuteln\u00fd z\u00e1\u017eitek.<\/p>\n<h2><span class=\"highlights\" data-v-df95d256=\"\">Kl\u00ed\u010dov\u00e9 specifikace<\/span><\/h2>\n<table style=\"border-collapse: collapse; width: 80%; height: 287px; margin-left: auto; margin-right: auto;\" border=\"0\" width=\"144\" cellspacing=\"0\" cellpadding=\"0\">\n<tbody>\n<tr style=\"height: 13.50pt;\">\n<td style=\"height: 13.50pt; width: 54.00pt;\" width=\"72\" height=\"18\">Funkce<\/td>\n<td style=\"width: 54.00pt;\" width=\"72\">Podrobnosti<\/td>\n<\/tr>\n<tr style=\"height: 13.50pt;\">\n<td style=\"height: 13.50pt;\" height=\"18\">Kapacita<\/td>\n<td>30ml, 50ml, 100ml, 120ml<\/td>\n<\/tr>\n<tr style=\"height: 13.50pt;\">\n<td style=\"height: 13.50pt;\" height=\"18\">Tvar<\/td>\n<td>Kolo<\/td>\n<\/tr>\n<tr style=\"height: 13.50pt;\">\n<td style=\"height: 13.50pt;\" height=\"18\">Metoda t\u011bsn\u011bn\u00ed<\/td>\n<td>\u0160roubovac\u00ed uz\u00e1v\u011br (plastov\u00e9\/kovov\u00e9 v\u00ed\u010dko)<\/td>\n<\/tr>\n<tr style=\"height: 13.50pt;\">\n<td style=\"height: 13.50pt;\" height=\"18\">Materi\u00e1l<\/td>\n<td>K\u0159i\u0161\u0165\u00e1lov\u00e9 sklo<\/td>\n<\/tr>\n<tr style=\"height: 13.50pt;\">\n<td style=\"height: 13.50pt;\" height=\"18\">Mo\u017enosti barev<\/td>\n<td>\u010cern\u00e1 (p\u0159izp\u016fsobiteln\u00e1)<\/td>\n<\/tr>\n<tr style=\"height: 13.50pt;\">\n<td style=\"height: 13.50pt;\" height=\"18\">Pou\u017e\u00edv\u00e1n\u00ed<\/td>\n<td>Ple\u0165ov\u00e9 ml\u00e9ko, kosmetick\u00fd olej\u2026<\/td>\n<\/tr>\n<\/tbody>\n<\/table>\n<h2><span class=\"highlights\" data-v-df95d256=\"\">P\u0159\u00edb\u011bh \u00fasp\u011bchu<\/span><\/h2>\n<p><span class=\"highlights\" data-v-df95d256=\"\">Zna\u010dka luxusn\u00ed p\u00e9\u010de o ple\u0165 p\u0159ijala tyto lahvi\u010dky pro svou \u0159adu s\u00e9r proti st\u00e1rnut\u00ed. Sklo kosmetick\u00fdch lahvi\u010dek okam\u017eit\u011b zv\u00fd\u0161ilo vn\u00edmanou hodnotu jejich produktu, co\u017e vedlo k 40% n\u00e1r\u016fstu prodeje b\u011bhem t\u0159\u00ed m\u011bs\u00edc\u016f. <\/span><\/p>\n<h2><span class=\"highlights\" data-v-df95d256=\"\">N\u00e1vrhy na p\u0159izp\u016fsoben\u00ed<\/span><\/h2>\n<ul>\n<li><strong>P\u0159izp\u016fsoben\u00ed barev:<\/strong> I kdy\u017e je \u010dern\u00e1 st\u00e1le stejnou volbou, k dispozici jsou i vlastn\u00ed povrchov\u00e9 \u00fapravy, jako je matn\u00e1 b\u00edl\u00e1 nebo kovov\u011b st\u0159\u00edbrn\u00e1, kter\u00e9 vylep\u0161\u00ed estetiku va\u0161eho loga.<\/li>\n<li><strong>Slu\u017eby n\u00e1vrhu etiket:<\/strong> Vyu\u017eijte na\u0161e obalov\u00e9 nosi\u010de k vytvo\u0159en\u00ed leskl\u00fdch, minimalistick\u00fdch \u0161t\u00edtk\u016f, kter\u00e9 odr\u00e1\u017eej\u00ed va\u0161e logo a zaji\u0161\u0165uj\u00ed konzistentn\u00ed a profesion\u00e1ln\u00ed vzhled.<\/li>\n<li><strong>Mo\u017enosti velikosti:<\/strong> Kombinujte 30ml cestovn\u00ed lahvi\u010dky se 120ml n\u00e1dobkami pro snadnou p\u0159enosnost i b\u011b\u017en\u00e9 pou\u017eit\u00ed a spl\u0148te tak \u010detn\u00e1 p\u0159\u00e1n\u00ed z\u00e1kazn\u00edk\u016f.<\/li>\n<\/ul>","protected":false},"excerpt":{"rendered":"<p>Objevte luxusn\u00ed balen\u00ed pro p\u00e9\u010di o ple\u0165 s na\u0161imi sklen\u011bn\u00fdmi kosmetick\u00fdmi lahvi\u010dkami. P\u0159izp\u016fsobiteln\u00e9, nepropustn\u00e9 a elegantn\u00ed \u2013 ide\u00e1ln\u00ed pro balen\u00ed kosmetiky a velkoobchodn\u00ed objedn\u00e1vky.<\/p>","protected":false},"featured_media":4502,"comment_status":"open","ping_status":"closed","template":"","meta":{"_acf_changed":false,"site-sidebar-layout":"default","site-content-layout":"","ast-site-content-layout":"default","site-content-style":"default","site-sidebar-style":"default","ast-global-header-display":"","ast-banner-title-visibility":"","ast-main-header-display":"","ast-hfb-above-header-display":"","ast-hfb-below-header-display":"","ast-hfb-mobile-header-display":"","site-post-title":"","ast-breadcrumbs-content":"","ast-featured-img":"","footer-sml-layout":"","ast-disable-related-posts":"","theme-transparent-header-meta":"default","adv-header-id-meta":"","stick-header-meta":"","header-above-stick-meta":"","header-main-stick-meta":"","header-below-stick-meta":"","astra-migrate-meta-layouts":"set","ast-page-background-enabled":"default","ast-page-background-meta":{"desktop":{"background-color":"var(--ast-global-color-5)","background-image":"","background-repeat":"repeat","background-position":"center center","background-size":"auto","background-attachment":"scroll","background-type":"","background-media":"","overlay-type":"","overlay-color":"","overlay-opacity":"","overlay-gradient":""},"tablet":{"background-color":"","background-image":"","background-repeat":"repeat","background-position":"center center","background-size":"auto","background-attachment":"scroll","background-type":"","background-media":"","overlay-type":"","overlay-color":"","overlay-opacity":"","overlay-gradient":""},"mobile":{"background-color":"","background-image":"","background-repeat":"repeat","background-position":"center center","background-size":"auto","background-attachment":"scroll","background-type":"","background-media":"","overlay-type":"","overlay-color":"","overlay-opacity":"","overlay-gradient":""}},"ast-content-background-meta":{"desktop":{"background-color":"var(--ast-global-color-4)","background-image":"","background-repeat":"repeat","background-position":"center center","background-size":"auto","background-attachment":"scroll","background-type":"","background-media":"","overlay-type":"","overlay-color":"","overlay-opacity":"","overlay-gradient":""},"tablet":{"background-color":"var(--ast-global-color-4)","background-image":"","background-repeat":"repeat","background-position":"center center","background-size":"auto","background-attachment":"scroll","background-type":"","background-media":"","overlay-type":"","overlay-color":"","overlay-opacity":"","overlay-gradient":""},"mobile":{"background-color":"var(--ast-global-color-4)","background-image":"","background-repeat":"repeat","background-position":"center center","background-size":"auto","background-attachment":"scroll","background-type":"","background-media":"","overlay-type":"","overlay-color":"","overlay-opacity":"","overlay-gradient":""}}},"product_brand":[],"product_cat":[236,72,62],"product_tag":[],"class_list":{"0":"post-4500","1":"product","2":"type-product","3":"status-publish","4":"has-post-thumbnail","6":"product_cat-cosmetic-container-set","7":"product_cat-cosmetic-packaging","8":"product_cat-cosmetic-containers","9":"desktop-align-left","10":"tablet-align-left","11":"mobile-align-left","13":"first","14":"instock","15":"shipping-taxable","16":"product-type-simple"},"acf":[],"jetpack_sharing_enabled":true,"_links":{"self":[{"href":"https:\/\/theperfumebottles.com\/cs\/wp-json\/wp\/v2\/product\/4500","targetHints":{"allow":["GET"]}}],"collection":[{"href":"https:\/\/theperfumebottles.com\/cs\/wp-json\/wp\/v2\/product"}],"about":[{"href":"https:\/\/theperfumebottles.com\/cs\/wp-json\/wp\/v2\/types\/product"}],"replies":[{"embeddable":true,"href":"https:\/\/theperfumebottles.com\/cs\/wp-json\/wp\/v2\/comments?post=4500"}],"wp:featuredmedia":[{"embeddable":true,"href":"https:\/\/theperfumebottles.com\/cs\/wp-json\/wp\/v2\/media\/4502"}],"wp:attachment":[{"href":"https:\/\/theperfumebottles.com\/cs\/wp-json\/wp\/v2\/media?parent=4500"}],"wp:term":[{"taxonomy":"product_brand","embeddable":true,"href":"https:\/\/theperfumebottles.com\/cs\/wp-json\/wp\/v2\/product_brand?post=4500"},{"taxonomy":"product_cat","embeddable":true,"href":"https:\/\/theperfumebottles.com\/cs\/wp-json\/wp\/v2\/product_cat?post=4500"},{"taxonomy":"product_tag","embeddable":true,"href":"https:\/\/theperfumebottles.com\/cs\/wp-json\/wp\/v2\/product_tag?post=4500"}],"curies":[{"name":"wp","href":"https:\/\/api.w.org\/{rel}","templated":true}]}}