{"id":4565,"date":"2025-07-16T17:26:21","date_gmt":"2025-07-16T09:26:21","guid":{"rendered":"https:\/\/theperfumebottles.com\/?post_type=product&#038;p=4565"},"modified":"2025-07-31T11:22:01","modified_gmt":"2025-07-31T03:22:01","slug":"5g-10g-20g-30g-cosmetic-jars-with-lids-custom-empty-cosmetic-containers-wholesale","status":"publish","type":"product","link":"https:\/\/theperfumebottles.com\/cs\/produkt\/5g-10g-20g-30g-cosmetic-jars-with-lids-custom-empty-cosmetic-containers-wholesale\/","title":{"rendered":"Kosmetick\u00e9 d\u00f3zy s v\u00ed\u010dky 5g 10g 20g 30g \u2013 Velkoobchod s pr\u00e1zdn\u00fdmi kosmetick\u00fdmi d\u00f3zy na zak\u00e1zku"},"content":{"rendered":"<p><span class=\"highlights\" data-v-df95d256=\"\">Pot\u0159ebujete kosmetick\u00e9 d\u00f3zy s v\u00ed\u010dky, kter\u00e9 vyva\u017euj\u00ed odolnost a eleganci? Tyto sklen\u011bn\u00e9 d\u00f3zy s v\u00ed\u010dky jsou va\u0161\u00edm \u0159e\u0161en\u00edm. Jsou navr\u017eeny pro produkty p\u00e9\u010de o ple\u0165, jako jsou kr\u00e9my na obli\u010dej a o\u010dn\u00ed kr\u00e9my, a kombinuj\u00ed funk\u010dnost s elegantn\u00edm a modern\u00edm vzhledem. Tyto kosmetick\u00e9 d\u00f3zy jsou ide\u00e1ln\u00ed pro velkoobchodn\u00ed objedn\u00e1vky a jsou ide\u00e1ln\u00ed pro zna\u010dky, kter\u00e9 cht\u011bj\u00ed vylep\u0161it sv\u00e9 obaly a z\u00e1rove\u0148 dod\u00e1vat obaly ve velk\u00e9m za konkurenceschopn\u00e9 ceny.<\/span><\/p>\n<h2><span class=\"highlights\" data-v-df95d256=\"\">Kl\u00ed\u010dov\u00e9 specifikace<\/span><\/h2>\n<table style=\"border-collapse: collapse;width: 80%;height: 120px;margin-left: auto;margin-right: auto\" border=\"0\" width=\"432\" cellspacing=\"0\" cellpadding=\"0\">\n<tbody>\n<tr>\n<td width=\"72\">Kapacita<\/td>\n<td width=\"72\">Materi\u00e1l<\/td>\n<td width=\"72\">Povrchov\u00e1 manipulace<\/td>\n<td width=\"72\">Mo\u017enosti barev<\/td>\n<td width=\"72\">Pou\u017e\u00edv\u00e1n\u00ed<\/td>\n<\/tr>\n<tr>\n<td>5 g<\/td>\n<td rowspan=\"6\">K\u0159i\u0161\u0165\u00e1lov\u00e9 sklo<\/td>\n<td rowspan=\"6\">Potahovan\u00fd, matn\u00fd, etiketovac\u00ed, s\u00edtotisk, hork\u00e1 ra\u017eba<\/td>\n<td rowspan=\"6\">Jantar<\/td>\n<td rowspan=\"6\">Kr\u00e9m na obli\u010dej, t\u011blov\u00fd kr\u00e9m, o\u010dn\u00ed kr\u00e9m, kr\u00e9m na rty<\/td>\n<\/tr>\n<tr>\n<td>10 g<\/td>\n<\/tr>\n<tr>\n<td>15 g (0,5 oz)<\/td>\n<\/tr>\n<tr>\n<td>30 g (1 unce)<\/td>\n<\/tr>\n<tr>\n<td>50 g<\/td>\n<\/tr>\n<tr>\n<td>60 g (2 unce)<\/td>\n<\/tr>\n<\/tbody>\n<\/table>\n<h2><span class=\"highlights\" data-v-df95d256=\"\">P\u0159\u00edpadov\u00e1 studie \u00fasp\u011bchu: Modernizace obal\u016f luxusn\u00ed zna\u010dky p\u00e9\u010de o ple\u0165 <\/span><\/h2>\n<p><span class=\"highlights\" data-v-df95d256=\"\">Vznikaj\u00edc\u00ed zna\u010dka p\u00e9\u010de o ple\u0165 pot\u0159ebovala kosmetick\u00e9 d\u00f3zy s v\u00ed\u010dky, kter\u00e9 by odpov\u00eddaly jej\u00edmu stylu \u201e\u010dist\u00e9ho luxusu\u201c. Upravili jsme 30g jantarov\u00e9 sklen\u011bn\u00e9 d\u00f3zy s matn\u00fdmi \u010dern\u00fdmi d\u0159ev\u011bn\u00fdmi v\u00ed\u010dky a laserov\u011b grav\u00edrovan\u00fdmi logy. V\u00fdsledek? 200% n\u00e1r\u016fst z\u00e1kaznick\u00fdch recenz\u00ed a 50% n\u00e1r\u016fst opakovan\u00fdch objedn\u00e1vek. Tip pro profesion\u00e1ly: Kdy\u017e va\u0161e pr\u00e1zdn\u00e9 kosmetick\u00e9 d\u00f3zy vypadaj\u00ed tak dob\u0159e, jak funguj\u00ed, z\u00e1kazn\u00edci si toho prost\u011b nev\u0161imnou.<\/span><\/p>\n<h2><span class=\"highlights\" data-v-df95d256=\"\">Tipy pro personalizaci va\u0161\u00ed zna\u010dky <\/span><\/h2>\n<ul>\n<li><strong>Mo\u017enosti v\u00edka:<\/strong> Vyberte si bambusov\u00e9 v\u00edko pro bylinn\u00fd, rustik\u00e1ln\u00ed nebo minimalistick\u00fd vzhled; nebo jej zkombinujte s lakovan\u00fdm, malovan\u00fdm nebo kovov\u00fdm povrchem pro rafinovan\u00fd a m\u00f3dn\u00ed vizu\u00e1ln\u00ed efekt.<\/li>\n<li><strong>Mo\u017enosti popisku:<\/strong> Vylep\u0161ete balen\u00ed pomoc\u00ed ochrann\u00fdch plomb a QR k\u00f3d\u016f, abyste zajistili ochranu produktu a umo\u017enili jeho snadnou sledovatelnost.<\/li>\n<li><strong>Hromadn\u00e9 objedn\u00e1vky:<\/strong> N\u00e1kup obal\u016f ve velk\u00e9m mno\u017estv\u00ed sni\u017euje poplatky a zkracuje dodac\u00ed lh\u016fty, \u010d\u00edm\u017e poskytuje ekologick\u00e9 \u0159e\u0161en\u00ed pro va\u0161e pot\u0159eby v oblasti kosmetick\u00fdch obal\u016f.<\/li>\n<\/ul>","protected":false},"excerpt":{"rendered":"<p>Odoln\u00e9 kosmetick\u00e9 d\u00f3zy s v\u00ed\u010dky pro balen\u00ed produkt\u016f p\u00e9\u010de o ple\u0165. P\u0159izp\u016fsobiteln\u00e9, vzduchot\u011bsn\u00e9 a p\u0159ipraven\u00e9 k odesl\u00e1n\u00ed. Ide\u00e1ln\u00ed pro velkoobchodn\u00ed pot\u0159eby balen\u00ed kosmetick\u00fdch produkt\u016f.<\/p>","protected":false},"featured_media":4566,"comment_status":"open","ping_status":"closed","template":"","meta":{"_acf_changed":false,"site-sidebar-layout":"default","site-content-layout":"","ast-site-content-layout":"default","site-content-style":"default","site-sidebar-style":"default","ast-global-header-display":"","ast-banner-title-visibility":"","ast-main-header-display":"","ast-hfb-above-header-display":"","ast-hfb-below-header-display":"","ast-hfb-mobile-header-display":"","site-post-title":"","ast-breadcrumbs-content":"","ast-featured-img":"","footer-sml-layout":"","ast-disable-related-posts":"","theme-transparent-header-meta":"default","adv-header-id-meta":"","stick-header-meta":"","header-above-stick-meta":"","header-main-stick-meta":"","header-below-stick-meta":"","astra-migrate-meta-layouts":"set","ast-page-background-enabled":"default","ast-page-background-meta":{"desktop":{"background-color":"var(--ast-global-color-5)","background-image":"","background-repeat":"repeat","background-position":"center center","background-size":"auto","background-attachment":"scroll","background-type":"","background-media":"","overlay-type":"","overlay-color":"","overlay-opacity":"","overlay-gradient":""},"tablet":{"background-color":"","background-image":"","background-repeat":"repeat","background-position":"center center","background-size":"auto","background-attachment":"scroll","background-type":"","background-media":"","overlay-type":"","overlay-color":"","overlay-opacity":"","overlay-gradient":""},"mobile":{"background-color":"","background-image":"","background-repeat":"repeat","background-position":"center center","background-size":"auto","background-attachment":"scroll","background-type":"","background-media":"","overlay-type":"","overlay-color":"","overlay-opacity":"","overlay-gradient":""}},"ast-content-background-meta":{"desktop":{"background-color":"var(--ast-global-color-4)","background-image":"","background-repeat":"repeat","background-position":"center center","background-size":"auto","background-attachment":"scroll","background-type":"","background-media":"","overlay-type":"","overlay-color":"","overlay-opacity":"","overlay-gradient":""},"tablet":{"background-color":"var(--ast-global-color-4)","background-image":"","background-repeat":"repeat","background-position":"center center","background-size":"auto","background-attachment":"scroll","background-type":"","background-media":"","overlay-type":"","overlay-color":"","overlay-opacity":"","overlay-gradient":""},"mobile":{"background-color":"var(--ast-global-color-4)","background-image":"","background-repeat":"repeat","background-position":"center center","background-size":"auto","background-attachment":"scroll","background-type":"","background-media":"","overlay-type":"","overlay-color":"","overlay-opacity":"","overlay-gradient":""}}},"product_brand":[],"product_cat":[72,62,56],"product_tag":[117,118],"class_list":{"0":"post-4565","1":"product","2":"type-product","3":"status-publish","4":"has-post-thumbnail","6":"product_cat-cosmetic-packaging","7":"product_cat-cosmetic-containers","8":"product_cat-cosmetic-jars","9":"product_tag-cosmetic-jars-with-lids","10":"product_tag-empty-cosmetic-containers","11":"desktop-align-left","12":"tablet-align-left","13":"mobile-align-left","15":"first","16":"instock","17":"shipping-taxable","18":"product-type-simple"},"acf":[],"jetpack_sharing_enabled":true,"_links":{"self":[{"href":"https:\/\/theperfumebottles.com\/cs\/wp-json\/wp\/v2\/product\/4565","targetHints":{"allow":["GET"]}}],"collection":[{"href":"https:\/\/theperfumebottles.com\/cs\/wp-json\/wp\/v2\/product"}],"about":[{"href":"https:\/\/theperfumebottles.com\/cs\/wp-json\/wp\/v2\/types\/product"}],"replies":[{"embeddable":true,"href":"https:\/\/theperfumebottles.com\/cs\/wp-json\/wp\/v2\/comments?post=4565"}],"wp:featuredmedia":[{"embeddable":true,"href":"https:\/\/theperfumebottles.com\/cs\/wp-json\/wp\/v2\/media\/4566"}],"wp:attachment":[{"href":"https:\/\/theperfumebottles.com\/cs\/wp-json\/wp\/v2\/media?parent=4565"}],"wp:term":[{"taxonomy":"product_brand","embeddable":true,"href":"https:\/\/theperfumebottles.com\/cs\/wp-json\/wp\/v2\/product_brand?post=4565"},{"taxonomy":"product_cat","embeddable":true,"href":"https:\/\/theperfumebottles.com\/cs\/wp-json\/wp\/v2\/product_cat?post=4565"},{"taxonomy":"product_tag","embeddable":true,"href":"https:\/\/theperfumebottles.com\/cs\/wp-json\/wp\/v2\/product_tag?post=4565"}],"curies":[{"name":"wp","href":"https:\/\/api.w.org\/{rel}","templated":true}]}}