{"id":4570,"date":"2025-07-16T17:34:20","date_gmt":"2025-07-16T09:34:20","guid":{"rendered":"https:\/\/theperfumebottles.com\/?post_type=product&#038;p=4570"},"modified":"2025-07-16T17:34:21","modified_gmt":"2025-07-16T09:34:21","slug":"cosmetic-packaging-wholesale-lotion-glass-jars-for-skincare","status":"publish","type":"product","link":"https:\/\/theperfumebottles.com\/cs\/produkt\/cosmetic-packaging-wholesale-lotion-glass-jars-for-skincare\/","title":{"rendered":"Velkoobchodn\u00ed prodej kosmetick\u00fdch obal\u016f 1oz 2oz 4oz 8oz \u2013 sklenice na ple\u0165ov\u00e9 ml\u00e9ko"},"content":{"rendered":"<p>Hled\u00e1te kosmetick\u00e9 obalov\u00e9 prvky, kter\u00e9 kombinuj\u00ed robustnost a eleganci? Tyto sklen\u011bn\u00e9 d\u00f3zy na ple\u0165ov\u00e9 vody jsou ur\u010deny pro produkty p\u00e9\u010de o ple\u0165, jako jsou balz\u00e1my na rty, ple\u0165ov\u00e9 vody a kr\u00e9my na obli\u010dej. D\u00edky jantarov\u00e9 povrchov\u00e9 \u00faprav\u011b, kter\u00e1 chr\u00e1n\u00ed jemn\u011b citlivou poko\u017eku, a elegantn\u00edmu, minimalistick\u00e9mu designu jsou ide\u00e1ln\u00ed pro kosmetick\u00e9 obaly, kter\u00e9 vyniknou na va\u0161\u00ed domovsk\u00e9 str\u00e1nce nebo v reg\u00e1lu v obchod\u011b.<\/p>\n<h2 data-spm-anchor-id=\"5176.28103460.0.i19.29ab1db8rVh0h0\"><strong>Kl\u00ed\u010dov\u00e9 specifikace<\/strong><\/h2>\n<table style=\"border-collapse: collapse;width: 932px;height: 28px;margin-left: 200px\" border=\"0\" width=\"432\" cellspacing=\"0\" cellpadding=\"0\">\n<tbody>\n<tr style=\"height: 13.50pt\">\n<td style=\"height: 13.50pt;width: 54.00pt\" width=\"72\" height=\"18\">Kapacita<\/td>\n<td style=\"width: 54.00pt\" width=\"72\">Tvar<\/td>\n<td style=\"width: 54.00pt\" width=\"72\">Metoda t\u011bsn\u011bn\u00ed<\/td>\n<td style=\"width: 54.00pt\" width=\"72\">Materi\u00e1l<\/td>\n<td style=\"width: 54.00pt\" width=\"72\">Barva<\/td>\n<td style=\"width: 54.00pt\" width=\"72\">P\u0159\u00edpad pou\u017eit\u00ed<\/td>\n<\/tr>\n<tr style=\"height: 13.50pt\">\n<td style=\"height: 13.50pt\" height=\"18\">30 ml \/ 60 ml \/ 110 ml \/ 225 ml<\/td>\n<td>Straight-Edge<\/td>\n<td>Z\u00e1vit (plastov\u00e9\/kovov\u00e9 v\u00edko)<\/td>\n<td>Sklo<\/td>\n<td>Jantarov\u00e1 (p\u0159izp\u016fsobiteln\u00e1)<\/td>\n<td>Balz\u00e1m na rty, Ple\u0165ov\u00e9 ml\u00e9ko, Kr\u00e9m na obli\u010dej<\/td>\n<\/tr>\n<\/tbody>\n<\/table>\n<h2>P\u0159\u00edpadov\u00e1 studie \u00fasp\u011bchu: Podpora uveden\u00ed nov\u00e9 zna\u010dky p\u00e9\u010de o ple\u0165 na trh<\/h2>\n<p>Za\u010d\u00ednaj\u00edc\u00ed zna\u010dka p\u00e9\u010de o ple\u0165 pot\u0159ebovala sklen\u011bn\u00e9 d\u00f3zy na kosmetick\u00e9 ml\u00e9ko pro sv\u016fj hydrata\u010dn\u00ed kr\u00e9m na obli\u010dej. Upravili jsme 113 ml jantarov\u00e9 d\u00f3zy s matn\u011b b\u00edl\u00fdmi etiketami a kovov\u00fdmi v\u00ed\u010dky pro pr\u00e9miov\u00fd vzhled. V\u00fdsledek? 150% n\u00e1r\u016fst p\u0159edobjedn\u00e1vek a nad\u0161en\u00e9 recenze chv\u00e1l\u00edc\u00ed \u200b\u200bkosmetick\u00e9 balen\u00ed. Tip pro profesion\u00e1ly: Kdy\u017e va\u0161e kosmetick\u00e9 d\u00f3zy p\u016fsob\u00ed stejn\u011b luxusn\u011b, jako vypadaj\u00ed, z\u00e1kazn\u00edci va\u0161\u00ed zna\u010dce nemohou jinak ne\u017e d\u016fv\u011b\u0159ovat.<\/p>\n<h2>Tipy pro personalizaci va\u0161\u00ed zna\u010dky<\/h2>\n<ul>\n<li><strong>Mo\u017enosti barev:<\/strong> Jantarov\u00e1 pro bezpe\u010dnost, pr\u016fhledn\u00e1 pro vystaven\u00ed barevn\u00e9ho zbo\u017e\u00ed nebo individu\u00e1ln\u00ed odst\u00edny, kter\u00e9 lad\u00ed s va\u0161\u00ed paletou barev.<\/li>\n<li><strong>Design \u0161t\u00edtku:<\/strong> P\u0159idejte ochrann\u00e1 plomba, QR k\u00f3dy nebo minimalistick\u00fd text pro modern\u00ed vzhled.<\/li>\n<li><strong>Materi\u00e1ly v\u00edka:<\/strong> Kov pro robustnost nebo plast pro lehk\u00e9 kosmetick\u00e9 obaly<\/li>\n<\/ul>","protected":false},"excerpt":{"rendered":"<p>Velkoobchodn\u00ed prodej kosmetick\u00fdch obal\u016f na sklen\u011bn\u00e9 d\u00f3zy na ple\u0165ov\u00e9 ml\u00e9ko \u2013 vzduchot\u011bsn\u00e9 jantarov\u00e9 d\u00f3zy s hromadnou dopravou a mo\u017enost\u00ed vlastn\u00edho brandingu. Ide\u00e1ln\u00ed pro zna\u010dky p\u00e9\u010de o ple\u0165 a kosmetiky.<\/p>","protected":false},"featured_media":4571,"comment_status":"open","ping_status":"closed","template":"","meta":{"_acf_changed":false,"site-sidebar-layout":"default","site-content-layout":"","ast-site-content-layout":"default","site-content-style":"default","site-sidebar-style":"default","ast-global-header-display":"","ast-banner-title-visibility":"","ast-main-header-display":"","ast-hfb-above-header-display":"","ast-hfb-below-header-display":"","ast-hfb-mobile-header-display":"","site-post-title":"","ast-breadcrumbs-content":"","ast-featured-img":"","footer-sml-layout":"","ast-disable-related-posts":"","theme-transparent-header-meta":"default","adv-header-id-meta":"","stick-header-meta":"","header-above-stick-meta":"","header-main-stick-meta":"","header-below-stick-meta":"","astra-migrate-meta-layouts":"set","ast-page-background-enabled":"default","ast-page-background-meta":{"desktop":{"background-color":"var(--ast-global-color-5)","background-image":"","background-repeat":"repeat","background-position":"center center","background-size":"auto","background-attachment":"scroll","background-type":"","background-media":"","overlay-type":"","overlay-color":"","overlay-opacity":"","overlay-gradient":""},"tablet":{"background-color":"","background-image":"","background-repeat":"repeat","background-position":"center center","background-size":"auto","background-attachment":"scroll","background-type":"","background-media":"","overlay-type":"","overlay-color":"","overlay-opacity":"","overlay-gradient":""},"mobile":{"background-color":"","background-image":"","background-repeat":"repeat","background-position":"center center","background-size":"auto","background-attachment":"scroll","background-type":"","background-media":"","overlay-type":"","overlay-color":"","overlay-opacity":"","overlay-gradient":""}},"ast-content-background-meta":{"desktop":{"background-color":"var(--ast-global-color-4)","background-image":"","background-repeat":"repeat","background-position":"center center","background-size":"auto","background-attachment":"scroll","background-type":"","background-media":"","overlay-type":"","overlay-color":"","overlay-opacity":"","overlay-gradient":""},"tablet":{"background-color":"var(--ast-global-color-4)","background-image":"","background-repeat":"repeat","background-position":"center center","background-size":"auto","background-attachment":"scroll","background-type":"","background-media":"","overlay-type":"","overlay-color":"","overlay-opacity":"","overlay-gradient":""},"mobile":{"background-color":"var(--ast-global-color-4)","background-image":"","background-repeat":"repeat","background-position":"center center","background-size":"auto","background-attachment":"scroll","background-type":"","background-media":"","overlay-type":"","overlay-color":"","overlay-opacity":"","overlay-gradient":""}}},"product_brand":[],"product_cat":[72,62,56],"product_tag":[119,120],"class_list":{"0":"post-4570","1":"product","2":"type-product","3":"status-publish","4":"has-post-thumbnail","6":"product_cat-cosmetic-packaging","7":"product_cat-cosmetic-containers","8":"product_cat-cosmetic-jars","9":"product_tag-cosmetic-packaging-wholesale","10":"product_tag-lotion-glass-jar","11":"desktop-align-left","12":"tablet-align-left","13":"mobile-align-left","15":"first","16":"instock","17":"shipping-taxable","18":"product-type-simple"},"acf":[],"jetpack_sharing_enabled":true,"_links":{"self":[{"href":"https:\/\/theperfumebottles.com\/cs\/wp-json\/wp\/v2\/product\/4570","targetHints":{"allow":["GET"]}}],"collection":[{"href":"https:\/\/theperfumebottles.com\/cs\/wp-json\/wp\/v2\/product"}],"about":[{"href":"https:\/\/theperfumebottles.com\/cs\/wp-json\/wp\/v2\/types\/product"}],"replies":[{"embeddable":true,"href":"https:\/\/theperfumebottles.com\/cs\/wp-json\/wp\/v2\/comments?post=4570"}],"wp:featuredmedia":[{"embeddable":true,"href":"https:\/\/theperfumebottles.com\/cs\/wp-json\/wp\/v2\/media\/4571"}],"wp:attachment":[{"href":"https:\/\/theperfumebottles.com\/cs\/wp-json\/wp\/v2\/media?parent=4570"}],"wp:term":[{"taxonomy":"product_brand","embeddable":true,"href":"https:\/\/theperfumebottles.com\/cs\/wp-json\/wp\/v2\/product_brand?post=4570"},{"taxonomy":"product_cat","embeddable":true,"href":"https:\/\/theperfumebottles.com\/cs\/wp-json\/wp\/v2\/product_cat?post=4570"},{"taxonomy":"product_tag","embeddable":true,"href":"https:\/\/theperfumebottles.com\/cs\/wp-json\/wp\/v2\/product_tag?post=4570"}],"curies":[{"name":"wp","href":"https:\/\/api.w.org\/{rel}","templated":true}]}}