{"id":4581,"date":"2025-07-16T17:39:43","date_gmt":"2025-07-16T09:39:43","guid":{"rendered":"https:\/\/theperfumebottles.com\/?post_type=product&#038;p=4581"},"modified":"2025-07-16T17:39:44","modified_gmt":"2025-07-16T09:39:44","slug":"5g-10g-15g-30g-50g-60g-glass-cosmetic-jars-for-lotion-packaging-with-bamboo-lids","status":"publish","type":"product","link":"https:\/\/theperfumebottles.com\/cs\/produkt\/5g-10g-15g-30g-50g-60g-glass-cosmetic-jars-for-lotion-packaging-with-bamboo-lids\/","title":{"rendered":"5g 10g 15g 30g 50g 60g Sklen\u011bn\u00e9 kosmetick\u00e9 d\u00f3zy na balen\u00ed ml\u00e9ka s bambusov\u00fdmi v\u00ed\u010dky"},"content":{"rendered":"<p><span class=\"highlights\" data-v-df95d256=\"\">Hled\u00e1te sklen\u011bn\u00e9 kosmetick\u00e9 d\u00f3zy, kter\u00e9 spojuj\u00ed udr\u017eitelnost se sofistikovanost\u00ed? Tyto d\u00f3zy na ple\u0165ov\u00e9 ml\u00e9ko jsou ur\u010deny pro v\u00fdrobce produkt\u016f p\u00e9\u010de o ple\u0165, kte\u0159\u00ed hledaj\u00ed ekologick\u00e9 kosmetick\u00e9 obaly bez kompromis\u016f v oblasti stylu. Jantarov\u00e9 sklo blokuje UV z\u00e1\u0159en\u00ed a uchov\u00e1v\u00e1 citliv\u00e9 slo\u017een\u00ed, zat\u00edmco bambusov\u00e9 v\u00ed\u010dko dod\u00e1v\u00e1 kosmetick\u00e9mu produktu venkovsk\u00fd vzhled. Tato kosmetick\u00e1 d\u00f3za je ide\u00e1ln\u00ed pro balen\u00ed ve velk\u00e9m nebo pro prezentaci na va\u0161\u00ed domovsk\u00e9 str\u00e1nce \u2013 je va\u0161\u00ed tajnou zbran\u00ed, jak se odli\u0161it.<\/span><\/p>\n<h2><strong data-spm-anchor-id=\"5176.28103460.0.i39.29ab1db8rVh0h0\">Kl\u00ed\u010dov\u00e9 specifikace<\/strong><\/h2>\n<table style=\"border-collapse: collapse;width: 1060px;height: 88px;margin-left: 160px\" border=\"0\" width=\"432\" cellspacing=\"0\" cellpadding=\"0\">\n<tbody>\n<tr style=\"height: 13.50pt\">\n<td style=\"height: 13.50pt;width: 54.00pt\" width=\"72\" height=\"18\">Kapacita<\/td>\n<td style=\"width: 54.00pt\" width=\"72\">Tvar<\/td>\n<td style=\"width: 54.00pt\" width=\"72\">Metoda t\u011bsn\u011bn\u00ed<\/td>\n<td style=\"width: 54.00pt\" width=\"72\">Materi\u00e1l<\/td>\n<td style=\"width: 54.00pt\" width=\"72\">Barva<\/td>\n<td style=\"width: 54.00pt\" width=\"72\">P\u0159\u00edpad pou\u017eit\u00ed<\/td>\n<\/tr>\n<tr style=\"height: 13.50pt\">\n<td style=\"height: 13.50pt\" height=\"18\">5 g \/ 10 g \/ 15 g \/ 30 g \/ 50 g \/ 60 g<\/td>\n<td>Straight-Edge<\/td>\n<td>Z\u00e1vit (bambusov\u00e9 v\u00edko)<\/td>\n<td>Sklo<\/td>\n<td>Jantarov\u00e1 (p\u0159izp\u016fsobiteln\u00e1)<\/td>\n<td>Kr\u00e9m na obli\u010dej, T\u011blov\u00e9 ml\u00e9ko, O\u010dn\u00ed gel<\/td>\n<\/tr>\n<\/tbody>\n<\/table>\n<h2><span class=\"highlights\" data-v-df95d256=\"\">P\u0159\u00edpadov\u00e1 studie \u00fasp\u011bchu: Podpora zna\u010dky p\u0159\u00edrodn\u00ed p\u00e9\u010de o ple\u0165 <\/span><\/h2>\n<p><span class=\"highlights\" data-v-df95d256=\"\">Zna\u010dka p\u00e9\u010de o ple\u0165, kter\u00e1 prod\u00e1vala organick\u00e9 o\u010dn\u00ed gely, pot\u0159ebovala sklen\u011bn\u00e9 kosmetick\u00e9 d\u00f3zy, kter\u00e9 by odpov\u00eddaly jej\u00edmu ekologick\u00e9mu \u00e9tosu. Upravili jsme 15g jantarov\u00e9 d\u00f3zy s matn\u011b b\u00edl\u00fdmi etiketami a d\u0159ev\u011bn\u00fdmi v\u00ed\u010dky. V\u00fdsledek? 180% n\u00e1r\u016fst velkoobchodn\u00edch objedn\u00e1vek a chv\u00e1la z\u00e1kazn\u00edk\u016f za kosmetick\u00e9 balen\u00ed. Tip pro profesion\u00e1ly: Kdy\u017e se va\u0161e n\u00e1doba c\u00edt\u00ed jako l\u00e1ze\u0148sk\u00e1 procedura, z\u00e1kazn\u00edci va\u0161\u00ed zna\u010dce nemohou jinak ne\u017e d\u016fv\u011b\u0159ovat.<\/span><\/p>\n<h2><span class=\"highlights\" data-v-df95d256=\"\">Tipy pro personalizaci va\u0161\u00ed zna\u010dky <\/span><\/h2>\n<ul>\n<li><span class=\"highlights\" data-v-df95d256=\"\"><strong>Mo\u017enosti barev:<\/strong> Jantarov\u00e1 pro ochranu, \u010dir\u00e1 pro zv\u00fdrazn\u011bn\u00ed textur nebo vlastn\u00ed odst\u00edny dle va\u0161\u00ed palety. <\/span><\/li>\n<li><span class=\"highlights\" data-v-df95d256=\"\"><strong>Design \u0161t\u00edtku:<\/strong> P\u0159idejte bezpe\u010dnostn\u00ed plomby, minimalistick\u00fd text nebo barevn\u00e9 obr\u00e1zky. <\/span><\/li>\n<li><span class=\"highlights\" data-v-df95d256=\"\"><strong>Materi\u00e1ly v\u00edka:<\/strong> Bambusov\u00e9 v\u00ed\u010dka pro bylinn\u00fd n\u00e1dech nebo plastov\u00e1\/kovov\u00e1 pro v\u011bt\u0161\u00ed pevnost.<\/span><\/li>\n<\/ul>","protected":false},"excerpt":{"rendered":"<p>Sklen\u011bn\u00e9 kosmetick\u00e9 d\u00f3zy s d\u0159ev\u011bn\u00fdmi v\u00ed\u010dky pro balen\u00ed kosmetiky. Vlastn\u00ed etikety, p\u0159ipraven\u00e9 k hromadn\u00e9 p\u0159eprav\u011b. Ide\u00e1ln\u00ed pro ple\u0165ov\u00e9 ml\u00e9ka a kr\u00e9my.<\/p>","protected":false},"featured_media":4582,"comment_status":"open","ping_status":"closed","template":"","meta":{"_acf_changed":false,"site-sidebar-layout":"default","site-content-layout":"","ast-site-content-layout":"default","site-content-style":"default","site-sidebar-style":"default","ast-global-header-display":"","ast-banner-title-visibility":"","ast-main-header-display":"","ast-hfb-above-header-display":"","ast-hfb-below-header-display":"","ast-hfb-mobile-header-display":"","site-post-title":"","ast-breadcrumbs-content":"","ast-featured-img":"","footer-sml-layout":"","ast-disable-related-posts":"","theme-transparent-header-meta":"default","adv-header-id-meta":"","stick-header-meta":"","header-above-stick-meta":"","header-main-stick-meta":"","header-below-stick-meta":"","astra-migrate-meta-layouts":"set","ast-page-background-enabled":"default","ast-page-background-meta":{"desktop":{"background-color":"var(--ast-global-color-5)","background-image":"","background-repeat":"repeat","background-position":"center center","background-size":"auto","background-attachment":"scroll","background-type":"","background-media":"","overlay-type":"","overlay-color":"","overlay-opacity":"","overlay-gradient":""},"tablet":{"background-color":"","background-image":"","background-repeat":"repeat","background-position":"center center","background-size":"auto","background-attachment":"scroll","background-type":"","background-media":"","overlay-type":"","overlay-color":"","overlay-opacity":"","overlay-gradient":""},"mobile":{"background-color":"","background-image":"","background-repeat":"repeat","background-position":"center center","background-size":"auto","background-attachment":"scroll","background-type":"","background-media":"","overlay-type":"","overlay-color":"","overlay-opacity":"","overlay-gradient":""}},"ast-content-background-meta":{"desktop":{"background-color":"var(--ast-global-color-4)","background-image":"","background-repeat":"repeat","background-position":"center center","background-size":"auto","background-attachment":"scroll","background-type":"","background-media":"","overlay-type":"","overlay-color":"","overlay-opacity":"","overlay-gradient":""},"tablet":{"background-color":"var(--ast-global-color-4)","background-image":"","background-repeat":"repeat","background-position":"center center","background-size":"auto","background-attachment":"scroll","background-type":"","background-media":"","overlay-type":"","overlay-color":"","overlay-opacity":"","overlay-gradient":""},"mobile":{"background-color":"var(--ast-global-color-4)","background-image":"","background-repeat":"repeat","background-position":"center center","background-size":"auto","background-attachment":"scroll","background-type":"","background-media":"","overlay-type":"","overlay-color":"","overlay-opacity":"","overlay-gradient":""}}},"product_brand":[],"product_cat":[72,62,56],"product_tag":[123,124],"class_list":{"0":"post-4581","1":"product","2":"type-product","3":"status-publish","4":"has-post-thumbnail","6":"product_cat-cosmetic-packaging","7":"product_cat-cosmetic-containers","8":"product_cat-cosmetic-jars","9":"product_tag-glass-cosmetic-jars","10":"product_tag-lotion-jars","11":"desktop-align-left","12":"tablet-align-left","13":"mobile-align-left","15":"first","16":"instock","17":"shipping-taxable","18":"product-type-simple"},"acf":[],"jetpack_sharing_enabled":true,"_links":{"self":[{"href":"https:\/\/theperfumebottles.com\/cs\/wp-json\/wp\/v2\/product\/4581","targetHints":{"allow":["GET"]}}],"collection":[{"href":"https:\/\/theperfumebottles.com\/cs\/wp-json\/wp\/v2\/product"}],"about":[{"href":"https:\/\/theperfumebottles.com\/cs\/wp-json\/wp\/v2\/types\/product"}],"replies":[{"embeddable":true,"href":"https:\/\/theperfumebottles.com\/cs\/wp-json\/wp\/v2\/comments?post=4581"}],"wp:featuredmedia":[{"embeddable":true,"href":"https:\/\/theperfumebottles.com\/cs\/wp-json\/wp\/v2\/media\/4582"}],"wp:attachment":[{"href":"https:\/\/theperfumebottles.com\/cs\/wp-json\/wp\/v2\/media?parent=4581"}],"wp:term":[{"taxonomy":"product_brand","embeddable":true,"href":"https:\/\/theperfumebottles.com\/cs\/wp-json\/wp\/v2\/product_brand?post=4581"},{"taxonomy":"product_cat","embeddable":true,"href":"https:\/\/theperfumebottles.com\/cs\/wp-json\/wp\/v2\/product_cat?post=4581"},{"taxonomy":"product_tag","embeddable":true,"href":"https:\/\/theperfumebottles.com\/cs\/wp-json\/wp\/v2\/product_tag?post=4581"}],"curies":[{"name":"wp","href":"https:\/\/api.w.org\/{rel}","templated":true}]}}