{"id":4605,"date":"2025-07-17T18:01:05","date_gmt":"2025-07-17T10:01:05","guid":{"rendered":"https:\/\/theperfumebottles.com\/?post_type=product&#038;p=4605"},"modified":"2025-08-01T09:28:18","modified_gmt":"2025-08-01T01:28:18","slug":"custom-glass-makeup-jars-for-skincare-wholesale","status":"publish","type":"product","link":"https:\/\/theperfumebottles.com\/cs\/produkt\/custom-glass-makeup-jars-for-skincare-wholesale\/","title":{"rendered":"5g 15g 20g 30g 50g 60g 100g Sklen\u011bn\u00e9 d\u00f3zy na l\u00ed\u010den\u00ed na m\u00edru pro velkoobchod s p\u00e9\u010d\u00ed o ple\u0165"},"content":{"rendered":"<p><span class=\"highlights\" data-v-df95d256=\"\">Hled\u00e1te kosmetick\u00e9 obaly, kter\u00e9 spojuj\u00ed funk\u010dnost s kr\u00e1sou? Na\u0161e zelen\u00e9 sklen\u011bn\u00e9 d\u00f3zy na ple\u0165ov\u00e9 ml\u00e9ko jsou navr\u017eeny tak, aby zv\u00fd\u0161ily atraktivitu va\u0161eho loga p\u00e9\u010de o ple\u0165 a z\u00e1rove\u0148 zajistily integritu produktu. Tyto kosmetick\u00e9 d\u00f3zy, kter\u00e9 jsou ide\u00e1ln\u00ed pro ple\u0165ov\u00e9 kr\u00e9my, ple\u0165ov\u00e1 ml\u00e9ka a o\u010dn\u00ed s\u00e9ra, spojuj\u00ed prakti\u010dnost s elegantn\u00edm vzhledem.<\/span><\/p>\n<h2><span class=\"highlights\" data-v-df95d256=\"\">Kl\u00ed\u010dov\u00e9 specifikace<\/span><\/h2>\n<p>&nbsp;<\/p>\n<table style=\"border-collapse: collapse;width: 80%;height: 123px;margin-left: auto;margin-right: auto\" border=\"0\" width=\"144\" cellspacing=\"0\" cellpadding=\"0\">\n<tbody>\n<tr style=\"height: 13.50pt\">\n<td style=\"height: 13.50pt;width: 54.00pt\" width=\"72\" height=\"18\">Funkce<\/td>\n<td style=\"width: 54.00pt\" width=\"72\">Podrobnosti<\/td>\n<\/tr>\n<tr style=\"height: 13.50pt\">\n<td style=\"height: 13.50pt\" height=\"18\">Kapacita<\/td>\n<td>5 g, 15 g, 20 g, 30 g, 50 g, 60 g, 100 g<\/td>\n<\/tr>\n<tr style=\"height: 13.50pt\">\n<td style=\"height: 13.50pt\" height=\"18\">Tvar<\/td>\n<td>V\u00e1lec s rovn\u00fdmi hranami<\/td>\n<\/tr>\n<tr style=\"height: 13.50pt\">\n<td style=\"height: 13.50pt\" height=\"18\">T\u011bsn\u011bn\u00ed<\/td>\n<td>\u0160roubovac\u00ed uz\u00e1v\u011br (kov\/plast\/d\u0159evo)<\/td>\n<\/tr>\n<tr style=\"height: 13.50pt\">\n<td style=\"height: 13.50pt\" height=\"18\">Materi\u00e1l<\/td>\n<td>Siln\u00e9 sklo<\/td>\n<\/tr>\n<tr style=\"height: 13.50pt\">\n<td style=\"height: 13.50pt\" height=\"18\">Barva<\/td>\n<td>\u010cir\u00e1, jantarov\u00e1, \u010dern\u00e1, zelen\u00e1 (p\u0159izp\u016fsobiteln\u00e1)<\/td>\n<\/tr>\n<tr style=\"height: 13.50pt\">\n<td style=\"height: 13.50pt\" height=\"18\">P\u0159\u00edpad pou\u017eit\u00ed<\/td>\n<td>Kr\u00e9m na obli\u010dej, t\u011blov\u00e9 ml\u00e9ko, o\u010dn\u00ed s\u00e9rum<\/td>\n<\/tr>\n<\/tbody>\n<\/table>\n<h2><span class=\"highlights\" data-v-df95d256=\"\">P\u0159\u00edb\u011bh \u00fasp\u011bchu <\/span><\/h2>\n<p><span class=\"highlights\" data-v-df95d256=\"\">Startup v oblasti p\u00e9\u010de o ple\u0165 zv\u00fd\u0161il zisk o 40 % pot\u00e9, co p\u0159e\u0161el na na\u0161e sklen\u011bn\u00e9 d\u00f3zy ze zelen\u00e9ho skla. Jejich minimalistick\u00fd branding v kombinaci s bylinkovou \u00fapravou d\u00f3z vytvo\u0159il \u0161pi\u010dkov\u00fd z\u00e1\u017eitek, kter\u00fd oslovil ekologicky uv\u011bdom\u011bl\u00e9 z\u00e1kazn\u00edky.<\/span><\/p>\n<h2><span class=\"highlights\" data-v-df95d256=\"\">P\u0159izp\u016fsobte si svou objedn\u00e1vku:<\/span><\/h2>\n<ul>\n<li><span class=\"highlights\" data-v-df95d256=\"\"><strong>Shoda barev:<\/strong> Pot\u0159ebujete specifick\u00fd odst\u00edn? Uprav\u00edme odst\u00edn skla tak, aby ladil s paletou va\u0161ich embl\u00e9m\u016f. <\/span><\/li>\n<li><span class=\"highlights\" data-v-df95d256=\"\"><strong>Design \u0161t\u00edtku:<\/strong> P\u0159idejte reli\u00e9fn\u00ed embl\u00e9my nebo QR k\u00f3dy pro interaktivn\u00ed vypr\u00e1v\u011bn\u00ed p\u0159\u00edb\u011bh\u016f ze svazk\u016f. <\/span><\/li>\n<li><strong><span class=\"highlights\" data-v-df95d256=\"\">T<\/span><\/strong><span class=\"highlights\" data-v-df95d256=\"\"><strong>Mo\u017enosti textury a povrchov\u00e9 \u00fapravy:<\/strong> Pro jedine\u010dn\u00fd hmatov\u00fd z\u00e1\u017eitek p\u0159idejte na sklen\u011bnou podlahu matn\u00fd, leptan\u00fd nebo matn\u00fd povrch.<\/span><\/li>\n<\/ul>","protected":false},"excerpt":{"rendered":"<p>Objevte velkoobchodn\u00ed prodej d\u00f3z na make-up a ple\u0165ov\u00e9 ml\u00e9ko pro va\u0161i zna\u010dku p\u00e9\u010de o ple\u0165. Pr\u00e9miov\u00e9 sklen\u011bn\u00e9 kosmetick\u00e9 obaly s p\u0159izp\u016fsobiteln\u00fdmi povrchov\u00fdmi \u00fapravami a bezpe\u010dn\u00fdmi uz\u00e1v\u011bry.<\/p>","protected":false},"featured_media":4606,"comment_status":"open","ping_status":"closed","template":"","meta":{"_acf_changed":false,"site-sidebar-layout":"default","site-content-layout":"","ast-site-content-layout":"default","site-content-style":"default","site-sidebar-style":"default","ast-global-header-display":"","ast-banner-title-visibility":"","ast-main-header-display":"","ast-hfb-above-header-display":"","ast-hfb-below-header-display":"","ast-hfb-mobile-header-display":"","site-post-title":"","ast-breadcrumbs-content":"","ast-featured-img":"","footer-sml-layout":"","ast-disable-related-posts":"","theme-transparent-header-meta":"default","adv-header-id-meta":"","stick-header-meta":"","header-above-stick-meta":"","header-main-stick-meta":"","header-below-stick-meta":"","astra-migrate-meta-layouts":"set","ast-page-background-enabled":"default","ast-page-background-meta":{"desktop":{"background-color":"var(--ast-global-color-5)","background-image":"","background-repeat":"repeat","background-position":"center center","background-size":"auto","background-attachment":"scroll","background-type":"","background-media":"","overlay-type":"","overlay-color":"","overlay-opacity":"","overlay-gradient":""},"tablet":{"background-color":"","background-image":"","background-repeat":"repeat","background-position":"center center","background-size":"auto","background-attachment":"scroll","background-type":"","background-media":"","overlay-type":"","overlay-color":"","overlay-opacity":"","overlay-gradient":""},"mobile":{"background-color":"","background-image":"","background-repeat":"repeat","background-position":"center center","background-size":"auto","background-attachment":"scroll","background-type":"","background-media":"","overlay-type":"","overlay-color":"","overlay-opacity":"","overlay-gradient":""}},"ast-content-background-meta":{"desktop":{"background-color":"var(--ast-global-color-4)","background-image":"","background-repeat":"repeat","background-position":"center center","background-size":"auto","background-attachment":"scroll","background-type":"","background-media":"","overlay-type":"","overlay-color":"","overlay-opacity":"","overlay-gradient":""},"tablet":{"background-color":"var(--ast-global-color-4)","background-image":"","background-repeat":"repeat","background-position":"center center","background-size":"auto","background-attachment":"scroll","background-type":"","background-media":"","overlay-type":"","overlay-color":"","overlay-opacity":"","overlay-gradient":""},"mobile":{"background-color":"var(--ast-global-color-4)","background-image":"","background-repeat":"repeat","background-position":"center center","background-size":"auto","background-attachment":"scroll","background-type":"","background-media":"","overlay-type":"","overlay-color":"","overlay-opacity":"","overlay-gradient":""}}},"product_brand":[],"product_cat":[72,62,56],"product_tag":[126,125],"class_list":{"0":"post-4605","1":"product","2":"type-product","3":"status-publish","4":"has-post-thumbnail","6":"product_cat-cosmetic-packaging","7":"product_cat-cosmetic-containers","8":"product_cat-cosmetic-jars","9":"product_tag-lotion-jars-wholesale","10":"product_tag-makeup-jars","11":"desktop-align-left","12":"tablet-align-left","13":"mobile-align-left","15":"first","16":"instock","17":"shipping-taxable","18":"product-type-simple"},"acf":[],"jetpack_sharing_enabled":true,"_links":{"self":[{"href":"https:\/\/theperfumebottles.com\/cs\/wp-json\/wp\/v2\/product\/4605","targetHints":{"allow":["GET"]}}],"collection":[{"href":"https:\/\/theperfumebottles.com\/cs\/wp-json\/wp\/v2\/product"}],"about":[{"href":"https:\/\/theperfumebottles.com\/cs\/wp-json\/wp\/v2\/types\/product"}],"replies":[{"embeddable":true,"href":"https:\/\/theperfumebottles.com\/cs\/wp-json\/wp\/v2\/comments?post=4605"}],"wp:featuredmedia":[{"embeddable":true,"href":"https:\/\/theperfumebottles.com\/cs\/wp-json\/wp\/v2\/media\/4606"}],"wp:attachment":[{"href":"https:\/\/theperfumebottles.com\/cs\/wp-json\/wp\/v2\/media?parent=4605"}],"wp:term":[{"taxonomy":"product_brand","embeddable":true,"href":"https:\/\/theperfumebottles.com\/cs\/wp-json\/wp\/v2\/product_brand?post=4605"},{"taxonomy":"product_cat","embeddable":true,"href":"https:\/\/theperfumebottles.com\/cs\/wp-json\/wp\/v2\/product_cat?post=4605"},{"taxonomy":"product_tag","embeddable":true,"href":"https:\/\/theperfumebottles.com\/cs\/wp-json\/wp\/v2\/product_tag?post=4605"}],"curies":[{"name":"wp","href":"https:\/\/api.w.org\/{rel}","templated":true}]}}