{"id":4610,"date":"2025-07-17T17:59:27","date_gmt":"2025-07-17T09:59:27","guid":{"rendered":"https:\/\/theperfumebottles.com\/?post_type=product&#038;p=4610"},"modified":"2025-07-18T09:48:04","modified_gmt":"2025-07-18T01:48:04","slug":"amber-glass-cosmetic-containers-wholesale","status":"publish","type":"product","link":"https:\/\/theperfumebottles.com\/cs\/produkt\/amber-glass-cosmetic-containers-wholesale\/","title":{"rendered":"5g 10g 15g 20g 30g 50g Kosmetick\u00e9 n\u00e1doby z jantarov\u00e9ho skla pro velkoobchod s kosmetikou"},"content":{"rendered":"<p><span class=\"highlights\" data-v-df95d256=\"\">Pot\u0159ebujete sklen\u011bn\u00e9 n\u00e1doby na kosmetick\u00e9 produkty, kter\u00e9 ochr\u00e1n\u00ed va\u0161e zbo\u017e\u00ed a pozvednou va\u0161i zna\u010dku? Na\u0161e jantarov\u00e9 sklen\u011bn\u00e9 d\u00f3zy jsou navr\u017eeny pro v\u00fdrobce produkt\u016f p\u00e9\u010de o ple\u0165, kte\u0159\u00ed hledaj\u00ed odolnost, estetiku a ochranu p\u0159ed UV z\u00e1\u0159en\u00edm. D\u00edky elegantn\u00edmu designu a mo\u017enostem p\u0159izp\u016fsoben\u00ed jsou tato kosmetick\u00e1 balen\u00ed ide\u00e1ln\u00ed pro ple\u0165ov\u00e9 kr\u00e9my, ple\u0165ov\u00e9 vody a s\u00e9ra.<\/span><\/p>\n<h2><span class=\"highlights\" data-v-df95d256=\"\">Kl\u00ed\u010dov\u00e9 specifikace<\/span><\/h2>\n<table style=\"border-collapse: collapse;width: 738px;height: 382px;margin-left: 280px\" border=\"0\" width=\"144\" cellspacing=\"0\" cellpadding=\"0\">\n<tbody>\n<tr style=\"height: 13.50pt\">\n<td style=\"height: 13.50pt;width: 54.00pt\" width=\"72\" height=\"18\">Funkce<\/td>\n<td style=\"width: 54.00pt\" width=\"72\">Podrobnosti<\/td>\n<\/tr>\n<tr style=\"height: 13.50pt\">\n<td style=\"height: 13.50pt\" height=\"18\">Kapacita<\/td>\n<td>5 g, 10 g, 15 g, 20 g, 30 g, 50 g<\/td>\n<\/tr>\n<tr style=\"height: 13.50pt\">\n<td style=\"height: 13.50pt\" height=\"18\">Tvar<\/td>\n<td>V\u00e1lec s rovn\u00fdmi hranami<\/td>\n<\/tr>\n<tr style=\"height: 13.50pt\">\n<td style=\"height: 13.50pt\" height=\"18\">T\u011bsn\u011bn\u00ed<\/td>\n<td>\u0160roubovac\u00ed uz\u00e1v\u011br (plast\/kov, mo\u017enost zak\u00e1zkov\u00e9 mont\u00e1\u017ee)<\/td>\n<\/tr>\n<tr style=\"height: 13.50pt\">\n<td style=\"height: 13.50pt\" height=\"18\">Materi\u00e1l<\/td>\n<td>Siln\u00e9 jantarov\u00e9 sklo<\/td>\n<\/tr>\n<tr style=\"height: 13.50pt\">\n<td style=\"height: 13.50pt\" height=\"18\">Barva<\/td>\n<td>Jantarov\u00e1 (k dispozici jsou vlastn\u00ed barvy)<\/td>\n<\/tr>\n<tr style=\"height: 13.50pt\">\n<td style=\"height: 13.50pt\" height=\"18\">P\u0159\u00edpad pou\u017eit\u00ed<\/td>\n<td>Kr\u00e9m na obli\u010dej, t\u011blov\u00e9 ml\u00e9ko, o\u010dn\u00ed s\u00e9rum<\/td>\n<\/tr>\n<\/tbody>\n<\/table>\n<h2><span class=\"highlights\" data-v-df95d256=\"\">P\u0159\u00edb\u011bh \u00fasp\u011bchu\u00a0 <\/span><\/h2>\n<p><span class=\"highlights\" data-v-df95d256=\"\">Zna\u010dka \u010dist\u00e9 kosmetiky zv\u00fd\u0161ila prodej na domovsk\u00e9 str\u00e1nce o 35 % pot\u00e9, co p\u0159e\u0161la na na\u0161e jantarov\u00e9 d\u00f3zy. Jej\u00ed ekologicky uv\u011bdom\u011bl\u00ed z\u00e1kazn\u00edci si zamilovali p\u0159\u00edrodn\u00ed povrch a UV ochrana udr\u017eela jejich organick\u00e9 slo\u017een\u00ed \u010derstv\u00e9 po cel\u00e9 m\u011bs\u00edce. <\/span><\/p>\n<h2>P\u0159izp\u016fsobte si svou objedn\u00e1vku<\/h2>\n<ul>\n<li><strong>Barva a textura:<\/strong> Chcete matnou sklenici pro luxusn\u00ed atmosf\u00e9ru? Nebo texturovanou lahvi\u010dku pro lep\u0161\u00ed \u00fachop? Uprav\u00edme povrchovou \u00fapravu tak, aby odpov\u00eddala DNA va\u0161\u00ed zna\u010dky.<\/li>\n<li><strong>Integrace \u0161t\u00edtk\u016f:<\/strong> P\u0159idejte sv\u016fj jedine\u010dn\u00fd \u0161t\u00edtek, aby v\u00e1\u0161 obal v reg\u00e1lu vynikl.<\/li>\n<li><strong>Ekologick\u00e9 dopl\u0148ky:<\/strong> Vyberte si biologicky rozlo\u017eiteln\u00e9 nebo recyklovateln\u00e9 etikety a kombinujte sklen\u011bn\u00e9 kosmetick\u00e9 krabi\u010dky s opakovan\u011b pou\u017eiteln\u00fdmi vlo\u017ekami do d\u00f3z.<\/li>\n<\/ul>","protected":false},"excerpt":{"rendered":"<p>Nakupujte sklen\u011bn\u00e9 kosmetick\u00e9 n\u00e1doby a d\u00f3zy na make-up velkoobchodn\u011b pro va\u0161i \u0159adu p\u00e9\u010de o ple\u0165. Jantarov\u00e9 d\u00f3zy s UV ochranou, bezpe\u010dn\u00fdmi uz\u00e1v\u011bry a mo\u017enostmi individu\u00e1ln\u00edho balen\u00ed.<\/p>","protected":false},"featured_media":4611,"comment_status":"open","ping_status":"closed","template":"","meta":{"_acf_changed":false,"site-sidebar-layout":"default","site-content-layout":"","ast-site-content-layout":"default","site-content-style":"default","site-sidebar-style":"default","ast-global-header-display":"","ast-banner-title-visibility":"","ast-main-header-display":"","ast-hfb-above-header-display":"","ast-hfb-below-header-display":"","ast-hfb-mobile-header-display":"","site-post-title":"","ast-breadcrumbs-content":"","ast-featured-img":"","footer-sml-layout":"","ast-disable-related-posts":"","theme-transparent-header-meta":"default","adv-header-id-meta":"","stick-header-meta":"","header-above-stick-meta":"","header-main-stick-meta":"","header-below-stick-meta":"","astra-migrate-meta-layouts":"set","ast-page-background-enabled":"default","ast-page-background-meta":{"desktop":{"background-color":"var(--ast-global-color-5)","background-image":"","background-repeat":"repeat","background-position":"center center","background-size":"auto","background-attachment":"scroll","background-type":"","background-media":"","overlay-type":"","overlay-color":"","overlay-opacity":"","overlay-gradient":""},"tablet":{"background-color":"","background-image":"","background-repeat":"repeat","background-position":"center center","background-size":"auto","background-attachment":"scroll","background-type":"","background-media":"","overlay-type":"","overlay-color":"","overlay-opacity":"","overlay-gradient":""},"mobile":{"background-color":"","background-image":"","background-repeat":"repeat","background-position":"center center","background-size":"auto","background-attachment":"scroll","background-type":"","background-media":"","overlay-type":"","overlay-color":"","overlay-opacity":"","overlay-gradient":""}},"ast-content-background-meta":{"desktop":{"background-color":"var(--ast-global-color-4)","background-image":"","background-repeat":"repeat","background-position":"center center","background-size":"auto","background-attachment":"scroll","background-type":"","background-media":"","overlay-type":"","overlay-color":"","overlay-opacity":"","overlay-gradient":""},"tablet":{"background-color":"var(--ast-global-color-4)","background-image":"","background-repeat":"repeat","background-position":"center center","background-size":"auto","background-attachment":"scroll","background-type":"","background-media":"","overlay-type":"","overlay-color":"","overlay-opacity":"","overlay-gradient":""},"mobile":{"background-color":"var(--ast-global-color-4)","background-image":"","background-repeat":"repeat","background-position":"center center","background-size":"auto","background-attachment":"scroll","background-type":"","background-media":"","overlay-type":"","overlay-color":"","overlay-opacity":"","overlay-gradient":""}}},"product_brand":[],"product_cat":[72,62,56],"product_tag":[127,128],"class_list":{"0":"post-4610","1":"product","2":"type-product","3":"status-publish","4":"has-post-thumbnail","6":"product_cat-cosmetic-packaging","7":"product_cat-cosmetic-containers","8":"product_cat-cosmetic-jars","9":"product_tag-glass-cosmetic-containers","10":"product_tag-makeup-jars-wholesale","11":"desktop-align-left","12":"tablet-align-left","13":"mobile-align-left","15":"first","16":"instock","17":"shipping-taxable","18":"product-type-simple"},"acf":[],"jetpack_sharing_enabled":true,"_links":{"self":[{"href":"https:\/\/theperfumebottles.com\/cs\/wp-json\/wp\/v2\/product\/4610","targetHints":{"allow":["GET"]}}],"collection":[{"href":"https:\/\/theperfumebottles.com\/cs\/wp-json\/wp\/v2\/product"}],"about":[{"href":"https:\/\/theperfumebottles.com\/cs\/wp-json\/wp\/v2\/types\/product"}],"replies":[{"embeddable":true,"href":"https:\/\/theperfumebottles.com\/cs\/wp-json\/wp\/v2\/comments?post=4610"}],"wp:featuredmedia":[{"embeddable":true,"href":"https:\/\/theperfumebottles.com\/cs\/wp-json\/wp\/v2\/media\/4611"}],"wp:attachment":[{"href":"https:\/\/theperfumebottles.com\/cs\/wp-json\/wp\/v2\/media?parent=4610"}],"wp:term":[{"taxonomy":"product_brand","embeddable":true,"href":"https:\/\/theperfumebottles.com\/cs\/wp-json\/wp\/v2\/product_brand?post=4610"},{"taxonomy":"product_cat","embeddable":true,"href":"https:\/\/theperfumebottles.com\/cs\/wp-json\/wp\/v2\/product_cat?post=4610"},{"taxonomy":"product_tag","embeddable":true,"href":"https:\/\/theperfumebottles.com\/cs\/wp-json\/wp\/v2\/product_tag?post=4610"}],"curies":[{"name":"wp","href":"https:\/\/api.w.org\/{rel}","templated":true}]}}