{"id":4615,"date":"2025-07-17T18:00:44","date_gmt":"2025-07-17T10:00:44","guid":{"rendered":"https:\/\/theperfumebottles.com\/?post_type=product&#038;p=4615"},"modified":"2026-04-02T17:11:30","modified_gmt":"2026-04-02T09:11:30","slug":"lotion-glass-jar-set-cosmetic-bottle-with-pump-wholesale","status":"publish","type":"product","link":"https:\/\/theperfumebottles.com\/cs\/produkt\/lotion-glass-jar-set-cosmetic-bottle-with-pump-wholesale\/","title":{"rendered":"Sada sklen\u011bn\u00fdch d\u00f3z na ple\u0165ov\u00e9 ml\u00e9ko 40ml 120ml \u2013 Velkoobchodn\u00ed prodej kosmetick\u00fdch lahvi\u010dek s pumpi\u010dkou"},"content":{"rendered":"<p><span class=\"highlights\" data-v-df95d256=\"\">Pot\u0159ebujete kosmetick\u00e9 balen\u00ed, kter\u00e9 p\u0159it\u00e1hne pozornost? Na\u0161e sada lahvi\u010dek na kosmetiku s pumpi\u010dkou a d\u00f3zou na ple\u0165ov\u00e9 ml\u00e9ko je pro zna\u010dky p\u00e9\u010de o ple\u0165 pr\u016flomem. Gradientn\u00ed sklen\u011bn\u00fd design \u2013 jantarov\u00e1 dole, tyrkysov\u00e1 naho\u0159e \u2013 vytv\u00e1\u0159\u00ed barevn\u00fd, nad\u010dasov\u00fd vzhled, zat\u00edmco matn\u00fd \u010dern\u00fd uz\u00e1v\u011br dod\u00e1v\u00e1 elegantn\u00ed a modern\u00ed vzhled. Tato kombinace kosmetick\u00fdch obal\u016f, ide\u00e1ln\u00ed pro s\u00e9ra, oleje nebo kr\u00e9my, v sob\u011b spojuje UV ochranu, vyv\u00e1\u017eenost a individu\u00e1ln\u00ed vlastnosti.<\/span><\/p>\n<h2>Kl\u00ed\u010dov\u00e9 specifikace<\/h2>\n<table style=\"border-collapse: collapse; width: 784px; height: 114px; margin-left: 280px;\" border=\"0\" width=\"144\" cellspacing=\"0\" cellpadding=\"0\">\n<tbody>\n<tr style=\"height: 13.50pt;\">\n<td style=\"height: 13.50pt; width: 54.00pt;\" width=\"72\" height=\"18\">Funkce<\/td>\n<td style=\"width: 54.00pt;\" width=\"72\">Podrobnosti<\/td>\n<\/tr>\n<tr style=\"height: 13.50pt;\">\n<td style=\"height: 13.50pt;\" height=\"18\">Kapacita<\/td>\n<td>40ml, 120ml<\/td>\n<\/tr>\n<tr style=\"height: 13.50pt;\">\n<td style=\"height: 13.50pt;\" height=\"18\">Tvar<\/td>\n<td>Rovn\u00e9 strany<\/td>\n<\/tr>\n<tr style=\"height: 13.50pt;\">\n<td style=\"height: 13.50pt;\" height=\"18\">T\u011bsn\u011bn\u00ed<\/td>\n<td>Pumpi\u010dka nebo \u0161roubovac\u00ed uz\u00e1v\u011br (p\u0159izp\u016fsobiteln\u00fd)<\/td>\n<\/tr>\n<tr style=\"height: 13.50pt;\">\n<td style=\"height: 13.50pt;\" height=\"18\">Materi\u00e1l<\/td>\n<td>Krystal glsaa<\/td>\n<\/tr>\n<tr style=\"height: 13.50pt;\">\n<td style=\"height: 13.50pt;\" height=\"18\">Barva<\/td>\n<td>Zelen\u00fd gradient (k dispozici jsou vlastn\u00ed barvy)<\/td>\n<\/tr>\n<tr style=\"height: 13.50pt;\">\n<td style=\"height: 13.50pt;\" height=\"18\">P\u0159\u00edpad pou\u017eit\u00ed<\/td>\n<td>S\u00e9rum, ple\u0165ov\u00fd olej, t\u011blov\u00e9 ml\u00e9ko\u2026<\/td>\n<\/tr>\n<\/tbody>\n<\/table>\n<h2><span class=\"highlights\" data-v-df95d256=\"\">P\u0159\u00edb\u011bh \u00fasp\u011bchu<\/span><\/h2>\n<p><span class=\"highlights\" data-v-df95d256=\"\">Zna\u010dka luxusn\u00ed p\u00e9\u010de o ple\u0165 zv\u00fd\u0161ila velkoobchodn\u00ed objedn\u00e1vky o 50 % pot\u00e9, co na sv\u00e9 domovsk\u00e9 str\u00e1nce zobrazila tuto sadu gradient\u016f. V\u00fdrazn\u00fd barevn\u00fd kontrast a dostupnost ihned k odesl\u00e1n\u00ed jim pomohly zajistit hromadn\u00e9 objedn\u00e1vky od v\u00edce ne\u017e 15 prodejc\u016f b\u011bhem 3 m\u011bs\u00edc\u016f.<\/span><\/p>\n<h2><span class=\"highlights\" data-v-df95d256=\"\">P\u0159izp\u016fsobte si svou objedn\u00e1vku<\/span><\/h2>\n<ul>\n<li>\n<div class=\"lRu31\" dir=\"ltr\"><span class=\"HwtZe\" lang=\"en\"><span class=\"jCAhz ChMk0b\"><span class=\"ryNqvb\"><strong>P\u0159izp\u016fsobiteln\u00fd barevn\u00fd design s p\u0159echodem:<\/strong> K dispozici je \u0159ada mo\u017enost\u00ed barevn\u00fdch p\u0159echod\u016f, kter\u00e9 odpov\u00eddaj\u00ed vizu\u00e1ln\u00edmu stylu va\u0161\u00ed zna\u010dky.<\/span><\/span><\/span><\/div>\n<\/li>\n<li>\n<div class=\"lRu31\" dir=\"ltr\"><span class=\"HwtZe\" lang=\"en\"><span class=\"jCAhz\"><span class=\"ryNqvb\"><strong>R\u016fzn\u00e9 mo\u017enosti \u010derpadel:<\/strong> Vym\u011bniteln\u00e9 pumpi\u010dky s rozpra\u0161ova\u010dem jemn\u00e9 mlhy nebo odkl\u00e1p\u011bc\u00edm v\u00ed\u010dkem zvy\u0161uj\u00ed pohodl\u00ed lahvi\u010dek s kr\u00e9mem.<\/span><\/span> <\/span><\/div>\n<\/li>\n<li>\n<div class=\"lRu31\" dir=\"ltr\">\n<p><span class=\"HwtZe\" lang=\"en\"><span class=\"jCAhz ChMk0b\"><span class=\"ryNqvb\"><strong>Interakce s inteligentn\u00edm balen\u00edm:<\/strong> P\u0159izp\u016fsobiteln\u00e9 QR k\u00f3dy umo\u017e\u0148uj\u00ed interaktivn\u00ed z\u00e1\u017eitky, kter\u00e9 propojuj\u00ed obal s p\u0159\u00edb\u011bhem va\u0161\u00ed zna\u010dky.<\/span><\/span><\/span><\/p>\n<div class=\"OvtS8d\"><\/div>\n<div id=\"ow35\"><\/div>\n<\/div>\n<div class=\"UdTY9 WdefRb\" aria-hidden=\"true\" data-location=\"2\">\n<div class=\"kO6q6e\"><\/div>\n<\/div>\n<\/li>\n<\/ul>","protected":false},"excerpt":{"rendered":"<p>Nakupujte kosmetick\u00e9 lahvi\u010dky s pumpi\u010dkou a sklen\u011bnou d\u00f3zou pro va\u0161i zna\u010dku p\u00e9\u010de o ple\u0165. Sklo s UV ochranou a mo\u017enostmi individu\u00e1ln\u00edho balen\u00ed.<\/p>","protected":false},"featured_media":4616,"comment_status":"open","ping_status":"closed","template":"","meta":{"_acf_changed":false,"site-sidebar-layout":"default","site-content-layout":"","ast-site-content-layout":"default","site-content-style":"default","site-sidebar-style":"default","ast-global-header-display":"","ast-banner-title-visibility":"","ast-main-header-display":"","ast-hfb-above-header-display":"","ast-hfb-below-header-display":"","ast-hfb-mobile-header-display":"","site-post-title":"","ast-breadcrumbs-content":"","ast-featured-img":"","footer-sml-layout":"","ast-disable-related-posts":"","theme-transparent-header-meta":"default","adv-header-id-meta":"","stick-header-meta":"","header-above-stick-meta":"","header-main-stick-meta":"","header-below-stick-meta":"","astra-migrate-meta-layouts":"set","ast-page-background-enabled":"default","ast-page-background-meta":{"desktop":{"background-color":"var(--ast-global-color-5)","background-image":"","background-repeat":"repeat","background-position":"center center","background-size":"auto","background-attachment":"scroll","background-type":"","background-media":"","overlay-type":"","overlay-color":"","overlay-opacity":"","overlay-gradient":""},"tablet":{"background-color":"","background-image":"","background-repeat":"repeat","background-position":"center center","background-size":"auto","background-attachment":"scroll","background-type":"","background-media":"","overlay-type":"","overlay-color":"","overlay-opacity":"","overlay-gradient":""},"mobile":{"background-color":"","background-image":"","background-repeat":"repeat","background-position":"center center","background-size":"auto","background-attachment":"scroll","background-type":"","background-media":"","overlay-type":"","overlay-color":"","overlay-opacity":"","overlay-gradient":""}},"ast-content-background-meta":{"desktop":{"background-color":"var(--ast-global-color-4)","background-image":"","background-repeat":"repeat","background-position":"center center","background-size":"auto","background-attachment":"scroll","background-type":"","background-media":"","overlay-type":"","overlay-color":"","overlay-opacity":"","overlay-gradient":""},"tablet":{"background-color":"var(--ast-global-color-4)","background-image":"","background-repeat":"repeat","background-position":"center center","background-size":"auto","background-attachment":"scroll","background-type":"","background-media":"","overlay-type":"","overlay-color":"","overlay-opacity":"","overlay-gradient":""},"mobile":{"background-color":"var(--ast-global-color-4)","background-image":"","background-repeat":"repeat","background-position":"center center","background-size":"auto","background-attachment":"scroll","background-type":"","background-media":"","overlay-type":"","overlay-color":"","overlay-opacity":"","overlay-gradient":""}}},"product_brand":[],"product_cat":[236,62,72],"product_tag":[129,120],"class_list":{"0":"post-4615","1":"product","2":"type-product","3":"status-publish","4":"has-post-thumbnail","6":"product_cat-cosmetic-container-set","7":"product_cat-cosmetic-containers","8":"product_cat-cosmetic-packaging","9":"product_tag-cosmetic-bottle-with-pump","10":"product_tag-lotion-glass-jar","11":"desktop-align-left","12":"tablet-align-left","13":"mobile-align-left","15":"first","16":"instock","17":"shipping-taxable","18":"product-type-simple"},"acf":[],"jetpack_sharing_enabled":true,"_links":{"self":[{"href":"https:\/\/theperfumebottles.com\/cs\/wp-json\/wp\/v2\/product\/4615","targetHints":{"allow":["GET"]}}],"collection":[{"href":"https:\/\/theperfumebottles.com\/cs\/wp-json\/wp\/v2\/product"}],"about":[{"href":"https:\/\/theperfumebottles.com\/cs\/wp-json\/wp\/v2\/types\/product"}],"replies":[{"embeddable":true,"href":"https:\/\/theperfumebottles.com\/cs\/wp-json\/wp\/v2\/comments?post=4615"}],"wp:featuredmedia":[{"embeddable":true,"href":"https:\/\/theperfumebottles.com\/cs\/wp-json\/wp\/v2\/media\/4616"}],"wp:attachment":[{"href":"https:\/\/theperfumebottles.com\/cs\/wp-json\/wp\/v2\/media?parent=4615"}],"wp:term":[{"taxonomy":"product_brand","embeddable":true,"href":"https:\/\/theperfumebottles.com\/cs\/wp-json\/wp\/v2\/product_brand?post=4615"},{"taxonomy":"product_cat","embeddable":true,"href":"https:\/\/theperfumebottles.com\/cs\/wp-json\/wp\/v2\/product_cat?post=4615"},{"taxonomy":"product_tag","embeddable":true,"href":"https:\/\/theperfumebottles.com\/cs\/wp-json\/wp\/v2\/product_tag?post=4615"}],"curies":[{"name":"wp","href":"https:\/\/api.w.org\/{rel}","templated":true}]}}