{"id":4620,"date":"2025-07-17T18:00:24","date_gmt":"2025-07-17T10:00:24","guid":{"rendered":"https:\/\/theperfumebottles.com\/?post_type=product&#038;p=4620"},"modified":"2025-08-01T09:10:06","modified_gmt":"2025-08-01T01:10:06","slug":"face-cream-jars-wholesale-frosted-glass-cosmetic-packaging","status":"publish","type":"product","link":"https:\/\/theperfumebottles.com\/cs\/produkt\/face-cream-jars-wholesale-frosted-glass-cosmetic-packaging\/","title":{"rendered":"Velkoobchodn\u00ed prodej d\u00f3z na kr\u00e9my na obli\u010dej 1oz 2oz 4oz 8oz \u2013 kosmetick\u00e9 obaly z matn\u00e9ho skla"},"content":{"rendered":"<p><span class=\"highlights\" data-v-df95d256=\"\">Pot\u0159ebujete obaly na kosmetick\u00e9 kr\u00e9my, kter\u00e9 spojuj\u00ed udr\u017eitelnost se sofistikovanost\u00ed? Na\u0161e velkoobchodn\u00ed sada d\u00f3z na kr\u00e9my na obli\u010dej obsahuje lahvi\u010dky z matn\u00e9ho skla s v\u00ed\u010dky z p\u0159\u00edrodn\u00edho bambusu, kter\u00e9 jsou navr\u017eeny tak, aby pozvedly va\u0161i \u0159adu p\u00e9\u010de o ple\u0165. Texturovan\u00fd povrch a zemit\u00e9 akcenty d\u011blaj\u00ed z t\u011bchto kosmetick\u00fdch obal\u016f ide\u00e1ln\u00ed \u0159e\u0161en\u00ed pro s\u00e9ra, o\u010dn\u00ed ml\u00e9ka nebo bohat\u00e9 hydrata\u010dn\u00ed kr\u00e9my. Ide\u00e1ln\u00ed pro kosmetick\u00e9 obaly, kter\u00e9 p\u016fsob\u00ed modern\u00edm a z\u00e1rove\u0148 ekologick\u00fdm dojmem.<\/span><\/p>\n<h2><span class=\"highlights\" data-v-df95d256=\"\">Kl\u00ed\u010dov\u00e9 specifikace<\/span><\/h2>\n<table style=\"border-collapse: collapse;width: 759px;height: 153px;margin-left: 280px\" border=\"0\" width=\"144\" cellspacing=\"0\" cellpadding=\"0\">\n<tbody>\n<tr style=\"height: 13.50pt\">\n<td style=\"height: 13.50pt;width: 54.00pt\" width=\"72\" height=\"18\">Funkce<\/td>\n<td style=\"width: 54.00pt\" width=\"72\">Podrobnosti<\/td>\n<\/tr>\n<tr style=\"height: 13.50pt\">\n<td style=\"height: 13.50pt\" height=\"18\">Kapacita<\/td>\n<td>30 ml, 60 ml, 110 ml, 230 ml<\/td>\n<\/tr>\n<tr style=\"height: 13.50pt\">\n<td style=\"height: 13.50pt\" height=\"18\">Tvar<\/td>\n<td>Kolo<\/td>\n<\/tr>\n<tr style=\"height: 13.50pt\">\n<td style=\"height: 13.50pt\" height=\"18\">T\u011bsn\u011bn\u00ed<\/td>\n<td>Bambusov\u00e1 v\u00edka (p\u0159izp\u016fsobiteln\u00e1)<\/td>\n<\/tr>\n<tr style=\"height: 13.50pt\">\n<td style=\"height: 13.50pt\" height=\"18\">Materi\u00e1l<\/td>\n<td>Ml\u00e9\u010dn\u00e9 sklo<\/td>\n<\/tr>\n<tr style=\"height: 13.50pt\">\n<td style=\"height: 13.50pt\" height=\"18\">Barva<\/td>\n<td>K\u0159emenec, matn\u00fd (p\u0159izp\u016fsobiteln\u00fd)<\/td>\n<\/tr>\n<tr style=\"height: 13.50pt\">\n<td style=\"height: 13.50pt\" height=\"18\">P\u0159\u00edpad pou\u017eit\u00ed<\/td>\n<td>O\u010dn\u00ed kr\u00e9m, kr\u00e9m na obli\u010dej\u2026<\/td>\n<\/tr>\n<\/tbody>\n<\/table>\n<h2><span class=\"highlights\" data-v-df95d256=\"\">P\u0159\u00edb\u011bh \u00fasp\u011bchu<\/span><\/h2>\n<p><span class=\"highlights\" data-v-df95d256=\"\">Zna\u010dka p\u00e9\u010de o ple\u0165 zv\u00fd\u0161ila velkoobchodn\u00ed prodej o 60 % pot\u00e9, co p\u0159e\u0161la na tento design d\u00f3zy na kosmetick\u00fd kr\u00e9m. Na jejich domovsk\u00e9 str\u00e1nce bylo video ukazuj\u00edc\u00ed \u0159emesln\u00e9 zpracov\u00e1n\u00ed bambusov\u00e9ho v\u00ed\u010dka, kter\u00e9 za m\u011bs\u00edc p\u0159ineslo v\u00edce ne\u017e 200 hromadn\u00fdch objedn\u00e1vek.<\/span><\/p>\n<h2><span class=\"highlights\" data-v-df95d256=\"\">P\u0159izp\u016fsobte si svou objedn\u00e1vku<\/span><\/h2>\n<ul>\n<li><strong>Druh povrchov\u00e9 \u00fapravy lahv\u00ed:<\/strong> K dispozici v \u010dist\u00e9m nebo matn\u00e9m skle, v kombinaci s horkou ra\u017ebou nebo reli\u00e9fn\u00ed povrchovou \u00fapravou, kter\u00e1 zd\u016frazn\u00ed pr\u00e9miov\u00e9 kouzlo va\u0161\u00ed zna\u010dky.<\/li>\n<li><strong>Ekologick\u00e9 alternativy uz\u00e1v\u011br\u016f lahv\u00ed:<\/strong> K dispozici v plastov\u00e9m a udr\u017eiteln\u00e9m bambusov\u00e9m proveden\u00ed, kter\u00e9 vyva\u017euje hygienu a environment\u00e1ln\u00ed aspekty.<\/li>\n<li><strong>Zelen\u00e9 zna\u010den\u00ed:<\/strong> Vyu\u017e\u00edv\u00e1me biologicky odbourateln\u00e9 materi\u00e1ly a inkousty pro naprosto ekologick\u00e9 obaly.<\/li>\n<\/ul>","protected":false},"excerpt":{"rendered":"<p>Nakupujte velkoobchodn\u011b d\u00f3zy na kr\u00e9my na obli\u010dej s ekologick\u00fdmi bambusov\u00fdmi v\u00ed\u010dky. Sady d\u00f3z z matn\u00e9ho skla na kosmetick\u00e9 kr\u00e9my pro zna\u010dky p\u00e9\u010de o ple\u0165.<\/p>","protected":false},"featured_media":4621,"comment_status":"open","ping_status":"closed","template":"","meta":{"_acf_changed":false,"site-sidebar-layout":"default","site-content-layout":"","ast-site-content-layout":"default","site-content-style":"default","site-sidebar-style":"default","ast-global-header-display":"","ast-banner-title-visibility":"","ast-main-header-display":"","ast-hfb-above-header-display":"","ast-hfb-below-header-display":"","ast-hfb-mobile-header-display":"","site-post-title":"","ast-breadcrumbs-content":"","ast-featured-img":"","footer-sml-layout":"","ast-disable-related-posts":"","theme-transparent-header-meta":"default","adv-header-id-meta":"","stick-header-meta":"","header-above-stick-meta":"","header-main-stick-meta":"","header-below-stick-meta":"","astra-migrate-meta-layouts":"set","ast-page-background-enabled":"default","ast-page-background-meta":{"desktop":{"background-color":"var(--ast-global-color-5)","background-image":"","background-repeat":"repeat","background-position":"center center","background-size":"auto","background-attachment":"scroll","background-type":"","background-media":"","overlay-type":"","overlay-color":"","overlay-opacity":"","overlay-gradient":""},"tablet":{"background-color":"","background-image":"","background-repeat":"repeat","background-position":"center center","background-size":"auto","background-attachment":"scroll","background-type":"","background-media":"","overlay-type":"","overlay-color":"","overlay-opacity":"","overlay-gradient":""},"mobile":{"background-color":"","background-image":"","background-repeat":"repeat","background-position":"center center","background-size":"auto","background-attachment":"scroll","background-type":"","background-media":"","overlay-type":"","overlay-color":"","overlay-opacity":"","overlay-gradient":""}},"ast-content-background-meta":{"desktop":{"background-color":"var(--ast-global-color-4)","background-image":"","background-repeat":"repeat","background-position":"center center","background-size":"auto","background-attachment":"scroll","background-type":"","background-media":"","overlay-type":"","overlay-color":"","overlay-opacity":"","overlay-gradient":""},"tablet":{"background-color":"var(--ast-global-color-4)","background-image":"","background-repeat":"repeat","background-position":"center center","background-size":"auto","background-attachment":"scroll","background-type":"","background-media":"","overlay-type":"","overlay-color":"","overlay-opacity":"","overlay-gradient":""},"mobile":{"background-color":"var(--ast-global-color-4)","background-image":"","background-repeat":"repeat","background-position":"center center","background-size":"auto","background-attachment":"scroll","background-type":"","background-media":"","overlay-type":"","overlay-color":"","overlay-opacity":"","overlay-gradient":""}}},"product_brand":[],"product_cat":[62,72,56],"product_tag":[131,130],"class_list":{"0":"post-4620","1":"product","2":"type-product","3":"status-publish","4":"has-post-thumbnail","6":"product_cat-cosmetic-containers","7":"product_cat-cosmetic-packaging","8":"product_cat-cosmetic-jars","9":"product_tag-cosmetic-cream-jar","10":"product_tag-face-cream-jars-wholesale","11":"desktop-align-left","12":"tablet-align-left","13":"mobile-align-left","15":"first","16":"instock","17":"shipping-taxable","18":"product-type-simple"},"acf":[],"jetpack_sharing_enabled":true,"_links":{"self":[{"href":"https:\/\/theperfumebottles.com\/cs\/wp-json\/wp\/v2\/product\/4620","targetHints":{"allow":["GET"]}}],"collection":[{"href":"https:\/\/theperfumebottles.com\/cs\/wp-json\/wp\/v2\/product"}],"about":[{"href":"https:\/\/theperfumebottles.com\/cs\/wp-json\/wp\/v2\/types\/product"}],"replies":[{"embeddable":true,"href":"https:\/\/theperfumebottles.com\/cs\/wp-json\/wp\/v2\/comments?post=4620"}],"wp:featuredmedia":[{"embeddable":true,"href":"https:\/\/theperfumebottles.com\/cs\/wp-json\/wp\/v2\/media\/4621"}],"wp:attachment":[{"href":"https:\/\/theperfumebottles.com\/cs\/wp-json\/wp\/v2\/media?parent=4620"}],"wp:term":[{"taxonomy":"product_brand","embeddable":true,"href":"https:\/\/theperfumebottles.com\/cs\/wp-json\/wp\/v2\/product_brand?post=4620"},{"taxonomy":"product_cat","embeddable":true,"href":"https:\/\/theperfumebottles.com\/cs\/wp-json\/wp\/v2\/product_cat?post=4620"},{"taxonomy":"product_tag","embeddable":true,"href":"https:\/\/theperfumebottles.com\/cs\/wp-json\/wp\/v2\/product_tag?post=4620"}],"curies":[{"name":"wp","href":"https:\/\/api.w.org\/{rel}","templated":true}]}}