{"id":4625,"date":"2025-07-17T17:59:52","date_gmt":"2025-07-17T09:59:52","guid":{"rendered":"https:\/\/theperfumebottles.com\/?post_type=product&#038;p=4625"},"modified":"2025-08-01T11:04:18","modified_gmt":"2025-08-01T03:04:18","slug":"glass-cosmetic-jars-with-lids-premium-cream-glass-jar-wholesale","status":"publish","type":"product","link":"https:\/\/theperfumebottles.com\/cs\/produkt\/glass-cosmetic-jars-with-lids-premium-cream-glass-jar-wholesale\/","title":{"rendered":"Sklen\u011bn\u00e9 kosmetick\u00e9 d\u00f3zy s v\u00ed\u010dky 20g 30g 50g \u2013 Velkoobchod s pr\u00e9miov\u00fdmi sklen\u011bn\u00fdmi d\u00f3zy na kr\u00e9m"},"content":{"rendered":"<p>Hled\u00e1te sklen\u011bn\u00e9 kosmetick\u00e9 d\u00f3zy s v\u00ed\u010dky, kter\u00e9 spojuj\u00ed robustnost s eleganc\u00ed? Na\u0161e sada kr\u00e9mov\u00fdch sklen\u011bn\u00fdch d\u00f3z se vyzna\u010duje v\u00e1lcovit\u00fdm designem lahv\u00ed s vysoce leskl\u00fdm povrchem, ide\u00e1ln\u00edm pro produkty p\u00e9\u010de o ple\u0165, jako jsou ple\u0165ov\u00e9 kr\u00e9my a ple\u0165ov\u00e9 vody. Hladk\u00e9 dno a zaoblen\u00e9 hrany vytv\u00e1\u0159ej\u00ed modern\u00ed estetick\u00fd dojem z l\u00e1zn\u00ed, zat\u00edmco kosmetick\u00e9 balen\u00ed zaru\u010duje, \u017ee va\u0161e produkty vypadaj\u00ed tak draho, jak se zdaj\u00ed b\u00fdt.<\/p>\n<h2>Kl\u00ed\u010dov\u00e9 specifikace<\/h2>\n<table style=\"border-collapse: collapse;width: 80%;height: 106px;margin-left: auto;margin-right: auto\" border=\"0\" width=\"144\" cellspacing=\"0\" cellpadding=\"0\">\n<tbody>\n<tr style=\"height: 13.50pt\">\n<td style=\"height: 13.50pt;width: 54.00pt\" width=\"72\" height=\"18\">Funkce<\/td>\n<td style=\"width: 54.00pt\" width=\"72\">Podrobnosti<\/td>\n<\/tr>\n<tr style=\"height: 13.50pt\">\n<td style=\"height: 13.50pt\" height=\"18\">Kapacita<\/td>\n<td>20 g, 30 g, 50 g<\/td>\n<\/tr>\n<tr style=\"height: 13.50pt\">\n<td style=\"height: 13.50pt\" height=\"18\">Tvar<\/td>\n<td>Rovn\u00e9 strany<\/td>\n<\/tr>\n<tr style=\"height: 13.50pt\">\n<td style=\"height: 13.50pt\" height=\"18\">Materi\u00e1l<\/td>\n<td>K\u0159i\u0161\u0165\u00e1lov\u00e9 sklo<\/td>\n<\/tr>\n<tr style=\"height: 13.50pt\">\n<td style=\"height: 13.50pt\" height=\"18\">Barva<\/td>\n<td>B\u00edl\u00e1, \u010dern\u00e1... (p\u0159izp\u016fsobiteln\u00e9)<\/td>\n<\/tr>\n<tr style=\"height: 13.50pt\">\n<td style=\"height: 13.50pt\" height=\"18\">P\u0159\u00edpad pou\u017eit\u00ed<\/td>\n<td>Kr\u00e9m na obli\u010dej, t\u011blov\u00e9 ml\u00e9ko\u2026<\/td>\n<\/tr>\n<\/tbody>\n<\/table>\n<h2><span class=\"highlights\" data-v-df95d256=\"\">P\u0159\u00edb\u011bh \u00fasp\u011bchu <\/span><\/h2>\n<p><span class=\"highlights\" data-v-df95d256=\"\">St\u0159edn\u011b velk\u00e1 zna\u010dka p\u00e9\u010de o ple\u0165 zv\u00fd\u0161ila velkoobchodn\u00ed p\u0159\u00edjmy o 70 % pot\u00e9, co na soci\u00e1ln\u00edch s\u00edt\u00edch p\u0159edstavila svou \u0159adu kr\u00e9mov\u00fdch sklen\u011bn\u00fdch d\u00f3z. D\u00edky hromadn\u00e9mu balen\u00ed s vlastn\u00edmi zlat\u00fdmi reli\u00e9fn\u00edmi etiketami si zajistila v\u00edce ne\u017e 30 maloobchodn\u00edch partnerstv\u00ed b\u011bhem 6 m\u011bs\u00edc\u016f.<\/span><\/p>\n<h2><span class=\"highlights\" data-v-df95d256=\"\"> P\u0159izp\u016fsobte si svou objedn\u00e1vku<\/span><\/h2>\n<ul>\n<li><span class=\"highlights\" data-v-df95d256=\"\"><strong>Materi\u00e1ly v\u00edka:<\/strong> Pro hygienicky zam\u011b\u0159en\u00e9 kosmetick\u00e9 obaly zvolte elegantn\u00ed plastov\u00e1 v\u00ed\u010dka nebo pro luxusn\u00ed kosmetick\u00e9 obaly v\u00ed\u010dka z kart\u00e1\u010dovan\u00e9ho kovu. <\/span><\/li>\n<li><span class=\"highlights\" data-v-df95d256=\"\"><strong>Barevn\u00e9 p\u0159echody:<\/strong> P\u0159idejte matn\u00e9 akcenty nebo vlastn\u00ed odst\u00edny zelen\u00e9, kter\u00e9 odpov\u00eddaj\u00ed palet\u011b va\u0161\u00ed zna\u010dky.<\/span><\/li>\n<li><span class=\"highlights\" data-v-df95d256=\"\"><strong>Luxusn\u00ed povrchov\u00e1 \u00faprava v\u00edka:<\/strong> Vylep\u0161ete svou sklen\u011bnou d\u00f3zu s kr\u00e9movou n\u00e1pln\u00ed kovov\u00fdm v\u00ed\u010dkem, jako je r\u016f\u017eov\u00e9 zlato nebo staro\u017eitn\u00e1 m\u011b\u010f, a vylep\u0161ete tak balen\u00ed sv\u00e9 kosmetiky. <\/span><\/li>\n<\/ul>","protected":false},"excerpt":{"rendered":"<p>Nakupujte sklen\u011bn\u00e9 kosmetick\u00e9 d\u00f3zy s v\u00ed\u010dky a sady kr\u00e9mov\u00fdch sklenic pro zna\u010dky p\u00e9\u010de o ple\u0165. Odoln\u00e9 kosmetick\u00e9 obaly s mo\u017enostmi individu\u00e1ln\u00edho v\u00fdb\u011bru.<\/p>","protected":false},"featured_media":4626,"comment_status":"open","ping_status":"closed","template":"","meta":{"_acf_changed":false,"site-sidebar-layout":"default","site-content-layout":"","ast-site-content-layout":"default","site-content-style":"default","site-sidebar-style":"default","ast-global-header-display":"","ast-banner-title-visibility":"","ast-main-header-display":"","ast-hfb-above-header-display":"","ast-hfb-below-header-display":"","ast-hfb-mobile-header-display":"","site-post-title":"","ast-breadcrumbs-content":"","ast-featured-img":"","footer-sml-layout":"","ast-disable-related-posts":"","theme-transparent-header-meta":"default","adv-header-id-meta":"","stick-header-meta":"","header-above-stick-meta":"","header-main-stick-meta":"","header-below-stick-meta":"","astra-migrate-meta-layouts":"set","ast-page-background-enabled":"default","ast-page-background-meta":{"desktop":{"background-color":"var(--ast-global-color-5)","background-image":"","background-repeat":"repeat","background-position":"center center","background-size":"auto","background-attachment":"scroll","background-type":"","background-media":"","overlay-type":"","overlay-color":"","overlay-opacity":"","overlay-gradient":""},"tablet":{"background-color":"","background-image":"","background-repeat":"repeat","background-position":"center center","background-size":"auto","background-attachment":"scroll","background-type":"","background-media":"","overlay-type":"","overlay-color":"","overlay-opacity":"","overlay-gradient":""},"mobile":{"background-color":"","background-image":"","background-repeat":"repeat","background-position":"center center","background-size":"auto","background-attachment":"scroll","background-type":"","background-media":"","overlay-type":"","overlay-color":"","overlay-opacity":"","overlay-gradient":""}},"ast-content-background-meta":{"desktop":{"background-color":"var(--ast-global-color-4)","background-image":"","background-repeat":"repeat","background-position":"center center","background-size":"auto","background-attachment":"scroll","background-type":"","background-media":"","overlay-type":"","overlay-color":"","overlay-opacity":"","overlay-gradient":""},"tablet":{"background-color":"var(--ast-global-color-4)","background-image":"","background-repeat":"repeat","background-position":"center center","background-size":"auto","background-attachment":"scroll","background-type":"","background-media":"","overlay-type":"","overlay-color":"","overlay-opacity":"","overlay-gradient":""},"mobile":{"background-color":"var(--ast-global-color-4)","background-image":"","background-repeat":"repeat","background-position":"center center","background-size":"auto","background-attachment":"scroll","background-type":"","background-media":"","overlay-type":"","overlay-color":"","overlay-opacity":"","overlay-gradient":""}}},"product_brand":[],"product_cat":[56,72,62],"product_tag":[133,132],"class_list":{"0":"post-4625","1":"product","2":"type-product","3":"status-publish","4":"has-post-thumbnail","6":"product_cat-cosmetic-jars","7":"product_cat-cosmetic-packaging","8":"product_cat-cosmetic-containers","9":"product_tag-cream-glass-jar","10":"product_tag-glass-cosmetic-jars-with-lids","11":"desktop-align-left","12":"tablet-align-left","13":"mobile-align-left","15":"first","16":"instock","17":"shipping-taxable","18":"product-type-simple"},"acf":[],"jetpack_sharing_enabled":true,"_links":{"self":[{"href":"https:\/\/theperfumebottles.com\/cs\/wp-json\/wp\/v2\/product\/4625","targetHints":{"allow":["GET"]}}],"collection":[{"href":"https:\/\/theperfumebottles.com\/cs\/wp-json\/wp\/v2\/product"}],"about":[{"href":"https:\/\/theperfumebottles.com\/cs\/wp-json\/wp\/v2\/types\/product"}],"replies":[{"embeddable":true,"href":"https:\/\/theperfumebottles.com\/cs\/wp-json\/wp\/v2\/comments?post=4625"}],"wp:featuredmedia":[{"embeddable":true,"href":"https:\/\/theperfumebottles.com\/cs\/wp-json\/wp\/v2\/media\/4626"}],"wp:attachment":[{"href":"https:\/\/theperfumebottles.com\/cs\/wp-json\/wp\/v2\/media?parent=4625"}],"wp:term":[{"taxonomy":"product_brand","embeddable":true,"href":"https:\/\/theperfumebottles.com\/cs\/wp-json\/wp\/v2\/product_brand?post=4625"},{"taxonomy":"product_cat","embeddable":true,"href":"https:\/\/theperfumebottles.com\/cs\/wp-json\/wp\/v2\/product_cat?post=4625"},{"taxonomy":"product_tag","embeddable":true,"href":"https:\/\/theperfumebottles.com\/cs\/wp-json\/wp\/v2\/product_tag?post=4625"}],"curies":[{"name":"wp","href":"https:\/\/api.w.org\/{rel}","templated":true}]}}