{"id":4644,"date":"2025-07-18T17:49:18","date_gmt":"2025-07-18T09:49:18","guid":{"rendered":"https:\/\/theperfumebottles.com\/?post_type=product&#038;p=4644"},"modified":"2026-03-27T14:30:08","modified_gmt":"2026-03-27T06:30:08","slug":"empty-glass-cosmetic-containers-with-lids-wholesale","status":"publish","type":"product","link":"https:\/\/theperfumebottles.com\/cs\/produkt\/empty-glass-cosmetic-containers-with-lids-wholesale\/","title":{"rendered":"Velkoobchodn\u00ed prodej pr\u00e1zdn\u00fdch sklen\u011bn\u00fdch kosmetick\u00fdch n\u00e1dob s v\u00ed\u010dky 30g 50g"},"content":{"rendered":"<p>Tato modern\u00ed kosmetick\u00e1 vani\u010dka s v\u00ed\u010dkem odr\u00e1\u017e\u00ed modern\u00ed v\u00e1lcovit\u00fd profil s \u010dir\u00fdm sklen\u011bn\u00fdm z\u00e1kladem, m\u00e1slov\u00fdm zlat\u00fdm prou\u017ekem s jemn\u00fdm zlat\u00fdm lemov\u00e1n\u00edm a v\u00fdb\u011brem matn\u011b b\u00edl\u00fdch nebo pr\u016fhledn\u00fdch v\u00ed\u010dek.<\/p>\n<h2><span class=\"highlights\" data-v-df95d256=\"\">Kl\u00ed\u010dov\u00e9 specifikace<\/span><\/h2>\n<table style=\"border-collapse: collapse; width: 80%; height: 123px; margin-left: auto; margin-right: auto;\" border=\"0\" width=\"144\" cellspacing=\"0\" cellpadding=\"0\">\n<tbody>\n<tr>\n<td width=\"72\">Kapacita<\/td>\n<td width=\"72\">Tvar<\/td>\n<td width=\"72\">Metoda t\u011bsn\u011bn\u00ed<\/td>\n<td width=\"72\">Materi\u00e1l<\/td>\n<td width=\"72\">Barva<\/td>\n<td width=\"72\">Pou\u017e\u00edv\u00e1n\u00ed<\/td>\n<\/tr>\n<tr>\n<td>30 g<\/td>\n<td rowspan=\"2\">Rovn\u00e9 strany<\/td>\n<td rowspan=\"2\">T-hlava (plast\/kov)<\/td>\n<td rowspan=\"2\">K\u0159i\u0161\u0165\u00e1lov\u00e9 sklo<\/td>\n<td rowspan=\"2\">Matn\u00e9 (na zak\u00e1zku)<\/td>\n<td rowspan=\"2\">O\u010dn\u00ed kr\u00e9m, ml\u00e9ko\u2026<\/td>\n<\/tr>\n<tr>\n<td>50 g<\/td>\n<\/tr>\n<\/tbody>\n<\/table>\n<h2><span class=\"highlights\" data-v-df95d256=\"\">P\u0159\u00edpad \u00fasp\u011bchu<\/span><\/h2>\n<p>Jedna z pa\u0159\u00ed\u017esk\u00fdch luxusn\u00edch zna\u010dek si vybrala na\u0161e 50ml kosmetick\u00e9 n\u00e1dobky s v\u00ed\u010dky a nechala si personalizovat matn\u011b b\u00edl\u00fd uz\u00e1v\u011br a na m\u00edru vyroben\u00fd ozdobn\u00fd krou\u017eek z r\u016f\u017eov\u00e9ho zlata. Personalizovan\u00e9 n\u00e1dobky na ple\u0165ov\u00e9 ml\u00e9ko zaznamenaly obrovsk\u00fd \u00fasp\u011bch: jejich speci\u00e1ln\u00ed vrstevnat\u00fd design se stal charakteristickou sou\u010d\u00e1st\u00ed zna\u010dky a pr\u016fzkum trhu uk\u00e1zal, \u017ee pov\u011bdom\u00ed o zna\u010dce vzrostlo o 25 procent. Kvalita textury a materi\u00e1l\u016f byla tak\u00e9 pr\u00e9miov\u00e1, co\u017e vedlo k 50% n\u00e1r\u016fstu ceny regenera\u010dn\u00edho kr\u00e9mu. Na z\u00e1klad\u011b tohoto \u00fasp\u011bchu si zna\u010dka objednala dal\u0161\u00edch 250 000 n\u00e1dobek s ple\u0165ov\u00fdmi ml\u00e9ky do sv\u00e9 nov\u00e9 \u0159ady ple\u0165ov\u00fdch olej\u016f s CBD a no\u010dn\u00edch kr\u00e9m\u016f.<\/p>\n<h2><span class=\"highlights\" data-v-df95d256=\"\">Tipy pro p\u0159izp\u016fsoben\u00ed velkoobchodu s n\u00e1dobami na make-up<\/span><\/h2>\n<ul>\n<li><strong>R\u016fzn\u00e9 alternativy vzhledu:<\/strong> Vyberte si z \u010dir\u00e9ho nebo matn\u00e9ho skla s p\u0159echodov\u00fdmi odst\u00edny pro zes\u00edlen\u00ed viditeln\u00e9ho efektu.<\/li>\n<li><strong>Pru\u017en\u00e1 l\u00e1tka na \u010depice:<\/strong> K dispozici v plastov\u00e9m nebo kovov\u00e9m proveden\u00ed, co\u017e vyva\u017euje n\u00e1klady s pr\u00e9miov\u00fdm vzhledem.<\/li>\n<li><strong>P\u0159izp\u016fsoben\u00ed zna\u010dky:<\/strong> Pro lep\u0161\u00ed vyj\u00e1d\u0159en\u00ed va\u0161eho loga jsou podporov\u00e1ny reli\u00e9fn\u00ed embl\u00e9my nebo QR k\u00f3dy.<\/li>\n<\/ul>","protected":false},"excerpt":{"rendered":"<p>Velkoobchodn\u00ed prodej pr\u00e9miov\u00fdch d\u00f3z na kosmetiku s \u010dir\u00fdm sklen\u011bn\u00fdm dnem a luxusn\u00edm zlat\u00fdm krou\u017ekem. Kosmetick\u00e9 d\u00f3zy s v\u00ed\u010dky zaji\u0161\u0165uj\u00ed \u010derstvost. Rychl\u00e9 dod\u00e1n\u00ed.<\/p>","protected":false},"featured_media":4645,"comment_status":"open","ping_status":"closed","template":"","meta":{"_acf_changed":false,"site-sidebar-layout":"default","site-content-layout":"","ast-site-content-layout":"default","site-content-style":"default","site-sidebar-style":"default","ast-global-header-display":"","ast-banner-title-visibility":"","ast-main-header-display":"","ast-hfb-above-header-display":"","ast-hfb-below-header-display":"","ast-hfb-mobile-header-display":"","site-post-title":"","ast-breadcrumbs-content":"","ast-featured-img":"","footer-sml-layout":"","ast-disable-related-posts":"","theme-transparent-header-meta":"default","adv-header-id-meta":"","stick-header-meta":"","header-above-stick-meta":"","header-main-stick-meta":"","header-below-stick-meta":"","astra-migrate-meta-layouts":"set","ast-page-background-enabled":"default","ast-page-background-meta":{"desktop":{"background-color":"var(--ast-global-color-5)","background-image":"","background-repeat":"repeat","background-position":"center center","background-size":"auto","background-attachment":"scroll","background-type":"","background-media":"","overlay-type":"","overlay-color":"","overlay-opacity":"","overlay-gradient":""},"tablet":{"background-color":"","background-image":"","background-repeat":"repeat","background-position":"center center","background-size":"auto","background-attachment":"scroll","background-type":"","background-media":"","overlay-type":"","overlay-color":"","overlay-opacity":"","overlay-gradient":""},"mobile":{"background-color":"","background-image":"","background-repeat":"repeat","background-position":"center center","background-size":"auto","background-attachment":"scroll","background-type":"","background-media":"","overlay-type":"","overlay-color":"","overlay-opacity":"","overlay-gradient":""}},"ast-content-background-meta":{"desktop":{"background-color":"var(--ast-global-color-4)","background-image":"","background-repeat":"repeat","background-position":"center center","background-size":"auto","background-attachment":"scroll","background-type":"","background-media":"","overlay-type":"","overlay-color":"","overlay-opacity":"","overlay-gradient":""},"tablet":{"background-color":"var(--ast-global-color-4)","background-image":"","background-repeat":"repeat","background-position":"center center","background-size":"auto","background-attachment":"scroll","background-type":"","background-media":"","overlay-type":"","overlay-color":"","overlay-opacity":"","overlay-gradient":""},"mobile":{"background-color":"var(--ast-global-color-4)","background-image":"","background-repeat":"repeat","background-position":"center center","background-size":"auto","background-attachment":"scroll","background-type":"","background-media":"","overlay-type":"","overlay-color":"","overlay-opacity":"","overlay-gradient":""}}},"product_brand":[],"product_cat":[56,62,72],"product_tag":[144,134],"class_list":{"0":"post-4644","1":"product","2":"type-product","3":"status-publish","4":"has-post-thumbnail","6":"product_cat-cosmetic-jars","7":"product_cat-cosmetic-containers","8":"product_cat-cosmetic-packaging","9":"product_tag-lotion-jars-with-lids","10":"product_tag-makeup-containers-wholesale","11":"desktop-align-left","12":"tablet-align-left","13":"mobile-align-left","15":"first","16":"instock","17":"shipping-taxable","18":"product-type-simple"},"acf":[],"jetpack_sharing_enabled":true,"_links":{"self":[{"href":"https:\/\/theperfumebottles.com\/cs\/wp-json\/wp\/v2\/product\/4644","targetHints":{"allow":["GET"]}}],"collection":[{"href":"https:\/\/theperfumebottles.com\/cs\/wp-json\/wp\/v2\/product"}],"about":[{"href":"https:\/\/theperfumebottles.com\/cs\/wp-json\/wp\/v2\/types\/product"}],"replies":[{"embeddable":true,"href":"https:\/\/theperfumebottles.com\/cs\/wp-json\/wp\/v2\/comments?post=4644"}],"wp:featuredmedia":[{"embeddable":true,"href":"https:\/\/theperfumebottles.com\/cs\/wp-json\/wp\/v2\/media\/4645"}],"wp:attachment":[{"href":"https:\/\/theperfumebottles.com\/cs\/wp-json\/wp\/v2\/media?parent=4644"}],"wp:term":[{"taxonomy":"product_brand","embeddable":true,"href":"https:\/\/theperfumebottles.com\/cs\/wp-json\/wp\/v2\/product_brand?post=4644"},{"taxonomy":"product_cat","embeddable":true,"href":"https:\/\/theperfumebottles.com\/cs\/wp-json\/wp\/v2\/product_cat?post=4644"},{"taxonomy":"product_tag","embeddable":true,"href":"https:\/\/theperfumebottles.com\/cs\/wp-json\/wp\/v2\/product_tag?post=4644"}],"curies":[{"name":"wp","href":"https:\/\/api.w.org\/{rel}","templated":true}]}}