{"id":4655,"date":"2025-07-18T17:51:02","date_gmt":"2025-07-18T09:51:02","guid":{"rendered":"https:\/\/theperfumebottles.com\/?post_type=product&#038;p=4655"},"modified":"2025-08-01T09:51:27","modified_gmt":"2025-08-01T01:51:27","slug":"lotion-glass-jars-cosmetic-makeup-jars-wholesale","status":"publish","type":"product","link":"https:\/\/theperfumebottles.com\/cs\/produkt\/lotion-glass-jars-cosmetic-makeup-jars-wholesale\/","title":{"rendered":"Sklen\u011bn\u00e9 d\u00f3zy na ple\u0165ov\u00e9 ml\u00e9ko 5g 10g 15g 30g 50g 60g 100g 120g 250g \u2013 Velkoobchod s d\u00f3zy na kosmetiku a l\u00ed\u010den\u00ed"},"content":{"rendered":"<p><span class=\"highlights\" data-v-df95d256=\"\">Pot\u0159ebujete sklen\u011bn\u00e9 d\u00f3zy na make-up, kter\u00e9 spojuj\u00ed udr\u017eitelnost s kosmetick\u00fdmi obaly? Tyto sklen\u011bn\u00e9 d\u00f3zy na ple\u0165ov\u00e9 ml\u00e9ko jsou ur\u010deny pro zna\u010dky p\u00e9\u010de o ple\u0165, kter\u00e9 vyr\u00e1b\u011bj\u00ed kr\u00e9my na obli\u010dej, t\u011blov\u00e1 ml\u00e9ka nebo o\u010dn\u00ed p\u0159\u00edpravky. Jako dodavatel kosmetick\u00fdch obal\u016f nab\u00edz\u00edme sklen\u011bn\u00e9 n\u00e1doby s jemnou mlhou, kter\u00e9 jsou p\u0159ipraveny k hromadn\u00e9 expedici. A\u0165 u\u017e sh\u00e1n\u011bte kosmetick\u00e9 n\u00e1doby pro design obal\u016f, nebo pot\u0159ebujete velkoobchodn\u00ed \u0159e\u0161en\u00ed, tento produkt v\u00e1m vzbud\u00ed d\u016fv\u011bru ve va\u0161e kosmetick\u00e9 obaly.<\/span><\/p>\n<h2 data-spm-anchor-id=\"5176.28103460.0.i21.29ab1db8HEnSHX\"><strong data-spm-anchor-id=\"5176.28103460.0.i22.29ab1db8HEnSHX\">Kl\u00ed\u010dov\u00e9 specifikace<\/strong><\/h2>\n<table style=\"margin-left: auto;margin-right: auto;border-collapse: collapse;width: 80%\" border=\"0\" width=\"432\" cellspacing=\"0\" cellpadding=\"0\">\n<tbody>\n<tr style=\"height: 13.50pt\">\n<td style=\"height: 13.50pt;width: 54.00pt\" width=\"72\" height=\"18\">Kapacita<\/td>\n<td style=\"width: 54.00pt\" width=\"72\">Tvar<\/td>\n<td style=\"width: 54.00pt\" width=\"72\">Metoda t\u011bsn\u011bn\u00ed<\/td>\n<td style=\"width: 54.00pt\" width=\"72\">Materi\u00e1l<\/td>\n<td style=\"width: 54.00pt\" width=\"72\">Barva<\/td>\n<td style=\"width: 54.00pt\" width=\"72\">P\u0159\u00edpad pou\u017eit\u00ed<\/td>\n<\/tr>\n<tr style=\"height: 13.50pt\">\n<td style=\"height: 13.50pt\" height=\"18\">5g 10g 15g 30g 50g 60g 100g 120g 250g<\/td>\n<td>Rovn\u00e9 strany<\/td>\n<td>Z\u00e1vitov\u00e9 (plast\/kov), dle va\u0161ich po\u017eadavk\u016f<\/td>\n<td>K\u0159i\u0161\u0165\u00e1lov\u00e9 sklo<\/td>\n<td>Matn\u00e9, na zak\u00e1zku..<\/td>\n<td>O\u010dn\u00ed kr\u00e9m, ple\u0165ov\u00e9 ml\u00e9ko\u2026<\/td>\n<\/tr>\n<\/tbody>\n<\/table>\n<h2><span class=\"highlights\" data-v-df95d256=\"\">P\u0159\u00edpadov\u00e1 studie \u00fasp\u011bchu: Modernizace obal\u016f pro zna\u010dku p\u0159\u00edrodn\u00ed p\u00e9\u010de o ple\u0165 <\/span><\/h2>\n<p><span class=\"highlights\" data-v-df95d256=\"\">Zna\u010dka p\u00e9\u010de o ple\u0165 pot\u0159ebovala sklen\u011bn\u00e9 d\u00f3zy na ple\u0165ov\u00e9 ml\u00e9ko pro svou novou \u0159adu organick\u00fdch produkt\u016f. Upravili jsme 100g sklen\u011bn\u00e9 d\u00f3zy na make-up s \u010dern\u00fdmi plastov\u00fdmi v\u00ed\u010dky a matn\u00fdm povrchem, aby odpov\u00eddaly jejich ekologick\u00e9mu stylu. V\u00fdsledek? 250% n\u00e1r\u016fst prodeje kosmetick\u00fdch obal\u016f a 5hv\u011bzdi\u010dkov\u00e9 recenze chv\u00e1l\u00edc\u00ed \u200b\u200bjemnou texturu mlhy.<\/span><\/p>","protected":false},"excerpt":{"rendered":"<p>Odoln\u00e9, p\u0159izp\u016fsobiteln\u00e9 a ekologick\u00e9 sklen\u011bn\u00e9 d\u00f3zy na kosmetick\u00e9 ml\u00e9ko. Ide\u00e1ln\u00ed pro produkty p\u00e9\u010de o ple\u0165 a p\u0159ipraven\u00e9 k hromadn\u00e9 p\u0159eprav\u011b.<\/p>","protected":false},"featured_media":4659,"comment_status":"open","ping_status":"closed","template":"","meta":{"_acf_changed":false,"site-sidebar-layout":"default","site-content-layout":"","ast-site-content-layout":"default","site-content-style":"default","site-sidebar-style":"default","ast-global-header-display":"","ast-banner-title-visibility":"","ast-main-header-display":"","ast-hfb-above-header-display":"","ast-hfb-below-header-display":"","ast-hfb-mobile-header-display":"","site-post-title":"","ast-breadcrumbs-content":"","ast-featured-img":"","footer-sml-layout":"","ast-disable-related-posts":"","theme-transparent-header-meta":"default","adv-header-id-meta":"","stick-header-meta":"","header-above-stick-meta":"","header-main-stick-meta":"","header-below-stick-meta":"","astra-migrate-meta-layouts":"set","ast-page-background-enabled":"default","ast-page-background-meta":{"desktop":{"background-color":"var(--ast-global-color-5)","background-image":"","background-repeat":"repeat","background-position":"center center","background-size":"auto","background-attachment":"scroll","background-type":"","background-media":"","overlay-type":"","overlay-color":"","overlay-opacity":"","overlay-gradient":""},"tablet":{"background-color":"","background-image":"","background-repeat":"repeat","background-position":"center center","background-size":"auto","background-attachment":"scroll","background-type":"","background-media":"","overlay-type":"","overlay-color":"","overlay-opacity":"","overlay-gradient":""},"mobile":{"background-color":"","background-image":"","background-repeat":"repeat","background-position":"center center","background-size":"auto","background-attachment":"scroll","background-type":"","background-media":"","overlay-type":"","overlay-color":"","overlay-opacity":"","overlay-gradient":""}},"ast-content-background-meta":{"desktop":{"background-color":"var(--ast-global-color-4)","background-image":"","background-repeat":"repeat","background-position":"center center","background-size":"auto","background-attachment":"scroll","background-type":"","background-media":"","overlay-type":"","overlay-color":"","overlay-opacity":"","overlay-gradient":""},"tablet":{"background-color":"var(--ast-global-color-4)","background-image":"","background-repeat":"repeat","background-position":"center center","background-size":"auto","background-attachment":"scroll","background-type":"","background-media":"","overlay-type":"","overlay-color":"","overlay-opacity":"","overlay-gradient":""},"mobile":{"background-color":"var(--ast-global-color-4)","background-image":"","background-repeat":"repeat","background-position":"center center","background-size":"auto","background-attachment":"scroll","background-type":"","background-media":"","overlay-type":"","overlay-color":"","overlay-opacity":"","overlay-gradient":""}}},"product_brand":[],"product_cat":[72,62,56],"product_tag":[137,120],"class_list":{"0":"post-4655","1":"product","2":"type-product","3":"status-publish","4":"has-post-thumbnail","6":"product_cat-cosmetic-packaging","7":"product_cat-cosmetic-containers","8":"product_cat-cosmetic-jars","9":"product_tag-glass-makeup-jars","10":"product_tag-lotion-glass-jar","11":"desktop-align-left","12":"tablet-align-left","13":"mobile-align-left","15":"first","16":"instock","17":"shipping-taxable","18":"product-type-simple"},"acf":[],"jetpack_sharing_enabled":true,"_links":{"self":[{"href":"https:\/\/theperfumebottles.com\/cs\/wp-json\/wp\/v2\/product\/4655","targetHints":{"allow":["GET"]}}],"collection":[{"href":"https:\/\/theperfumebottles.com\/cs\/wp-json\/wp\/v2\/product"}],"about":[{"href":"https:\/\/theperfumebottles.com\/cs\/wp-json\/wp\/v2\/types\/product"}],"replies":[{"embeddable":true,"href":"https:\/\/theperfumebottles.com\/cs\/wp-json\/wp\/v2\/comments?post=4655"}],"wp:featuredmedia":[{"embeddable":true,"href":"https:\/\/theperfumebottles.com\/cs\/wp-json\/wp\/v2\/media\/4659"}],"wp:attachment":[{"href":"https:\/\/theperfumebottles.com\/cs\/wp-json\/wp\/v2\/media?parent=4655"}],"wp:term":[{"taxonomy":"product_brand","embeddable":true,"href":"https:\/\/theperfumebottles.com\/cs\/wp-json\/wp\/v2\/product_brand?post=4655"},{"taxonomy":"product_cat","embeddable":true,"href":"https:\/\/theperfumebottles.com\/cs\/wp-json\/wp\/v2\/product_cat?post=4655"},{"taxonomy":"product_tag","embeddable":true,"href":"https:\/\/theperfumebottles.com\/cs\/wp-json\/wp\/v2\/product_tag?post=4655"}],"curies":[{"name":"wp","href":"https:\/\/api.w.org\/{rel}","templated":true}]}}