{"id":4660,"date":"2025-07-18T17:50:16","date_gmt":"2025-07-18T09:50:16","guid":{"rendered":"https:\/\/theperfumebottles.com\/?post_type=product&#038;p=4660"},"modified":"2025-08-01T09:48:21","modified_gmt":"2025-08-01T01:48:21","slug":"1-oz-makeup-containers-wholesale-skincare-packaging","status":"publish","type":"product","link":"https:\/\/theperfumebottles.com\/cs\/produkt\/1-oz-makeup-containers-wholesale-skincare-packaging\/","title":{"rendered":"D\u00f3zi\u010dky na make-up o objemu 1 oz \u2013 Velkoobchodn\u00ed balen\u00ed p\u00e9\u010de o ple\u0165"},"content":{"rendered":"<p><span class=\"highlights\" data-v-df95d256=\"\">Hled\u00e1te velkoobchodn\u00ed balen\u00ed pro p\u00e9\u010di o ple\u0165, kter\u00e9 spojuje kosmetick\u00e9 obaly s ekologick\u00fdm designem? Tyto 28g n\u00e1doby na make-up jsou ur\u010deny pro zna\u010dky p\u00e9\u010de o ple\u0165, kter\u00e9 hledaj\u00ed kosmetick\u00e9 obaly, kter\u00e9 vynikaj\u00ed. A\u0165 u\u017e bal\u00edte ple\u0165ov\u00e9 ml\u00e9ko, kr\u00e9m na obli\u010dej nebo o\u010dn\u00ed s\u00e9rum, tyto sklen\u011bn\u00e9 n\u00e1doby kombinuj\u00ed jemn\u00fd mlhovit\u00fd povrch s efektivitou ihned po odesl\u00e1n\u00ed. Jsou ide\u00e1ln\u00ed pro balen\u00ed ve velk\u00e9m a jsou va\u0161\u00ed tajnou zbran\u00ed k z\u00edsk\u00e1n\u00ed loajality z\u00e1kazn\u00edk\u016f a vylep\u0161en\u00ed va\u0161\u00ed nab\u00eddky na domovsk\u00e9 str\u00e1nce.<\/span><\/p>\n<h2><span class=\"highlights\" data-v-df95d256=\"\">Kl\u00ed\u010dov\u00e9 specifikace<\/span><\/h2>\n<table style=\"border-collapse: collapse;width: 80%;height: 21px;margin-left: auto;margin-right: auto\" border=\"0\" width=\"432\" cellspacing=\"0\" cellpadding=\"0\">\n<tbody>\n<tr style=\"height: 13.50pt\">\n<td style=\"height: 13.50pt;width: 54.00pt\" width=\"72\" height=\"18\">Kapacita<\/td>\n<td style=\"width: 54.00pt\" width=\"72\">Tvar<\/td>\n<td style=\"width: 54.00pt\" width=\"72\">Metody t\u011bsn\u011bn\u00ed<\/td>\n<td style=\"width: 54.00pt\" width=\"72\">Materi\u00e1l<\/td>\n<td style=\"width: 54.00pt\" width=\"72\">Mo\u017enosti barev<\/td>\n<td style=\"width: 54.00pt\" width=\"72\">Pou\u017e\u00edv\u00e1n\u00ed<\/td>\n<\/tr>\n<tr style=\"height: 13.50pt\">\n<td style=\"height: 13.50pt\" height=\"18\">30 g (1 unce)<\/td>\n<td>Rovn\u00e1 hrana<\/td>\n<td>Se z\u00e1vitem a bambusov\u00fdm v\u00edkem<\/td>\n<td>K\u0159i\u0161\u0165\u00e1lov\u00e9 sklo<\/td>\n<td>Oj\u00edn\u011bn\u00fd<\/td>\n<td>Kr\u00e9m na obli\u010dej, t\u011blov\u00fd kr\u00e9m, o\u010dn\u00ed kr\u00e9m, kr\u00e9m na rty\u2026<\/td>\n<\/tr>\n<\/tbody>\n<\/table>\n<h2><span class=\"highlights\" data-v-df95d256=\"\">P\u0159\u00edpadov\u00e1 studie \u00fasp\u011bchu: Prom\u011bna obal\u016f zna\u010dky Clean Beauty <\/span><\/h2>\n<p><span class=\"highlights\" data-v-df95d256=\"\">Startup v oblasti p\u00e9\u010de o ple\u0165 pot\u0159eboval pro svou novou \u0159adu organick\u00e9 kosmetiky n\u00e1dobky na make-up o objemu 30 ml. Upravili jsme sklen\u011bn\u00e9 d\u00f3zy s bambusov\u00fdmi v\u00ed\u010dky a matn\u00fdm povrchem tak, aby odpov\u00eddaly jejich ekologick\u00e9mu \u00e9tosu. V\u00fdsledek? 300% n\u00e1r\u016fst velkoobchodn\u00edch prodej\u016f balen\u00ed p\u00e9\u010de o ple\u0165 a nad\u0161en\u00e9 recenze chv\u00e1l\u00edc\u00ed \u200b\u200bjemnou texturu mlhy.\u00a0<\/span><\/p>","protected":false},"excerpt":{"rendered":"<p>Udr\u017eiteln\u00e9 28g n\u00e1doby na make-up pro velkoobchodn\u00ed balen\u00ed p\u00e9\u010de o ple\u0165. Matn\u00e9 sklen\u011bn\u00e9 d\u00f3zy s bambusov\u00fdmi v\u00ed\u010dky, p\u0159ipraven\u00e9 k odesl\u00e1n\u00ed a pln\u011b p\u0159izp\u016fsobiteln\u00e9.<\/p>","protected":false},"featured_media":4661,"comment_status":"open","ping_status":"closed","template":"","meta":{"_acf_changed":false,"site-sidebar-layout":"default","site-content-layout":"","ast-site-content-layout":"default","site-content-style":"default","site-sidebar-style":"default","ast-global-header-display":"","ast-banner-title-visibility":"","ast-main-header-display":"","ast-hfb-above-header-display":"","ast-hfb-below-header-display":"","ast-hfb-mobile-header-display":"","site-post-title":"","ast-breadcrumbs-content":"","ast-featured-img":"","footer-sml-layout":"","ast-disable-related-posts":"","theme-transparent-header-meta":"default","adv-header-id-meta":"","stick-header-meta":"","header-above-stick-meta":"","header-main-stick-meta":"","header-below-stick-meta":"","astra-migrate-meta-layouts":"set","ast-page-background-enabled":"default","ast-page-background-meta":{"desktop":{"background-color":"var(--ast-global-color-5)","background-image":"","background-repeat":"repeat","background-position":"center center","background-size":"auto","background-attachment":"scroll","background-type":"","background-media":"","overlay-type":"","overlay-color":"","overlay-opacity":"","overlay-gradient":""},"tablet":{"background-color":"","background-image":"","background-repeat":"repeat","background-position":"center center","background-size":"auto","background-attachment":"scroll","background-type":"","background-media":"","overlay-type":"","overlay-color":"","overlay-opacity":"","overlay-gradient":""},"mobile":{"background-color":"","background-image":"","background-repeat":"repeat","background-position":"center center","background-size":"auto","background-attachment":"scroll","background-type":"","background-media":"","overlay-type":"","overlay-color":"","overlay-opacity":"","overlay-gradient":""}},"ast-content-background-meta":{"desktop":{"background-color":"var(--ast-global-color-4)","background-image":"","background-repeat":"repeat","background-position":"center center","background-size":"auto","background-attachment":"scroll","background-type":"","background-media":"","overlay-type":"","overlay-color":"","overlay-opacity":"","overlay-gradient":""},"tablet":{"background-color":"var(--ast-global-color-4)","background-image":"","background-repeat":"repeat","background-position":"center center","background-size":"auto","background-attachment":"scroll","background-type":"","background-media":"","overlay-type":"","overlay-color":"","overlay-opacity":"","overlay-gradient":""},"mobile":{"background-color":"var(--ast-global-color-4)","background-image":"","background-repeat":"repeat","background-position":"center center","background-size":"auto","background-attachment":"scroll","background-type":"","background-media":"","overlay-type":"","overlay-color":"","overlay-opacity":"","overlay-gradient":""}}},"product_brand":[],"product_cat":[72,62,56],"product_tag":[139,138],"class_list":{"0":"post-4660","1":"product","2":"type-product","3":"status-publish","4":"has-post-thumbnail","6":"product_cat-cosmetic-packaging","7":"product_cat-cosmetic-containers","8":"product_cat-cosmetic-jars","9":"product_tag-1-oz-makeup-containers","10":"product_tag-wholesale-skincare-packaging","11":"desktop-align-left","12":"tablet-align-left","13":"mobile-align-left","15":"first","16":"instock","17":"shipping-taxable","18":"product-type-simple"},"acf":[],"jetpack_sharing_enabled":true,"_links":{"self":[{"href":"https:\/\/theperfumebottles.com\/cs\/wp-json\/wp\/v2\/product\/4660","targetHints":{"allow":["GET"]}}],"collection":[{"href":"https:\/\/theperfumebottles.com\/cs\/wp-json\/wp\/v2\/product"}],"about":[{"href":"https:\/\/theperfumebottles.com\/cs\/wp-json\/wp\/v2\/types\/product"}],"replies":[{"embeddable":true,"href":"https:\/\/theperfumebottles.com\/cs\/wp-json\/wp\/v2\/comments?post=4660"}],"wp:featuredmedia":[{"embeddable":true,"href":"https:\/\/theperfumebottles.com\/cs\/wp-json\/wp\/v2\/media\/4661"}],"wp:attachment":[{"href":"https:\/\/theperfumebottles.com\/cs\/wp-json\/wp\/v2\/media?parent=4660"}],"wp:term":[{"taxonomy":"product_brand","embeddable":true,"href":"https:\/\/theperfumebottles.com\/cs\/wp-json\/wp\/v2\/product_brand?post=4660"},{"taxonomy":"product_cat","embeddable":true,"href":"https:\/\/theperfumebottles.com\/cs\/wp-json\/wp\/v2\/product_cat?post=4660"},{"taxonomy":"product_tag","embeddable":true,"href":"https:\/\/theperfumebottles.com\/cs\/wp-json\/wp\/v2\/product_tag?post=4660"}],"curies":[{"name":"wp","href":"https:\/\/api.w.org\/{rel}","templated":true}]}}