{"id":4670,"date":"2025-07-18T17:54:50","date_gmt":"2025-07-18T09:54:50","guid":{"rendered":"https:\/\/theperfumebottles.com\/?post_type=product&#038;p=4670"},"modified":"2025-07-18T17:54:51","modified_gmt":"2025-07-18T09:54:51","slug":"wholesale-beauty-containers-cosmetic-glass-jar-lotion","status":"publish","type":"product","link":"https:\/\/theperfumebottles.com\/cs\/produkt\/wholesale-beauty-containers-cosmetic-glass-jar-lotion\/","title":{"rendered":"5g 10g 15g 30g 50g 60g Velkoobchodn\u00ed kosmetick\u00e9 n\u00e1doby \u2013 kosmetick\u00e9 sklen\u011bn\u00e9 d\u00f3zy, ml\u00e9ko"},"content":{"rendered":"<p><span class=\"highlights\" data-v-df95d256=\"\">Hled\u00e1te velkoobchodn\u00ed kosmetick\u00e9 n\u00e1doby, kter\u00e9 spojuj\u00ed eleganci kosmetick\u00e9ho balen\u00ed s prakti\u010dnost\u00ed? Tyto lahvi\u010dky na ple\u0165ov\u00e9 ml\u00e9ko jsou vyrobeny pro zna\u010dky p\u00e9\u010de o ple\u0165, kter\u00e9 pot\u0159ebuj\u00ed kosmetick\u00e9 n\u00e1doby, je\u017e chr\u00e1n\u00ed citliv\u00e9 slo\u017eky a posouvaj\u00ed jejich styl balen\u00ed kr\u00e1sy na vy\u0161\u0161\u00ed \u00farove\u0148. S kapacitou 5 g\u201360 g, jantarov\u00fdm sklem pro ochranu p\u0159ed UV z\u00e1\u0159en\u00edm a z\u00e1vitov\u00fdmi v\u00ed\u010dky z plastu\/kovu jsou va\u0161\u00ed tajnou zbran\u00ed k z\u00edsk\u00e1n\u00ed v\u011brnosti z\u00e1kazn\u00edk\u016f.<\/span><\/p>\n<h2><span class=\"highlights\" data-v-df95d256=\"\">Kl\u00ed\u010dov\u00e9 specifikace<\/span><\/h2>\n<table style=\"border-collapse: collapse;width: 1086px;height: 218px;margin-left: 120px\" border=\"0\" width=\"432\" cellspacing=\"0\" cellpadding=\"0\">\n<tbody>\n<tr style=\"height: 13.50pt\">\n<td style=\"height: 13.50pt;width: 54.00pt\" width=\"72\" height=\"18\">Kapacita<\/td>\n<td style=\"width: 54.00pt\" width=\"72\">Tvar<\/td>\n<td style=\"width: 54.00pt\" width=\"72\">Metoda t\u011bsn\u011bn\u00ed<\/td>\n<td style=\"width: 54.00pt\" width=\"72\">Materi\u00e1l<\/td>\n<td style=\"width: 54.00pt\" width=\"72\">Barva<\/td>\n<td style=\"width: 54.00pt\" width=\"72\">P\u0159\u00edpad pou\u017eit\u00ed<\/td>\n<\/tr>\n<tr style=\"height: 13.50pt\">\n<td style=\"height: 13.50pt\" height=\"18\">5 g<\/td>\n<td>Rovn\u00e1 hrana<\/td>\n<td>Z\u00e1vitov\u00e9 (plast\/kov)<\/td>\n<td>Sklo<\/td>\n<td>Jantar<\/td>\n<td>Vzorek kr\u00e9mu na obli\u010dej<\/td>\n<\/tr>\n<tr style=\"height: 13.50pt\">\n<td style=\"height: 13.50pt\" height=\"18\">10 g<\/td>\n<td>Rovn\u00e1 hrana<\/td>\n<td>Z\u00e1vitov\u00e9 (plast\/kov)<\/td>\n<td>Sklo<\/td>\n<td>Jantar<\/td>\n<td>Mini t\u011blov\u00e9 ml\u00e9ko<\/td>\n<\/tr>\n<tr style=\"height: 13.50pt\">\n<td style=\"height: 13.50pt\" height=\"18\">15g (0.5oz)<\/td>\n<td>Rovn\u00e1 hrana<\/td>\n<td>Z\u00e1vitov\u00e9 (plast\/kov)<\/td>\n<td>Sklo<\/td>\n<td>Jantar<\/td>\n<td>Cestovn\u00ed o\u010dn\u00ed s\u00e9rum<\/td>\n<\/tr>\n<tr style=\"height: 13.50pt\">\n<td style=\"height: 13.50pt\" height=\"18\">30g (1oz)<\/td>\n<td>Rovn\u00e1 hrana<\/td>\n<td>Z\u00e1vitov\u00e9 (plast\/kov)<\/td>\n<td>Sklo<\/td>\n<td>Jantar<\/td>\n<td>Standardn\u00ed kr\u00e9m na obli\u010dej<\/td>\n<\/tr>\n<tr style=\"height: 13.50pt\">\n<td style=\"height: 13.50pt\" height=\"18\">50 g<\/td>\n<td>Rovn\u00e1 hrana<\/td>\n<td>Z\u00e1vitov\u00e9 (plast\/kov)<\/td>\n<td>Sklo<\/td>\n<td>Jantar<\/td>\n<td>T\u011blov\u00e9 ml\u00e9ko v pln\u00e9 velikosti<\/td>\n<\/tr>\n<tr style=\"height: 13.50pt\">\n<td style=\"height: 13.50pt\" height=\"18\">60g (2oz)<\/td>\n<td>Rovn\u00e1 hrana<\/td>\n<td>Z\u00e1vitov\u00e9 (plast\/kov)<\/td>\n<td>Sklo<\/td>\n<td>Amber (Custom)<\/td>\n<td>Luxusn\u00ed s\u00e9rum nebo l\u00e9\u010div\u00fd kr\u00e9m<\/td>\n<\/tr>\n<\/tbody>\n<\/table>\n<p>&nbsp;<\/p>\n<h2><span class=\"highlights\" data-v-df95d256=\"\">P\u0159\u00edpadov\u00e1 studie \u00fasp\u011bchu: Transformace luxusn\u00edho balen\u00ed od zna\u010dky p\u00e9\u010de o ple\u0165 <\/span><\/h2>\n<p><span class=\"highlights\" data-v-df95d256=\"\">Startup v oblasti p\u00e9\u010de o ple\u0165 pot\u0159eboval lahvi\u010dky na ple\u0165ov\u00e9 ml\u00e9ko pro svou novou \u0159adu jemn\u00fdch kosmetick\u00fdch s\u00e9r s mlhou. Upravili jsme 30g jantarov\u00e9 d\u00f3zy s kovov\u00fdmi v\u00ed\u010dky a matn\u00fdmi etiketami. V\u00fdsledek? 400% n\u00e1r\u016fst velkoobchodn\u00edch prodej\u016f kosmetick\u00fdch n\u00e1dob a nad\u0161en\u00e9 recenze o luxusn\u00edm vzhledu. Tip pro profesion\u00e1ly: Kdy\u017e va\u0161e n\u00e1doba vypad\u00e1 jako l\u00e1ze\u0148sk\u00fd suven\u00fdr, z\u00e1kazn\u00edci necht\u011bj\u00ed odch\u00e1zet.<\/span><\/p>\n<h2><span class=\"highlights\" data-v-df95d256=\"\">Tipy pro personalizaci va\u0161\u00ed zna\u010dky <\/span><\/h2>\n<ul>\n<li><span class=\"highlights\" data-v-df95d256=\"\"><strong>Barva a povrchov\u00e1 \u00faprava:<\/strong> Pro ochranu p\u0159ed UV z\u00e1\u0159en\u00edm pou\u017eijte jantarovou barvu nebo p\u0159idejte matn\u00e9 sklo pro jemnou ml\u017enou texturu. <\/span><\/li>\n<li><span class=\"highlights\" data-v-df95d256=\"\"><strong>Mo\u017enosti v\u00edka:<\/strong> Pro prvot\u0159\u00eddn\u00ed vzhled kosmetick\u00e9ho balen\u00ed zvolte kov, pro cenov\u011b v\u00fdhodn\u00e9 balen\u00ed ve velk\u00e9m.<\/span><\/li>\n<li><span class=\"highlights\" data-v-df95d256=\"\"><strong>Design \u0161t\u00edtku:<\/strong> Pro kosmetick\u00e9 obaly pou\u017e\u00edvejte minimalistick\u00e9 fonty, kter\u00e9 vyjad\u0159uj\u00ed eleganci, nebo tu\u010dn\u00e9 fonty pro v\u00fdrazn\u00e9 d\u00f3zy.<\/span><\/li>\n<\/ul>","protected":false},"excerpt":{"rendered":"<p>Odoln\u00e9 sklenice z jantarov\u00e9ho skla na ple\u0165ov\u00e9 ml\u00e9ko ve velkoobchod\u011b. Ide\u00e1ln\u00ed pro zna\u010dky p\u00e9\u010de o ple\u0165, kter\u00e9 hledaj\u00ed ekologick\u00e9 a p\u0159izp\u016fsobiteln\u00e9 velkoobchodn\u00ed n\u00e1doby na kosmetiku.<\/p>","protected":false},"featured_media":4671,"comment_status":"open","ping_status":"closed","template":"","meta":{"_acf_changed":false,"site-sidebar-layout":"default","site-content-layout":"","ast-site-content-layout":"default","site-content-style":"default","site-sidebar-style":"default","ast-global-header-display":"","ast-banner-title-visibility":"","ast-main-header-display":"","ast-hfb-above-header-display":"","ast-hfb-below-header-display":"","ast-hfb-mobile-header-display":"","site-post-title":"","ast-breadcrumbs-content":"","ast-featured-img":"","footer-sml-layout":"","ast-disable-related-posts":"","theme-transparent-header-meta":"default","adv-header-id-meta":"","stick-header-meta":"","header-above-stick-meta":"","header-main-stick-meta":"","header-below-stick-meta":"","astra-migrate-meta-layouts":"set","ast-page-background-enabled":"default","ast-page-background-meta":{"desktop":{"background-color":"var(--ast-global-color-5)","background-image":"","background-repeat":"repeat","background-position":"center center","background-size":"auto","background-attachment":"scroll","background-type":"","background-media":"","overlay-type":"","overlay-color":"","overlay-opacity":"","overlay-gradient":""},"tablet":{"background-color":"","background-image":"","background-repeat":"repeat","background-position":"center center","background-size":"auto","background-attachment":"scroll","background-type":"","background-media":"","overlay-type":"","overlay-color":"","overlay-opacity":"","overlay-gradient":""},"mobile":{"background-color":"","background-image":"","background-repeat":"repeat","background-position":"center center","background-size":"auto","background-attachment":"scroll","background-type":"","background-media":"","overlay-type":"","overlay-color":"","overlay-opacity":"","overlay-gradient":""}},"ast-content-background-meta":{"desktop":{"background-color":"var(--ast-global-color-4)","background-image":"","background-repeat":"repeat","background-position":"center center","background-size":"auto","background-attachment":"scroll","background-type":"","background-media":"","overlay-type":"","overlay-color":"","overlay-opacity":"","overlay-gradient":""},"tablet":{"background-color":"var(--ast-global-color-4)","background-image":"","background-repeat":"repeat","background-position":"center center","background-size":"auto","background-attachment":"scroll","background-type":"","background-media":"","overlay-type":"","overlay-color":"","overlay-opacity":"","overlay-gradient":""},"mobile":{"background-color":"var(--ast-global-color-4)","background-image":"","background-repeat":"repeat","background-position":"center center","background-size":"auto","background-attachment":"scroll","background-type":"","background-media":"","overlay-type":"","overlay-color":"","overlay-opacity":"","overlay-gradient":""}}},"product_brand":[],"product_cat":[56,72,62],"product_tag":[145,142],"class_list":{"0":"post-4670","1":"product","2":"type-product","3":"status-publish","4":"has-post-thumbnail","6":"product_cat-cosmetic-jars","7":"product_cat-cosmetic-packaging","8":"product_cat-cosmetic-containers","9":"product_tag-cosmetic-cream-containers","10":"product_tag-wholesale-beauty-containers","11":"desktop-align-left","12":"tablet-align-left","13":"mobile-align-left","15":"first","16":"instock","17":"shipping-taxable","18":"product-type-simple"},"acf":[],"jetpack_sharing_enabled":true,"_links":{"self":[{"href":"https:\/\/theperfumebottles.com\/cs\/wp-json\/wp\/v2\/product\/4670","targetHints":{"allow":["GET"]}}],"collection":[{"href":"https:\/\/theperfumebottles.com\/cs\/wp-json\/wp\/v2\/product"}],"about":[{"href":"https:\/\/theperfumebottles.com\/cs\/wp-json\/wp\/v2\/types\/product"}],"replies":[{"embeddable":true,"href":"https:\/\/theperfumebottles.com\/cs\/wp-json\/wp\/v2\/comments?post=4670"}],"wp:featuredmedia":[{"embeddable":true,"href":"https:\/\/theperfumebottles.com\/cs\/wp-json\/wp\/v2\/media\/4671"}],"wp:attachment":[{"href":"https:\/\/theperfumebottles.com\/cs\/wp-json\/wp\/v2\/media?parent=4670"}],"wp:term":[{"taxonomy":"product_brand","embeddable":true,"href":"https:\/\/theperfumebottles.com\/cs\/wp-json\/wp\/v2\/product_brand?post=4670"},{"taxonomy":"product_cat","embeddable":true,"href":"https:\/\/theperfumebottles.com\/cs\/wp-json\/wp\/v2\/product_cat?post=4670"},{"taxonomy":"product_tag","embeddable":true,"href":"https:\/\/theperfumebottles.com\/cs\/wp-json\/wp\/v2\/product_tag?post=4670"}],"curies":[{"name":"wp","href":"https:\/\/api.w.org\/{rel}","templated":true}]}}