{"id":4702,"date":"2025-07-21T17:51:13","date_gmt":"2025-07-21T09:51:13","guid":{"rendered":"https:\/\/theperfumebottles.com\/?post_type=product&#038;p=4702"},"modified":"2025-08-01T10:23:11","modified_gmt":"2025-08-01T02:23:11","slug":"empty-makeup-containers-wholesale-skincare-jars","status":"publish","type":"product","link":"https:\/\/theperfumebottles.com\/cs\/produkt\/empty-makeup-containers-wholesale-skincare-jars\/","title":{"rendered":"Pr\u00e1zdn\u00e9 d\u00f3zy na make-up 1oz 2oz 4oz 8oz \u2013 Velkoobchodn\u00ed d\u00f3zy na p\u00e9\u010di o ple\u0165"},"content":{"rendered":"<p><span class=\"highlights\" data-v-df95d256=\"\">Hled\u00e1te pr\u00e1zdn\u00e9 d\u00f3zy na make-up, kter\u00e9 kombinuj\u00ed eleganci a funk\u010dnost? Tyto velkoobchodn\u00ed d\u00f3zy na kosmetiku jsou navr\u017eeny tak, aby inspirovaly va\u0161e kosmetick\u00e9 obaly. Jako dodavatel kosmetick\u00fdch obal\u016f vyr\u00e1b\u00edme sklen\u011bn\u00e9 d\u00f3zy se st\u0159\u00edbrn\u00fdmi \u0161roubovac\u00edmi uz\u00e1v\u011bry pro zna\u010dky p\u00e9\u010de o ple\u0165, kter\u00e9 pot\u0159ebuj\u00ed kosmetick\u00e9 n\u00e1doby, kter\u00e9 se lesknou. Ide\u00e1ln\u00ed pro kr\u00e9my na obli\u010dej, t\u011blov\u00e1 ml\u00e9ka nebo o\u010dn\u00ed s\u00e9ra \u2013 a ano, jsou p\u0159ipraveny k hromadn\u00e9 p\u0159eprav\u011b.<\/span><\/p>\n<h2><span class=\"highlights\" data-v-df95d256=\"\">Kl\u00ed\u010dov\u00e9 specifikace<\/span><\/h2>\n<table style=\"border-collapse: collapse;width: 80%;margin-left: auto;margin-right: auto\" border=\"0\" width=\"432\" cellspacing=\"0\" cellpadding=\"0\">\n<tbody>\n<tr style=\"height: 13.50pt\">\n<td style=\"height: 13.50pt;width: 54.00pt\" width=\"72\" height=\"18\">Kapacita<\/td>\n<td style=\"width: 54.00pt\" width=\"72\">Tvar<\/td>\n<td style=\"width: 54.00pt\" width=\"72\">Metody t\u011bsn\u011bn\u00ed<\/td>\n<td style=\"width: 54.00pt\" width=\"72\">Materi\u00e1l<\/td>\n<td style=\"width: 54.00pt\" width=\"72\">Mo\u017enosti barev<\/td>\n<td style=\"width: 54.00pt\" width=\"72\">Pou\u017e\u00edv\u00e1n\u00ed<\/td>\n<\/tr>\n<tr style=\"height: 13.50pt\">\n<td style=\"height: 13.50pt\" height=\"18\">5 g<\/td>\n<td class=\"et2\" rowspan=\"8\">V\u00e1lcov\u00fd<\/td>\n<td class=\"et2\" rowspan=\"8\">\u0160roubovac\u00ed uz\u00e1v\u011br (plast\/kov)<\/td>\n<td class=\"et2\" rowspan=\"8\">K\u0159i\u0161\u0165\u00e1lov\u00e9 sklo<\/td>\n<td class=\"et2\" rowspan=\"8\">\u010cir\u00fd, jantarov\u00fd, \u010dern\u00fd, zelen\u00fd, modr\u00fd, matn\u00fd z\u00e1kazn\u00edk<\/td>\n<td class=\"et2\" rowspan=\"8\">Kr\u00e9m na obli\u010dej, t\u011blov\u00fd kr\u00e9m, o\u010dn\u00ed kr\u00e9m, kr\u00e9m na rty\u2026<\/td>\n<\/tr>\n<tr style=\"height: 13.50pt\">\n<td style=\"height: 13.50pt\" height=\"18\">15 g (0,5 oz)<\/td>\n<\/tr>\n<tr style=\"height: 13.50pt\">\n<td style=\"height: 13.50pt\" height=\"18\">30 g (1 unce)<\/td>\n<\/tr>\n<tr style=\"height: 13.50pt\">\n<td style=\"height: 13.50pt\" height=\"18\">50 g<\/td>\n<\/tr>\n<tr style=\"height: 13.50pt\">\n<td style=\"height: 13.50pt\" height=\"18\">60 g (2 unce)<\/td>\n<\/tr>\n<tr style=\"height: 13.50pt\">\n<td style=\"height: 13.50pt\" height=\"18\">100 g<\/td>\n<\/tr>\n<tr style=\"height: 13.50pt\">\n<td style=\"height: 13.50pt\" height=\"18\">120 g<\/td>\n<\/tr>\n<tr style=\"height: 13.50pt\">\n<td style=\"height: 13.50pt\" height=\"18\">250 g<\/td>\n<\/tr>\n<\/tbody>\n<\/table>\n<h2><span class=\"highlights\" data-v-df95d256=\"\">P\u0159\u00edpadov\u00e1 studie \u00fasp\u011bchu: Modernizace obal\u016f luxusn\u00ed zna\u010dky p\u00e9\u010de o ple\u0165 <\/span><\/h2>\n<p><span class=\"highlights\" data-v-df95d256=\"\">Luxusn\u00ed \u0159ada p\u00e9\u010de o ple\u0165 pot\u0159ebovala pr\u00e1zdn\u00e9 n\u00e1dobky na make-up, kter\u00e9 by odpov\u00eddaly jej\u00ed estetice \u201e\u010dist\u00e9ho luxusu\u201c. Dodali jsme 100g jantarov\u00e9 d\u00f3zy s matn\u011b \u010dern\u00fdmi etiketami a st\u0159\u00edbrn\u00fdmi v\u00ed\u010dky. V\u00fdsledek? 250% n\u00e1r\u016fst velkoobchodn\u00edho prodeje n\u00e1dobek na p\u00e9\u010di o ple\u0165 a nad\u0161en\u00e9 recenze na minimalistick\u00fd design kosmetick\u00fdch obal\u016f.<\/span><\/p>\n<h2>Tipy pro personalizaci va\u0161\u00ed zna\u010dky<\/h2>\n<ul>\n<li><strong>Psychologie barev:<\/strong> Modr\u00e1 m\u00e1 relaxa\u010dn\u00ed \u00fa\u010dinek, tak\u017ee je vhodn\u00e1 do zklid\u0148uj\u00edc\u00edch s\u00e9r; jantarov\u00e1 je ide\u00e1ln\u00ed do kr\u00e9m\u016f proti st\u00e1rnut\u00ed, proto\u017ee navozuje pocit tepla a regenerace.<\/li>\n<li><strong>Rozvr\u017een\u00ed \u0161t\u00edtku:<\/strong> Pro stylov\u00fd a viditeln\u00fd efekt zvolte minimalistick\u00e9 fonty nebo zlatou f\u00f3lii.<\/li>\n<li><strong>Povrchov\u00fd konec:<\/strong> Matn\u00fd konec nebo grav\u00edrovan\u00fd embl\u00e9m umoc\u0148uj\u00ed celkov\u00fd prvot\u0159\u00eddn\u00ed dojem z obalu.<\/li>\n<\/ul>","protected":false},"excerpt":{"rendered":"<p>Odoln\u00e9 pr\u00e1zdn\u00e9 n\u00e1doby na make-up pro velkoobchodn\u00ed prodej n\u00e1dob na p\u00e9\u010di o ple\u0165 \u2013 p\u0159izp\u016fsobiteln\u00e9 kosmetick\u00e9 balen\u00ed ve velk\u00e9m.<\/p>","protected":false},"featured_media":4703,"comment_status":"open","ping_status":"closed","template":"","meta":{"_acf_changed":false,"site-sidebar-layout":"default","site-content-layout":"","ast-site-content-layout":"default","site-content-style":"default","site-sidebar-style":"default","ast-global-header-display":"","ast-banner-title-visibility":"","ast-main-header-display":"","ast-hfb-above-header-display":"","ast-hfb-below-header-display":"","ast-hfb-mobile-header-display":"","site-post-title":"","ast-breadcrumbs-content":"","ast-featured-img":"","footer-sml-layout":"","ast-disable-related-posts":"","theme-transparent-header-meta":"default","adv-header-id-meta":"","stick-header-meta":"","header-above-stick-meta":"","header-main-stick-meta":"","header-below-stick-meta":"","astra-migrate-meta-layouts":"set","ast-page-background-enabled":"default","ast-page-background-meta":{"desktop":{"background-color":"var(--ast-global-color-5)","background-image":"","background-repeat":"repeat","background-position":"center center","background-size":"auto","background-attachment":"scroll","background-type":"","background-media":"","overlay-type":"","overlay-color":"","overlay-opacity":"","overlay-gradient":""},"tablet":{"background-color":"","background-image":"","background-repeat":"repeat","background-position":"center center","background-size":"auto","background-attachment":"scroll","background-type":"","background-media":"","overlay-type":"","overlay-color":"","overlay-opacity":"","overlay-gradient":""},"mobile":{"background-color":"","background-image":"","background-repeat":"repeat","background-position":"center center","background-size":"auto","background-attachment":"scroll","background-type":"","background-media":"","overlay-type":"","overlay-color":"","overlay-opacity":"","overlay-gradient":""}},"ast-content-background-meta":{"desktop":{"background-color":"var(--ast-global-color-4)","background-image":"","background-repeat":"repeat","background-position":"center center","background-size":"auto","background-attachment":"scroll","background-type":"","background-media":"","overlay-type":"","overlay-color":"","overlay-opacity":"","overlay-gradient":""},"tablet":{"background-color":"var(--ast-global-color-4)","background-image":"","background-repeat":"repeat","background-position":"center center","background-size":"auto","background-attachment":"scroll","background-type":"","background-media":"","overlay-type":"","overlay-color":"","overlay-opacity":"","overlay-gradient":""},"mobile":{"background-color":"var(--ast-global-color-4)","background-image":"","background-repeat":"repeat","background-position":"center center","background-size":"auto","background-attachment":"scroll","background-type":"","background-media":"","overlay-type":"","overlay-color":"","overlay-opacity":"","overlay-gradient":""}}},"product_brand":[],"product_cat":[72,62,56],"product_tag":[146,147],"class_list":{"0":"post-4702","1":"product","2":"type-product","3":"status-publish","4":"has-post-thumbnail","6":"product_cat-cosmetic-packaging","7":"product_cat-cosmetic-containers","8":"product_cat-cosmetic-jars","9":"product_tag-empty-makeup-containers","10":"product_tag-wholesale-skincare-containers","11":"desktop-align-left","12":"tablet-align-left","13":"mobile-align-left","15":"first","16":"instock","17":"shipping-taxable","18":"product-type-simple"},"acf":[],"jetpack_sharing_enabled":true,"_links":{"self":[{"href":"https:\/\/theperfumebottles.com\/cs\/wp-json\/wp\/v2\/product\/4702","targetHints":{"allow":["GET"]}}],"collection":[{"href":"https:\/\/theperfumebottles.com\/cs\/wp-json\/wp\/v2\/product"}],"about":[{"href":"https:\/\/theperfumebottles.com\/cs\/wp-json\/wp\/v2\/types\/product"}],"replies":[{"embeddable":true,"href":"https:\/\/theperfumebottles.com\/cs\/wp-json\/wp\/v2\/comments?post=4702"}],"wp:featuredmedia":[{"embeddable":true,"href":"https:\/\/theperfumebottles.com\/cs\/wp-json\/wp\/v2\/media\/4703"}],"wp:attachment":[{"href":"https:\/\/theperfumebottles.com\/cs\/wp-json\/wp\/v2\/media?parent=4702"}],"wp:term":[{"taxonomy":"product_brand","embeddable":true,"href":"https:\/\/theperfumebottles.com\/cs\/wp-json\/wp\/v2\/product_brand?post=4702"},{"taxonomy":"product_cat","embeddable":true,"href":"https:\/\/theperfumebottles.com\/cs\/wp-json\/wp\/v2\/product_cat?post=4702"},{"taxonomy":"product_tag","embeddable":true,"href":"https:\/\/theperfumebottles.com\/cs\/wp-json\/wp\/v2\/product_tag?post=4702"}],"curies":[{"name":"wp","href":"https:\/\/api.w.org\/{rel}","templated":true}]}}