{"id":4712,"date":"2025-07-21T18:02:54","date_gmt":"2025-07-21T10:02:54","guid":{"rendered":"https:\/\/theperfumebottles.com\/?post_type=product&#038;p=4712"},"modified":"2026-04-02T17:20:50","modified_gmt":"2026-04-02T09:20:50","slug":"skincare-set-50g-40ml-120ml-glass-airless-pump-bottles-small-lotion-jars-wholesale","status":"publish","type":"product","link":"https:\/\/theperfumebottles.com\/cs\/produkt\/skincare-set-50g-40ml-120ml-glass-airless-pump-bottles-small-lotion-jars-wholesale\/","title":{"rendered":"Sada p\u00e9\u010de o ple\u0165 50g 40ml 120ml sklen\u011bn\u00e9 lahvi\u010dky s bezvzduchovou pumpi\u010dkou \u2013 Velkoobchod s mal\u00fdmi d\u00f3zami na ple\u0165ov\u00e9 ml\u00e9ko"},"content":{"rendered":"<p><span class=\"highlights\" data-v-df95d256=\"\">Pot\u0159ebujete sklen\u011bn\u00e9 lahvi\u010dky s bezvzduchovou pumpi\u010dkou, kter\u00e9 spojuj\u00ed eleganci s efektivitou? Na\u0161e mal\u00e9 d\u00f3zy na ple\u0165ov\u00e9 vody jsou navr\u017eeny tak, aby inspirovaly va\u0161e kosmetick\u00e9 obaly. Jako experti na kosmetick\u00e9 obaly vyr\u00e1b\u00edme sklen\u011bn\u00e9 n\u00e1doby se \u0161roubovac\u00edmi uz\u00e1v\u011bry a hlavicemi pumpi\u010dek pro zna\u010dky p\u00e9\u010de o ple\u0165, kter\u00e9 pot\u0159ebuj\u00ed kosmetick\u00e9 obaly, kter\u00e9 z\u00e1\u0159iv\u011b vyniknou. Ide\u00e1ln\u00ed pro ple\u0165ov\u00e9 oleje, s\u00e9ra nebo hydrata\u010dn\u00ed kr\u00e9my \u2013 a ano, jsou p\u0159ipraveny k hromadn\u00e9 p\u0159eprav\u011b.<\/span><\/p>\n<h2><strong>Kl\u00ed\u010dov\u00e9 specifikace<\/strong><\/h2>\n<table style=\"border-collapse: collapse; width: 1003px; height: 283px; margin-left: 160px;\" border=\"0\" width=\"432\" cellspacing=\"0\" cellpadding=\"0\">\n<tbody>\n<tr style=\"height: 13.50pt;\">\n<td style=\"height: 13.50pt; width: 54.00pt;\" width=\"72\" height=\"18\">Kapacita<\/td>\n<td style=\"width: 54.00pt;\" width=\"72\">Tvar<\/td>\n<td style=\"width: 54.00pt;\" width=\"72\">T\u011bsn\u011bn\u00ed<\/td>\n<td style=\"width: 54.00pt;\" width=\"72\">Materi\u00e1l<\/td>\n<td style=\"width: 54.00pt;\" width=\"72\">Mo\u017enosti barev<\/td>\n<td style=\"width: 54.00pt;\" width=\"72\">Pou\u017eit\u00ed pro<\/td>\n<\/tr>\n<tr style=\"height: 13.50pt;\">\n<td style=\"height: 13.50pt;\" height=\"18\">50 g<\/td>\n<td>V\u00e1lcov\u00fd<\/td>\n<td>Hlava \u010derpadla + \u0161roubovac\u00ed uz\u00e1v\u011br<\/td>\n<td>Sklo<\/td>\n<td>Matn\u00e1 \u010dern\u00e1, \u010dir\u00e1, jantarov\u00e1<\/td>\n<td>Ple\u0165ov\u00fd olej, s\u00e9rum<\/td>\n<\/tr>\n<tr style=\"height: 13.50pt;\">\n<td style=\"height: 13.50pt;\" height=\"18\">40ml<\/td>\n<td>V\u00e1lcov\u00fd<\/td>\n<td>Hlava \u010derpadla + \u0161roubovac\u00ed uz\u00e1v\u011br<\/td>\n<td>Sklo<\/td>\n<td>Matn\u00e1 \u010dern\u00e1, \u010dir\u00e1, jantarov\u00e1<\/td>\n<td>Cestovn\u00ed hydrata\u010dn\u00ed kr\u00e9m<\/td>\n<\/tr>\n<tr style=\"height: 13.50pt;\">\n<td style=\"height: 13.50pt;\" height=\"18\">120ml<\/td>\n<td>V\u00e1lcov\u00fd<\/td>\n<td>Hlava \u010derpadla + \u0161roubovac\u00ed uz\u00e1v\u011br<\/td>\n<td>Sklo<\/td>\n<td>Matn\u00e1 \u010dern\u00e1, \u010dir\u00e1, jantarov\u00e1<\/td>\n<td>Ple\u0165ov\u00fd olej v pln\u00e9 velikosti<\/td>\n<\/tr>\n<\/tbody>\n<\/table>\n<h2><span class=\"highlights\" data-v-df95d256=\"\">P\u0159\u00edpadov\u00e1 studie \u00fasp\u011bchu: Modernizace obal\u016f luxusn\u00ed zna\u010dky p\u00e9\u010de o ple\u0165 <\/span><\/h2>\n<p><span class=\"highlights\" data-v-df95d256=\"\">Luxusn\u00ed \u0159ada p\u00e9\u010de o ple\u0165 pot\u0159ebovala sklen\u011bn\u00e9 bezvzduchov\u00e9 pumpi\u010dky, kter\u00e9 by odpov\u00eddaly estetice \u201e\u010dist\u00e9ho luxusu\u201c. Dodali jsme 120ml jantarov\u00e9 lahvi\u010dky s matn\u011b \u010dern\u00fdmi etiketami a zlat\u00fdmi hlavicemi pumpi\u010dek. V\u00fdsledek? 250% n\u00e1r\u016fst prodeje mal\u00fdch d\u00f3z s ple\u0165ov\u00fdmi ml\u00e9ky a nad\u0161en\u00e9 recenze na minimalistick\u00fd design kosmetick\u00fdch obal\u016f.<\/span><\/p>\n<h2><span class=\"highlights\" data-v-df95d256=\"\">Tipy pro personalizaci va\u0161\u00ed zna\u010dky <\/span><\/h2>\n<ul>\n<li><span class=\"highlights\" data-v-df95d256=\"\"><strong>Psychologie barev:<\/strong> Pro pr\u00e9miov\u00e1 s\u00e9ra pou\u017eijte matnou \u010dernou nebo pro oleje proti st\u00e1rnut\u00ed jantarovou. <\/span><\/li>\n<li><span class=\"highlights\" data-v-df95d256=\"\"><strong>Design \u0161t\u00edtku:<\/strong> Zvolte minimalistick\u00e9 fonty nebo elegantn\u00ed povrchovou \u00fapravu se zlatou f\u00f3li\u00ed. <\/span><\/li>\n<li><span class=\"highlights\" data-v-df95d256=\"\"><strong>Mo\u017enosti dokon\u010den\u00ed:<\/strong> Pro pr\u00e9miov\u00fd vzhled p\u0159idejte matn\u00e9 textury nebo grav\u00edrovan\u00e1 loga.<\/span><\/li>\n<\/ul>","protected":false},"excerpt":{"rendered":"<p>Pr\u00e9miov\u00e9 sklen\u011bn\u00e9 lahvi\u010dky s bezvzduchov\u00fdm pumpi\u010dkou a mal\u00e9 d\u00f3zy na ple\u0165ov\u00e9 ml\u00e9ko pro balen\u00ed kosmetiky. P\u0159izp\u016fsobte si barvy, etikety a hromadn\u00e9 objedn\u00e1vky.<\/p>","protected":false},"featured_media":4714,"comment_status":"open","ping_status":"closed","template":"","meta":{"_acf_changed":false,"site-sidebar-layout":"default","site-content-layout":"","ast-site-content-layout":"default","site-content-style":"default","site-sidebar-style":"default","ast-global-header-display":"","ast-banner-title-visibility":"","ast-main-header-display":"","ast-hfb-above-header-display":"","ast-hfb-below-header-display":"","ast-hfb-mobile-header-display":"","site-post-title":"","ast-breadcrumbs-content":"","ast-featured-img":"","footer-sml-layout":"","ast-disable-related-posts":"","theme-transparent-header-meta":"default","adv-header-id-meta":"","stick-header-meta":"","header-above-stick-meta":"","header-main-stick-meta":"","header-below-stick-meta":"","astra-migrate-meta-layouts":"set","ast-page-background-enabled":"default","ast-page-background-meta":{"desktop":{"background-color":"var(--ast-global-color-5)","background-image":"","background-repeat":"repeat","background-position":"center center","background-size":"auto","background-attachment":"scroll","background-type":"","background-media":"","overlay-type":"","overlay-color":"","overlay-opacity":"","overlay-gradient":""},"tablet":{"background-color":"","background-image":"","background-repeat":"repeat","background-position":"center center","background-size":"auto","background-attachment":"scroll","background-type":"","background-media":"","overlay-type":"","overlay-color":"","overlay-opacity":"","overlay-gradient":""},"mobile":{"background-color":"","background-image":"","background-repeat":"repeat","background-position":"center center","background-size":"auto","background-attachment":"scroll","background-type":"","background-media":"","overlay-type":"","overlay-color":"","overlay-opacity":"","overlay-gradient":""}},"ast-content-background-meta":{"desktop":{"background-color":"var(--ast-global-color-4)","background-image":"","background-repeat":"repeat","background-position":"center center","background-size":"auto","background-attachment":"scroll","background-type":"","background-media":"","overlay-type":"","overlay-color":"","overlay-opacity":"","overlay-gradient":""},"tablet":{"background-color":"var(--ast-global-color-4)","background-image":"","background-repeat":"repeat","background-position":"center center","background-size":"auto","background-attachment":"scroll","background-type":"","background-media":"","overlay-type":"","overlay-color":"","overlay-opacity":"","overlay-gradient":""},"mobile":{"background-color":"var(--ast-global-color-4)","background-image":"","background-repeat":"repeat","background-position":"center center","background-size":"auto","background-attachment":"scroll","background-type":"","background-media":"","overlay-type":"","overlay-color":"","overlay-opacity":"","overlay-gradient":""}}},"product_brand":[],"product_cat":[71,62,72],"product_tag":[150,151],"class_list":{"0":"post-4712","1":"product","2":"type-product","3":"status-publish","4":"has-post-thumbnail","6":"product_cat-glass-lotion-bottles","7":"product_cat-cosmetic-containers","8":"product_cat-cosmetic-packaging","9":"product_tag-glass-airless-pump-bottles","10":"product_tag-small-lotion-jars","11":"desktop-align-left","12":"tablet-align-left","13":"mobile-align-left","15":"first","16":"instock","17":"shipping-taxable","18":"product-type-simple"},"acf":[],"jetpack_sharing_enabled":true,"_links":{"self":[{"href":"https:\/\/theperfumebottles.com\/cs\/wp-json\/wp\/v2\/product\/4712","targetHints":{"allow":["GET"]}}],"collection":[{"href":"https:\/\/theperfumebottles.com\/cs\/wp-json\/wp\/v2\/product"}],"about":[{"href":"https:\/\/theperfumebottles.com\/cs\/wp-json\/wp\/v2\/types\/product"}],"replies":[{"embeddable":true,"href":"https:\/\/theperfumebottles.com\/cs\/wp-json\/wp\/v2\/comments?post=4712"}],"wp:featuredmedia":[{"embeddable":true,"href":"https:\/\/theperfumebottles.com\/cs\/wp-json\/wp\/v2\/media\/4714"}],"wp:attachment":[{"href":"https:\/\/theperfumebottles.com\/cs\/wp-json\/wp\/v2\/media?parent=4712"}],"wp:term":[{"taxonomy":"product_brand","embeddable":true,"href":"https:\/\/theperfumebottles.com\/cs\/wp-json\/wp\/v2\/product_brand?post=4712"},{"taxonomy":"product_cat","embeddable":true,"href":"https:\/\/theperfumebottles.com\/cs\/wp-json\/wp\/v2\/product_cat?post=4712"},{"taxonomy":"product_tag","embeddable":true,"href":"https:\/\/theperfumebottles.com\/cs\/wp-json\/wp\/v2\/product_tag?post=4712"}],"curies":[{"name":"wp","href":"https:\/\/api.w.org\/{rel}","templated":true}]}}