{"id":4717,"date":"2025-07-21T18:02:38","date_gmt":"2025-07-21T10:02:38","guid":{"rendered":"https:\/\/theperfumebottles.com\/?post_type=product&#038;p=4717"},"modified":"2026-04-02T17:12:44","modified_gmt":"2026-04-02T09:12:44","slug":"skincare-set-30ml-50ml-100ml-120ml-wholesale-cosmetic-jars-with-lids-lotion-bottles","status":"publish","type":"product","link":"https:\/\/theperfumebottles.com\/cs\/produkt\/skincare-set-30ml-50ml-100ml-120ml-wholesale-cosmetic-jars-with-lids-lotion-bottles\/","title":{"rendered":"Sada p\u00e9\u010de o ple\u0165 30ml 50ml 100ml 120ml Velkoobchodn\u00ed kosmetick\u00e9 d\u00f3zy s v\u00ed\u010dky a lahvi\u010dky na ple\u0165ov\u00e9 ml\u00e9ko"},"content":{"rendered":"<p><span class=\"highlights\" data-v-df95d256=\"\">Hled\u00e1te velkoobchodn\u00ed sklen\u011bn\u00e9 lahvi\u010dky na ple\u0165ov\u00e9 ml\u00e9ko, kter\u00e9 k\u0159i\u010d\u00ed luxusem? Tyto velkoobchodn\u00ed kosmetick\u00e9 d\u00f3zy s v\u00ed\u010dky kombinuj\u00ed \u010dern\u00e9 sklo a zlat\u00e9 povrchy v elegantn\u00edm a modern\u00edm designu. Ide\u00e1ln\u00ed pro zna\u010dky p\u00e9\u010de o ple\u0165, kter\u00e9 pot\u0159ebuj\u00ed kosmetick\u00e9 obaly, kter\u00e9 jsou funk\u010dn\u00ed i poutav\u00e9. Od kr\u00e9m\u016f na obli\u010dej a\u017e po s\u00e9ra, va\u0161e kosmetick\u00e9 obaly vyniknou d\u00edky jemn\u00fdm mo\u017enostem rozpra\u0161ov\u00e1n\u00ed a p\u0159ipraveny k odesl\u00e1n\u00ed hromadn\u00fdch objedn\u00e1vek.<\/span><\/p>\n<h2><span class=\"highlights\" data-v-df95d256=\"\">Kl\u00ed\u010dov\u00e9 specifikace<\/span><\/h2>\n<table style=\"border-collapse: collapse; width: 80%; margin-left: auto; margin-right: auto;\" border=\"0\" width=\"432\" cellspacing=\"0\" cellpadding=\"0\">\n<tbody>\n<tr style=\"height: 13.50pt;\">\n<td style=\"height: 13.50pt; width: 54.00pt;\" width=\"72\" height=\"18\">Kapacita<\/td>\n<td style=\"width: 54.00pt;\" width=\"72\">Tvar<\/td>\n<td style=\"width: 54.00pt;\" width=\"72\">Metody t\u011bsn\u011bn\u00ed<\/td>\n<td style=\"width: 54.00pt;\" width=\"72\">Materi\u00e1l<\/td>\n<td style=\"width: 54.00pt;\" width=\"72\">Mo\u017enosti barev<\/td>\n<td style=\"width: 54.00pt;\" width=\"72\">Pou\u017e\u00edv\u00e1n\u00ed<\/td>\n<\/tr>\n<tr style=\"height: 13.50pt;\">\n<td style=\"height: 13.50pt;\" height=\"18\">30ml<\/td>\n<td class=\"et2\" rowspan=\"4\">Rovn\u00e9 strany<\/td>\n<td class=\"et2\" rowspan=\"4\">Hlava \u010derpadla + zlat\u00fd \u0161roubovac\u00ed uz\u00e1v\u011br<\/td>\n<td class=\"et2\" rowspan=\"4\">Sklo<\/td>\n<td class=\"et2\" rowspan=\"4\">Matn\u00e1 \u010dern\u00e1<\/td>\n<td class=\"et2\" rowspan=\"4\">Ple\u0165ov\u00e9 ml\u00e9ko, kosmetick\u00fd olej<\/td>\n<\/tr>\n<tr style=\"height: 13.50pt;\">\n<td style=\"height: 13.50pt;\" height=\"18\">50ml<\/td>\n<\/tr>\n<tr style=\"height: 13.50pt;\">\n<td style=\"height: 13.50pt;\" height=\"18\">100ml<\/td>\n<\/tr>\n<tr style=\"height: 13.50pt;\">\n<td style=\"height: 13.50pt;\" height=\"18\">120ml<\/td>\n<\/tr>\n<\/tbody>\n<\/table>\n<h2><span class=\"highlights\" data-v-df95d256=\"\">P\u0159\u00edpadov\u00e1 studie \u00fasp\u011bchu: Prom\u011bna obal\u016f zna\u010dky Clean Beauty <\/span><\/h2>\n<p><span class=\"highlights\" data-v-df95d256=\"\">Startup zab\u00fdvaj\u00edc\u00ed se \u010distou kosmetickou industri\u00ed hledal velkoobchodn\u00ed prodej sklen\u011bn\u00fdch lahvi\u010dek na ple\u0165ov\u00e9 vody, kter\u00e9 by odpov\u00eddaly jejich \u201eminimalistick\u00e9mu luxusu\u201c. Dodali jsme 100ml d\u00f3zy ve tvaru p\u0159es\u00fdpac\u00edch hodin se zlat\u00fdmi \u0161roubovac\u00edmi uz\u00e1v\u011bry a b\u00edl\u00fdmi etiketami na m\u00edru. V\u00fdsledek? 300% n\u00e1r\u016fst prodeje kosmetick\u00fdch d\u00f3z s v\u00ed\u010dky ve velk\u00e9m m\u011b\u0159\u00edtku a zve\u0159ejn\u011bn\u00ed na \u0161pi\u010dkov\u00e9m blogu o kosmetick\u00fdch obalech.<\/span><\/p>\n<h2><span class=\"highlights\" data-v-df95d256=\"\">Tipy pro personalizaci va\u0161\u00ed zna\u010dky <\/span><\/h2>\n<ul>\n<li><span class=\"highlights\" data-v-df95d256=\"\"><strong>N\u00e1vrh loga:<\/strong> Zvolte matn\u00fd nebo leskl\u00fd povrch, aby odpov\u00eddal charakteru va\u0161eho loga. <\/span><\/li>\n<li><span class=\"highlights\" data-v-df95d256=\"\"><strong>Varianty \u010derpadel:<\/strong> Pro p\u0159\u00edjemnou aplikaci mlhy zvolte pumpi\u010dku nebo pro hust\u0161\u00ed konzistenci \u0161roubovac\u00ed uz\u00e1v\u011br.<\/span><\/li>\n<\/ul>","protected":false},"excerpt":{"rendered":"<p>Objevte velkoobchodn\u00ed prodej kosmetick\u00fdch d\u00f3z s v\u00ed\u010dky a sklen\u011bn\u00fdch lahvi\u010dek na ple\u0165ov\u00e9 ml\u00e9ko pro va\u0161i \u0159adu p\u00e9\u010de o ple\u0165. Vlastn\u00ed etikety, rychl\u00e9 dod\u00e1n\u00ed a ekologick\u00fd design.<\/p>","protected":false},"featured_media":4720,"comment_status":"open","ping_status":"closed","template":"","meta":{"_acf_changed":false,"site-sidebar-layout":"default","site-content-layout":"","ast-site-content-layout":"default","site-content-style":"default","site-sidebar-style":"default","ast-global-header-display":"","ast-banner-title-visibility":"","ast-main-header-display":"","ast-hfb-above-header-display":"","ast-hfb-below-header-display":"","ast-hfb-mobile-header-display":"","site-post-title":"","ast-breadcrumbs-content":"","ast-featured-img":"","footer-sml-layout":"","ast-disable-related-posts":"","theme-transparent-header-meta":"default","adv-header-id-meta":"","stick-header-meta":"","header-above-stick-meta":"","header-main-stick-meta":"","header-below-stick-meta":"","astra-migrate-meta-layouts":"set","ast-page-background-enabled":"default","ast-page-background-meta":{"desktop":{"background-color":"var(--ast-global-color-5)","background-image":"","background-repeat":"repeat","background-position":"center center","background-size":"auto","background-attachment":"scroll","background-type":"","background-media":"","overlay-type":"","overlay-color":"","overlay-opacity":"","overlay-gradient":""},"tablet":{"background-color":"","background-image":"","background-repeat":"repeat","background-position":"center center","background-size":"auto","background-attachment":"scroll","background-type":"","background-media":"","overlay-type":"","overlay-color":"","overlay-opacity":"","overlay-gradient":""},"mobile":{"background-color":"","background-image":"","background-repeat":"repeat","background-position":"center center","background-size":"auto","background-attachment":"scroll","background-type":"","background-media":"","overlay-type":"","overlay-color":"","overlay-opacity":"","overlay-gradient":""}},"ast-content-background-meta":{"desktop":{"background-color":"var(--ast-global-color-4)","background-image":"","background-repeat":"repeat","background-position":"center center","background-size":"auto","background-attachment":"scroll","background-type":"","background-media":"","overlay-type":"","overlay-color":"","overlay-opacity":"","overlay-gradient":""},"tablet":{"background-color":"var(--ast-global-color-4)","background-image":"","background-repeat":"repeat","background-position":"center center","background-size":"auto","background-attachment":"scroll","background-type":"","background-media":"","overlay-type":"","overlay-color":"","overlay-opacity":"","overlay-gradient":""},"mobile":{"background-color":"var(--ast-global-color-4)","background-image":"","background-repeat":"repeat","background-position":"center center","background-size":"auto","background-attachment":"scroll","background-type":"","background-media":"","overlay-type":"","overlay-color":"","overlay-opacity":"","overlay-gradient":""}}},"product_brand":[],"product_cat":[236,62,72],"product_tag":[152,136],"class_list":{"0":"post-4717","1":"product","2":"type-product","3":"status-publish","4":"has-post-thumbnail","6":"product_cat-cosmetic-container-set","7":"product_cat-cosmetic-containers","8":"product_cat-cosmetic-packaging","9":"product_tag-glass-lotion-bottles-wholesale","10":"product_tag-wholesale-cosmetic-jars-with-lids","11":"desktop-align-left","12":"tablet-align-left","13":"mobile-align-left","15":"first","16":"instock","17":"shipping-taxable","18":"product-type-simple"},"acf":[],"jetpack_sharing_enabled":true,"_links":{"self":[{"href":"https:\/\/theperfumebottles.com\/cs\/wp-json\/wp\/v2\/product\/4717","targetHints":{"allow":["GET"]}}],"collection":[{"href":"https:\/\/theperfumebottles.com\/cs\/wp-json\/wp\/v2\/product"}],"about":[{"href":"https:\/\/theperfumebottles.com\/cs\/wp-json\/wp\/v2\/types\/product"}],"replies":[{"embeddable":true,"href":"https:\/\/theperfumebottles.com\/cs\/wp-json\/wp\/v2\/comments?post=4717"}],"wp:featuredmedia":[{"embeddable":true,"href":"https:\/\/theperfumebottles.com\/cs\/wp-json\/wp\/v2\/media\/4720"}],"wp:attachment":[{"href":"https:\/\/theperfumebottles.com\/cs\/wp-json\/wp\/v2\/media?parent=4717"}],"wp:term":[{"taxonomy":"product_brand","embeddable":true,"href":"https:\/\/theperfumebottles.com\/cs\/wp-json\/wp\/v2\/product_brand?post=4717"},{"taxonomy":"product_cat","embeddable":true,"href":"https:\/\/theperfumebottles.com\/cs\/wp-json\/wp\/v2\/product_cat?post=4717"},{"taxonomy":"product_tag","embeddable":true,"href":"https:\/\/theperfumebottles.com\/cs\/wp-json\/wp\/v2\/product_tag?post=4717"}],"curies":[{"name":"wp","href":"https:\/\/api.w.org\/{rel}","templated":true}]}}