{"id":4727,"date":"2025-07-21T18:01:50","date_gmt":"2025-07-21T10:01:50","guid":{"rendered":"https:\/\/theperfumebottles.com\/?post_type=product&#038;p=4727"},"modified":"2026-03-26T17:11:04","modified_gmt":"2026-03-26T09:11:04","slug":"bulk-cosmetic-containers-for-skincare-packaging","status":"publish","type":"product","link":"https:\/\/theperfumebottles.com\/cs\/produkt\/bulk-cosmetic-containers-for-skincare-packaging\/","title":{"rendered":"Velkoobjemov\u00e9 kosmetick\u00e9 n\u00e1doby pro p\u00e9\u010di o ple\u0165 20g"},"content":{"rendered":"<p>Tato sofistikovan\u00e1 a osobit\u00e1 kosmetick\u00e1 n\u00e1doba m\u00e1 kulovit\u00fd design s luxusn\u00edm a k\u0159i\u0161\u0165\u00e1lov\u011b \u010dist\u00fdm sklen\u011bn\u00fdm dnem a bohat\u011b texturovan\u00fdm matn\u011b zlat\u00fdm v\u00ed\u010dkem, kter\u00e9 je zakon\u010deno jemn\u00fdm kulov\u00fdm knofl\u00edkem.<\/p>\n<h2><span class=\"highlights\" data-v-df95d256=\"\">Kl\u00ed\u010dov\u00e9 specifikace<\/span><\/h2>\n<table style=\"border-collapse: collapse; width: 80%; height: 24px; margin-left: auto; margin-right: auto;\" border=\"0\" width=\"432\" cellspacing=\"0\" cellpadding=\"0\">\n<tbody>\n<tr style=\"height: 13.50pt;\">\n<td style=\"height: 13.50pt; width: 54.00pt;\" width=\"72\" height=\"18\">Kapacita<\/td>\n<td style=\"width: 54.00pt;\" width=\"72\">Tvar<\/td>\n<td style=\"width: 54.00pt;\" width=\"72\">T\u011bsn\u011bn\u00ed<\/td>\n<td style=\"width: 54.00pt;\" width=\"72\">Materi\u00e1l<\/td>\n<td style=\"width: 54.00pt;\" width=\"72\">Mo\u017enosti barev<\/td>\n<td style=\"width: 54.00pt;\" width=\"72\">Pou\u017eit\u00ed pro<\/td>\n<\/tr>\n<tr style=\"height: 13.50pt;\">\n<td style=\"height: 13.50pt;\" height=\"18\">20 g<\/td>\n<td>Kolo<\/td>\n<td>\u0160roubovac\u00ed uz\u00e1v\u011br + kov\/plast<\/td>\n<td>Sklo<\/td>\n<td>Jasn\u00e9, vlastn\u00ed barvy<\/td>\n<td>O\u010dn\u00ed kr\u00e9m, s\u00e9rum na obli\u010dej<\/td>\n<\/tr>\n<\/tbody>\n<\/table>\n<h2><span class=\"highlights\" data-v-df95d256=\"\">P\u0159\u00edpad \u00fasp\u011bchu<\/span><\/h2>\n<p>Luxusn\u00ed spole\u010dnost zab\u00fdvaj\u00edc\u00ed se p\u00e9\u010d\u00ed o ple\u0165 se s\u00eddlem na Bl\u00edzk\u00e9m v\u00fdchod\u011b p\u0159ijala na\u0161e exkluzivn\u00ed jedine\u010dn\u00e9 kosmetick\u00e9 balen\u00ed o objemu 50 ml s personalizovan\u00fdm matn\u011b r\u016f\u017eovo-zlat\u00fdm kovov\u00fdm uz\u00e1v\u011brem a zdoben\u00fdm vy\u0159ez\u00e1van\u00fdm vzorem na knofl\u00edku. Jejich marketing se to\u010dil kolem t\u00e9to lahvi\u010dky a spole\u010dnost zaznamenala 300% interakci na soci\u00e1ln\u00edch s\u00edt\u00edch a 95% m\u00edru prodeje v luxusn\u00edch obchodn\u00edch domech. Tento masivn\u00ed \u00fasp\u011bch zna\u010dky vedl k dal\u0161\u00ed objedn\u00e1vce 250 000 lahvi\u010dek jako exkluzivn\u00edho balen\u00ed pro jejich dal\u0161\u00ed t\u0159\u00edletou kolekci Icon.<\/p>\n<h2><span class=\"highlights\" data-v-df95d256=\"\">Tipy pro p\u0159izp\u016fsoben\u00ed velkoobjemov\u00fdch kosmetick\u00fdch n\u00e1dob<\/span><\/h2>\n<ul>\n<li><span class=\"highlights\" data-v-df95d256=\"\"><strong>N\u00e1vrh loga:<\/strong> Pro \u010distou estetiku pou\u017e\u00edvejte minimalistick\u00e9 fonty nebo pro ambici\u00f3zn\u00ed branding z\u00e1\u0159iv\u00e9 sn\u00edmky. <\/span><\/li>\n<li><span class=\"highlights\" data-v-df95d256=\"\"><strong>Mo\u017enosti dokon\u010den\u00ed:<\/strong> P\u0159idejte grav\u00edrovan\u00e9 ochrann\u00e9 zn\u00e1mky nebo t\u00f3novan\u00e9 sklo pro vylep\u0161en\u00ed vzhledu va\u0161\u00ed krabice.<\/span><\/li>\n<\/ul>","protected":false},"excerpt":{"rendered":"<p>Luxusn\u00ed kulat\u00e9 kosmetick\u00e9 d\u00f3zy se zlat\u00fdm v\u00ed\u010dkem. Unik\u00e1tn\u00ed kosmetick\u00e9 balen\u00ed pro pr\u00e9miov\u00e9 zna\u010dky. Mo\u017enost vlastn\u00edho brandingu.<\/p>","protected":false},"featured_media":4728,"comment_status":"open","ping_status":"closed","template":"","meta":{"_acf_changed":false,"site-sidebar-layout":"default","site-content-layout":"","ast-site-content-layout":"default","site-content-style":"default","site-sidebar-style":"default","ast-global-header-display":"","ast-banner-title-visibility":"","ast-main-header-display":"","ast-hfb-above-header-display":"","ast-hfb-below-header-display":"","ast-hfb-mobile-header-display":"","site-post-title":"","ast-breadcrumbs-content":"","ast-featured-img":"","footer-sml-layout":"","ast-disable-related-posts":"","theme-transparent-header-meta":"default","adv-header-id-meta":"","stick-header-meta":"","header-above-stick-meta":"","header-main-stick-meta":"","header-below-stick-meta":"","astra-migrate-meta-layouts":"set","ast-page-background-enabled":"default","ast-page-background-meta":{"desktop":{"background-color":"var(--ast-global-color-5)","background-image":"","background-repeat":"repeat","background-position":"center center","background-size":"auto","background-attachment":"scroll","background-type":"","background-media":"","overlay-type":"","overlay-color":"","overlay-opacity":"","overlay-gradient":""},"tablet":{"background-color":"","background-image":"","background-repeat":"repeat","background-position":"center center","background-size":"auto","background-attachment":"scroll","background-type":"","background-media":"","overlay-type":"","overlay-color":"","overlay-opacity":"","overlay-gradient":""},"mobile":{"background-color":"","background-image":"","background-repeat":"repeat","background-position":"center center","background-size":"auto","background-attachment":"scroll","background-type":"","background-media":"","overlay-type":"","overlay-color":"","overlay-opacity":"","overlay-gradient":""}},"ast-content-background-meta":{"desktop":{"background-color":"var(--ast-global-color-4)","background-image":"","background-repeat":"repeat","background-position":"center center","background-size":"auto","background-attachment":"scroll","background-type":"","background-media":"","overlay-type":"","overlay-color":"","overlay-opacity":"","overlay-gradient":""},"tablet":{"background-color":"var(--ast-global-color-4)","background-image":"","background-repeat":"repeat","background-position":"center center","background-size":"auto","background-attachment":"scroll","background-type":"","background-media":"","overlay-type":"","overlay-color":"","overlay-opacity":"","overlay-gradient":""},"mobile":{"background-color":"var(--ast-global-color-4)","background-image":"","background-repeat":"repeat","background-position":"center center","background-size":"auto","background-attachment":"scroll","background-type":"","background-media":"","overlay-type":"","overlay-color":"","overlay-opacity":"","overlay-gradient":""}}},"product_brand":[],"product_cat":[56,62,72],"product_tag":[155,156],"class_list":{"0":"post-4727","1":"product","2":"type-product","3":"status-publish","4":"has-post-thumbnail","6":"product_cat-cosmetic-jars","7":"product_cat-cosmetic-containers","8":"product_cat-cosmetic-packaging","9":"product_tag-bulk-cosmetic-containers","10":"product_tag-unique-cosmetic-packaging","11":"desktop-align-left","12":"tablet-align-left","13":"mobile-align-left","15":"first","16":"instock","17":"shipping-taxable","18":"product-type-simple"},"acf":[],"jetpack_sharing_enabled":true,"_links":{"self":[{"href":"https:\/\/theperfumebottles.com\/cs\/wp-json\/wp\/v2\/product\/4727","targetHints":{"allow":["GET"]}}],"collection":[{"href":"https:\/\/theperfumebottles.com\/cs\/wp-json\/wp\/v2\/product"}],"about":[{"href":"https:\/\/theperfumebottles.com\/cs\/wp-json\/wp\/v2\/types\/product"}],"replies":[{"embeddable":true,"href":"https:\/\/theperfumebottles.com\/cs\/wp-json\/wp\/v2\/comments?post=4727"}],"wp:featuredmedia":[{"embeddable":true,"href":"https:\/\/theperfumebottles.com\/cs\/wp-json\/wp\/v2\/media\/4728"}],"wp:attachment":[{"href":"https:\/\/theperfumebottles.com\/cs\/wp-json\/wp\/v2\/media?parent=4727"}],"wp:term":[{"taxonomy":"product_brand","embeddable":true,"href":"https:\/\/theperfumebottles.com\/cs\/wp-json\/wp\/v2\/product_brand?post=4727"},{"taxonomy":"product_cat","embeddable":true,"href":"https:\/\/theperfumebottles.com\/cs\/wp-json\/wp\/v2\/product_cat?post=4727"},{"taxonomy":"product_tag","embeddable":true,"href":"https:\/\/theperfumebottles.com\/cs\/wp-json\/wp\/v2\/product_tag?post=4727"}],"curies":[{"name":"wp","href":"https:\/\/api.w.org\/{rel}","templated":true}]}}