{"id":4757,"date":"2025-07-22T18:02:44","date_gmt":"2025-07-22T10:02:44","guid":{"rendered":"https:\/\/theperfumebottles.com\/?post_type=product&#038;p=4757"},"modified":"2026-04-08T12:01:37","modified_gmt":"2026-04-08T04:01:37","slug":"30g-50g-30ml-35ml-100ml-120ml-green-glass-pump-cosmetic-bottles-jar-cosmetics-containers-set","status":"publish","type":"product","link":"https:\/\/theperfumebottles.com\/cs\/produkt\/30g-50g-30ml-35ml-100ml-120ml-green-glass-pump-cosmetic-bottles-jar-cosmetics-containers-set\/","title":{"rendered":"30g 50g 30ml 35ml 100ml 120ml Zelen\u00e9 sklen\u011bn\u00e9 kosmetick\u00e9 lahvi\u010dky a d\u00f3zy s pumpi\u010dkou Sada kosmetick\u00fdch n\u00e1dob"},"content":{"rendered":"<p><span class=\"highlights\" data-v-df95d256=\"\">Na\u0161e zelen\u00e9 sklen\u011bn\u00e9 kosmetick\u00e9 n\u00e1doby spojuj\u00ed styl a funk\u010dnost pro zna\u010dky, kter\u00e9 up\u0159ednost\u0148uj\u00ed estetiku i v\u00fdkon.<\/span><\/p>\n<h2><span class=\"highlights\" data-v-df95d256=\"\">Kl\u00ed\u010dov\u00e9 specifikace<\/span><\/h2>\n<table style=\"border-collapse: collapse; width: 1000px; height: 421px; margin-left: 160px;\" border=\"0\" width=\"144\" cellspacing=\"0\" cellpadding=\"0\">\n<tbody>\n<tr style=\"height: 13.50pt;\">\n<td style=\"height: 13.50pt; width: 54.00pt;\" width=\"72\" height=\"18\">Funkce<\/td>\n<td style=\"width: 54.00pt;\" width=\"72\">Podrobnosti<\/td>\n<\/tr>\n<tr style=\"height: 13.50pt;\">\n<td style=\"height: 13.50pt;\" height=\"18\">Kapacita<\/td>\n<td>30 g, 50 g, 30 ml, 35 ml, 100 ml, 120 ml<\/td>\n<\/tr>\n<tr style=\"height: 13.50pt;\">\n<td style=\"height: 13.50pt;\" height=\"18\">Tvar<\/td>\n<td>Rovn\u00fd design pro modern\u00ed estetiku<\/td>\n<\/tr>\n<tr style=\"height: 13.50pt;\">\n<td style=\"height: 13.50pt;\" height=\"18\">Metoda t\u011bsn\u011bn\u00ed<\/td>\n<td>\u0160roubovac\u00ed uz\u00e1v\u011br + plastov\u00e9\/kovov\u00e9 v\u00ed\u010dko (k dispozici i s pumpi\u010dkou)<\/td>\n<\/tr>\n<tr style=\"height: 13.50pt;\">\n<td style=\"height: 13.50pt;\" height=\"18\">Materi\u00e1l<\/td>\n<td>Ekologick\u00e9, vysoce pr\u016fhledn\u00e9 zelen\u00e9 sklo<\/td>\n<\/tr>\n<tr style=\"height: 13.50pt;\">\n<td style=\"height: 13.50pt;\" height=\"18\">Barva<\/td>\n<td>Matn\u011b \u010dern\u00e9 v\u00edko; sklen\u011bn\u00e9 t\u011blo v z\u00e1\u0159iv\u011b zelen\u00e9 barv\u011b<\/td>\n<\/tr>\n<tr style=\"height: 13.50pt;\">\n<td style=\"height: 13.50pt;\" height=\"18\">P\u0159\u00edpad pou\u017eit\u00ed<\/td>\n<td>N\u00e1doby na kr\u00e9my na obli\u010dej, t\u011blov\u00e9 ml\u00e9ko, s\u00e9rum a kosmetiku pro inovaci balen\u00ed<\/td>\n<\/tr>\n<\/tbody>\n<\/table>\n<h2><span class=\"highlights\" data-v-df95d256=\"\">P\u0159\u00edb\u011bh \u00fasp\u011bchu: Pozvednut\u00ed zna\u010dky p\u00e9\u010de o ple\u0165 <\/span><\/h2>\n<p><span class=\"highlights\" data-v-df95d256=\"\">Startup zab\u00fdvaj\u00edc\u00ed se p\u0159\u00edrodn\u00ed p\u00e9\u010d\u00ed o ple\u0165 pou\u017eil na\u0161e kosmetick\u00e9 lahvi\u010dky s pumpi\u010dkou a kosmetick\u00e9 d\u00f3zi\u010dky k rebrandingu sv\u00fdch kosmetick\u00fdch obal\u016f. P\u0159echodem na zelen\u00e9 sklo s minimalistick\u00fdmi \u010dern\u00fdmi v\u00ed\u010dky zaznamenal 40% n\u00e1r\u016fst udr\u017een\u00ed z\u00e1kazn\u00edk\u016f. Jejich domovsk\u00e1 str\u00e1nka nyn\u00ed zd\u016fraz\u0148uje syst\u00e9m jemn\u00e9 mlhy s pumpi\u010dkou jako kl\u00ed\u010dov\u00fd rozli\u0161ovac\u00ed prvek pro produkty p\u00e9\u010de o ple\u0165.<\/span><\/p>\n<h2><span class=\"highlights\" data-v-df95d256=\"\">Tipy pro p\u0159izp\u016fsoben\u00ed: <\/span><\/h2>\n<ul>\n<li><span class=\"highlights\" data-v-df95d256=\"\"><strong>Mix form\u00e1t\u016f:<\/strong> Kombinujte styly lahv\u00ed a sklenic pro vytvo\u0159en\u00ed ucelen\u00e9 \u0159ady kosmetick\u00fdch obal\u016f. <\/span><\/li>\n<li><span class=\"highlights\" data-v-df95d256=\"\"><strong>Postoj k udr\u017eitelnosti:<\/strong> Propagujte recyklovateln\u00e9 sklo jako sou\u010d\u00e1st sv\u00e9ho ekologick\u00e9ho slibu. <\/span><\/li>\n<li><span class=\"highlights\" data-v-df95d256=\"\"><strong>Ozna\u010den\u00ed pro zna\u010dku\uff1a<\/strong>P\u0159idejte sekund\u00e1rn\u00ed \u0161t\u00edtek, kter\u00fd se zam\u011b\u0159\u00ed na kl\u00ed\u010dov\u00e9 komponenty nebo certifikaci udr\u017eitelnosti. <\/span><\/li>\n<li><span class=\"highlights\" data-v-df95d256=\"\"><strong>Kombinovateln\u00e9 povrchov\u00e9 \u00fapravy v\u00ed\u010dek:<\/strong>Pro v\u00fdrazn\u00fd dojem zkombinujte matn\u00e1 \u010dern\u00e1 v\u00ed\u010dka s elegantn\u00edmi sklen\u011bn\u00fdmi t\u011bly, nebo zvolte cel\u00e1 matn\u00e1 v\u00ed\u010dka pro minimalistick\u00fd vzhled.<\/span><\/li>\n<\/ul>","protected":false},"excerpt":{"rendered":"<p>Objevte ekologick\u00e9 kosmetick\u00e9 lahvi\u010dky s pumpi\u010dkou a d\u00f3zi\u010dky na kosmetiku pro balen\u00ed p\u00e9\u010de o ple\u0165. P\u0159ipraven\u00e9 k odesl\u00e1n\u00ed, p\u0159izp\u016fsobiteln\u00e9 kosmetick\u00e9 balen\u00ed ve velk\u00e9m s jemn\u00fdm rozpra\u0161ov\u00e1n\u00edm \u2013 inspirujte vzhled va\u0161\u00ed zna\u010dky!<\/p>","protected":false},"featured_media":7609,"comment_status":"open","ping_status":"closed","template":"","meta":{"_acf_changed":false,"site-sidebar-layout":"default","site-content-layout":"","ast-site-content-layout":"default","site-content-style":"default","site-sidebar-style":"default","ast-global-header-display":"","ast-banner-title-visibility":"","ast-main-header-display":"","ast-hfb-above-header-display":"","ast-hfb-below-header-display":"","ast-hfb-mobile-header-display":"","site-post-title":"","ast-breadcrumbs-content":"","ast-featured-img":"","footer-sml-layout":"","ast-disable-related-posts":"","theme-transparent-header-meta":"default","adv-header-id-meta":"","stick-header-meta":"","header-above-stick-meta":"","header-main-stick-meta":"","header-below-stick-meta":"","astra-migrate-meta-layouts":"set","ast-page-background-enabled":"default","ast-page-background-meta":{"desktop":{"background-color":"var(--ast-global-color-5)","background-image":"","background-repeat":"repeat","background-position":"center center","background-size":"auto","background-attachment":"scroll","background-type":"","background-media":"","overlay-type":"","overlay-color":"","overlay-opacity":"","overlay-gradient":""},"tablet":{"background-color":"","background-image":"","background-repeat":"repeat","background-position":"center center","background-size":"auto","background-attachment":"scroll","background-type":"","background-media":"","overlay-type":"","overlay-color":"","overlay-opacity":"","overlay-gradient":""},"mobile":{"background-color":"","background-image":"","background-repeat":"repeat","background-position":"center center","background-size":"auto","background-attachment":"scroll","background-type":"","background-media":"","overlay-type":"","overlay-color":"","overlay-opacity":"","overlay-gradient":""}},"ast-content-background-meta":{"desktop":{"background-color":"var(--ast-global-color-4)","background-image":"","background-repeat":"repeat","background-position":"center center","background-size":"auto","background-attachment":"scroll","background-type":"","background-media":"","overlay-type":"","overlay-color":"","overlay-opacity":"","overlay-gradient":""},"tablet":{"background-color":"var(--ast-global-color-4)","background-image":"","background-repeat":"repeat","background-position":"center center","background-size":"auto","background-attachment":"scroll","background-type":"","background-media":"","overlay-type":"","overlay-color":"","overlay-opacity":"","overlay-gradient":""},"mobile":{"background-color":"var(--ast-global-color-4)","background-image":"","background-repeat":"repeat","background-position":"center center","background-size":"auto","background-attachment":"scroll","background-type":"","background-media":"","overlay-type":"","overlay-color":"","overlay-opacity":"","overlay-gradient":""}}},"product_brand":[],"product_cat":[236,62,72],"product_tag":[158,157],"class_list":{"0":"post-4757","1":"product","2":"type-product","3":"status-publish","4":"has-post-thumbnail","6":"product_cat-cosmetic-container-set","7":"product_cat-cosmetic-containers","8":"product_cat-cosmetic-packaging","9":"product_tag-jar-cosmetics","10":"product_tag-pump-cosmetic-bottles","11":"desktop-align-left","12":"tablet-align-left","13":"mobile-align-left","15":"first","16":"instock","17":"shipping-taxable","18":"product-type-simple"},"acf":[],"jetpack_sharing_enabled":true,"_links":{"self":[{"href":"https:\/\/theperfumebottles.com\/cs\/wp-json\/wp\/v2\/product\/4757","targetHints":{"allow":["GET"]}}],"collection":[{"href":"https:\/\/theperfumebottles.com\/cs\/wp-json\/wp\/v2\/product"}],"about":[{"href":"https:\/\/theperfumebottles.com\/cs\/wp-json\/wp\/v2\/types\/product"}],"replies":[{"embeddable":true,"href":"https:\/\/theperfumebottles.com\/cs\/wp-json\/wp\/v2\/comments?post=4757"}],"wp:featuredmedia":[{"embeddable":true,"href":"https:\/\/theperfumebottles.com\/cs\/wp-json\/wp\/v2\/media\/7609"}],"wp:attachment":[{"href":"https:\/\/theperfumebottles.com\/cs\/wp-json\/wp\/v2\/media?parent=4757"}],"wp:term":[{"taxonomy":"product_brand","embeddable":true,"href":"https:\/\/theperfumebottles.com\/cs\/wp-json\/wp\/v2\/product_brand?post=4757"},{"taxonomy":"product_cat","embeddable":true,"href":"https:\/\/theperfumebottles.com\/cs\/wp-json\/wp\/v2\/product_cat?post=4757"},{"taxonomy":"product_tag","embeddable":true,"href":"https:\/\/theperfumebottles.com\/cs\/wp-json\/wp\/v2\/product_tag?post=4757"}],"curies":[{"name":"wp","href":"https:\/\/api.w.org\/{rel}","templated":true}]}}