{"id":4762,"date":"2025-07-22T17:44:55","date_gmt":"2025-07-22T09:44:55","guid":{"rendered":"https:\/\/theperfumebottles.com\/?post_type=product&#038;p=4762"},"modified":"2026-04-01T15:02:00","modified_gmt":"2026-04-01T07:02:00","slug":"custom-cosmetic-jars-makeup-pump-bottles-wholesale","status":"publish","type":"product","link":"https:\/\/theperfumebottles.com\/cs\/produkt\/custom-cosmetic-jars-makeup-pump-bottles-wholesale\/","title":{"rendered":"50g 30ml 40ml 100ml 120ml Kosmetick\u00e9 d\u00f3zy na zak\u00e1zku \u2013 Velkoobchod s lahvi\u010dkami s pumpi\u010dkou na make-up"},"content":{"rendered":"<p>Hled\u00e1te kosmetick\u00e9 d\u00f3zy na m\u00edru, kter\u00e9 spojuj\u00ed eleganci s prakti\u010dnost\u00ed? Tato kolekce sklen\u011bn\u00fdch d\u00f3z p\u0159edstavuje matn\u011b b\u00edl\u00e9 nebo \u010dist\u00e9 sklo, kter\u00e9 dopl\u0148uj\u00ed stylov\u00e1 post\u0159\u00edb\u0159en\u00e1 v\u00ed\u010dka. Kolekce je ur\u010dena pro v\u00fdrobce produkt\u016f p\u00e9\u010de o ple\u0165 a zahrnuje d\u00f3zy na kr\u00e9my na obli\u010dej, lahvi\u010dky na s\u00e9ra a lahvi\u010dky na make-up s pumpi\u010dkou \u2013 ide\u00e1ln\u00ed pro v\u00fdrazn\u00e9 a vysoce \u00fa\u010dinn\u00e9 kosmetick\u00e9 balen\u00ed.<\/p>\n<h2><span class=\"highlights\" data-v-df95d256=\"\">Kl\u00ed\u010dov\u00e9 specifikace<\/span><\/h2>\n<table style=\"margin-left: auto; margin-right: auto; border-collapse: collapse; width: 80%; height: 290px;\" border=\"0\" width=\"360\" cellspacing=\"0\" cellpadding=\"0\">\n<tbody>\n<tr style=\"height: 13.50pt;\">\n<td style=\"height: 13.50pt; width: 54.00pt;\" width=\"72\" height=\"18\">Kapacita<\/td>\n<td style=\"width: 54.00pt;\" width=\"72\">T\u011bsn\u011bn\u00ed<\/td>\n<td style=\"width: 54.00pt;\" width=\"72\">Materi\u00e1l<\/td>\n<td style=\"width: 54.00pt;\" width=\"72\">Mo\u017enosti barev<\/td>\n<td style=\"width: 54.00pt;\" width=\"72\">Pou\u017e\u00edv\u00e1n\u00ed<\/td>\n<\/tr>\n<tr style=\"height: 13.50pt;\">\n<td style=\"height: 13.50pt;\" height=\"18\">30ml<\/td>\n<td class=\"et2\" rowspan=\"4\">Hlava \u010derpadla nebo \u0161roubovac\u00ed uz\u00e1v\u011br<\/td>\n<td class=\"et2\" rowspan=\"5\">Sodnov\u00e1penat\u00e9 sklo<\/td>\n<td class=\"et2\" rowspan=\"5\">B\u00edl\u00e1, \u010dir\u00e1, \u010dern\u00e1, jantarov\u00e1, dle va\u0161eho po\u017eadavku<\/td>\n<td class=\"et2\" rowspan=\"5\">Ple\u0165ov\u00e9 ml\u00e9ko, kosmetick\u00fd olej\u2026<\/td>\n<\/tr>\n<tr style=\"height: 13.50pt;\">\n<td style=\"height: 13.50pt;\" height=\"18\">40ml<\/td>\n<\/tr>\n<tr style=\"height: 13.50pt;\">\n<td style=\"height: 13.50pt;\" height=\"18\">100ml<\/td>\n<\/tr>\n<tr style=\"height: 13.50pt;\">\n<td style=\"height: 13.50pt;\" height=\"18\">120ml<\/td>\n<\/tr>\n<tr style=\"height: 13.50pt;\">\n<td style=\"height: 13.50pt;\" height=\"18\">50 g<\/td>\n<td>\u0160roubovac\u00ed uz\u00e1v\u011br + plastov\u00e9\/kovov\u00e9 v\u00ed\u010dko<\/td>\n<\/tr>\n<\/tbody>\n<\/table>\n<h2><span class=\"highlights\" data-v-df95d256=\"\">P\u0159\u00edpadov\u00e1 studie \u00fasp\u011bchu: Modernizace obal\u016f luxusn\u00ed zna\u010dky p\u00e9\u010de o ple\u0165 <\/span><\/h2>\n<p><span class=\"highlights\" data-v-df95d256=\"\">Luxusn\u00ed \u0159ada p\u00e9\u010de o ple\u0165 pot\u0159ebovala zak\u00e1zkov\u00e9 kosmetick\u00e9 d\u00f3zy, kter\u00e9 by odpov\u00eddaly jej\u00edmu t\u00e9matu \u201e\u010dist\u00e9 elegance\u201c. Dodali jsme 100ml matn\u011b b\u00edl\u00e9 d\u00f3zy se st\u0159\u00edbrn\u00fdmi \u0161roubovac\u00edmi uz\u00e1v\u011bry a zlat\u00fdmi etiketami na m\u00edru. V\u00fdsledek? 300% n\u00e1r\u016fst prodeje lahvi\u010dek s pumpi\u010dkou na make-up a \u010dl\u00e1nek v p\u0159edn\u00edm \u010dasopise o kosmetick\u00fdch obalech.<\/span><\/p>\n<h2><span class=\"highlights\" data-v-df95d256=\"\">Tipy pro personalizaci va\u0161\u00ed zna\u010dky <\/span><\/h2>\n<ul>\n<li><span class=\"highlights\" data-v-df95d256=\"\"><strong>Mo\u017enosti barev:<\/strong> Pro jednoduchost za\u010dn\u011bte s matn\u011b b\u00edlou nebo p\u0159ejd\u011bte na jantarov\u011b hn\u011bdou pro vzhled jemn\u00e9ho s\u00e9ra v mlze. <\/span><\/li>\n<li><span class=\"highlights\" data-v-df95d256=\"\"><strong>N\u00e1vrh loga:<\/strong> Pou\u017e\u00edvejte minimalistick\u00e1 p\u00edsma pro pr\u00e9miov\u00fd dojem nebo z\u00e1\u0159ivou grafiku pro v\u00fdrazn\u00fd branding. <\/span><\/li>\n<li><span aria-hidden=\"true\"><strong>Funkce personalizace:<\/strong> Sv\u00e9 kontejnery si m\u016f\u017eete p\u0159izp\u016fsobit nap\u0159\u00edklad laserov\u011b grav\u00edrovan\u00fdmi logy nebo t\u00f3novan\u00fdm sklem.<\/span><\/li>\n<\/ul>","protected":false},"excerpt":{"rendered":"<p>Pr\u00e9miov\u00e9 kosmetick\u00e9 d\u00f3zy a lahvi\u010dky s pumpi\u010dkou pro p\u00e9\u010di o ple\u0165. Ekologick\u00e9, p\u0159ipraven\u00e9 k hromadn\u00e9mu odesl\u00e1n\u00ed s vlastn\u00edmi etiketami. Objevte na na\u0161\u00ed domovsk\u00e9 str\u00e1nce!<\/p>","protected":false},"featured_media":4763,"comment_status":"open","ping_status":"closed","template":"","meta":{"_acf_changed":false,"site-sidebar-layout":"default","site-content-layout":"","ast-site-content-layout":"default","site-content-style":"default","site-sidebar-style":"default","ast-global-header-display":"","ast-banner-title-visibility":"","ast-main-header-display":"","ast-hfb-above-header-display":"","ast-hfb-below-header-display":"","ast-hfb-mobile-header-display":"","site-post-title":"","ast-breadcrumbs-content":"","ast-featured-img":"","footer-sml-layout":"","ast-disable-related-posts":"","theme-transparent-header-meta":"default","adv-header-id-meta":"","stick-header-meta":"","header-above-stick-meta":"","header-main-stick-meta":"","header-below-stick-meta":"","astra-migrate-meta-layouts":"set","ast-page-background-enabled":"default","ast-page-background-meta":{"desktop":{"background-color":"var(--ast-global-color-5)","background-image":"","background-repeat":"repeat","background-position":"center center","background-size":"auto","background-attachment":"scroll","background-type":"","background-media":"","overlay-type":"","overlay-color":"","overlay-opacity":"","overlay-gradient":""},"tablet":{"background-color":"","background-image":"","background-repeat":"repeat","background-position":"center center","background-size":"auto","background-attachment":"scroll","background-type":"","background-media":"","overlay-type":"","overlay-color":"","overlay-opacity":"","overlay-gradient":""},"mobile":{"background-color":"","background-image":"","background-repeat":"repeat","background-position":"center center","background-size":"auto","background-attachment":"scroll","background-type":"","background-media":"","overlay-type":"","overlay-color":"","overlay-opacity":"","overlay-gradient":""}},"ast-content-background-meta":{"desktop":{"background-color":"var(--ast-global-color-4)","background-image":"","background-repeat":"repeat","background-position":"center center","background-size":"auto","background-attachment":"scroll","background-type":"","background-media":"","overlay-type":"","overlay-color":"","overlay-opacity":"","overlay-gradient":""},"tablet":{"background-color":"var(--ast-global-color-4)","background-image":"","background-repeat":"repeat","background-position":"center center","background-size":"auto","background-attachment":"scroll","background-type":"","background-media":"","overlay-type":"","overlay-color":"","overlay-opacity":"","overlay-gradient":""},"mobile":{"background-color":"var(--ast-global-color-4)","background-image":"","background-repeat":"repeat","background-position":"center center","background-size":"auto","background-attachment":"scroll","background-type":"","background-media":"","overlay-type":"","overlay-color":"","overlay-opacity":"","overlay-gradient":""}}},"product_brand":[],"product_cat":[236,62,72],"product_tag":[159,160],"class_list":{"0":"post-4762","1":"product","2":"type-product","3":"status-publish","4":"has-post-thumbnail","6":"product_cat-cosmetic-container-set","7":"product_cat-cosmetic-containers","8":"product_cat-cosmetic-packaging","9":"product_tag-custom-cosmetic-jars","10":"product_tag-makeup-pump-bottle","11":"desktop-align-left","12":"tablet-align-left","13":"mobile-align-left","15":"first","16":"instock","17":"shipping-taxable","18":"product-type-simple"},"acf":[],"jetpack_sharing_enabled":true,"_links":{"self":[{"href":"https:\/\/theperfumebottles.com\/cs\/wp-json\/wp\/v2\/product\/4762","targetHints":{"allow":["GET"]}}],"collection":[{"href":"https:\/\/theperfumebottles.com\/cs\/wp-json\/wp\/v2\/product"}],"about":[{"href":"https:\/\/theperfumebottles.com\/cs\/wp-json\/wp\/v2\/types\/product"}],"replies":[{"embeddable":true,"href":"https:\/\/theperfumebottles.com\/cs\/wp-json\/wp\/v2\/comments?post=4762"}],"wp:featuredmedia":[{"embeddable":true,"href":"https:\/\/theperfumebottles.com\/cs\/wp-json\/wp\/v2\/media\/4763"}],"wp:attachment":[{"href":"https:\/\/theperfumebottles.com\/cs\/wp-json\/wp\/v2\/media?parent=4762"}],"wp:term":[{"taxonomy":"product_brand","embeddable":true,"href":"https:\/\/theperfumebottles.com\/cs\/wp-json\/wp\/v2\/product_brand?post=4762"},{"taxonomy":"product_cat","embeddable":true,"href":"https:\/\/theperfumebottles.com\/cs\/wp-json\/wp\/v2\/product_cat?post=4762"},{"taxonomy":"product_tag","embeddable":true,"href":"https:\/\/theperfumebottles.com\/cs\/wp-json\/wp\/v2\/product_tag?post=4762"}],"curies":[{"name":"wp","href":"https:\/\/api.w.org\/{rel}","templated":true}]}}